{"id":2775,"date":"2024-10-30T15:07:03","date_gmt":"2024-10-30T22:07:03","guid":{"rendered":"https:\/\/www.qualsight.com\/inicio\/"},"modified":"2024-12-20T09:04:02","modified_gmt":"2024-12-20T17:04:02","slug":"inicio","status":"publish","type":"page","link":"https:\/\/www.qualsight.com\/es\/","title":{"rendered":"Inicio"},"content":{"rendered":"\n<div class=\"wp-block-group alignfull has-shade-background-color has-background has-global-padding is-layout-constrained wp-block-group-is-layout-constrained\" style=\"padding-top:0;padding-bottom:0\">\n<div class=\"wp-block-columns alignwide home-hero is-layout-flex wp-container-core-columns-is-layout-28f84493 wp-block-columns-is-layout-flex\">\n<div class=\"wp-block-column is-vertically-aligned-center is-layout-flow wp-block-column-is-layout-flow\">\n<div\n\taria-hidden=\"true\"\n\tclass=\"blocks block-responsive-spacer \"\n\t\tstyle=\"height: clamp(50px, calc(20px + 0.0625vw * 100), 100px)\">\n<\/div>\n\n\n\n\n\n\n<h2 class=\"wp-block-heading\" style=\"margin-top:12px;font-size:clamp(33.419px, 2.089rem + ((1vw - 3.2px) * 2.769), 60px);line-height:1.2\">Ahorra entre el 20\u202f% y el 35\u202f% en LASIK<small>*<\/small><\/h2>\n\n\n\n<p class=\"has-medium-font-size\">QualSight LASIK ofrece a los miembros la red m\u00e1s grande a nivel nacional de cirujanos oftalm\u00f3logos acreditados en LASIK que han realizado m\u00e1s de 7 millones de procedimientos en todo Estados Unidos.<\/p>\n\n\n\n<div class=\"wp-block-buttons is-layout-flex wp-block-buttons-is-layout-flex\">\n<div class=\"wp-block-button\"><a class=\"wp-block-button__link wp-element-button\" href=\"https:\/\/www.qualsight.com\/es\/localizaciones\/\">Programar examen gratuito<\/a><\/div>\n\n\n\n<div class=\"wp-block-button is-style-outline is-style-outline--1\"><a class=\"wp-block-button__link has-secondary-color has-text-color has-link-color wp-element-button\" href=\"https:\/\/www.qualsight.com\/es\/localizaciones\/\">Buscar un lugar<\/a><\/div>\n<\/div>\n\n\n\n<div\n\taria-hidden=\"true\"\n\tclass=\"blocks block-responsive-spacer \"\n\t\tstyle=\"height: clamp(50px, calc(20px + 0.0625vw * 100), 100px)\">\n<\/div>\n<\/div>\n\n\n\n<div class=\"wp-block-column is-vertically-aligned-bottom is-layout-flow wp-block-column-is-layout-flow\">\n<figure class=\"wp-block-image size-full\"><img decoding=\"async\" width=\"1000\" height=\"1000\" src=\"https:\/\/www.qualsight.com\/wp-content\/uploads\/2024\/11\/qualsight-patients-w-shadow.jpg\" alt=\"Pacientes de Qualsight LASIK\" class=\"wp-image-2799\" srcset=\"https:\/\/www.qualsight.com\/wp-content\/uploads\/2024\/11\/qualsight-patients-w-shadow.jpg 1000w, https:\/\/www.qualsight.com\/wp-content\/uploads\/2024\/11\/qualsight-patients-w-shadow-800x800.jpg 800w, https:\/\/www.qualsight.com\/wp-content\/uploads\/2024\/11\/qualsight-patients-w-shadow-300x300.jpg 300w, https:\/\/www.qualsight.com\/wp-content\/uploads\/2024\/11\/qualsight-patients-w-shadow-150x150.jpg 150w, https:\/\/www.qualsight.com\/wp-content\/uploads\/2024\/11\/qualsight-patients-w-shadow-600x600.jpg 600w, https:\/\/www.qualsight.com\/wp-content\/uploads\/2024\/11\/qualsight-patients-w-shadow-400x400.jpg 400w\" sizes=\"(max-width: 1000px) 100vw, 1000px\" \/><\/figure>\n<\/div>\n<\/div>\n<\/div>\n\n\n\n<div\n\taria-hidden=\"true\"\n\tclass=\"blocks block-responsive-spacer \"\n\t\tstyle=\"height: clamp(50px, calc(20px + 0.0625vw * 100), 100px)\">\n<\/div>\n\n\n\n<div class=\"wp-block-media-text alignwide is-stacked-on-mobile is-style-md-gap\"><figure class=\"wp-block-media-text__media\"><img decoding=\"async\" width=\"800\" height=\"800\" src=\"https:\/\/www.qualsight.com\/wp-content\/uploads\/2024\/10\/lasik-dr.jpg\" alt=\"\" class=\"wp-image-878 size-full\" srcset=\"https:\/\/www.qualsight.com\/wp-content\/uploads\/2024\/10\/lasik-dr.jpg 800w, https:\/\/www.qualsight.com\/wp-content\/uploads\/2024\/10\/lasik-dr-300x300.jpg 300w, https:\/\/www.qualsight.com\/wp-content\/uploads\/2024\/10\/lasik-dr-150x150.jpg 150w, https:\/\/www.qualsight.com\/wp-content\/uploads\/2024\/10\/lasik-dr-600x600.jpg 600w\" sizes=\"(max-width: 800px) 100vw, 800px\" \/><\/figure><div class=\"wp-block-media-text__content\">\n<h2 class=\"wp-block-heading has-secondary-color has-text-color has-link-color wp-elements-85e50413facf4f888207afcd89b6f9a2\" style=\"font-size:clamp(28.836px, 1.802rem + ((1vw - 3.2px) * 2.205), 50px);\">Precios asequibles con cirujanos experimentados<\/h2>\n\n\n\n<p>Ofrecemos precios claros, financiaci\u00f3n sencilla y opciones de pago para todos los presupuestos. La cirug\u00eda LASIK se realiza en ambos ojos y se completa en cuesti\u00f3n de minutos. Los resultados finales mejoran tu visi\u00f3n para reducir tu dependencia de gafas o lentes de contacto.  <\/p>\n\n\n\n<p>El m\u00e9dico realiza un examen ocular con dilataci\u00f3n de las pupilas para asegurarse de que tus ojos est\u00e1n sanos y eres un candidato potencial para el LASIK. El cirujano ocular evaluar\u00e1 la forma y el grosor de tu c\u00f3rnea, los errores de refracci\u00f3n, el tama\u00f1o de la pupila y tu candidatura general para determinar si el LASIK es adecuado para ti. <\/p>\n\n\n\n<div class=\"wp-block-buttons is-layout-flex wp-block-buttons-is-layout-flex\">\n<div class=\"wp-block-button\"><a class=\"wp-block-button__link wp-element-button\" href=\"https:\/\/www.qualsight.com\/es\/localizaciones\/\">Programar examen gratuito<\/a><\/div>\n\n\n\n<div class=\"wp-block-button is-style-outline is-style-outline--2\"><a class=\"wp-block-button__link has-secondary-color has-text-color has-link-color wp-element-button\" href=\"https:\/\/www.qualsight.com\/es\/coste-del-lasik\/\">Coste del LASIK<\/a><\/div>\n<\/div>\n<\/div><\/div>\n\n\n\n<div\n\taria-hidden=\"true\"\n\tclass=\"blocks block-responsive-spacer \"\n\t\tstyle=\"height: clamp(50px, calc(20px + 0.0625vw * 100), 100px)\">\n<\/div>\n\n\n\n<div class=\"wp-block-cover alignfull no-padding wp-duotone-grayscale\" style=\"padding-top:0;padding-right:0;padding-bottom:0;padding-left:0\"><span aria-hidden=\"true\" class=\"wp-block-cover__background has-secondary-background-color has-background-dim-90 has-background-dim\"><\/span><img decoding=\"async\" width=\"2560\" height=\"1706\" class=\"wp-block-cover__image-background wp-image-885\" alt=\"Happy friends with dog\" src=\"https:\/\/www.qualsight.com\/wp-content\/uploads\/2024\/10\/happy-friends-with-dog.jpg\" data-object-fit=\"cover\" srcset=\"https:\/\/www.qualsight.com\/wp-content\/uploads\/2024\/10\/happy-friends-with-dog.jpg 2560w, https:\/\/www.qualsight.com\/wp-content\/uploads\/2024\/10\/happy-friends-with-dog-800x533.jpg 800w, https:\/\/www.qualsight.com\/wp-content\/uploads\/2024\/10\/happy-friends-with-dog-1600x1066.jpg 1600w, https:\/\/www.qualsight.com\/wp-content\/uploads\/2024\/10\/happy-friends-with-dog-1280x853.jpg 1280w, https:\/\/www.qualsight.com\/wp-content\/uploads\/2024\/10\/happy-friends-with-dog-1536x1024.jpg 1536w, https:\/\/www.qualsight.com\/wp-content\/uploads\/2024\/10\/happy-friends-with-dog-2048x1365.jpg 2048w, https:\/\/www.qualsight.com\/wp-content\/uploads\/2024\/10\/happy-friends-with-dog-600x400.jpg 600w\" sizes=\"(max-width: 2560px) 100vw, 2560px\" \/><div class=\"wp-block-cover__inner-container is-layout-flow wp-block-cover-is-layout-flow\">\n<div class=\"wp-block-group alignwide no-padding has-global-padding is-layout-constrained wp-container-core-group-is-layout-90427574 wp-block-group-is-layout-constrained\" style=\"padding-right:var(--wp--preset--spacing--32);padding-left:var(--wp--preset--spacing--32)\">\n<div\n\taria-hidden=\"true\"\n\tclass=\"blocks block-responsive-spacer \"\n\t\tstyle=\"height: clamp(50px, calc(20px + 0.0625vw * 100), 100px)\">\n<\/div>\n\n\n\n<div class=\"wp-block-columns are-vertically-aligned-center is-style-lg-gap is-layout-flex wp-container-core-columns-is-layout-28f84493 wp-block-columns-is-layout-flex\">\n<div class=\"wp-block-column is-vertically-aligned-center is-layout-flow wp-block-column-is-layout-flow\" style=\"flex-basis:40%\">\n<p class=\"wp-block-heading is-style-muted-heading has-shade-color has-text-color has-link-color has-medium-font-size wp-elements-121041f6462b249c10f2b9450a730ae1\">C\u00d3MO FUNCIONA<\/p>\n\n\n\n<h2 class=\"wp-block-heading has-white-color has-text-color has-link-color wp-elements-da35e77bd507cf1608430a2bacdd48a0\" style=\"margin-top:10px;margin-bottom:0;font-size:clamp(31.609px, 1.976rem + ((1vw - 3.2px) * 2.541), 56px);line-height:1.3\">C\u00f3mo funciona la cirug\u00eda l\u00e1ser ocular en 3 sencillos pasos.<\/h2>\n<\/div>\n\n\n\n<div class=\"wp-block-column is-vertically-aligned-center is-layout-flow wp-block-column-is-layout-flow\">\n<p class=\"has-medium-font-size\">QualSight LASIK ofrece la mayor red de cirujanos LASIK acreditados y experimentados de todo el pa\u00eds. Estos cirujanos s\u00f3lo utilizan tecnolog\u00edas aprobadas por la FDA y han realizado colectivamente m\u00e1s de 7 millones de intervenciones. <\/p>\n\n\n\n<p class=\"has-link-color has-medium-font-size wp-elements-f9597af761f09f553d01573cde83eed3\"><strong>Ll\u00e1manos a <a href=\"tel:1-855-800-2020\">1-855-800-2020<\/a> para encontrar el cirujano m\u00e1s cercano.<\/strong><\/p>\n\n\n\n<div style=\"height:30px\" aria-hidden=\"true\" class=\"wp-block-spacer\"><\/div>\n\n\n\n<div class=\"wp-block-buttons is-layout-flex wp-block-buttons-is-layout-flex\">\n<div class=\"wp-block-button\"><a class=\"wp-block-button__link has-secondary-color has-white-background-color has-text-color has-background has-link-color wp-element-button\" href=\"https:\/\/www.qualsight.com\/es\/localizaciones\/\">Solicitar informaci\u00f3n<\/a><\/div>\n\n\n\n<div class=\"wp-block-button is-style-tertiary-outline-btn is-style-outline is-style-outline--3\"><a class=\"wp-block-button__link has-white-color has-text-color has-link-color wp-element-button\" href=\"https:\/\/www.qualsight.com\/es\/localizaciones\/\">Buscar un lugar<\/a><\/div>\n<\/div>\n<\/div>\n<\/div>\n\n\n\n<div\n\taria-hidden=\"true\"\n\tclass=\"blocks block-responsive-spacer \"\n\t\tstyle=\"height: clamp(50px, calc(50px + 0vw * 100), 50px)\">\n<\/div>\n<\/div>\n\n\n\n<div class=\"steps\">\n  <ul class=\"steps__list\">\n        <li class=\"steps__item\">\n      <div class=\"steps__item-icon-container\">\n        <img decoding=\"async\" width=\"1\" height=\"1\" src=\"https:\/\/www.qualsight.com\/wp-content\/uploads\/2024\/10\/eye-drop-white.svg\" class=\"steps__item-icon\" alt=\"\" \/>      <\/div>\n      <div class=\"steps__item-content\">\n        <h3 class=\"steps__item-title\">Primer paso<\/h3>\n        <p class=\"steps__item-description\">Numbing drops are placed in your eye to alleviate any discomfort.<\/p>\n      <\/div>\n    <\/li>\n        <li class=\"steps__item\">\n      <div class=\"steps__item-icon-container\">\n        <img decoding=\"async\" width=\"1\" height=\"1\" src=\"https:\/\/www.qualsight.com\/wp-content\/uploads\/2024\/10\/eye-laser-white.svg\" class=\"steps__item-icon\" alt=\"\" \/>      <\/div>\n      <div class=\"steps__item-content\">\n        <h3 class=\"steps__item-title\">Segundo paso<\/h3>\n        <p class=\"steps__item-description\">A laser will be used to illuminate your eye with a cool ultraviolet beam.<\/p>\n      <\/div>\n    <\/li>\n        <li class=\"steps__item\">\n      <div class=\"steps__item-icon-container\">\n        <img decoding=\"async\" width=\"1\" height=\"1\" src=\"https:\/\/www.qualsight.com\/wp-content\/uploads\/2024\/10\/healthy-eye-white.svg\" class=\"steps__item-icon\" alt=\"\" \/>      <\/div>\n      <div class=\"steps__item-content\">\n        <h3 class=\"steps__item-title\">Tercer paso<\/h3>\n        <p class=\"steps__item-description\">The surgeon then uses the laser to reshape the cornea in just seconds.<\/p>\n      <\/div>\n    <\/li>\n      <\/ul>\n<\/div><\/div><\/div>\n\n\n\n<div class=\"wp-block-group has-global-padding is-layout-constrained wp-container-core-group-is-layout-f7df5f51 wp-block-group-is-layout-constrained\" style=\"padding-top:0;padding-right:0;padding-bottom:0;padding-left:0\">\n<div\n\taria-hidden=\"true\"\n\tclass=\"blocks block-responsive-spacer \"\n\t\tstyle=\"height: clamp(50px, calc(20px + 0.0625vw * 100), 100px)\">\n<\/div>\n\n\n\n<h2 class=\"wp-block-heading has-text-align-center has-secondary-color has-text-color has-link-color wp-elements-28afb7ae3b6e49cd6f0eabdcb4401cf8\" style=\"margin-top:0px;margin-bottom:20px;font-size:clamp(28.836px, 1.802rem + ((1vw - 3.2px) * 2.205), 50px);\">Buscar m\u00e9dicos especialistas en LASIK<\/h2>\n\n\n\n<p class=\"has-text-align-center\">QualSight LASIK ofrece a nuestros miembros la mayor red de cirujanos oculares acreditados para LASIK de todo el pa\u00eds, que han realizado m\u00e1s de 7 millones de intervenciones en todo Estados Unidos.<\/p>\n\n\n\n<div\n\taria-hidden=\"true\"\n\tclass=\"blocks block-responsive-spacer \"\n\t\tstyle=\"height: clamp(30px, calc(30px + 0vw * 100), 30px)\">\n<\/div>\n<\/div>\n\n\n\n<section class=\"blocks block-location-finder alignfull \" id=\"block_meta_6765a38059c04\">\n    <div class=\"location-finder\">\n        <div class=\"location-finder__header\">\n            <form class=\"location-finder__form\">\n\n                <div class=\"location-finder__inputs-container\">\n\n                    <div class=\"location-finder__fieldset\">\n                        <label class=\"location-finder__label\" for=\"zip-code-input\">C\u00f3digo postal<\/label>\n                        <input class=\"location-finder__input\" id=\"zip-code-input\" name=\"zip\" type=\"number\">\n                    <\/div>\n                    <div class=\"location-finder__fieldset\">\n                        <label class=\"location-finder__label\" for=\"max-distace-away-input\">Distancia<\/label>\n                        <select class=\"location-finder__input\" id=\"max-distace-away-input\" name=\"distance\">\n                            <option value=\"10\">10 Millas<\/option>\n                            <option value=\"20\">20 Millas<\/option>\n                            <option value=\"50\" selected>50 Millas<\/option>\n                            <option value=\"100\">100 Millas<\/option>\n                        <\/select>\n                    <\/div>\n                <\/div>\n                <div class=\"location-finder__button-container\">\n                    <button class=\"button is-primary\" type=\"submit\" id=\"search-locations-button\">Buscar Localizaciones<\/button>\n                                        <button class=\"button is-primary-outlined\" id=\"current-location-btn\" type=\"button\">Utilizar mi ubicaci\u00f3n<\/button>\n                <\/div>\n\n            <\/form>\n        <\/div>\n        <div class=\"location-finder__map-container location-finder__map-container--size--\">\n            <div class=\"location-finder__loading-overlay\" role=\"status\">\n                <p class=\"screen-reader-text\">Carga de los lugares m\u00e1s cercanos<\/p>\n            <\/div>\n            <ul class=\"location-finder__location-list\" role=\"list\">\n            <\/ul>\n            <div class=\"location-finder__map location-finder__map--size--\" id=\"gmap-container\">\n            <\/div>\n        <\/div>\n    <\/div>\n<\/section>\n\n\n<template id=\"load-more-button\">\n    <li class=\"location-finder__load-more-item\">\n        <button class=\"button is-shade is-small-btn\" aria-label=\"M\u00e1s informaci\u00f3n\">\n            M\u00e1s informaci\u00f3n        <\/button>\n    <\/li>\n<\/template>\n\n<template id=\"marker-popup-template\">\n    <div class=\"location-marker-popup\">\n        <div class=\"location-marker-popup__header\">\n            <h6 class=\"location-marker-popup__title\">\n                <a class=\"location-marker-popup__link\"><\/a>\n            <\/h6>\n            <span class=\"location-marker-popup__distance\"><\/span>\n        <\/div>\n        <p class=\"location-marker-popup__address\"><\/p>\n                <div class=\"location-marker-popup__buttons\">\n        <\/div>\n    <\/div>\n<\/template>\n\n\n<div\n\taria-hidden=\"true\"\n\tclass=\"blocks block-responsive-spacer \"\n\t\tstyle=\"height: clamp(50px, calc(50px + 0vw * 100), 50px)\">\n<\/div>\n\n\n\n<div class=\"wp-block-columns alignwide is-style-default is-layout-flex wp-container-core-columns-is-layout-94a71afd wp-block-columns-is-layout-flex\">\n<div class=\"wp-block-column is-vertically-aligned-center is-layout-flow wp-block-column-is-layout-flow\">\n<div\n\taria-hidden=\"true\"\n\tclass=\"blocks block-responsive-spacer \"\n\t\tstyle=\"height: clamp(50px, calc(50px + 0vw * 100), 50px)\">\n<\/div>\n\n\n<section class=\"blocks block-quote-slider align \" id=\"block_meta_6765a38059c37\" style=\" \">\n        \n        <div class=\"quote-wrapper\">\n            <div class=\"quote-slider\">\n                    \n                        <blockquote class=\"slide-quote\">\n                            <p>\u00a1Esto ha sido lo m\u00e1s extraordinario que he hecho en mi vida! Nunca habr\u00eda so\u00f1ado que esto fuera posible para m\u00ed. El cirujano y su personal son extraordinarios y los he recomendado a numerosas personas.  <\/p>\n                            <cite>\n                                <span class=\"initials\">JB<\/span>                                    <span class=\"names\">\n                                        <strong>John B.<\/strong>\n                                                                                    <small>Webster, NY<\/small>\n                                                                            <\/span>\n                                                            <\/cite>\n                        <\/blockquote>\n                    \n                        <blockquote class=\"slide-quote\">\n                            <p>\u00a1Ahora veo 20\/20 sin gafas y nunca lo he hecho en toda mi vida! \u00a1Estoy muy, muy contenta y he recomendado QualSight a 3 buenos amigos! <\/p>\n                            <cite>\n                                <span class=\"initials\">PD<\/span>                                    <span class=\"names\">\n                                        <strong>Patrick D.<\/strong>\n                                                                            <\/span>\n                                                            <\/cite>\n                        <\/blockquote>\n                        <\/div>\n    <\/div>\n\n\n    <script>\n    jQuery(function($) {\n        $('#block_meta_6765a38059c37 .quote-slider').slick({\n            arrows: true,\n            dots: false,\n            infinite: true,\n            slidesToShow: 1,\n            slidesToScroll: 1,\n            adaptiveHeight: false,\n            speed: 500,\n            autoplaySpeed: 10000,\n            fade: true,\n            cssEase: 'linear',\n            autoplay: true,\n            prevArrow: '<span class=\"slick-prev\"><i><\/i><\/span>',\n            nextArrow: '<span class=\"slick-next\"><i><\/i><\/span>',\n        });\n    });\n    <\/script>\n\n<\/section>\n\n\n\n<div style=\"height:30px\" aria-hidden=\"true\" class=\"wp-block-spacer\"><\/div>\n<\/div>\n\n\n\n<div class=\"wp-block-column is-layout-flow wp-block-column-is-layout-flow\">\n<div\n\taria-hidden=\"true\"\n\tclass=\"blocks block-responsive-spacer \"\n\t\tstyle=\"height: clamp(50px, calc(50px + 0vw * 100), 50px)\">\n<\/div>\n\n\n\n<h2 class=\"wp-block-heading has-secondary-color has-text-color has-link-color has-x-large-font-size wp-elements-6879d6f6a3ddf2f4dde3bb59cadacedf\">Preguntas frecuentes<\/h2>\n\n\n\n<p>Puedes encontrar respuestas a algunas de las preguntas m\u00e1s frecuentes sobre los procedimientos LASIK.<\/p>\n\n\n\n<section class=\"blocks block-accordion \" id=\"block_meta_6765a38059c55\">\n    <div class=\"accordion\">\n\n<details class=\"wp-block-details is-layout-flow wp-block-details-is-layout-flow\"><summary>\u00bfQu\u00e9 ocurrir\u00e1 durante mi evaluaci\u00f3n LASIK?<\/summary>\n<p>Planea estar en la consulta del m\u00e9dico durante aproximadamente 1-2 horas para el examen y las pruebas especiales utilizadas para medir y evaluar tus ojos. Si llevas lentes de contacto antes de la evaluaci\u00f3n programada, es posible que se te pida que te abstengas de llevarlas durante un periodo de tiempo determinado. Es posible que te dilaten los ojos para preparar un examen ocular detallado en el que se evaluar\u00e1n los defectos de refracci\u00f3n, el tama\u00f1o de las pupilas y las evaluaciones de la c\u00f3rnea. Se hablar\u00e1 en profundidad de la cirug\u00eda ocular LASIK y de si puedes ser un candidato potencial.   <\/p>\n<\/details>\n\n\n\n<details class=\"wp-block-details is-layout-flow wp-block-details-is-layout-flow\"><summary>\u00bfCu\u00e1nto durar\u00e1 la correcci\u00f3n visual?<\/summary>\n<p>Tu visi\u00f3n de lejos es bastante permanente tras la correcci\u00f3n visual con l\u00e1ser. El objetivo de la correcci\u00f3n visual con l\u00e1ser es reducir o eliminar tu dependencia de gafas y lentes de contacto. La necesidad de gafas de lectura es un cambio normal relacionado con la edad, y la correcci\u00f3n visual con l\u00e1ser no lo cambia.  <\/p>\n<\/details>\n\n\n\n<details class=\"wp-block-details is-layout-flow wp-block-details-is-layout-flow\"><summary>\u00bfCu\u00e1nto tardar\u00e9 en reanudar mis actividades normales?<\/summary>\n<p>Las restricciones son m\u00ednimas en las primeras semanas tras la intervenci\u00f3n LASIK. Muchos pacientes pueden reanudar sus actividades normales al d\u00eda siguiente. Los resultados visuales del LASIK pueden variar, pero la mayor\u00eda de los pacientes pueden ver con claridad entre 24 y 48 horas despu\u00e9s de la intervenci\u00f3n. La mejora de la visi\u00f3n puede continuar durante varios meses. Tu m\u00e9dico te recomendar\u00e1 que evites ciertas actividades, como la nataci\u00f3n o los deportes de contacto, durante varias semanas.<\/p>\n<\/details>\n\n\n\n<details class=\"wp-block-details is-layout-flow wp-block-details-is-layout-flow\"><summary>\u00bfC\u00f3mo se compara la PRK con el LASIK?<\/summary>\n<p>La PRK y la cirug\u00eda LASIK tienen resultados comparables y tu m\u00e9dico puede hablarte de cu\u00e1l es la m\u00e1s adecuada para tu estado durante la evaluaci\u00f3n. Una diferencia importante es que la cirug\u00eda LASIK crea un colgajo articulado en la c\u00f3rnea. Los pacientes de LASIK refieren una irritaci\u00f3n m\u00ednima y su visi\u00f3n se estabiliza m\u00e1s r\u00e1pidamente que la PRK. La PRK consiste en tratar la superficie de la c\u00f3rnea. La recuperaci\u00f3n de la PRK dura unos d\u00edas, con visi\u00f3n borrosa y algunas molestias. Suele recomendarse cuando la c\u00f3rnea del paciente es demasiado fina para el LASIK.<\/p>\n<\/details>\n\n<\/div>\n    \n    <\/section>\n\n\n\n<div class=\"wp-block-buttons is-layout-flex wp-block-buttons-is-layout-flex\">\n<div class=\"wp-block-button\"><a class=\"wp-block-button__link wp-element-button\" href=\"https:\/\/www.qualsight.com\/es\/preguntas-frecuentes-sobre-lasik\/\">Ver m\u00e1s preguntas frecuentes sobre LASIK<\/a><\/div>\n<\/div>\n<\/div>\n<\/div>\n\n\n\n<div\n\taria-hidden=\"true\"\n\tclass=\"blocks block-responsive-spacer \"\n\t\tstyle=\"height: clamp(50px, calc(20px + 0.0625vw * 100), 100px)\">\n<\/div>\n","protected":false},"excerpt":{"rendered":"<p>Buscar m\u00e9dicos especialistas en LASIK QualSight LASIK ofrece a nuestros miembros la mayor red de cirujanos oculares acreditados para LASIK de todo el pa\u00eds, que han realizado m\u00e1s de 7 millones de intervenciones en todo Estados Unidos. Preguntas frecuentes Puedes encontrar respuestas a algunas de las preguntas m\u00e1s frecuentes sobre los procedimientos LASIK.<\/p>\n","protected":false},"author":1,"featured_media":0,"parent":0,"menu_order":0,"comment_status":"closed","ping_status":"closed","template":"","meta":{"_acf_changed":false,"footnotes":""},"class_list":["post-2775","page","type-page","status-publish","hentry"],"acf":[],"_links":{"self":[{"href":"https:\/\/www.qualsight.com\/es\/wp-json\/wp\/v2\/pages\/2775","targetHints":{"allow":["GET"]}}],"collection":[{"href":"https:\/\/www.qualsight.com\/es\/wp-json\/wp\/v2\/pages"}],"about":[{"href":"https:\/\/www.qualsight.com\/es\/wp-json\/wp\/v2\/types\/page"}],"author":[{"embeddable":true,"href":"https:\/\/www.qualsight.com\/es\/wp-json\/wp\/v2\/users\/1"}],"replies":[{"embeddable":true,"href":"https:\/\/www.qualsight.com\/es\/wp-json\/wp\/v2\/comments?post=2775"}],"version-history":[{"count":10,"href":"https:\/\/www.qualsight.com\/es\/wp-json\/wp\/v2\/pages\/2775\/revisions"}],"predecessor-version":[{"id":4848,"href":"https:\/\/www.qualsight.com\/es\/wp-json\/wp\/v2\/pages\/2775\/revisions\/4848"}],"wp:attachment":[{"href":"https:\/\/www.qualsight.com\/es\/wp-json\/wp\/v2\/media?parent=2775"}],"curies":[{"name":"wp","href":"https:\/\/api.w.org\/{rel}","templated":true}]}}