{"id":2784,"date":"2024-11-07T12:06:11","date_gmt":"2024-11-07T20:06:11","guid":{"rendered":"https:\/\/www.qualsight.com\/lasik-tradicional\/"},"modified":"2024-12-30T11:28:41","modified_gmt":"2024-12-30T19:28:41","slug":"lasik-tradicional","status":"publish","type":"page","link":"https:\/\/www.qualsight.com\/es\/tipos-de-cirugia-laser-ocular\/lasik-tradicional\/","title":{"rendered":"LASIK tradicional"},"content":{"rendered":"\n<h2 class=\"wp-block-heading\"><strong>LASIK &#8211; \u00bfQu\u00e9 es?<\/strong><\/h2>\n\n<p>La cirug\u00eda <strong>LASIK<\/strong>, tambi\u00e9n conocida como LASIK tradicional o convencional, es una forma segura, eficaz y aprobada por la FDA de tratar muchos problemas de correcci\u00f3n visual. Mediante el procedimiento <strong>LASIK<\/strong> Tradicional, se mide la graduaci\u00f3n visual del paciente con el mismo m\u00e9todo que determinar\u00eda su graduaci\u00f3n para gafas y lentes de contacto. La informaci\u00f3n obtenida de estas mediciones se introduce en un l\u00e1ser inform\u00e1tico aprobado por la FDA. A continuaci\u00f3n, el l\u00e1ser gu\u00eda eficazmente al m\u00e9dico en la remodelaci\u00f3n de la c\u00f3rnea del paciente durante el procedimiento LASIK.   <\/p>\n\n<div class=\"wp-block-buttons is-layout-flex wp-block-buttons-is-layout-flex\"><div class=\"wp-block-button\"><a class=\"wp-block-button__link wp-element-button\" href=\"\/es\/localizaciones\/\" target=\"_self\">Consulta Gratis<\/a><\/div><\/div>\n\n<h2 class=\"wp-block-heading\"><strong>LASIK<\/strong><strong> &#8211; El procedimiento electivo m\u00e1s com\u00fan<\/strong><\/h2>\n\n<p>El LASIK se realiza para corregir la miop\u00eda, la hipermetrop\u00eda y <a href=\"https:\/\/www.qualsight.com\/lasik-astigmatism\">el astigmatismo<\/a>. En la mayor\u00eda de los tratamientos, el <a href=\"https:\/\/www.qualsight.com\/es\/duele-el-lasik\/\">LASIK es indoloro<\/a> y se completa en varios minutos por ojo. Los resultados del LASIK mejorar\u00e1n tu visi\u00f3n para reducir, y en la mayor\u00eda de los casos eliminar, la necesidad de gafas o lentes de contacto. Los resultados del procedimiento LASIK suelen notarse en 24 horas. Como la mayor\u00eda de los tipos de cirug\u00eda ocular refractiva, el LASIK remodela la c\u00f3rnea para permitir que la luz que entra en el ojo se enfoque espec\u00edficamente en la parte adecuada de la retina para obtener una visi\u00f3n m\u00e1s clara. Existen m\u00faltiples cirug\u00edas de correcci\u00f3n de la visi\u00f3n con LASIK, como <a href=\"https:\/\/www.qualsight.com\/prk-corrective-procedure\">la PRK<\/a>, LASEK, <a href=\"https:\/\/www.qualsight.com\/bladeless-lasik\">LASIK<\/a> <a href=\"https:\/\/www.qualsight.com\/custom-wavefront-lasik-procedure\">personalizado<\/a> y <a href=\"https:\/\/www.qualsight.com\/bladeless-lasik\">LASIK sin bistur\u00ed<\/a>.     <\/p>\n\n<h2 class=\"wp-block-heading\"><strong>\u00bfQu\u00e9 es la <\/strong><strong>LASIK<\/strong><strong>  \u00bfCirug\u00eda? \u00bfEl LASIK es adecuado para ti? <\/strong><\/h2>\n\n<p><a href=\"https:\/\/www.qualsight.com\/lasik-eye-surgery\"><\/a>El procedimiento LASIK en s\u00ed es el mismo tanto para el LASIK tradicional como para el <a href=\"https:\/\/www.qualsight.com\/custom-wavefront-lasik-procedure\">personalizado<\/a>. Durante el procedimiento LASIK personalizado, se crea un mapa completo del ojo del paciente, mientras que el LASIK tradicional se basa en informaci\u00f3n procedente de mediciones menos detalladas. La cirug\u00eda LASIK tradicional es eficaz para tratar las aberraciones de bajo orden, como la <a href=\"https:\/\/www.qualsight.com\/myopia-lasik\">miop\u00eda<\/a>, <a href=\"https:\/\/www.qualsight.com\/lasik-astigmatism\">el astigmatismo<\/a> y <a href=\"https:\/\/www.qualsight.com\/hyperopia-lasik-farsightedness\">la hipermetrop\u00eda<\/a>. El LASIK personalizado trata las aberraciones de bajo orden, as\u00ed como las de alto orden, lo que puede ayudar a minimizar complicaciones como halos, deslumbramientos y destellos.   <\/p>\n\n<p><strong>LASIK es un procedimiento aprobado por la FDA desde 1996<\/strong><\/p>\n<section \n    class=\"blocks block-quicklinks align \" \n    id=\"block_meta_673105f8cae0e\" \n    style=\" \"\n>\n    <h3>Ver tambi\u00e9n<\/h3>\n    <ul>\n                    <li>\n                <a href=\"https:\/\/www.qualsight.com\/es\/tipos-de-cirugia-laser-ocular\/\" target=\"_self\">\n                    Tipos de cirug\u00eda l\u00e1ser ocular                <\/a>\n            <\/li>\n                    <li>\n                <a href=\"https:\/\/www.qualsight.com\/es\/tipos-de-defectos-de-refraccion\/\" target=\"_self\">\n                    Tipos de defectos de refracci\u00f3n                <\/a>\n            <\/li>\n                    <li>\n                <a href=\"https:\/\/www.qualsight.com\/es\/antes-durante-y-despues\/\" target=\"_self\">\n                    Antes, durante y despu\u00e9s                <\/a>\n            <\/li>\n                    <li>\n                <a href=\"https:\/\/www.qualsight.com\/es\/posibles-efectos-secundarios\/\" target=\"_self\">\n                    Posibles efectos secundarios                <\/a>\n            <\/li>\n                    <li>\n                <a href=\"https:\/\/www.qualsight.com\/es\/coste-del-lasik\/\" target=\"_self\">\n                    Coste del LASIK                <\/a>\n            <\/li>\n                    <li>\n                <a href=\"https:\/\/www.qualsight.com\/es\/riesgos-y-recuperacion-del-lasik\/\" target=\"_self\">\n                    Riesgos y recuperaci\u00f3n del LASIK                <\/a>\n            <\/li>\n                    <li>\n                <a href=\"https:\/\/www.qualsight.com\/es\/tipos-de-cirugia-laser-ocular\/cirugia-prk\/\" target=\"_self\">\n                    Cirug\u00eda PRK                <\/a>\n            <\/li>\n            <\/ul>    \n<\/section>\n","protected":false},"excerpt":{"rendered":"<p>LASIK &#8211; \u00bfQu\u00e9 es? La cirug\u00eda LASIK, tambi\u00e9n conocida como LASIK tradicional o convencional, es una forma segura, eficaz y aprobada por la FDA de tratar muchos problemas de correcci\u00f3n visual. Mediante el procedimiento LASIK Tradicional, se mide la graduaci\u00f3n visual del paciente con el mismo m\u00e9todo que determinar\u00eda su graduaci\u00f3n para gafas y lentes [&hellip;]<\/p>\n","protected":false},"author":1,"featured_media":0,"parent":2877,"menu_order":0,"comment_status":"closed","ping_status":"closed","template":"","meta":{"_acf_changed":false,"footnotes":""},"class_list":["post-2784","page","type-page","status-publish","hentry"],"acf":[],"_links":{"self":[{"href":"https:\/\/www.qualsight.com\/es\/wp-json\/wp\/v2\/pages\/2784","targetHints":{"allow":["GET"]}}],"collection":[{"href":"https:\/\/www.qualsight.com\/es\/wp-json\/wp\/v2\/pages"}],"about":[{"href":"https:\/\/www.qualsight.com\/es\/wp-json\/wp\/v2\/types\/page"}],"author":[{"embeddable":true,"href":"https:\/\/www.qualsight.com\/es\/wp-json\/wp\/v2\/users\/1"}],"replies":[{"embeddable":true,"href":"https:\/\/www.qualsight.com\/es\/wp-json\/wp\/v2\/comments?post=2784"}],"version-history":[{"count":2,"href":"https:\/\/www.qualsight.com\/es\/wp-json\/wp\/v2\/pages\/2784\/revisions"}],"predecessor-version":[{"id":4851,"href":"https:\/\/www.qualsight.com\/es\/wp-json\/wp\/v2\/pages\/2784\/revisions\/4851"}],"up":[{"embeddable":true,"href":"https:\/\/www.qualsight.com\/es\/wp-json\/wp\/v2\/pages\/2877"}],"wp:attachment":[{"href":"https:\/\/www.qualsight.com\/es\/wp-json\/wp\/v2\/media?parent=2784"}],"curies":[{"name":"wp","href":"https:\/\/api.w.org\/{rel}","templated":true}]}}