{"id":2804,"date":"2024-11-07T09:13:07","date_gmt":"2024-11-07T17:13:07","guid":{"rendered":"https:\/\/www.qualsight.com\/cuanto-dura-el-lasik\/"},"modified":"2024-12-30T11:28:41","modified_gmt":"2024-12-30T19:28:41","slug":"cuanto-dura-el-lasik","status":"publish","type":"page","link":"https:\/\/www.qualsight.com\/es\/cuanto-dura-el-lasik\/","title":{"rendered":"\u00bfCu\u00e1nto dura el LASIK?"},"content":{"rendered":"\n<h2 class=\"wp-block-heading\">\u00bfCu\u00e1nto dura el LASIK?<\/h2>\n\n<p>Los resultados de la <a href=\"https:\/\/www.qualsight.com\/lasik-eye-surgery\">cirug\u00eda ocular LAS<\/a> IK han seguido mejorando desde que fue aprobada por la FDA en 1996. La cirug\u00eda ocular LASIK ofrece muchas ventajas y deber\u00eda mejorar significativamente tu calidad de vida en general. Gracias a la <a href=\"https:\/\/www.qualsight.com\/laser-eye-surgery\">tecnolog\u00eda m\u00e1s avanzada<\/a>, la habilidad y la experiencia del cirujano, casi diez millones de estadounidenses dependen menos de sus lentes de contacto y gafas.  <\/p>\n\n<p>Hoy en d\u00eda, la mayor\u00eda de los pacientes consiguen una visi\u00f3n 20\/20 tras la cirug\u00eda ocular LASIK, pero los resultados no son iguales para todos. Algunos pacientes pueden conseguir s\u00f3lo resultados de visi\u00f3n 20\/40 o menos. En algunos casos, los pacientes pueden seguir necesitando gafas o lentes de contacto despu\u00e9s de la cirug\u00eda ocular LASIK, pero la graduaci\u00f3n <a href=\"https:\/\/www.qualsight.com\/after-lasik-surgery\">postoperatoria<\/a> y el nivel de agudeza visual ser\u00e1n normalmente mucho m\u00e1s bajos que antes de la cirug\u00eda LASIK.  <\/p>\n\n<div class=\"wp-block-buttons is-layout-flex wp-block-buttons-is-layout-flex\"><div class=\"wp-block-button\"><a class=\"wp-block-button__link wp-element-button\" href=\"\/es\/localizaciones\/\" target=\"_self\">Consulta Gratis<\/a><\/div><\/div>\n\n<p>La cirug\u00eda tiene un excelente historial de seguridad, pero, como cualquier cirug\u00eda, pueden producirse <a href=\"https:\/\/www.qualsight.com\/lasik-possible-side-effects\">complicaciones<\/a> postoperatorias. Un porcentaje muy peque\u00f1o de pacientes puede necesitar un procedimiento de <a href=\"https:\/\/www.qualsight.com\/lasik-enhancements\">mejora o retoque<\/a> para mejorar la visi\u00f3n hasta el nivel deseado.   <\/p>\n\n<p>Debido a <a href=\"https:\/\/www.qualsight.com\/lasik-presbyopia\">la presbicia<\/a>, algunos pacientes de cirug\u00eda ocular LASIK pueden seguir necesitando gafas de lectura al llegar a la mediana edad (entre 40 y 50 a\u00f1os), debido a una p\u00e9rdida normal de la visi\u00f3n de cerca relacionada con la edad. En general, la cirug\u00eda ocular LASIK tiene una tasa de \u00e9xito muy elevada, pero es importante que hables y tengas en cuenta todos los riesgos con tu cirujano antes de someterte a la cirug\u00eda ocular LASIK. <\/p>\n\n<h2 class=\"wp-block-heading\">\u00bfLa cirug\u00eda LASIK dura para siempre?  <\/h2>\n\n<p>La cirug\u00eda ocular LASIK es un procedimiento permanente que corrige problemas de visi\u00f3n como <a href=\"https:\/\/www.qualsight.com\/myopia-lasik\">la miop\u00eda<\/a>, la <a href=\"https:\/\/www.qualsight.com\/hyperopia-lasik-farsightedness\">hipermetrop\u00eda<\/a> y <a href=\"https:\/\/www.qualsight.com\/lasik-astigmatism\">el astigmatismo<\/a>. El procedimiento LASIK consiste en utilizar un l\u00e1ser excimer (un haz de luz fr\u00eda) para remodelar la c\u00f3rnea con el fin de disminuir o eliminar la necesidad de gafas o lentes de contacto.   <\/p>\n\n<p>Normalmente, tu c\u00f3rnea (parte anterior del ojo) enfoca la luz sobre la retina (parte posterior del ojo) para crear una imagen. Si la c\u00f3rnea tiene una forma imperfecta o si el globo ocular es m\u00e1s largo o m\u00e1s corto de lo normal, se proyecta una imagen distorsionada sobre la retina, lo que provoca una visi\u00f3n borrosa. Durante muchos a\u00f1os, la \u00fanica soluci\u00f3n a este problema eran las gafas correctoras.  <\/p>\n\n<div class=\"wp-block-buttons is-layout-flex wp-block-buttons-is-layout-flex\"><div class=\"wp-block-button\"><a class=\"wp-block-button__link wp-element-button\" href=\"\/es\/localizaciones\/\" target=\"_self\">Consulta Gratis<\/a><\/div><\/div>\n\n<p>El cirujano especialista en LASIK crea un peque\u00f1o colgajo en la superficie de la c\u00f3rnea y, a continuaci\u00f3n, el l\u00e1ser excimer (haz de luz fr\u00eda) remodela suavemente la c\u00f3rnea expuesta. Cada pulso del l\u00e1ser elimina 39 millon\u00e9simas de pulgada de tejido, lo que permite a los cirujanos lograr una precisi\u00f3n notable manteniendo un control excelente durante todo el <a href=\"https:\/\/www.qualsight.com\/laser-eye-surgery\">procedimiento LASIK<\/a>. El colgajo se vuelve a colocar de forma natural y segura en el ojo, y ya puedes disfrutar de una visi\u00f3n mejor.  <\/p>\n\n<p>El procedimiento LASIK tiene una tasa de \u00e9xito notable, con un 96% de pacientes que consiguen una visi\u00f3n 20\/20 o mejor, seg\u00fan la Sociedad Americana de <a href=\"https:\/\/www.qualsight.com\/cataracts\/cost-of-cataract-surgery\">Cataratas<\/a> y Cirug\u00eda Refractiva.<\/p>\n<section \n    class=\"blocks block-quicklinks align \" \n    id=\"block_meta_6734c9c686763\" \n    style=\" \"\n>\n    <h3>Ver tambi\u00e9n<\/h3>\n    <ul>\n                    <li>\n                <a href=\"https:\/\/www.qualsight.com\/es\/tipos-de-cirugia-laser-ocular\/\" target=\"_self\">\n                    Tipos de cirug\u00eda l\u00e1ser ocular                <\/a>\n            <\/li>\n                    <li>\n                <a href=\"https:\/\/www.qualsight.com\/es\/tiempo-de-recuperacion-del-lasik\/\" target=\"_self\">\n                    Tiempo de recuperaci\u00f3n del LASIK                <\/a>\n            <\/li>\n                    <li>\n                <a href=\"https:\/\/www.qualsight.com\/es\/que-descalifica-a-un-paciente\/\" target=\"_self\">\n                    \u00bfQu\u00e9 descalifica a un paciente?                <\/a>\n            <\/li>\n                    <li>\n                <a href=\"https:\/\/www.qualsight.com\/es\/posibles-efectos-secundarios\/\" target=\"_self\">\n                    Posibles efectos secundarios                <\/a>\n            <\/li>\n                    <li>\n                <a href=\"https:\/\/www.qualsight.com\/es\/es-segura-la-cirugia-lasik\/\" target=\"_self\">\n                    \u00bfEs segura la cirug\u00eda LASIK?                <\/a>\n            <\/li>\n            <\/ul>    \n<\/section>\n","protected":false},"excerpt":{"rendered":"<p>\u00bfCu\u00e1nto dura el LASIK? Los resultados de la cirug\u00eda ocular LAS IK han seguido mejorando desde que fue aprobada por la FDA en 1996. La cirug\u00eda ocular LASIK ofrece muchas ventajas y deber\u00eda mejorar significativamente tu calidad de vida en general. Gracias a la tecnolog\u00eda m\u00e1s avanzada, la habilidad y la experiencia del cirujano, casi [&hellip;]<\/p>\n","protected":false},"author":1,"featured_media":0,"parent":0,"menu_order":0,"comment_status":"closed","ping_status":"closed","template":"","meta":{"_acf_changed":false,"footnotes":""},"class_list":["post-2804","page","type-page","status-publish","hentry"],"acf":[],"_links":{"self":[{"href":"https:\/\/www.qualsight.com\/es\/wp-json\/wp\/v2\/pages\/2804","targetHints":{"allow":["GET"]}}],"collection":[{"href":"https:\/\/www.qualsight.com\/es\/wp-json\/wp\/v2\/pages"}],"about":[{"href":"https:\/\/www.qualsight.com\/es\/wp-json\/wp\/v2\/types\/page"}],"author":[{"embeddable":true,"href":"https:\/\/www.qualsight.com\/es\/wp-json\/wp\/v2\/users\/1"}],"replies":[{"embeddable":true,"href":"https:\/\/www.qualsight.com\/es\/wp-json\/wp\/v2\/comments?post=2804"}],"version-history":[{"count":1,"href":"https:\/\/www.qualsight.com\/es\/wp-json\/wp\/v2\/pages\/2804\/revisions"}],"predecessor-version":[{"id":2805,"href":"https:\/\/www.qualsight.com\/es\/wp-json\/wp\/v2\/pages\/2804\/revisions\/2805"}],"wp:attachment":[{"href":"https:\/\/www.qualsight.com\/es\/wp-json\/wp\/v2\/media?parent=2804"}],"curies":[{"name":"wp","href":"https:\/\/api.w.org\/{rel}","templated":true}]}}