{"id":2806,"date":"2024-10-31T10:28:34","date_gmt":"2024-10-31T17:28:34","guid":{"rendered":"https:\/\/www.qualsight.com\/acerca-de-qualsight\/"},"modified":"2024-12-30T11:29:33","modified_gmt":"2024-12-30T19:29:33","slug":"acerca-de-qualsight","status":"publish","type":"page","link":"https:\/\/www.qualsight.com\/es\/acerca-de-qualsight\/","title":{"rendered":"Acerca de QualSight"},"content":{"rendered":"\n<h2 class=\"wp-block-heading\">El mayor gestor de planes LASIK de Estados Unidos<\/h2>\n\n<p>QualSight se fund\u00f3 en 2004 y nuestro sitio web se puso en marcha para ayudar a las personas a acceder a las sedes de nuestra red y ofrecer respuestas a las preguntas m\u00e1s habituales sobre LASIK. Hemos contratado los precios del LASIK en funci\u00f3n de la tecnolog\u00eda utilizada, de modo que si quieres dos o tres opiniones de m\u00e9dicos distintos, el precio de la intervenci\u00f3n ser\u00eda el mismo en funci\u00f3n de la misma tecnolog\u00eda. Esto permite a los afiliados elegir entre m\u00e1s de 800 lugares en funci\u00f3n de d\u00f3nde se sientan m\u00e1s c\u00f3modos.<\/p>\n\n<h2 class=\"wp-block-heading\">Los planes de salud y visi\u00f3n eligen QualSight<\/h2>\n\n<p>QualSight aplica principios de atenci\u00f3n sanitaria gestionada para ofrecer un programa integral de cirug\u00eda LASIK. Entre las capacidades que empleamos se encuentran una amplia red contratada de oftalm\u00f3logos acreditados <a href=\"https:\/\/www.ncqa.org\/\" target=\"_blank\" rel=\"noreferrer noopener\">por el NCQA<\/a>, sistemas de adjudicaci\u00f3n de reclamaciones de \u00faltima generaci\u00f3n, un centro de llamadas orientado al servicio dotado de gestores de atenci\u00f3n formados y expertos que ayudan a los afiliados a acceder a las ubicaciones y los precios, programas certificados de garant\u00eda de calidad y encuestas de satisfacci\u00f3n de los afiliados. Nuestro panel de revisi\u00f3n m\u00e9dica independiente aprueba todos los protocolos de administraci\u00f3n del programa y nos comprometemos a cumplir plenamente la HIPAA.<\/p>\n\n<p>Nos hemos ganado la confianza de nuestros clientes y de sus 100 millones de afiliados proporcion\u00e1ndoles un servicio y unos resultados de los procedimientos superiores, al tiempo que ahorramos dinero a sus afiliados. Como prueba, tenemos un expediente <a href=\"https:\/\/www.bbb.org\/us\/il\/rosemont\/profile\/doctor-referral\/qualsight-lasik-0654-88008648\">A+ Acreditado por la BBB<\/a> desde hace m\u00e1s de 10 a\u00f1os y somos un orgulloso Miembro de la Junta de la Asociaci\u00f3n Nacional de Planes de Cuidado de la Visi\u00f3n. Por eso, 3 de cada 4 planes de salud y visi\u00f3n utilizan QualSight como gestor de su plan LASIK.<\/p>\n\n<h2 class=\"wp-block-heading\">\u00bfC\u00f3mo gana dinero QualSight?<\/h2>\n\n<p>QualSight gana dinero administrando la red LASIK para nuestros clientes. QualSight trabaja con una amplia gama de proveedores de planes de salud, grupos de empresas y planes oftalmol\u00f3gicos para ofrecer a los pacientes acceso a proveedores de LASIK a tarifas negociadas m\u00e1s bajas. QualSight puede cobrar un peque\u00f1o dep\u00f3sito de programaci\u00f3n que se destina al coste de la cirug\u00eda en algunos centros proveedores.<\/p>\n\n<h2 class=\"wp-block-heading\">\u00bfC\u00f3mo puedo obtener m\u00e1s informaci\u00f3n o concertar una cita?<\/h2>\n\n<p>Solicita informaci\u00f3n o programa un examen LASIK gratuito rellenando nuestro formulario de solicitud online o llamando <a href=\"tel:855-800-2020\">al 855-800-2020<\/a>. Nuestros agentes pueden proporcionarte precios exactos, informaci\u00f3n sobre m\u00e9dicos cerca de ti y ayudarte a programar un examen LASIK inicial.<\/p>\n<section \n    class=\"blocks block-quicklinks align \" \n    id=\"block_meta_673521fc0e910\" \n    style=\" \"\n>\n    <h3>Ver tambi\u00e9n<\/h3>\n    <ul>\n                    <li>\n                <a href=\"https:\/\/www.qualsight.com\/es\/opiniones-sobre-qualsight\/\" target=\"_self\">\n                    Opiniones sobre QualSight                <\/a>\n            <\/li>\n                    <li>\n                <a href=\"https:\/\/www.qualsight.com\/es\/acreditacion-ncqa\/\" target=\"_self\">\n                    Acreditaci\u00f3n NCQA                <\/a>\n            <\/li>\n                    <li>\n                <a href=\"https:\/\/www.qualsight.com\/es\/red-nacional-lasik\/\" target=\"_self\">\n                    Red Nacional LASIK                <\/a>\n            <\/li>\n                    <li>\n                <a href=\"https:\/\/www.qualsight.com\/es\/contacta-con-nosotros\/\" target=\"_self\">\n                    Contacta con nosotros                <\/a>\n            <\/li>\n            <\/ul>    \n<\/section>\n","protected":false},"excerpt":{"rendered":"<p>El mayor gestor de planes LASIK de Estados Unidos QualSight se fund\u00f3 en 2004 y nuestro sitio web se puso en marcha para ayudar a las personas a acceder a las sedes de nuestra red y ofrecer respuestas a las preguntas m\u00e1s habituales sobre LASIK. Hemos contratado los precios del LASIK en funci\u00f3n de la [&hellip;]<\/p>\n","protected":false},"author":1,"featured_media":0,"parent":0,"menu_order":0,"comment_status":"closed","ping_status":"closed","template":"","meta":{"_acf_changed":false,"footnotes":""},"class_list":["post-2806","page","type-page","status-publish","hentry"],"acf":[],"_links":{"self":[{"href":"https:\/\/www.qualsight.com\/es\/wp-json\/wp\/v2\/pages\/2806","targetHints":{"allow":["GET"]}}],"collection":[{"href":"https:\/\/www.qualsight.com\/es\/wp-json\/wp\/v2\/pages"}],"about":[{"href":"https:\/\/www.qualsight.com\/es\/wp-json\/wp\/v2\/types\/page"}],"author":[{"embeddable":true,"href":"https:\/\/www.qualsight.com\/es\/wp-json\/wp\/v2\/users\/1"}],"replies":[{"embeddable":true,"href":"https:\/\/www.qualsight.com\/es\/wp-json\/wp\/v2\/comments?post=2806"}],"version-history":[{"count":1,"href":"https:\/\/www.qualsight.com\/es\/wp-json\/wp\/v2\/pages\/2806\/revisions"}],"predecessor-version":[{"id":2807,"href":"https:\/\/www.qualsight.com\/es\/wp-json\/wp\/v2\/pages\/2806\/revisions\/2807"}],"wp:attachment":[{"href":"https:\/\/www.qualsight.com\/es\/wp-json\/wp\/v2\/media?parent=2806"}],"curies":[{"name":"wp","href":"https:\/\/api.w.org\/{rel}","templated":true}]}}