{"id":2808,"date":"2024-10-31T10:28:22","date_gmt":"2024-10-31T17:28:22","guid":{"rendered":"https:\/\/www.qualsight.com\/riesgos-y-recuperacion-del-lasik\/"},"modified":"2025-01-07T08:09:39","modified_gmt":"2025-01-07T16:09:39","slug":"riesgos-y-recuperacion-del-lasik","status":"publish","type":"page","link":"https:\/\/www.qualsight.com\/es\/riesgos-y-recuperacion-del-lasik\/","title":{"rendered":"Riesgos y recuperaci\u00f3n del LASIK"},"content":{"rendered":"\n<h2 class=\"wp-block-heading\"><strong>Explicaci\u00f3n de<\/strong> los riesgos de la cirug\u00eda ocular LASIK, la recuperaci\u00f3n y <strong>los posibles candidatos al LASIK<\/strong><\/h2>\n\n<p>Cualquier intervenci\u00f3n quir\u00fargica conlleva riesgos potenciales. En el caso de la cirug\u00eda ocular LASIK, la mayor\u00eda de los riesgos y posibles complicaciones no suponen una amenaza significativa. Datos recientes han documentado que la tasa de complicaciones del LASIK es inferior al 1% de todos los procedimientos realizados, y la mayor\u00eda de los pacientes que sufren complicaciones del LASIK pueden recibir un retratamiento o una mejora.<\/p>\n\n<p>Rara vez las complicaciones del LASIK causan una p\u00e9rdida de visi\u00f3n significativa o permanente que haga que el paciente acabe con una visi\u00f3n peor que antes de la intervenci\u00f3n de cirug\u00eda ocular LASIK. Adem\u00e1s, el riesgo de infecciones oculares relacionadas con la cirug\u00eda LASIK es m\u00ednimo. A los pacientes se les recetar\u00e1 un colirio antibi\u00f3tico que deber\u00e1n utilizar durante aproximadamente una semana despu\u00e9s de la intervenci\u00f3n LASIK para evitar infecciones durante la fase inicial de cicatrizaci\u00f3n.  <\/p>\n\n<div class=\"wp-block-buttons is-layout-flex wp-block-buttons-is-layout-flex\"><div class=\"wp-block-button\"><a class=\"wp-block-button__link wp-element-button\" href=\"\/es\/localizaciones\/\" target=\"_self\">Consulta Gratis<\/a><\/div><\/div>\n\n<p>La mayor\u00eda de los pacientes que se someten a una intervenci\u00f3n LASIK est\u00e1n satisfechos con el tiempo de recuperaci\u00f3n, y la gran mayor\u00eda afirma que sus ojos se sienten bastante normales al d\u00eda siguiente de la intervenci\u00f3n. Muchos pacientes tambi\u00e9n experimentan una mejora de la visi\u00f3n inmediatamente despu\u00e9s del LASIK, pero es importante comprender que los pacientes con graduaciones m\u00e1s altas notar\u00e1n una gran mejor\u00eda m\u00e1s r\u00e1pidamente que los pacientes con graduaciones m\u00e1s bajas. En estos casos, es posible que el paciente no perciba una mejora de la visi\u00f3n hasta pasadas 6-8 horas de la recuperaci\u00f3n del LASIK.<\/p>\n\n<h2 class=\"wp-block-heading\">Requisitos para la cirug\u00eda ocular LASIK:  <\/h2>\n\n<p>Todos los candidatos a la cirug\u00eda LASIK deben someterse primero a un examen ocular preoperatorio para determinar si cumplen los requisitos para someterse a la cirug\u00eda ocular LASIK, que incluye:<\/p>\n\n<ul class=\"wp-block-list\">\n<li><strong>Edad y estabilidad de la prescripci\u00f3n<\/strong><\/li>\n\n\n\n<li><strong>Cumplir las directrices de la FDA<\/strong><\/li>\n\n\n\n<li><strong>Salud general del ojo<\/strong><\/li>\n\n\n\n<li><strong>Presencia de cualquier enfermedad o infecci\u00f3n<\/strong><\/li>\n\n\n\n<li><strong>Embarazo<\/strong><\/li>\n\n\n\n<li><strong>Lee m\u00e1s sobre los <a href=\"https:\/\/www.qualsight.com\/lasik-possible-side-effects\">posibles riesgos y efectos secundarios<\/a><\/strong><\/li>\n<\/ul>\n\n<h2 class=\"wp-block-heading\">Lista de comprobaci\u00f3n de los criterios del candidato a la cirug\u00eda ocular LASIK<\/h2>\n\n<ol class=\"wp-block-list\">\n<li>Los candidatos a la cirug\u00eda ocular LASIK deben tener al menos 18 a\u00f1os y tu visi\u00f3n y graduaci\u00f3n deben haber permanecido estables (sin empeorar) durante al menos un a\u00f1o.<\/li>\n\n\n\n<li>Tu graduaci\u00f3n para la visi\u00f3n de lejos tiene que coincidir con una determinada graduaci\u00f3n m\u00ednima, y esa graduaci\u00f3n (gafas o lentes de contacto) debe cumplir las directrices aprobadas por la FDA para la miop\u00eda, la hipermetrop\u00eda y <a href=\"https:\/\/www.qualsight.com\/lasik-astigmatism\">el astigmatismo<\/a>. Las pupilas no deben ser mayores de 8,5 mm en la oscuridad, debido al mayor riesgo de deslumbramiento y halos de visi\u00f3n por la noche y a la disminuci\u00f3n de la visi\u00f3n nocturna.<\/li>\n\n\n\n<li>Tus ojos deben tener una retina sana, la presi\u00f3n ocular y la c\u00f3rnea debe tener un grosor suficiente.<\/li>\n\n\n\n<li>No debes tener enfermedades oculares importantes, ni indicios de enfermedades vasculares del col\u00e1geno o autoinmunes, ni antecedentes recientes de herpes ocular, infecci\u00f3n o inflamaci\u00f3n ocular, enfermedad\/escarificaci\u00f3n corneal excesiva u ojos gravemente secos.<\/li>\n\n\n\n<li>No debes estar embarazada ni ser madre lactante.<\/li>\n\n\n\n<li>Debes tener unas expectativas visuales realistas sobre los resultados de la cirug\u00eda ocular LASIK y tambi\u00e9n debes estar dispuesto a aceptar los posibles riesgos quir\u00fargicos, <a href=\"https:\/\/www.qualsight.com\/lasik-possible-side-effects\">complicaciones<\/a> del procedimiento y efectos secundarios visuales de la cirug\u00eda LASIK.<\/li>\n\n\n\n<li>No debes tener diabetes incontrolada (no controlada), ni ciertas afecciones reumatol\u00f3gicas (por ejemplo, lupus, artritis reumatoide, enfermedad de Sjorgens).<\/li>\n<\/ol>\n\n<p>Para m\u00e1s informaci\u00f3n, haz clic en este enlace para <a href=\"\/what-will-disqualify-patients-being-candidates-lasik-surgery\">saber qu\u00e9 descalifica a los pacientes para ser candidatos<\/a>. Adem\u00e1s, comparte cualquier otra afecci\u00f3n o preocupaci\u00f3n m\u00e9dica con el m\u00e9dico que te trata.  <a href=\"\/what-will-disqualify-patients-being-candidates-lasik-surgery\">Consulta la Lista de comprobaci\u00f3n de candidatos para LASIK de la FDA para conocer otros criterios.<\/a><\/p>\n\n<div class=\"wp-block-buttons is-layout-flex wp-block-buttons-is-layout-flex\"><div class=\"wp-block-button\"><a class=\"wp-block-button__link wp-element-button\" href=\"\/es\/localizaciones\/\" target=\"_self\">Consulta Gratis<\/a><\/div><\/div>\n<section \n    class=\"blocks block-quicklinks align \" \n    id=\"block_meta_677d51bca4560\" \n    style=\" \"\n>\n    <h3>Ver tambi\u00e9n<\/h3>\n    <ul>\n                    <li>\n                <a href=\"https:\/\/www.qualsight.com\/es\/que-es-el-lasik\/\" target=\"_self\">\n                    \u00bfQu\u00e9 es el LASIK?                <\/a>\n            <\/li>\n                    <li>\n                <a href=\"https:\/\/www.qualsight.com\/es\/tipos-de-cirugia-laser-ocular\/\" target=\"_self\">\n                    Tipos de cirug\u00eda l\u00e1ser ocular                <\/a>\n            <\/li>\n            <\/ul>    \n<\/section>\n","protected":false},"excerpt":{"rendered":"<p>Explicaci\u00f3n de los riesgos de la cirug\u00eda ocular LASIK, la recuperaci\u00f3n y los posibles candidatos al LASIK Cualquier intervenci\u00f3n quir\u00fargica conlleva riesgos potenciales. En el caso de la cirug\u00eda ocular LASIK, la mayor\u00eda de los riesgos y posibles complicaciones no suponen una amenaza significativa. Datos recientes han documentado que la tasa de complicaciones del LASIK [&hellip;]<\/p>\n","protected":false},"author":1,"featured_media":0,"parent":0,"menu_order":0,"comment_status":"closed","ping_status":"closed","template":"","meta":{"_acf_changed":false,"footnotes":""},"class_list":["post-2808","page","type-page","status-publish","hentry"],"acf":[],"_links":{"self":[{"href":"https:\/\/www.qualsight.com\/es\/wp-json\/wp\/v2\/pages\/2808","targetHints":{"allow":["GET"]}}],"collection":[{"href":"https:\/\/www.qualsight.com\/es\/wp-json\/wp\/v2\/pages"}],"about":[{"href":"https:\/\/www.qualsight.com\/es\/wp-json\/wp\/v2\/types\/page"}],"author":[{"embeddable":true,"href":"https:\/\/www.qualsight.com\/es\/wp-json\/wp\/v2\/users\/1"}],"replies":[{"embeddable":true,"href":"https:\/\/www.qualsight.com\/es\/wp-json\/wp\/v2\/comments?post=2808"}],"version-history":[{"count":3,"href":"https:\/\/www.qualsight.com\/es\/wp-json\/wp\/v2\/pages\/2808\/revisions"}],"predecessor-version":[{"id":4864,"href":"https:\/\/www.qualsight.com\/es\/wp-json\/wp\/v2\/pages\/2808\/revisions\/4864"}],"wp:attachment":[{"href":"https:\/\/www.qualsight.com\/es\/wp-json\/wp\/v2\/media?parent=2808"}],"curies":[{"name":"wp","href":"https:\/\/api.w.org\/{rel}","templated":true}]}}