{"id":2810,"date":"2024-10-31T10:27:58","date_gmt":"2024-10-31T17:27:58","guid":{"rendered":"https:\/\/www.qualsight.com\/coste-del-lasik\/"},"modified":"2024-12-30T11:29:34","modified_gmt":"2024-12-30T19:29:34","slug":"coste-del-lasik","status":"publish","type":"page","link":"https:\/\/www.qualsight.com\/es\/coste-del-lasik\/","title":{"rendered":"Coste del LASIK"},"content":{"rendered":"\n<h2 class=\"wp-block-heading\"><strong>El precio del LASIK var\u00eda seg\u00fan el tipo de procedimiento y la tecnolog\u00eda utilizada<\/strong><\/h2>\n\n<p>El coste medio nacional de la cirug\u00eda ocular LASIK con m\u00e9dicos que s\u00f3lo ofrecen un precio fue de 2.436 $ por ojo en 2021. Hay varios procedimientos LASIK diferentes aprobados por la FDA y es necesario investigar para saber qu\u00e9 tipo est\u00e1s considerando.  <\/p>\n\n<figure class=\"wp-block-image aligncenter size-full\"><img decoding=\"async\" width=\"647\" height=\"573\" src=\"https:\/\/www.qualsight.com\/wp-content\/uploads\/2024\/11\/LASIK-Avereage-Cost-2021_0.png\" alt=\"\" class=\"wp-image-1163\" srcset=\"https:\/\/www.qualsight.com\/wp-content\/uploads\/2024\/11\/LASIK-Avereage-Cost-2021_0.png 647w, https:\/\/www.qualsight.com\/wp-content\/uploads\/2024\/11\/LASIK-Avereage-Cost-2021_0-600x531.png 600w\" sizes=\"(max-width: 647px) 100vw, 647px\" \/><\/figure>\n\n<p><strong>El coste de la cirug\u00eda ocular LASIK<\/strong> se calcula por separado para cada ojo y var\u00eda significativamente seg\u00fan la tecnolog\u00eda utilizada. Los precios del LASIK han aumentado en 2021 debido a los avances en las tecnolog\u00edas l\u00e1ser. La horquilla de precios medios a nivel nacional oscila entre 995 y 2.900 $ por ojo.<\/p>\n\n<div class=\"wp-block-buttons is-layout-flex wp-block-buttons-is-layout-flex\"><div class=\"wp-block-button\"><a class=\"wp-block-button__link wp-element-button\" href=\"\/es\/localizaciones\/\" target=\"_self\">Consulta Gratis<\/a><\/div><\/div>\n\n<h2 class=\"wp-block-heading\"><strong>Precios medios del LASIK &#8211; Indicados por los cirujanos en 2021<\/strong><\/h2>\n\n<p>El coste medio nacional del LASIK durante 2021 utilizando el m\u00e9todo con bistur\u00ed aprobado por la FDA es de 1.700 $ por ojo. Como alternativa, las tecnolog\u00edas m\u00e1s avanzadas, como el LASIK personalizado sin bistur\u00ed, cuestan algo m\u00e1s de 2.400 $ por ojo y var\u00edan seg\u00fan la regi\u00f3n geogr\u00e1fica y la experiencia del cirujano. Los precios del LASIK que se indican a continuaci\u00f3n demuestran el ahorro que supone QualSight frente al precio medio nacional general. Adem\u00e1s, los procedimientos LASIK que se indican a continuaci\u00f3n ponen de manifiesto las diferencias de la tecnolog\u00eda:<\/p>\n\n<ol class=\"wp-block-list\">\n<li><strong><a href=\"https:\/\/www.qualsight.com\/es\/que-es-el-lasik\/\">Tradicional<\/a> <\/strong> &#8211; tambi\u00e9n conocido como LASIK convencional o est\u00e1ndar, es el procedimiento m\u00e1s barato. El coste medio nacional es de 1.649 $ por ojo*, sin embargo el precio de QualSight es inferior a 1.000 $.<\/li>\n\n\n\n<li><strong><a href=\"https:\/\/www.qualsight.com\/custom-wavefront-lasik-procedure\">Personalizado<\/a><\/strong> &#8211; tambi\u00e9n conocido como Wavefront &#8211; suele a\u00f1adir varios cientos de d\u00f3lares al precio. El coste medio nacional es de 2.436 $ por ojo*, sin embargo el precio de QualSight es inferior a 1.400 $.<\/li>\n\n\n\n<li><strong><a href=\"https:\/\/www.qualsight.com\/bladeless-lasik\">Sin bistur\u00ed<\/a><\/strong> &#8211; tambi\u00e9n conocido como \u00abLASIK sin bistur\u00ed\u00bb o <a href=\"https:\/\/www.qualsight.com\/intralase-lasik\">IntraLase<\/a>, utiliza un l\u00e1ser de femtosegundo adicional que suele a\u00f1adir varios cientos de d\u00f3lares al coste, lo que lo convierte en el procedimiento m\u00e1s caro. Bladeless est\u00e1 disponible en tecnolog\u00eda de frente de onda tradicional o personalizada<\/li>\n\n\n\n<li><strong><a href=\"https:\/\/www.qualsight.com\/prk-corrective-procedure\">PRK<\/a><\/strong> &#8211; tambi\u00e9n es un procedimiento sin bistur\u00ed, pero no utiliza un l\u00e1ser adicional para crear el colgajo y est\u00e1 disponible en tecnolog\u00eda Tradicional o Personalizada. El precio de la PRK var\u00eda seg\u00fan el proveedor<\/li>\n\n\n\n<li><strong><a href=\"https:\/\/www.qualsight.com\/traditional-lasik-eye-surgery\">Cuchilla<\/a><\/strong> &#8211; utiliza una cuchilla de microqueratomo y est\u00e1 disponible en tecnolog\u00eda Personalizada o Tradicional. Suele costar varios cientos de d\u00f3lares menos que el Bladeless<\/li>\n\n\n\n<li><strong><a href=\"https:\/\/www.qualsight.com\/lasik-retreatment-plans\">Planes de garant\u00eda o seguro<\/a><\/strong> &#8211; los m\u00e9dicos suelen ofrecer un plan de un a\u00f1o o un plan condicional de por vida, y estos planes ofrecidos por el m\u00e9dico var\u00edan en precio<a href=\"https:\/\/www.qualsight.com\/request-lasik-information\"><\/a><\/li>\n<\/ol>\n<section \n    class=\"blocks block-quicklinks align \" \n    id=\"block_meta_6730f288180b9\" \n    style=\" \"\n>\n    <h3>Ver tambi\u00e9n<\/h3>\n    <ul>\n                    <li>\n                <a href=\"https:\/\/www.qualsight.com\/es\/coste-del-lasik\/cubre-el-seguro-el-lasik\/\" target=\"_self\">\n                    \u00bfCubre el seguro el LASIK?                <\/a>\n            <\/li>\n                    <li>\n                <a href=\"https:\/\/www.qualsight.com\/es\/cuentas-de-gastos-flexibles\/\" target=\"_self\">\n                    Cuentas de gastos flexibles                <\/a>\n            <\/li>\n                    <li>\n                <a href=\"https:\/\/www.qualsight.com\/es\/coste-del-lasik\/precios-enganosos-del-lasik\/\" target=\"_self\">\n                    Precios enga\u00f1osos del LASIK                <\/a>\n            <\/li>\n            <\/ul>    \n<\/section>\n","protected":false},"excerpt":{"rendered":"<p>El precio del LASIK var\u00eda seg\u00fan el tipo de procedimiento y la tecnolog\u00eda utilizada El coste medio nacional de la cirug\u00eda ocular LASIK con m\u00e9dicos que s\u00f3lo ofrecen un precio fue de 2.436 $ por ojo en 2021. Hay varios procedimientos LASIK diferentes aprobados por la FDA y es necesario investigar para saber qu\u00e9 tipo [&hellip;]<\/p>\n","protected":false},"author":1,"featured_media":0,"parent":0,"menu_order":0,"comment_status":"closed","ping_status":"closed","template":"","meta":{"_acf_changed":false,"footnotes":""},"class_list":["post-2810","page","type-page","status-publish","hentry"],"acf":[],"_links":{"self":[{"href":"https:\/\/www.qualsight.com\/es\/wp-json\/wp\/v2\/pages\/2810","targetHints":{"allow":["GET"]}}],"collection":[{"href":"https:\/\/www.qualsight.com\/es\/wp-json\/wp\/v2\/pages"}],"about":[{"href":"https:\/\/www.qualsight.com\/es\/wp-json\/wp\/v2\/types\/page"}],"author":[{"embeddable":true,"href":"https:\/\/www.qualsight.com\/es\/wp-json\/wp\/v2\/users\/1"}],"replies":[{"embeddable":true,"href":"https:\/\/www.qualsight.com\/es\/wp-json\/wp\/v2\/comments?post=2810"}],"version-history":[{"count":2,"href":"https:\/\/www.qualsight.com\/es\/wp-json\/wp\/v2\/pages\/2810\/revisions"}],"predecessor-version":[{"id":4855,"href":"https:\/\/www.qualsight.com\/es\/wp-json\/wp\/v2\/pages\/2810\/revisions\/4855"}],"wp:attachment":[{"href":"https:\/\/www.qualsight.com\/es\/wp-json\/wp\/v2\/media?parent=2810"}],"curies":[{"name":"wp","href":"https:\/\/api.w.org\/{rel}","templated":true}]}}