{"id":2812,"date":"2024-10-30T20:47:29","date_gmt":"2024-10-31T03:47:29","guid":{"rendered":"https:\/\/www.qualsight.com\/politica-de-privacidad\/"},"modified":"2024-12-30T11:29:40","modified_gmt":"2024-12-30T19:29:40","slug":"politica-de-privacidad","status":"publish","type":"page","link":"https:\/\/www.qualsight.com\/es\/politica-de-privacidad\/","title":{"rendered":"Pol\u00edtica de privacidad"},"content":{"rendered":"\n<p>Este aviso es obligatorio por ley para informarte de c\u00f3mo mantenemos la privacidad de tu informaci\u00f3n sanitaria protegida (en lo sucesivo, \u00abPHI\u00bb). La PHI es informaci\u00f3n sobre ti, incluidos los datos demogr\u00e1ficos, que puede utilizarse razonablemente para identificarte y que est\u00e1 relacionada con tu salud f\u00edsica o mental pasada, presente o futura, con la prestaci\u00f3n de asistencia sanitaria a tu persona o con el pago de dicha asistencia.<\/p>\n\n<h2 class=\"wp-block-heading\">Usos y divulgaciones<\/h2>\n\n<p><strong>No<\/strong> vendemos tu PHI a nadie ni la revelamos a otras empresas que puedan querer venderte sus productos. Necesitamos tu autorizaci\u00f3n por escrito para utilizar y divulgar tu PHI, salvo en los siguientes casos:<\/p>\n\n<p><strong>Requisitos legales<\/strong>: Podemos utilizar o divulgar la PHI si as\u00ed nos lo exige la ley (por ejemplo, para responder a \u00f3rdenes o citaciones judiciales, o para cumplir las leyes de compensaci\u00f3n laboral). Tambi\u00e9n divulgaremos la PHI si as\u00ed lo exigen la Secretar\u00eda de Salud y Servicios Humanos y las autoridades reguladoras estatales.<\/p>\n\n<p><strong>Tratamiento<\/strong>: Podemos utilizar y divulgar tu PHI a los proveedores de asistencia sanitaria que la soliciten en relaci\u00f3n con tu tratamiento.<\/p>\n\n<p><strong>Facturaci\u00f3n<\/strong>: Podemos utilizar y divulgar informaci\u00f3n sanitaria sobre ti para facturar nuestros servicios y cobrar el pago.<\/p>\n\n<p><strong>Operaciones<\/strong> de <strong>asistencia sanitaria<\/strong>: Podemos utilizar y divulgar tu PHI para nuestras operaciones de atenci\u00f3n sanitaria, entre las que se incluyen: realizar evaluaciones de calidad y mejora de la atenci\u00f3n; revisar la competencia o cualificaci\u00f3n de los profesionales sanitarios; realizar evaluaciones de resultados y an\u00e1lisis de reclamaciones sanitarias; prevenir, detectar e investigar fraudes y abusos; comunicarnos contigo sobre alternativas de tratamiento u otras prestaciones y servicios relacionados con la salud; y actividades de gesti\u00f3n empresarial y administraci\u00f3n general. Adem\u00e1s, tambi\u00e9n podemos revelar tu PHI a un proveedor de asistencia sanitaria que te haya tratado para fines de las actividades de evaluaci\u00f3n de la calidad del propio proveedor.<\/p>\n\n<p><strong>Asociados comerciales<\/strong>: De vez en cuando contratamos a terceros para que nos presten diversos servicios. Siempre que un acuerdo con un tercero de este tipo implique el uso o la divulgaci\u00f3n de tu PHI, tendremos un contrato escrito con dicho tercero dise\u00f1ado para proteger la privacidad de tu PHI.<\/p>\n\n<p><strong>Recordatorios de citas, opciones de tratamiento y otros servicios relacionados con la salud<\/strong>: Podemos utilizar y divulgar la PHI para ponernos en contacto contigo y recordarte citas, informaci\u00f3n sobre tratamientos u otras prestaciones y servicios relacionados con la salud que puedan interesarte.<\/p>\n\n<p><strong>Cuestiones de inter\u00e9s p\u00fablico<\/strong>: Podemos utilizar o divulgar tu PHI para asuntos de inter\u00e9s p\u00fablico, como actividades de salud y seguridad p\u00fablicas, informes de estad\u00edsticas vitales o ayuda para evitar amenazas a la salud p\u00fablica.<\/p>\n\n<p><strong>Investigaci\u00f3n<\/strong>: Podemos utilizar tu PHI para realizar determinadas actividades de investigaci\u00f3n, siempre que se apliquen determinadas medidas establecidas para proteger tu intimidad.<\/p>\n\n<p><strong>Preguntas y reclamaciones<\/strong>: Para realizar cualquiera de las solicitudes descritas anteriormente en la secci\u00f3n de derechos individuales, o si deseas m\u00e1s informaci\u00f3n sobre nuestras pr\u00e1cticas de privacidad, env\u00eda tu solicitud a <a href=\"mailto:customerservice@qualsight.com\">customerservice@qualsight.com<\/a> o llama al 1-855-800-2020. Si crees que podemos haber violado tus derechos de privacidad, o que hemos utilizado o divulgado tu PHI de forma inadecuada, tambi\u00e9n tienes derecho a presentar una queja por escrito al Departamento de Salud y Servicios Humanos de EE.UU.. Si lo solicitas, te facilitaremos su direcci\u00f3n para presentar tu reclamaci\u00f3n.<\/p>\n\n<p><strong>Cambios en este Aviso: <\/strong>Estamos obligados a cumplir los t\u00e9rminos de este Aviso vigente. Nos reservamos el derecho a modificar este Aviso y a hacer efectivas las nuevas disposiciones del Aviso para toda la PHI. Si cambiara alguna de nuestras pol\u00edticas o pr\u00e1cticas, el Aviso revisado se pondr\u00e1 a tu disposici\u00f3n si lo solicitas y se publicar\u00e1 inmediatamente en nuestro sitio web.<\/p>\n\n<p>Fecha de entrada en vigor del aviso: 31 de enero de 2022<\/p>\n","protected":false},"excerpt":{"rendered":"<p>Este aviso es obligatorio por ley para informarte de c\u00f3mo mantenemos la privacidad de tu informaci\u00f3n sanitaria protegida (en lo sucesivo, \u00abPHI\u00bb). La PHI es informaci\u00f3n sobre ti, incluidos los datos demogr\u00e1ficos, que puede utilizarse razonablemente para identificarte y que est\u00e1 relacionada con tu salud f\u00edsica o mental pasada, presente o futura, con la prestaci\u00f3n [&hellip;]<\/p>\n","protected":false},"author":1,"featured_media":0,"parent":0,"menu_order":0,"comment_status":"closed","ping_status":"open","template":"","meta":{"_acf_changed":false,"footnotes":""},"class_list":["post-2812","page","type-page","status-publish","hentry"],"acf":[],"_links":{"self":[{"href":"https:\/\/www.qualsight.com\/es\/wp-json\/wp\/v2\/pages\/2812","targetHints":{"allow":["GET"]}}],"collection":[{"href":"https:\/\/www.qualsight.com\/es\/wp-json\/wp\/v2\/pages"}],"about":[{"href":"https:\/\/www.qualsight.com\/es\/wp-json\/wp\/v2\/types\/page"}],"author":[{"embeddable":true,"href":"https:\/\/www.qualsight.com\/es\/wp-json\/wp\/v2\/users\/1"}],"replies":[{"embeddable":true,"href":"https:\/\/www.qualsight.com\/es\/wp-json\/wp\/v2\/comments?post=2812"}],"version-history":[{"count":1,"href":"https:\/\/www.qualsight.com\/es\/wp-json\/wp\/v2\/pages\/2812\/revisions"}],"predecessor-version":[{"id":2813,"href":"https:\/\/www.qualsight.com\/es\/wp-json\/wp\/v2\/pages\/2812\/revisions\/2813"}],"wp:attachment":[{"href":"https:\/\/www.qualsight.com\/es\/wp-json\/wp\/v2\/media?parent=2812"}],"curies":[{"name":"wp","href":"https:\/\/api.w.org\/{rel}","templated":true}]}}