{"id":2817,"date":"2024-11-07T14:32:39","date_gmt":"2024-11-07T22:32:39","guid":{"rendered":"https:\/\/www.qualsight.com\/planes-de-retirada\/"},"modified":"2024-12-30T11:31:52","modified_gmt":"2024-12-30T19:31:52","slug":"planes-de-retirada","status":"publish","type":"page","link":"https:\/\/www.qualsight.com\/es\/planes-de-retirada\/","title":{"rendered":"Planes de Retirada"},"content":{"rendered":"\n<h2 class=\"wp-block-heading\">Nuestros cirujanos LASIK acreditados te proporcionan una atenci\u00f3n ocular LASIK asequible y de calidad durante un a\u00f1o  <\/h2>\n\n<p>Por ello, nuestros Proveedores <a href=\"https:\/\/www.qualsight.com\/lasik-doctors\">Participantes<\/a> ofrecen un Plan de Garant\u00eda de Proveedores de un a\u00f1o sin coste adicional. La participaci\u00f3n de los proveedores puede variar y los detalles y requisitos generales de nuestros Planes de Garant\u00eda para Proveedores Participantes est\u00e1n disponibles m\u00e1s abajo. <\/p>\n\n<h2 class=\"wp-block-heading\">LASIK con Plan de garant\u00eda de un a\u00f1o<\/h2>\n\n<p>El Plan Assurance proporciona a nuestros afiliados repeticiones del tratamiento durante el primer a\u00f1o tras la cirug\u00eda inicial sin coste alguno para los servicios m\u00e9dicos; sin embargo, el afiliado tiene que pagar la cuota de licencia del fabricante de la tarjeta l\u00e1ser (entre 110 y 330 $ por ojo). La participaci\u00f3n de los proveedores puede variar. <\/p>\n\n<h2 class=\"wp-block-heading\">LASIK con Plan de Garant\u00eda de por Vida<\/h2>\n\n<p>Cualquier afiliado que adquiera un <a href=\"https:\/\/www.qualsight.com\/lasik-lifetime-assurance-plan\">Plan Lifetime Assurance<\/a> de uno de nuestros Proveedores, obtiene retratamientos sin coste no s\u00f3lo durante el primer a\u00f1o despu\u00e9s de la cirug\u00eda <a href=\"https:\/\/www.qualsight.com\/lasik-eye-surgery\">LASIK <\/a>(incluida la ausencia de cuota de licencia del fabricante), sino tambi\u00e9n en los a\u00f1os siguientes, siempre que sean m\u00e9dicamente aconsejables. La participaci\u00f3n de los proveedores puede variar. <\/p>\n<section \n    class=\"blocks block-quicklinks align \" \n    id=\"block_meta_67351f3b829a4\" \n    style=\" \"\n>\n    <h3>Ver tambi\u00e9n<\/h3>\n    <ul>\n                    <li>\n                <a href=\"https:\/\/www.qualsight.com\/es\/planes-de-retirada\/plan-de-garantia-a-un-ano\/\" target=\"_self\">\n                    Plan de garant\u00eda a un a\u00f1o                <\/a>\n            <\/li>\n                    <li>\n                <a href=\"https:\/\/www.qualsight.com\/es\/planes-de-retirada\/plan-de-garantia-de-por-vida\/\" target=\"_self\">\n                    Plan de garant\u00eda de por vida                <\/a>\n            <\/li>\n            <\/ul>    \n<\/section>\n","protected":false},"excerpt":{"rendered":"<p>Nuestros cirujanos LASIK acreditados te proporcionan una atenci\u00f3n ocular LASIK asequible y de calidad durante un a\u00f1o Por ello, nuestros Proveedores Participantes ofrecen un Plan de Garant\u00eda de Proveedores de un a\u00f1o sin coste adicional. La participaci\u00f3n de los proveedores puede variar y los detalles y requisitos generales de nuestros Planes de Garant\u00eda para Proveedores [&hellip;]<\/p>\n","protected":false},"author":1,"featured_media":0,"parent":0,"menu_order":0,"comment_status":"closed","ping_status":"closed","template":"","meta":{"_acf_changed":false,"footnotes":""},"class_list":["post-2817","page","type-page","status-publish","hentry"],"acf":[],"_links":{"self":[{"href":"https:\/\/www.qualsight.com\/es\/wp-json\/wp\/v2\/pages\/2817","targetHints":{"allow":["GET"]}}],"collection":[{"href":"https:\/\/www.qualsight.com\/es\/wp-json\/wp\/v2\/pages"}],"about":[{"href":"https:\/\/www.qualsight.com\/es\/wp-json\/wp\/v2\/types\/page"}],"author":[{"embeddable":true,"href":"https:\/\/www.qualsight.com\/es\/wp-json\/wp\/v2\/users\/1"}],"replies":[{"embeddable":true,"href":"https:\/\/www.qualsight.com\/es\/wp-json\/wp\/v2\/comments?post=2817"}],"version-history":[{"count":1,"href":"https:\/\/www.qualsight.com\/es\/wp-json\/wp\/v2\/pages\/2817\/revisions"}],"predecessor-version":[{"id":2818,"href":"https:\/\/www.qualsight.com\/es\/wp-json\/wp\/v2\/pages\/2817\/revisions\/2818"}],"wp:attachment":[{"href":"https:\/\/www.qualsight.com\/es\/wp-json\/wp\/v2\/media?parent=2817"}],"curies":[{"name":"wp","href":"https:\/\/api.w.org\/{rel}","templated":true}]}}