{"id":2819,"date":"2024-11-07T14:31:56","date_gmt":"2024-11-07T22:31:56","guid":{"rendered":"https:\/\/www.qualsight.com\/merece-la-pena-la-cirugia-lasik\/"},"modified":"2024-12-30T11:31:57","modified_gmt":"2024-12-30T19:31:57","slug":"merece-la-pena-la-cirugia-lasik","status":"publish","type":"page","link":"https:\/\/www.qualsight.com\/es\/merece-la-pena-la-cirugia-lasik\/","title":{"rendered":"\u00bfMerece la pena la cirug\u00eda LASIK?"},"content":{"rendered":"\n<h2 class=\"wp-block-heading\">La cirug\u00eda LASIK puede ahorrarte dinero<\/h2>\n\n<p>Muchas personas que preguntan por la cirug\u00eda ocular LASIK a veces se desaniman por el coste del procedimiento. A menudo se preguntan: \u00ab\u00bfMerece la pena el LASIK?\u00bb. Aunque podemos desglosar la cuesti\u00f3n desde el punto de vista econ\u00f3mico, s\u00f3lo t\u00fa puedes responder realmente a esta pregunta. S\u00f3lo t\u00fa conoces las dificultades diarias a las que te enfrentas con las gafas y las lentes de contacto.     <\/p>\n\n<p>\u00bfAlguna vez has perdido unas lentillas o te has despertado en mitad de la noche y te ha costado encontrar las gafas? \u00bfY para ver el despertador? Si eres una persona activa, \u00bfc\u00f3mo ser\u00eda tu vida sin preocuparte de que se te caigan las lentillas? O si eres una de las miles de personas cuyos ojos no toleran las lentes de contacto, \u00bfc\u00f3mo ser\u00eda no tener que quitarte las gafas al entrar en una casa caliente en invierno porque se empa\u00f1an? \u00bfTe ha preocupado alguna vez perder las gafas durante las vacaciones? Todas estas preguntas, junto con el coste econ\u00f3mico de la intervenci\u00f3n LASIK, determinar\u00e1n \u00ab\u00bfmerece la pena\u00bb para ti?       <\/p>\n\n<p>El <a href=\"https:\/\/www.qualsight.com\/cost-of-lasik-surgery\">coste medio nacional de la cirug\u00eda LASIK<\/a> es de 2.436 $ por ojo. Es comprensible que a los posibles pacientes les resulte inquietante el precio de la cirug\u00eda LASIK; sin embargo, la mayor\u00eda de la gente ahorrar\u00e1 dinero con el tiempo si se somete a la intervenci\u00f3n, sobre todo los que llevan lentes de contacto.   <\/p>\n\n<p>Tambi\u00e9n es cada vez m\u00e1s popular distribuir el coste del procedimiento a lo largo del tiempo utilizando dinero antes de impuestos reservado en Cuentas de Gastos Flexibles (FSA) o Cuentas de Ahorros Sanitarios (HSA) permitidas por las empresas. Utilizar una cuenta FSA o HSA permite a la persona reservar una cantidad determinada (2.550 $ para la FSA y 3.300 $ para la HSA para una persona soltera o 6.550 $ para la HSA para una familia). Otro m\u00e9todo muy popular de pagar el procedimiento es utilizar las opciones de financiaci\u00f3n que ofrece el proveedor. Los proveedores suelen ofrecer financiaci\u00f3n a 6 y 12 meses con un 0% de inter\u00e9s a los solicitantes cualificados.   <\/p>\n\n<p>Al comparar el coste a largo plazo de las lentes de contacto, los ex\u00e1menes y las gafas con el coste \u00fanico de la cirug\u00eda ocular LASIK, es evidente que el gasto inicial de la cirug\u00eda LASIK es inferior al coste anual de las lentes de contacto, los ex\u00e1menes y las gafas combinados a lo largo del tiempo. En comparaci\u00f3n con las gafas, el coste de las lentes de contacto aumenta r\u00e1pidamente debido a las sustituciones peri\u00f3dicas. Una caja de lentes de contacto suele contener unas seis lentes y puede oscilar entre 25 y 80 $. Las lentes de contacto desechables deben sustituirse con m\u00e1s frecuencia que las dem\u00e1s; requieren que los pacientes compren varias cajas de lentes de contacto al a\u00f1o. El coste de las lentes de contacto puede variar seg\u00fan la prescripci\u00f3n del paciente y el tipo de lentes que lleve.    <\/p>\n\n<p>Las lentes t\u00f3ricas, que corrigen el astigmatismo, son m\u00e1s caras que otras lentes de contacto. Las lentes t\u00f3ricas pueden costar hasta 80 $ por caja y un suministro anual requiere varias cajas. Cuando los pacientes con astigmatismo est\u00e1n interesados en ahorrar dinero, muchos de ellos se plantean el LASIK, ya que la compra de lentes t\u00f3ricas puede superar varios cientos de d\u00f3lares anuales.  <\/p>\n\n<p>Las lentes de contacto Noche y D\u00eda permiten a los pacientes dormir sin quitarse las lentes durante un m\u00e1ximo de 7 d\u00edas y suelen durar 30 d\u00edas, lo que proporciona a los pacientes la experiencia m\u00e1s parecida a la eliminaci\u00f3n de las gafas, aparte del LASIK. Aunque dormir con lentes de contacto proporciona una experiencia temporal de no necesitar gafas, conlleva riesgos, ya que los investigadores descubrieron que la incidencia de infecciones oculares es mayor en las personas que duermen con lentes de contacto. Aunque las lentes de contacto de uso prolongado han sido aprobadas para un m\u00e1ximo de 30 d\u00edas, la mayor\u00eda de los profesionales de la visi\u00f3n siguen recomendando a sus pacientes que se quiten las lentes de contacto a diario.    <\/p>\n\n<p>Las lentes de contacto m\u00e1s duraderas suelen ser m\u00e1s caras, y los pacientes que compran lentes Noche y D\u00eda se gastan unos 70 $ por caja. Aunque las lentes de contacto Noche y D\u00eda pueden durar m\u00e1s, los pacientes siguen teniendo que gastar cientos de d\u00f3lares al a\u00f1o, sin llegar a ser una soluci\u00f3n de correcci\u00f3n visual permanente. En otras palabras, los pacientes tendr\u00e1n que seguir comprando lentes de contacto durante el resto de su vida si desean reducir su dependencia de las gafas.  <\/p>\n\n<h2 class=\"wp-block-heading\">Comparar con gafas y lentillas<\/h2>\n\n<p>Entre comprar gafas, lentes de contacto y pagar las visitas al oftalm\u00f3logo, el coste de la correcci\u00f3n visual se acumula r\u00e1pidamente y no proporciona una soluci\u00f3n permanente. Los pacientes que llevan lentes m\u00e1s caras pueden acabar pagando cerca de 900 $ cada a\u00f1o despu\u00e9s de todos los complementos que se ofrecen, como revestimientos antirreflejantes, pl\u00e1stico de alto \u00edndice, lentes de policarbonato, lentes polarizadas y si se adquieren o no lentes monofocales o progresivas. La mayor\u00eda de la gente sustituye sus gafas anualmente o cada dos a\u00f1os y se ve obligada a cubrir de nuevo todas las cuotas.  <\/p>\n<section \n    class=\"blocks block-quicklinks align \" \n    id=\"block_meta_67351e27b86e5\" \n    style=\" \"\n>\n    <h3>Ver tambi\u00e9n<\/h3>\n    <ul>\n                    <li>\n                <a href=\"https:\/\/www.qualsight.com\/es\/tipos-de-cirugia-laser-ocular\/\" target=\"_self\">\n                    Tipos de cirug\u00eda l\u00e1ser ocular                <\/a>\n            <\/li>\n                    <li>\n                <a href=\"https:\/\/www.qualsight.com\/es\/coste-del-lasik\/cubre-el-seguro-el-lasik\/\" target=\"_self\">\n                    \u00bfCubre el seguro el LASIK?                <\/a>\n            <\/li>\n                    <li>\n                <a href=\"https:\/\/www.qualsight.com\/es\/cuentas-de-gastos-flexibles\/\" target=\"_self\">\n                    Cuentas de gastos flexibles                <\/a>\n            <\/li>\n                    <li>\n                <a href=\"https:\/\/www.qualsight.com\/es\/riesgos-y-recuperacion-del-lasik\/\" target=\"_self\">\n                    Riesgos y recuperaci\u00f3n del LASIK                <\/a>\n            <\/li>\n                    <li>\n                <a href=\"https:\/\/www.qualsight.com\/es\/tiempo-de-recuperacion-del-lasik\/\" target=\"_self\">\n                    Tiempo de recuperaci\u00f3n del LASIK                <\/a>\n            <\/li>\n            <\/ul>    \n<\/section>\n","protected":false},"excerpt":{"rendered":"<p>La cirug\u00eda LASIK puede ahorrarte dinero Muchas personas que preguntan por la cirug\u00eda ocular LASIK a veces se desaniman por el coste del procedimiento. A menudo se preguntan: \u00ab\u00bfMerece la pena el LASIK?\u00bb. Aunque podemos desglosar la cuesti\u00f3n desde el punto de vista econ\u00f3mico, s\u00f3lo t\u00fa puedes responder realmente a esta pregunta. S\u00f3lo t\u00fa conoces [&hellip;]<\/p>\n","protected":false},"author":1,"featured_media":0,"parent":0,"menu_order":0,"comment_status":"closed","ping_status":"closed","template":"","meta":{"_acf_changed":false,"footnotes":""},"class_list":["post-2819","page","type-page","status-publish","hentry"],"acf":[],"_links":{"self":[{"href":"https:\/\/www.qualsight.com\/es\/wp-json\/wp\/v2\/pages\/2819","targetHints":{"allow":["GET"]}}],"collection":[{"href":"https:\/\/www.qualsight.com\/es\/wp-json\/wp\/v2\/pages"}],"about":[{"href":"https:\/\/www.qualsight.com\/es\/wp-json\/wp\/v2\/types\/page"}],"author":[{"embeddable":true,"href":"https:\/\/www.qualsight.com\/es\/wp-json\/wp\/v2\/users\/1"}],"replies":[{"embeddable":true,"href":"https:\/\/www.qualsight.com\/es\/wp-json\/wp\/v2\/comments?post=2819"}],"version-history":[{"count":1,"href":"https:\/\/www.qualsight.com\/es\/wp-json\/wp\/v2\/pages\/2819\/revisions"}],"predecessor-version":[{"id":2820,"href":"https:\/\/www.qualsight.com\/es\/wp-json\/wp\/v2\/pages\/2819\/revisions\/2820"}],"wp:attachment":[{"href":"https:\/\/www.qualsight.com\/es\/wp-json\/wp\/v2\/media?parent=2819"}],"curies":[{"name":"wp","href":"https:\/\/api.w.org\/{rel}","templated":true}]}}