{"id":2823,"date":"2024-11-07T14:30:48","date_gmt":"2024-11-07T22:30:48","guid":{"rendered":"https:\/\/www.qualsight.com\/duele-el-lasik\/"},"modified":"2024-12-30T11:34:42","modified_gmt":"2024-12-30T19:34:42","slug":"duele-el-lasik","status":"publish","type":"page","link":"https:\/\/www.qualsight.com\/es\/duele-el-lasik\/","title":{"rendered":"\u00bfDuele el LASIK?"},"content":{"rendered":"\n<h2 class=\"wp-block-heading\">\u00bfDuele el LASIK durante el procedimiento?<\/h2>\n\n<p>En la mayor\u00eda de los casos, <a href=\"https:\/\/www.qualsight.com\/prk-corrective-procedure\">la PRK y el LASIK<\/a> no duelen durante la intervenci\u00f3n ni inmediatamente despu\u00e9s. Antes de que comience tu cirug\u00eda ocular LASIK, se utilizan gotas anest\u00e9sicas para aliviar cualquier dolor o molestia ocular durante la intervenci\u00f3n.   <\/p>\n\n<p>La mayor\u00eda de los cirujanos tambi\u00e9n pueden <a href=\"https:\/\/www.qualsight.com\/during-your-lasik-procedure\">recetarte medicaci\u00f3n<\/a> para ayudarte a relajarte antes de la intervenci\u00f3n. La cirug\u00eda ocular LASIK s\u00f3lo requiere gotas anest\u00e9sicas t\u00f3picas, y no se necesitan puntos para curar despu\u00e9s de la intervenci\u00f3n. El LASIK no duele durante la intervenci\u00f3n, aunque puedes sentir cierta presi\u00f3n en los ojos.  <\/p>\n\n<p>Despu\u00e9s de que el l\u00e1ser vuelva a dar forma a la c\u00f3rnea, el colgajo se sustituye y sirve de vendaje natural para el proceso de cicatrizaci\u00f3n. El LASIK es el procedimiento electivo m\u00e1s popular y aceptado y tiene excelentes \u00edndices de satisfacci\u00f3n. <\/p>\n\n<div class=\"wp-block-buttons is-layout-flex wp-block-buttons-is-layout-flex\"><div class=\"wp-block-button\"><a class=\"wp-block-button__link wp-element-button\" href=\"\/es\/localizaciones\/\" target=\"_self\">Consulta Gratis<\/a><\/div><\/div>\n\n<h2 class=\"wp-block-heading\">\u00bfDuele o hay dolor despu\u00e9s de la cirug\u00eda ocular LASIK?<\/h2>\n\n<p><a href=\"https:\/\/www.qualsight.com\/after-lasik-surgery\">Varias horas despu\u00e9s de la cirug\u00eda LASIK<\/a>, puede haber una molestia temporal y una sensaci\u00f3n de picor en los ojos. Adem\u00e1s, debes esperar cierta visi\u00f3n borrosa o nebulosa inmediatamente despu\u00e9s de la cirug\u00eda. Tu m\u00e9dico puede recetarte colirios para tratar estas posibles molestias y el dolor leve. En el caso muy raro de que el LASIK postoperatorio duela y experimentes un dolor importante tras la intervenci\u00f3n, ponte en contacto inmediatamente con tu m\u00e9dico.     <\/p>\n\n<p>Uno de los temores m\u00e1s comunes a que te duela el LASIK se debe a la preocupaci\u00f3n de que una cuchilla o un l\u00e1ser entren en contacto con tus ojos. Como la mayor\u00eda de las personas saben, los ojos son extremadamente sensibles y deben tratarse en consecuencia. Despu\u00e9s del LASIK, una de las quejas m\u00e1s frecuentes es la <a href=\"https:\/\/www.qualsight.com\/dry-eyes-after-lasik\">sequedad temporal de los ojos<\/a>, que puede doler tras la intervenci\u00f3n, pero tambi\u00e9n se puede tratar con gotas oculares prescritas y gotas oculares lubricantes de venta libre.    <\/p>\n\n<p>Adem\u00e1s, el LASIK es el procedimiento electivo m\u00e1s popular y se ha realizado casi 20 millones de veces s\u00f3lo en Estados Unidos. Est\u00e1 aprobado por la FDA desde 1995 y ha demostrado su eficacia en el tratamiento del astigmatismo, la miop\u00eda y la hipermetrop\u00eda. <\/p>\n<section \n    class=\"blocks block-quicklinks align \" \n    id=\"block_meta_67351d1299414\" \n    style=\" \"\n>\n    <h3>Ver tambi\u00e9n<\/h3>\n    <ul>\n                    <li>\n                <a href=\"https:\/\/www.qualsight.com\/es\/tipos-de-cirugia-laser-ocular\/\" target=\"_self\">\n                    Tipos de cirug\u00eda l\u00e1ser ocular                <\/a>\n            <\/li>\n                    <li>\n                <a href=\"https:\/\/www.qualsight.com\/es\/tiempo-de-recuperacion-del-lasik\/\" target=\"_self\">\n                    Tiempo de recuperaci\u00f3n del LASIK                <\/a>\n            <\/li>\n                    <li>\n                <a href=\"https:\/\/www.qualsight.com\/es\/que-descalifica-a-un-paciente\/\" target=\"_self\">\n                    \u00bfQu\u00e9 descalifica a un paciente?                <\/a>\n            <\/li>\n                    <li>\n                <a href=\"https:\/\/www.qualsight.com\/es\/posibles-efectos-secundarios\/\" target=\"_self\">\n                    Posibles efectos secundarios                <\/a>\n            <\/li>\n                    <li>\n                <a href=\"https:\/\/www.qualsight.com\/es\/es-segura-la-cirugia-lasik\/\" target=\"_self\">\n                    \u00bfEs segura la cirug\u00eda LASIK?                <\/a>\n            <\/li>\n            <\/ul>    \n<\/section>\n","protected":false},"excerpt":{"rendered":"<p>\u00bfDuele el LASIK durante el procedimiento? En la mayor\u00eda de los casos, la PRK y el LASIK no duelen durante la intervenci\u00f3n ni inmediatamente despu\u00e9s. Antes de que comience tu cirug\u00eda ocular LASIK, se utilizan gotas anest\u00e9sicas para aliviar cualquier dolor o molestia ocular durante la intervenci\u00f3n. La mayor\u00eda de los cirujanos tambi\u00e9n pueden recetarte [&hellip;]<\/p>\n","protected":false},"author":1,"featured_media":0,"parent":0,"menu_order":0,"comment_status":"closed","ping_status":"closed","template":"","meta":{"_acf_changed":false,"footnotes":""},"class_list":["post-2823","page","type-page","status-publish","hentry"],"acf":[],"_links":{"self":[{"href":"https:\/\/www.qualsight.com\/es\/wp-json\/wp\/v2\/pages\/2823","targetHints":{"allow":["GET"]}}],"collection":[{"href":"https:\/\/www.qualsight.com\/es\/wp-json\/wp\/v2\/pages"}],"about":[{"href":"https:\/\/www.qualsight.com\/es\/wp-json\/wp\/v2\/types\/page"}],"author":[{"embeddable":true,"href":"https:\/\/www.qualsight.com\/es\/wp-json\/wp\/v2\/users\/1"}],"replies":[{"embeddable":true,"href":"https:\/\/www.qualsight.com\/es\/wp-json\/wp\/v2\/comments?post=2823"}],"version-history":[{"count":1,"href":"https:\/\/www.qualsight.com\/es\/wp-json\/wp\/v2\/pages\/2823\/revisions"}],"predecessor-version":[{"id":2824,"href":"https:\/\/www.qualsight.com\/es\/wp-json\/wp\/v2\/pages\/2823\/revisions\/2824"}],"wp:attachment":[{"href":"https:\/\/www.qualsight.com\/es\/wp-json\/wp\/v2\/media?parent=2823"}],"curies":[{"name":"wp","href":"https:\/\/api.w.org\/{rel}","templated":true}]}}