{"id":2827,"date":"2024-11-07T14:29:27","date_gmt":"2024-11-07T22:29:27","guid":{"rendered":"https:\/\/www.qualsight.com\/importa-el-tamano-de-la-pupila\/"},"modified":"2024-12-30T11:34:42","modified_gmt":"2024-12-30T19:34:42","slug":"importa-el-tamano-de-la-pupila","status":"publish","type":"page","link":"https:\/\/www.qualsight.com\/es\/que-descalifica-a-un-paciente\/importa-el-tamano-de-la-pupila\/","title":{"rendered":"\u00bfImporta el tama\u00f1o de la pupila?"},"content":{"rendered":"\n<h2 class=\"wp-block-heading\">\u00bfPueden ser las pupilas demasiado grandes para la cirug\u00eda LASIK?<\/h2>\n\n<p>El resultado de la cirug\u00eda <a href=\"https:\/\/www.qualsight.com\/lasik-eye-surgery\">LASIK<\/a> est\u00e1 directamente relacionado con lo bien que encajes en los criterios para ser un buen candidato al LASIK. Tu m\u00e9dico especialista en LASIK comprobar\u00e1 una serie de factores de riesgo que pueden causar posibles complicaciones tras la cirug\u00eda ocular LASIK. La medici\u00f3n del tama\u00f1o de tu pupila es una parte importante de la consulta LASIK. Para determinar si eres un buen candidato para la cirug\u00eda ocular LASIK, debes tener en cuenta el tama\u00f1o de tus pupilas. Tu m\u00e9dico especialista en LASIK medir\u00e1 el tama\u00f1o de tus pupilas durante el examen inicial y \u00e9ste ser\u00e1 un factor que contribuir\u00e1 a determinar si eres un buen candidato para la cirug\u00eda ocular LASIK.    <\/p>\n\n<p>Puede que te preguntes por qu\u00e9 el tama\u00f1o de las pupilas es importante a la hora de determinar tu idoneidad para la cirug\u00eda ocular LASIK. Es importante conocer el tama\u00f1o de tu pupila porque los pacientes con pupilas grandes corren un riesgo adicional de complicaciones asociadas a la cirug\u00eda ocular LASIK. Algunos de estos pacientes pueden quedar potencialmente con una correcci\u00f3n excesiva, mala visi\u00f3n nocturna o visi\u00f3n borrosa tras la cirug\u00eda ocular LASIK. La mala visi\u00f3n nocturna puede incluir la visi\u00f3n de destellos de estrellas o halos, o simplemente no poder distinguir los detalles finos, lo que tambi\u00e9n se conoce como p\u00e9rdida de sensibilidad al contraste. En algunos casos extremos, estos efectos pueden ser tan debilitantes que los pacientes ya no pueden conducir de noche. Si eres un paciente con pupilas grandes, debes considerar seriamente cualquier riesgo adicional de complicaci\u00f3n, porque estas complicaciones pueden alterar tu estilo de vida y pueden cambiar tu rutina diaria. Tu m\u00e9dico tiene la obligaci\u00f3n de advertirte de estos riesgos y t\u00fa tienes la responsabilidad de hacerle preguntas que le ayuden a determinar cu\u00e1les son tus riesgos antes de someterte a la operaci\u00f3n.      <\/p>\n\n<p>No todas las personas que tienen pupilas grandes quedan autom\u00e1ticamente excluidas de la cirug\u00eda ocular LASIK. Algunos expertos opinan que otros factores, adem\u00e1s del tama\u00f1o grande de las pupilas, son las causas de las complicaciones del LASIK. Los pacientes que deban someterse a una revisi\u00f3n por tener las pupilas grandes tambi\u00e9n deben ser informados de los riesgos asociados a su condici\u00f3n particular. Los pacientes con pupilas grandes pueden no considerarse buenos candidatos para la cirug\u00eda ocular LASIK y, por su propia seguridad, deben respetar esta decisi\u00f3n. Los pacientes con pupilas grandes deben considerar detenidamente la posibilidad de someterse al LASIK y buscar la opini\u00f3n de un cirujano ocular especialista en LASIK de confianza antes de someterse a la intervenci\u00f3n.    <\/p>\n<section \n    class=\"blocks block-quicklinks align \" \n    id=\"block_meta_67351c8b345ad\" \n    style=\" \"\n>\n    <h3>Ver tambi\u00e9n<\/h3>\n    <ul>\n                    <li>\n                <a href=\"https:\/\/www.qualsight.com\/es\/que-descalifica-a-un-paciente\/\" target=\"_self\">\n                    \u00bfQu\u00e9 descalifica a un paciente?                <\/a>\n            <\/li>\n                    <li>\n                <a href=\"https:\/\/www.qualsight.com\/es\/que-descalifica-a-un-paciente\/embarazo-y-lactancia\/\" target=\"_self\">\n                    Embarazo y lactancia                <\/a>\n            <\/li>\n                    <li>\n                <a href=\"https:\/\/www.qualsight.com\/es\/que-descalifica-a-un-paciente\/esta-bien-el-lasik-para-los-deportistas\/\" target=\"_self\">\n                    \u00bfEst\u00e1 bien el LASIK para los deportistas?                <\/a>\n            <\/li>\n            <\/ul>    \n<\/section>\n","protected":false},"excerpt":{"rendered":"<p>\u00bfPueden ser las pupilas demasiado grandes para la cirug\u00eda LASIK? El resultado de la cirug\u00eda LASIK est\u00e1 directamente relacionado con lo bien que encajes en los criterios para ser un buen candidato al LASIK. Tu m\u00e9dico especialista en LASIK comprobar\u00e1 una serie de factores de riesgo que pueden causar posibles complicaciones tras la cirug\u00eda ocular [&hellip;]<\/p>\n","protected":false},"author":1,"featured_media":0,"parent":2831,"menu_order":0,"comment_status":"closed","ping_status":"closed","template":"","meta":{"_acf_changed":false,"footnotes":""},"class_list":["post-2827","page","type-page","status-publish","hentry"],"acf":[],"_links":{"self":[{"href":"https:\/\/www.qualsight.com\/es\/wp-json\/wp\/v2\/pages\/2827","targetHints":{"allow":["GET"]}}],"collection":[{"href":"https:\/\/www.qualsight.com\/es\/wp-json\/wp\/v2\/pages"}],"about":[{"href":"https:\/\/www.qualsight.com\/es\/wp-json\/wp\/v2\/types\/page"}],"author":[{"embeddable":true,"href":"https:\/\/www.qualsight.com\/es\/wp-json\/wp\/v2\/users\/1"}],"replies":[{"embeddable":true,"href":"https:\/\/www.qualsight.com\/es\/wp-json\/wp\/v2\/comments?post=2827"}],"version-history":[{"count":1,"href":"https:\/\/www.qualsight.com\/es\/wp-json\/wp\/v2\/pages\/2827\/revisions"}],"predecessor-version":[{"id":2828,"href":"https:\/\/www.qualsight.com\/es\/wp-json\/wp\/v2\/pages\/2827\/revisions\/2828"}],"up":[{"embeddable":true,"href":"https:\/\/www.qualsight.com\/es\/wp-json\/wp\/v2\/pages\/2831"}],"wp:attachment":[{"href":"https:\/\/www.qualsight.com\/es\/wp-json\/wp\/v2\/media?parent=2827"}],"curies":[{"name":"wp","href":"https:\/\/api.w.org\/{rel}","templated":true}]}}