{"id":2829,"date":"2024-11-07T14:28:53","date_gmt":"2024-11-07T22:28:53","guid":{"rendered":"https:\/\/www.qualsight.com\/embarazo-y-lactancia\/"},"modified":"2024-12-30T11:32:32","modified_gmt":"2024-12-30T19:32:32","slug":"embarazo-y-lactancia","status":"publish","type":"page","link":"https:\/\/www.qualsight.com\/es\/que-descalifica-a-un-paciente\/embarazo-y-lactancia\/","title":{"rendered":"Embarazo y lactancia"},"content":{"rendered":"\n<h2 class=\"wp-block-heading\">\u00bfPueden someterse al LASIK las mujeres embarazadas o en periodo de lactancia?<\/h2>\n\n<p>La <a href=\"https:\/\/www.qualsight.com\/lasik-eye-surgery\">cirug\u00eda LASIK<\/a> es un procedimiento habitual, que no requiere que el paciente sea anestesiado ni permanezca ingresado en un hospital. Aunque la cirug\u00eda ocular LASIK es un procedimiento ambulatorio muy popular, existen algunas restricciones y no todas las personas que desean someterse a la cirug\u00eda LASIK son <a href=\"https:\/\/www.qualsight.com\/what-will-disqualify-patients-being-candidates-lasik-surgery\">candidatas al procedimiento<\/a>. Las mujeres embarazadas o en periodo de lactancia no son candidatas a la cirug\u00eda ocular LASIK.  <\/p>\n\n<p>Hay varias razones por las que las mujeres embarazadas o las madres lactantes no pueden someterse a la cirug\u00eda LASIK. M\u00e1s all\u00e1 de considerar la salud del beb\u00e9, someterse a la cirug\u00eda LASIK estando embarazada o amamantando no dar\u00eda a la mujer los resultados deseados.   <\/p>\n\n<div class=\"wp-block-buttons is-layout-flex wp-block-buttons-is-layout-flex\"><div class=\"wp-block-button\"><a class=\"wp-block-button__link wp-element-button\" href=\"\/es\/localizaciones\/\" target=\"_self\">Consulta Gratis<\/a><\/div><\/div>\n\n<h2 class=\"wp-block-heading\">El embarazo cambia tu graduaci\u00f3n y el resultado del LASIK<\/h2>\n\n<p>Para obtener los mejores resultados de la cirug\u00eda LASIK, el paciente debe tener una graduaci\u00f3n estable. Una graduaci\u00f3n estable permite al oftalm\u00f3logo especialista en LASIK corregir la visi\u00f3n seg\u00fan las especificaciones exactas del paciente. Las mujeres embarazadas o en periodo de lactancia pueden experimentar una fluctuaci\u00f3n en su visi\u00f3n y lo m\u00e1s probable es que queden con una <a href=\"https:\/\/www.qualsight.com\/lasik-overcorrection-lasik-undercorrection\">correcci\u00f3n excesiva o insuficiente<\/a> tras la cirug\u00eda ocular LASIK.  <\/p>\n\n<p>Los cambios hormonales y la presi\u00f3n corneal debidos a la retenci\u00f3n de l\u00edquidos tambi\u00e9n pueden afectar a la visi\u00f3n de una mujer embarazada o lactante. Si se someten a cirug\u00eda ocular LASIK durante este periodo, la intervenci\u00f3n LASIK se realizar\u00e1 bas\u00e1ndose en la especificaci\u00f3n a la graduaci\u00f3n incorrecta y, cuando los cambios hormonales vuelvan a la normalidad, estas mujeres tendr\u00e1n que volver a ajustarse la graduaci\u00f3n. <\/p>\n\n<p>Las mujeres suelen obtener los mejores resultados de la cirug\u00eda ocular LASIK si se someten a la intervenci\u00f3n cuando no est\u00e1n embarazadas ni amamantando. Adem\u00e1s de depender de la estabilidad de la graduaci\u00f3n para obtener resultados precisos con el LASIK, existen otros problemas de salud que pueden provocar <a href=\"https:\/\/www.qualsight.com\/lasik-possible-side-effects\">complicaciones<\/a> durante la intervenci\u00f3n en mujeres embarazadas o en periodo de lactancia. <\/p>\n\n<div class=\"wp-block-buttons is-layout-flex wp-block-buttons-is-layout-flex\"><div class=\"wp-block-button\"><a class=\"wp-block-button__link wp-element-button\" href=\"\/es\/localizaciones\/\" target=\"_self\">Consulta Gratis<\/a><\/div><\/div>\n\n<p>Las mujeres embarazadas sufren a menudo sequedad ocular. A algunas mujeres incluso les resulta inc\u00f3modo llevar lentillas durante el embarazo. Antes de la cirug\u00eda, la sequedad ocular puede causar complicaciones. Dado que la sequedad ocular puede deberse al embarazo, es mejor esperar y posponer la cirug\u00eda ocular LASIK.   <\/p>\n\n<p>A los pacientes de LASIK se les suelen administrar antibi\u00f3ticos y gotas de esteroides antes de la intervenci\u00f3n LASIK y durante el periodo de recuperaci\u00f3n posterior a la misma. Las mujeres embarazadas o en periodo de lactancia pueden exponer sin saberlo a su beb\u00e9 a estos f\u00e1rmacos si se someten a la intervenci\u00f3n de cirug\u00eda ocular LASIK. Las mujeres embarazadas y lactantes pueden y deben esperar a someterse a la intervenci\u00f3n m\u00e1s adelante. Todos los ex\u00e1menes oculares y procedimientos relacionados con el LASIK deben realizarse cuando las mujeres no est\u00e9n embarazadas ni amamantando.   <\/p>\n\n<p>Esperar para someterse al procedimiento de cirug\u00eda ocular LASIK contribuir\u00e1 a garantizar la salud de la paciente y de su beb\u00e9, y tambi\u00e9n le ayudar\u00e1 a recibir los mejores resultados posibles de su cirug\u00eda ocular LASIK.<\/p>\n<section \n    class=\"blocks block-quicklinks align \" \n    id=\"block_meta_67351c44031db\" \n    style=\" \"\n>\n    <h3>Ver tambi\u00e9n<\/h3>\n    <ul>\n                    <li>\n                <a href=\"https:\/\/www.qualsight.com\/es\/que-descalifica-a-un-paciente\/\" target=\"_self\">\n                    \u00bfQu\u00e9 descalifica a un paciente?                <\/a>\n            <\/li>\n                    <li>\n                <a href=\"https:\/\/www.qualsight.com\/es\/que-descalifica-a-un-paciente\/importa-el-tamano-de-la-pupila\/\" target=\"_self\">\n                    \u00bfImporta el tama\u00f1o de la pupila?                <\/a>\n            <\/li>\n                    <li>\n                <a href=\"https:\/\/www.qualsight.com\/es\/que-descalifica-a-un-paciente\/esta-bien-el-lasik-para-los-deportistas\/\" target=\"_self\">\n                    \u00bfEst\u00e1 bien el LASIK para los deportistas?                <\/a>\n            <\/li>\n            <\/ul>    \n<\/section>\n","protected":false},"excerpt":{"rendered":"<p>\u00bfPueden someterse al LASIK las mujeres embarazadas o en periodo de lactancia? La cirug\u00eda LASIK es un procedimiento habitual, que no requiere que el paciente sea anestesiado ni permanezca ingresado en un hospital. Aunque la cirug\u00eda ocular LASIK es un procedimiento ambulatorio muy popular, existen algunas restricciones y no todas las personas que desean someterse [&hellip;]<\/p>\n","protected":false},"author":1,"featured_media":0,"parent":2831,"menu_order":0,"comment_status":"closed","ping_status":"closed","template":"","meta":{"_acf_changed":false,"footnotes":""},"class_list":["post-2829","page","type-page","status-publish","hentry"],"acf":[],"_links":{"self":[{"href":"https:\/\/www.qualsight.com\/es\/wp-json\/wp\/v2\/pages\/2829","targetHints":{"allow":["GET"]}}],"collection":[{"href":"https:\/\/www.qualsight.com\/es\/wp-json\/wp\/v2\/pages"}],"about":[{"href":"https:\/\/www.qualsight.com\/es\/wp-json\/wp\/v2\/types\/page"}],"author":[{"embeddable":true,"href":"https:\/\/www.qualsight.com\/es\/wp-json\/wp\/v2\/users\/1"}],"replies":[{"embeddable":true,"href":"https:\/\/www.qualsight.com\/es\/wp-json\/wp\/v2\/comments?post=2829"}],"version-history":[{"count":1,"href":"https:\/\/www.qualsight.com\/es\/wp-json\/wp\/v2\/pages\/2829\/revisions"}],"predecessor-version":[{"id":2830,"href":"https:\/\/www.qualsight.com\/es\/wp-json\/wp\/v2\/pages\/2829\/revisions\/2830"}],"up":[{"embeddable":true,"href":"https:\/\/www.qualsight.com\/es\/wp-json\/wp\/v2\/pages\/2831"}],"wp:attachment":[{"href":"https:\/\/www.qualsight.com\/es\/wp-json\/wp\/v2\/media?parent=2829"}],"curies":[{"name":"wp","href":"https:\/\/api.w.org\/{rel}","templated":true}]}}