{"id":2831,"date":"2024-11-07T14:28:21","date_gmt":"2024-11-07T22:28:21","guid":{"rendered":"https:\/\/www.qualsight.com\/que-descalifica-a-un-paciente\/"},"modified":"2024-12-30T11:32:32","modified_gmt":"2024-12-30T19:32:32","slug":"que-descalifica-a-un-paciente","status":"publish","type":"page","link":"https:\/\/www.qualsight.com\/es\/que-descalifica-a-un-paciente\/","title":{"rendered":"\u00bfQu\u00e9 descalifica a un paciente?"},"content":{"rendered":"\n<h2 class=\"wp-block-heading\">El \u00e9xito de la cirug\u00eda ocular LASIK depende de ser un buen candidato<\/h2>\n\n<p>Si alguien no es un buen candidato para la <a href=\"https:\/\/www.qualsight.com\/lasik-eye-surgery\">cirug\u00eda ocular<\/a> LASIK, existe un mayor riesgo de <a href=\"https:\/\/www.qualsight.com\/lasik-possible-side-effects\">complicaciones<\/a> y es menos probable que el candidato experimente los resultados positivos de la cirug\u00eda LASIK. La mejor forma de determinar si alguien es un buen candidato para la cirug\u00eda LASIK es hablar con un m\u00e9dico especializado en el procedimiento LASIK. Existen algunos factores de riesgo que descalifican a alguien para someterse a la cirug\u00eda LASIK.  <\/p>\n\n<p>Lo m\u00e1s probable es que los menores de 18 a\u00f1os no puedan someterse a la cirug\u00eda ocular LASIK. Normalmente, los menores de 18 a\u00f1os no tienen una graduaci\u00f3n suficientemente estable, porque los defectos de refracci\u00f3n rara vez se estabilizan antes de la edad adulta. Adem\u00e1s, las mujeres embarazadas, lactantes o que deseen quedarse embarazadas deben esperar para someterse a la cirug\u00eda LASIK.  <\/p>\n\n<div class=\"wp-block-buttons is-layout-flex wp-block-buttons-is-layout-flex\"><div class=\"wp-block-button\"><a class=\"wp-block-button__link wp-element-button\" href=\"\/es\/localizaciones\/\" target=\"_self\">Consulta Gratis<\/a><\/div><\/div>\n\n<p>Los cambios hormonales asociados al embarazo, el parto y la lactancia pueden afectar a la agudeza visual y descalificar a alguien como candidato. Para ser un buen candidato a la cirug\u00eda LASIK, alguien debe tener un defecto refractivo y una graduaci\u00f3n de gafas o lentes de contacto estable durante al menos un a\u00f1o. <\/p>\n\n<h2 class=\"wp-block-heading\">Requisitos adicionales para ser un buen candidato al LASIK<\/h2>\n\n<p>Medir <a href=\"https:\/\/www.qualsight.com\/pupil-size-for-lasik\">el tama\u00f1o de<\/a> tus pupilas <a href=\"https:\/\/www.qualsight.com\/pupil-size-for-lasik\">es una parte importante de tu consulta LASIK<\/a>. Al determinar si eres un buen candidato para la cirug\u00eda ocular LASIK, debes tener en cuenta el tama\u00f1o de tus pupilas. Las pupilas grandes pueden interferir en los resultados del LASIK y, por tanto, descalificar\u00e1n al paciente para someterse a la cirug\u00eda LASIK.  <\/p>\n\n<p>Un paciente con pupilas grandes puede experimentar efectos secundarios tras la cirug\u00eda ocular LASIK. Estos efectos secundarios pueden incluir deslumbramientos, halos, destellos de estrellas o incluso visi\u00f3n doble. Estos efectos pueden ser debilitantes, impidiendo a los pacientes conducir de noche o con mal tiempo.Tu m\u00e9dico especialista en LASIK medir\u00e1 el tama\u00f1o de tu pupila durante el examen inicial y \u00e9ste ser\u00e1 un factor que contribuir\u00e1 a determinar si eres un buen candidato para la cirug\u00eda ocular LASIK.  <\/p>\n\n<div class=\"wp-block-buttons is-layout-flex wp-block-buttons-is-layout-flex\"><div class=\"wp-block-button\"><a class=\"wp-block-button__link wp-element-button\" href=\"\/es\/localizaciones\/\" target=\"_self\">Consulta Gratis<\/a><\/div><\/div>\n\n<p>Las c\u00f3rneas delgadas son otro factor com\u00fan que puede descalificar a alguien como buen candidato para el LASIK. Un m\u00e9dico especialista en LASIK puede medir el grosor de la c\u00f3rnea y determinar si un paciente tiene un grosor adecuado para la cirug\u00eda LASIK. Realizar la cirug\u00eda LASIK en c\u00f3rneas finas puede dar lugar a complicaciones. En algunos casos, las personas con c\u00f3rneas finas pueden considerar que <a href=\"https:\/\/www.qualsight.com\/prk-corrective-procedure\">la PRK<\/a> es una opci\u00f3n mejor en lugar del LASIK.   <\/p>\n\n<p>Las cicatrices corneales tambi\u00e9n pueden descalificar a alguien para someterse a la cirug\u00eda LASIK. Las cicatrices provocadas por una lesi\u00f3n ocular o por una cirug\u00eda ocular previa pueden impedir que alguien sea un buen candidato para el LASIK. Un m\u00e9dico especialista en LASIK puede descubrir cicatrices corneales durante el examen ocular preoperatorio. Otros factores que pueden afectar a la idoneidad de un paciente para someterse con \u00e9xito a una intervenci\u00f3n LASIK son las cataratas, el glaucoma, el desprendimiento de retina, la sequedad ocular, el queratocono, el herpes ocular y la retinopat\u00eda diab\u00e9tica.   <\/p>\n\n<p>Ciertas afecciones m\u00e9dicas, como las enfermedades autoinmunes, los estados de inmunodeficiencia, la diabetes y algunos medicamentos pueden interferir a\u00fan m\u00e1s en el proceso de curaci\u00f3n tras el LASIK. La presencia de cualquiera de estas afecciones puede descalificar a un paciente para la cirug\u00eda LASIK.   <\/p>\n\n<h2 class=\"wp-block-heading\">El m\u00e9dico determinar\u00e1 si eres un candidato potencial para el LASIK<\/h2>\n\n<p>Para obtener los mejores resultados del LASIK, el m\u00e9dico debe determinar que el paciente es un buen candidato antes de la intervenci\u00f3n. En algunos casos, cuando se dan una o varias de las condiciones anteriores, es necesario que el m\u00e9dico determine que el paciente no es un buen candidato para el LASIK y no le permita someterse a la intervenci\u00f3n. En estos casos, lo mejor es escuchar la recomendaci\u00f3n del m\u00e9dico.  <\/p>\n<section \n    class=\"blocks block-quicklinks align \" \n    id=\"block_meta_6734f0dd2c874\" \n    style=\" \"\n>\n    <h3>Ver tambi\u00e9n<\/h3>\n    <ul>\n                    <li>\n                <a href=\"https:\/\/www.qualsight.com\/es\/que-descalifica-a-un-paciente\/embarazo-y-lactancia\/\" target=\"_self\">\n                    Embarazo y lactancia                <\/a>\n            <\/li>\n                    <li>\n                <a href=\"https:\/\/www.qualsight.com\/es\/que-descalifica-a-un-paciente\/importa-el-tamano-de-la-pupila\/\" target=\"_self\">\n                    \u00bfImporta el tama\u00f1o de la pupila?                <\/a>\n            <\/li>\n                    <li>\n                <a href=\"https:\/\/www.qualsight.com\/es\/que-descalifica-a-un-paciente\/esta-bien-el-lasik-para-los-deportistas\/\" target=\"_self\">\n                    \u00bfEst\u00e1 bien el LASIK para los deportistas?                <\/a>\n            <\/li>\n            <\/ul>    \n<\/section>\n","protected":false},"excerpt":{"rendered":"<p>El \u00e9xito de la cirug\u00eda ocular LASIK depende de ser un buen candidato Si alguien no es un buen candidato para la cirug\u00eda ocular LASIK, existe un mayor riesgo de complicaciones y es menos probable que el candidato experimente los resultados positivos de la cirug\u00eda LASIK. La mejor forma de determinar si alguien es un [&hellip;]<\/p>\n","protected":false},"author":1,"featured_media":0,"parent":0,"menu_order":0,"comment_status":"closed","ping_status":"closed","template":"","meta":{"_acf_changed":false,"footnotes":""},"class_list":["post-2831","page","type-page","status-publish","hentry"],"acf":[],"_links":{"self":[{"href":"https:\/\/www.qualsight.com\/es\/wp-json\/wp\/v2\/pages\/2831","targetHints":{"allow":["GET"]}}],"collection":[{"href":"https:\/\/www.qualsight.com\/es\/wp-json\/wp\/v2\/pages"}],"about":[{"href":"https:\/\/www.qualsight.com\/es\/wp-json\/wp\/v2\/types\/page"}],"author":[{"embeddable":true,"href":"https:\/\/www.qualsight.com\/es\/wp-json\/wp\/v2\/users\/1"}],"replies":[{"embeddable":true,"href":"https:\/\/www.qualsight.com\/es\/wp-json\/wp\/v2\/comments?post=2831"}],"version-history":[{"count":1,"href":"https:\/\/www.qualsight.com\/es\/wp-json\/wp\/v2\/pages\/2831\/revisions"}],"predecessor-version":[{"id":2832,"href":"https:\/\/www.qualsight.com\/es\/wp-json\/wp\/v2\/pages\/2831\/revisions\/2832"}],"wp:attachment":[{"href":"https:\/\/www.qualsight.com\/es\/wp-json\/wp\/v2\/media?parent=2831"}],"curies":[{"name":"wp","href":"https:\/\/api.w.org\/{rel}","templated":true}]}}