{"id":2833,"date":"2024-11-07T14:23:09","date_gmt":"2024-11-07T22:23:09","guid":{"rendered":"https:\/\/www.qualsight.com\/posibles-efectos-secundarios\/"},"modified":"2024-12-30T11:33:00","modified_gmt":"2024-12-30T19:33:00","slug":"posibles-efectos-secundarios","status":"publish","type":"page","link":"https:\/\/www.qualsight.com\/es\/posibles-efectos-secundarios\/","title":{"rendered":"Posibles efectos secundarios"},"content":{"rendered":"\n<h2 class=\"wp-block-heading\"><strong>Posibles efectos secundarios del LASIK y riesgos de la cirug\u00eda ocular LASIK<\/strong><\/h2>\n\n<p>Cualquier intervenci\u00f3n quir\u00fargica conlleva riesgos potenciales. En el caso de la cirug\u00eda ocular <a href=\"https:\/\/www.qualsight.com\/lasik-eye-surgery\">LASIK<\/a>, la mayor\u00eda de los riesgos y complicaciones potenciales no suponen una amenaza significativa para la visi\u00f3n. Sin embargo, datos recientes han documentado que la tasa de complicaciones con LASIK es inferior al 1% de los procedimientos realizados y la mayor\u00eda de los pacientes que experimentan complicaciones con LASIK pueden recibir un retratamiento o mejora mediante un segundo tratamiento.   <\/p>\n\n<p>Rara vez las complicaciones del LASIK provocan una p\u00e9rdida de visi\u00f3n significativa o permanente que haga que el paciente acabe con una visi\u00f3n peor que antes de la intervenci\u00f3n de cirug\u00eda ocular LASIK. Adem\u00e1s, el riesgo de infecciones oculares relacionadas con la cirug\u00eda LASIK es m\u00ednimo. A los pacientes se les recetar\u00e1 un colirio antibi\u00f3tico que deber\u00e1n utilizar durante aproximadamente una semana despu\u00e9s de la intervenci\u00f3n LASIK para evitar infecciones durante la fase inicial de cicatrizaci\u00f3n.  <\/p>\n<section \n    class=\"blocks block-quicklinks align \" \n    id=\"block_meta_6734d126ae93f\" \n    style=\" \"\n>\n    <h3>Ver tambi\u00e9n<\/h3>\n    <ul>\n                    <li>\n                <a href=\"https:\/\/www.qualsight.com\/es\/posibles-efectos-secundarios\/correccion-por-exceso-o-por-defecto\/\" target=\"_self\">\n                    Correcci\u00f3n por exceso o por defecto                <\/a>\n            <\/li>\n                    <li>\n                <a href=\"https:\/\/www.qualsight.com\/es\/posibles-efectos-secundarios\/complicaciones-del-colgajo-de-cornea\/\" target=\"_self\">\n                    Complicaciones del colgajo de c\u00f3rnea                <\/a>\n            <\/li>\n                    <li>\n                <a href=\"https:\/\/www.qualsight.com\/es\/posibles-efectos-secundarios\/deslumbramientos-y-halos-de-vision\/\" target=\"_self\">\n                    Deslumbramientos y halos de visi\u00f3n                <\/a>\n            <\/li>\n                    <li>\n                <a href=\"https:\/\/www.qualsight.com\/es\/posibles-efectos-secundarios\/ojos-secos-despues-del-lasik\/\" target=\"_self\">\n                    Ojos secos despu\u00e9s del LASIK                <\/a>\n            <\/li>\n                    <li>\n                <a href=\"https:\/\/www.qualsight.com\/es\/posibles-efectos-secundarios\/procedimiento-post-lasik-dlk\/\" target=\"_self\">\n                    Procedimiento post-LASIK DLK                <\/a>\n            <\/li>\n                    <li>\n                <a href=\"https:\/\/www.qualsight.com\/es\/posibles-efectos-secundarios\/riesgos-y-complicaciones-del-lasik\/\" target=\"_self\">\n                    Riesgos y complicaciones del LASIK                <\/a>\n            <\/li>\n            <\/ul>    \n<\/section>\n","protected":false},"excerpt":{"rendered":"<p>Posibles efectos secundarios del LASIK y riesgos de la cirug\u00eda ocular LASIK Cualquier intervenci\u00f3n quir\u00fargica conlleva riesgos potenciales. En el caso de la cirug\u00eda ocular LASIK, la mayor\u00eda de los riesgos y complicaciones potenciales no suponen una amenaza significativa para la visi\u00f3n. Sin embargo, datos recientes han documentado que la tasa de complicaciones con LASIK [&hellip;]<\/p>\n","protected":false},"author":1,"featured_media":0,"parent":0,"menu_order":0,"comment_status":"closed","ping_status":"closed","template":"","meta":{"_acf_changed":false,"footnotes":""},"class_list":["post-2833","page","type-page","status-publish","hentry"],"acf":[],"_links":{"self":[{"href":"https:\/\/www.qualsight.com\/es\/wp-json\/wp\/v2\/pages\/2833","targetHints":{"allow":["GET"]}}],"collection":[{"href":"https:\/\/www.qualsight.com\/es\/wp-json\/wp\/v2\/pages"}],"about":[{"href":"https:\/\/www.qualsight.com\/es\/wp-json\/wp\/v2\/types\/page"}],"author":[{"embeddable":true,"href":"https:\/\/www.qualsight.com\/es\/wp-json\/wp\/v2\/users\/1"}],"replies":[{"embeddable":true,"href":"https:\/\/www.qualsight.com\/es\/wp-json\/wp\/v2\/comments?post=2833"}],"version-history":[{"count":1,"href":"https:\/\/www.qualsight.com\/es\/wp-json\/wp\/v2\/pages\/2833\/revisions"}],"predecessor-version":[{"id":2834,"href":"https:\/\/www.qualsight.com\/es\/wp-json\/wp\/v2\/pages\/2833\/revisions\/2834"}],"wp:attachment":[{"href":"https:\/\/www.qualsight.com\/es\/wp-json\/wp\/v2\/media?parent=2833"}],"curies":[{"name":"wp","href":"https:\/\/api.w.org\/{rel}","templated":true}]}}