{"id":2835,"date":"2024-11-07T14:22:14","date_gmt":"2024-11-07T22:22:14","guid":{"rendered":"https:\/\/www.qualsight.com\/tiempo-de-recuperacion-del-lasik\/"},"modified":"2024-12-30T11:33:01","modified_gmt":"2024-12-30T19:33:01","slug":"tiempo-de-recuperacion-del-lasik","status":"publish","type":"page","link":"https:\/\/www.qualsight.com\/es\/tiempo-de-recuperacion-del-lasik\/","title":{"rendered":"Tiempo de recuperaci\u00f3n del LASIK"},"content":{"rendered":"\n<h2 class=\"wp-block-heading\">Tiempo de recuperaci\u00f3n de la cirug\u00eda ocular LASIK<\/h2>\n\n<p>La mayor\u00eda de los pacientes que se someten a una intervenci\u00f3n LASIK est\u00e1n satisfechos con el tiempo de recuperaci\u00f3n, y la gran mayor\u00eda afirma que sus ojos se sienten bastante normales al d\u00eda siguiente de la intervenci\u00f3n. Muchos pacientes tambi\u00e9n experimentan una mejora de la visi\u00f3n inmediatamente despu\u00e9s de la intervenci\u00f3n LASIK, pero es importante comprender que los pacientes con graduaciones m\u00e1s altas notar\u00e1n una mejora m\u00e1s r\u00e1pidamente que los pacientes con graduaciones m\u00e1s bajas. En estos casos, es posible que el paciente no note una mejor\u00eda en su visi\u00f3n hasta pasadas 6-8 horas de su recuperaci\u00f3n de la cirug\u00eda LASIK.  <\/p>\n\n<div class=\"wp-block-buttons is-layout-flex wp-block-buttons-is-layout-flex\"><div class=\"wp-block-button\"><a class=\"wp-block-button__link wp-element-button\" href=\"\/es\/localizaciones\/\" target=\"_self\">Consulta Gratis<\/a><\/div><\/div>\n\n<h2 class=\"wp-block-heading\">Recuperaci\u00f3n inmediatamente despu\u00e9s de la cirug\u00eda LASIK<\/h2>\n\n<p>Cada cirujano LASIK ha establecido su propio protocolo de recuperaci\u00f3n LASIK bas\u00e1ndose en lo que le ha dado mejores resultados. Es probable que tu m\u00e9dico te d\u00e9 gafas de sol protectoras o protectores oculares para protegerte los ojos, y deber\u00e1s llevarlos mientras duermes durante la primera semana tras la intervenci\u00f3n. Mientras que algunos m\u00e9dicos especialistas en LASIK querr\u00e1n que descanses entre 10 y 15 minutos despu\u00e9s de la intervenci\u00f3n antes de darte el alta para irte a casa, otros te dar\u00e1n el alta inmediatamente despu\u00e9s de la intervenci\u00f3n para que puedas irte a casa y empezar tu recuperaci\u00f3n de la cirug\u00eda LASIK lo antes posible. Es importante organizar el transporte antes de la intervenci\u00f3n, ya que no podr\u00e1s conducir.   <\/p>\n\n<p>Las gotas anest\u00e9sicas que se utilizan durante la cirug\u00eda LASIK suelen desaparecer unos 20-30 minutos despu\u00e9s de terminar la intervenci\u00f3n. Una vez que desaparezcan las gotas anest\u00e9sicas, puedes empezar a sentir una ligera sensaci\u00f3n de quemaz\u00f3n o picor, y es muy importante que nunca te frotes los ojos durante la recuperaci\u00f3n del LASIK. Durante las primeras 8-12 horas posteriores a la intervenci\u00f3n, los ojos pueden lagrimear considerablemente, as\u00ed como aparecer inyectados en sangre o desarrollar manchas rojas; todos estos son s\u00edntomas normales y temporales. Como ya se ha dicho, no te frotes los ojos despu\u00e9s de la cirug\u00eda ocular LASIK.   <\/p>\n\n<figure class=\"wp-block-image aligncenter size-full\"><img decoding=\"async\" width=\"700\" height=\"467\" src=\"https:\/\/www.qualsight.com\/wp-content\/uploads\/2024\/11\/LASIK-Eye-Surgery-Eye-Drops.jpg\" alt=\"\" class=\"wp-image-1261\" srcset=\"https:\/\/www.qualsight.com\/wp-content\/uploads\/2024\/11\/LASIK-Eye-Surgery-Eye-Drops.jpg 700w, https:\/\/www.qualsight.com\/wp-content\/uploads\/2024\/11\/LASIK-Eye-Surgery-Eye-Drops-600x400.jpg 600w\" sizes=\"(max-width: 700px) 100vw, 700px\" \/><\/figure>\n\n<p>Durante el tiempo de recuperaci\u00f3n del LASIK, el colgajo corneal est\u00e1 cicatrizando y, aunque es muy raro, puede desplazarse por frotarse los ojos. Puedes minimizar el riesgo de complicaci\u00f3n del colgajo no frot\u00e1ndote los ojos. Tambi\u00e9n te dar\u00e1n un colirio antibi\u00f3tico, un colirio con esteroides y un colirio lubricante. Es importante que utilices estas gotas siguiendo las instrucciones del m\u00e9dico durante toda la recuperaci\u00f3n del LASIK.   <\/p>\n\n<div class=\"wp-block-buttons is-layout-flex wp-block-buttons-is-layout-flex\"><div class=\"wp-block-button\"><a class=\"wp-block-button__link wp-element-button\" href=\"\/es\/localizaciones\/\" target=\"_self\">Consulta Gratis<\/a><\/div><\/div>\n\n<h2 class=\"wp-block-heading\">Primer d\u00eda y semanas durante el tiempo de recuperaci\u00f3n del LASIK<\/h2>\n\n<p>Es probable que tu m\u00e9dico quiera verte entre 24 y 48 horas despu\u00e9s de la intervenci\u00f3n para asegurarse de que tus ojos se est\u00e1n curando correctamente. La mayor\u00eda de las personas pueden volver al trabajo al d\u00eda siguiente o a los pocos d\u00edas de la intervenci\u00f3n LASIK. Es normal que en las primeras semanas tras la cirug\u00eda LASIK sientas una ligera molestia, a menudo descrita como una \u00abpesta\u00f1a\u00bb en el ojo. Se trata de un efecto secundario normal tras la intervenci\u00f3n LASIK y no debes alarmarte. Tambi\u00e9n es importante que mantengas los ojos lubricados durante las primeras semanas o tres meses despu\u00e9s de la cirug\u00eda LASIK. Aunque no sientas los ojos secos, debes utilizar gotas lubricantes 3-4 veces al d\u00eda para evitar que se sequen.Los pacientes tambi\u00e9n pueden experimentar una mayor sensibilidad a la luz, que puede aliviarse utilizando gafas de sol cuando est\u00e9n al aire libre. Cada cirujano especialista en LASIK tiene una lista y un calendario de restricciones para sus pacientes. Tu m\u00e9dico puede limitar el ejercicio, la nataci\u00f3n y el uso de maquillaje en los ojos durante unas semanas. Los deportes de contacto, los jacuzzis y las ba\u00f1eras de hidromasaje pueden limitarse durante varios meses. Debes seguir las instrucciones postoperatorias de tu m\u00e9dico durante el tiempo de recuperaci\u00f3n del LASIK para garantizar una curaci\u00f3n adecuada. Si crees que tienes alg\u00fan problema, debes llamar a tu m\u00e9dico, que podr\u00e1 decirte si tu situaci\u00f3n concreta est\u00e1 dentro de los l\u00edmites normales o si se requieren m\u00e1s cuidados.          <a href=\"https:\/\/www.qualsight.com\/request-lasik-information\"><\/a><\/p>\n\n<figure class=\"wp-block-image aligncenter size-full\"><img decoding=\"async\" width=\"1200\" height=\"800\" src=\"https:\/\/www.qualsight.com\/wp-content\/uploads\/2024\/11\/LASIK-Recovery-Time.jpg\" alt=\"\" class=\"wp-image-1263\" srcset=\"https:\/\/www.qualsight.com\/wp-content\/uploads\/2024\/11\/LASIK-Recovery-Time.jpg 1200w, https:\/\/www.qualsight.com\/wp-content\/uploads\/2024\/11\/LASIK-Recovery-Time-800x533.jpg 800w, https:\/\/www.qualsight.com\/wp-content\/uploads\/2024\/11\/LASIK-Recovery-Time-600x400.jpg 600w\" sizes=\"(max-width: 1200px) 100vw, 1200px\" \/><\/figure>\n\n<h2 class=\"wp-block-heading\">Tiempo de recuperaci\u00f3n 2-3 meses despu\u00e9s del LASIK<\/h2>\n\n<p>Es habitual que los ojos sigan cur\u00e1ndose durante al menos 3 meses despu\u00e9s del LASIK, lo que significa que tu visi\u00f3n tambi\u00e9n seguir\u00e1 mejorando. En los pacientes con graduaciones m\u00e1s severas, los ojos pueden seguir cur\u00e1ndose hasta 6 meses. Como cada persona cicatriza de forma diferente, no es posible saber exactamente c\u00f3mo cicatrizar\u00e1n tus ojos, y en muy pocos casos (3-5%) el miembro necesitar\u00e1 una mejora despu\u00e9s de que haya pasado el tiempo de recuperaci\u00f3n de la cirug\u00eda LASIK y sus ojos est\u00e9n estables.  <\/p>\n\n<h2 class=\"wp-block-heading\">\u00bfC\u00f3mo s\u00e9 si necesito una mejora despu\u00e9s de que haya pasado el tiempo de recuperaci\u00f3n del LASIK?<\/h2>\n\n<p>Dado que cada ojo se cura de forma diferente, existe un 3-5% de probabilidades de que necesites una mejora en alg\u00fan momento de tu vida. Cuando tus ojos hayan completado el tiempo de recuperaci\u00f3n del LASIK, tu m\u00e9dico determinar\u00e1 si necesitas una mejora y te sugerir\u00e1 la mejor forma de tratar tus ojos para conseguir tu mejor visi\u00f3n. <\/p>\n\n<p>La necesidad de gafas de lectura en pacientes de m\u00e1s de 40 a\u00f1os no es ni una \u00abhipercorrecci\u00f3n\u00bb ni una \u00abhipocorrecci\u00f3n\u00bb, sino una afecci\u00f3n relacionada con la edad, llamada presbicia, que afecta a todas las personas de 40 a\u00f1os o m\u00e1s. Dado que ning\u00fan ojo es igual a otro, algunas personas pueden no necesitar gafas de lectura hasta una edad m\u00e1s avanzada, y en raras ocasiones una persona puede no necesitar gafas de lectura en absoluto. Aunque esto ocurre ocasionalmente, no es la norma, y los mayores de 40 a\u00f1os probablemente necesiten gafas de lectura despu\u00e9s de la cirug\u00eda ocular LASIK.  <\/p>\n\n<div class=\"wp-block-buttons is-layout-flex wp-block-buttons-is-layout-flex\"><div class=\"wp-block-button\"><a class=\"wp-block-button__link wp-element-button\" href=\"\/es\/localizaciones\/\" target=\"_self\">Consulta Gratis<\/a><\/div><\/div>\n\n<h2 class=\"wp-block-heading\">Tiempo de recuperaci\u00f3n del LASIK y riesgos y <strong>efectos<\/strong> secundarios comunes del LASIK<\/h2>\n\n<p>Durante el periodo de recuperaci\u00f3n del LASIK, es normal que experimentes efectos secundarios mientras tus ojos se curan. Estos efectos secundarios suelen ser de corta duraci\u00f3n durante el periodo de cicatrizaci\u00f3n de 3 a 6 meses y no suelen afectar a tu rutina diaria. Los efectos secundarios m\u00e1s frecuentes pueden ser sequedad ocular, deslumbramiento o halos por la noche y visi\u00f3n ligeramente borrosa. Durante la intervenci\u00f3n LASIK, el m\u00e9dico crea un colgajo corneal para exponer la parte del ojo   <\/p>\n\n<p>Adem\u00e1s, es posible que experimentes cierto resplandor nocturno y halos durante tu recuperaci\u00f3n del LASIK. Esto se suele describir como tener un resplandor, halo o destellos alrededor de los faros o las luces de la calle. Al igual que los s\u00edntomas de sequedad, los s\u00edntomas de deslumbramiento nocturno y halos suelen mejorar durante el periodo de curaci\u00f3n de 3 a 6 meses. Algunos pacientes prefieren reducir la cantidad de conducci\u00f3n nocturna hasta que remitan los s\u00edntomas.   <\/p>\n\n<p>Los pacientes con pupilas m\u00e1s grandes son m\u00e1s propensos a los deslumbramientos y halos nocturnos durante el tiempo de recuperaci\u00f3n del LASIK, por lo que los m\u00e9dicos suelen recomendar a esas personas el procedimiento LASIK Personalizado. El LASIK personalizado est\u00e1 m\u00e1s adaptado a tu ojo concreto y puede reducir la probabilidad de que experimentes deslumbramientos nocturnos y halos, pero no elimina el riesgo al 100%. la aleta, el sistema que proporciona humedad a los ojos, se interrumpe y debe regenerarse, lo que puede llevar de 3 a 6 meses despu\u00e9s de la intervenci\u00f3n.  <\/p>\n\n<p>La sequedad puede causar una fluctuaci\u00f3n en tu visi\u00f3n que provoque visi\u00f3n borrosa, por lo que es habitual que tu m\u00e9dico te recomiende el uso de gotas oculares lubricantes para ayudar a mantener tus ojos lubricados. Es muy importante someterse a una evaluaci\u00f3n exhaustiva del ojo seco antes de la cirug\u00eda LASIK para determinar si tienes un mayor riesgo de padecer sequedad a largo plazo. Algunos m\u00e9dicos pueden recomendar tratar los s\u00edntomas del ojo seco antes de la cirug\u00eda LASIK para reducir los efectos a largo plazo.  <\/p>\n<section \n    class=\"blocks block-quicklinks align \" \n    id=\"block_meta_6734d03927f52\" \n    style=\" \"\n>\n    <h3>Ver tambi\u00e9n<\/h3>\n    <ul>\n                    <li>\n                <a href=\"https:\/\/www.qualsight.com\/es\/que-es-el-lasik\/\" target=\"_self\">\n                    \u00bfQu\u00e9 es el LASIK?                <\/a>\n            <\/li>\n                    <li>\n                <a href=\"https:\/\/www.qualsight.com\/es\/coste-del-lasik\/\" target=\"_self\">\n                    Coste del LASIK                <\/a>\n            <\/li>\n                    <li>\n                <a href=\"https:\/\/www.qualsight.com\/es\/tipos-de-cirugia-laser-ocular\/\" target=\"_self\">\n                    Tipos de cirug\u00eda l\u00e1ser ocular                <\/a>\n            <\/li>\n                    <li>\n                <a href=\"https:\/\/www.qualsight.com\/es\/riesgos-y-recuperacion-del-lasik\/\" target=\"_self\">\n                    Riesgos y recuperaci\u00f3n del LASIK                <\/a>\n            <\/li>\n            <\/ul>    \n<\/section>\n","protected":false},"excerpt":{"rendered":"<p>Tiempo de recuperaci\u00f3n de la cirug\u00eda ocular LASIK La mayor\u00eda de los pacientes que se someten a una intervenci\u00f3n LASIK est\u00e1n satisfechos con el tiempo de recuperaci\u00f3n, y la gran mayor\u00eda afirma que sus ojos se sienten bastante normales al d\u00eda siguiente de la intervenci\u00f3n. Muchos pacientes tambi\u00e9n experimentan una mejora de la visi\u00f3n inmediatamente [&hellip;]<\/p>\n","protected":false},"author":1,"featured_media":0,"parent":0,"menu_order":0,"comment_status":"closed","ping_status":"closed","template":"","meta":{"_acf_changed":false,"footnotes":""},"class_list":["post-2835","page","type-page","status-publish","hentry"],"acf":[],"_links":{"self":[{"href":"https:\/\/www.qualsight.com\/es\/wp-json\/wp\/v2\/pages\/2835","targetHints":{"allow":["GET"]}}],"collection":[{"href":"https:\/\/www.qualsight.com\/es\/wp-json\/wp\/v2\/pages"}],"about":[{"href":"https:\/\/www.qualsight.com\/es\/wp-json\/wp\/v2\/types\/page"}],"author":[{"embeddable":true,"href":"https:\/\/www.qualsight.com\/es\/wp-json\/wp\/v2\/users\/1"}],"replies":[{"embeddable":true,"href":"https:\/\/www.qualsight.com\/es\/wp-json\/wp\/v2\/comments?post=2835"}],"version-history":[{"count":1,"href":"https:\/\/www.qualsight.com\/es\/wp-json\/wp\/v2\/pages\/2835\/revisions"}],"predecessor-version":[{"id":2836,"href":"https:\/\/www.qualsight.com\/es\/wp-json\/wp\/v2\/pages\/2835\/revisions\/2836"}],"wp:attachment":[{"href":"https:\/\/www.qualsight.com\/es\/wp-json\/wp\/v2\/media?parent=2835"}],"curies":[{"name":"wp","href":"https:\/\/api.w.org\/{rel}","templated":true}]}}