{"id":2837,"date":"2024-11-07T14:21:50","date_gmt":"2024-11-07T22:21:50","guid":{"rendered":"https:\/\/www.qualsight.com\/riesgos-de-la-cirugia-ocular-lasik\/"},"modified":"2024-12-30T11:33:22","modified_gmt":"2024-12-30T19:33:22","slug":"riesgos-de-la-cirugia-ocular-lasik","status":"publish","type":"page","link":"https:\/\/www.qualsight.com\/es\/riesgos-de-la-cirugia-ocular-lasik\/","title":{"rendered":"Riesgos de la cirug\u00eda ocular LASIK"},"content":{"rendered":"\n<h2 class=\"wp-block-heading\">Riesgos de la cirug\u00eda ocular LASIK &#8211; Explicaci\u00f3n de los posibles riesgos, complicaciones y efectos secundarios de la cirug\u00eda ocular con l\u00e1ser<\/h2>\n\n<p>Cualquier intervenci\u00f3n quir\u00fargica conlleva riesgos potenciales. En el caso de la cirug\u00eda ocular LASIK, la mayor\u00eda de los riesgos y complicaciones potenciales no suponen una amenaza significativa. Datos recientes han documentado que la tasa de complicaciones del LASIK es inferior al 1% de todos los procedimientos realizados, y la mayor\u00eda de los pacientes que sufren complicaciones del LASIK pueden recibir un retratamiento o una mejora.    <\/p>\n\n<p>Rara vez las complicaciones del LASIK causan una p\u00e9rdida de visi\u00f3n significativa o permanente que haga que el paciente acabe con una visi\u00f3n peor que antes de la intervenci\u00f3n de cirug\u00eda ocular LASIK. Adem\u00e1s, el riesgo de infecciones oculares relacionadas con la cirug\u00eda LASIK es m\u00ednimo. A los pacientes se les recetar\u00e1 un colirio antibi\u00f3tico que deber\u00e1n utilizar durante aproximadamente una semana despu\u00e9s de la intervenci\u00f3n LASIK para evitar infecciones durante la fase inicial de cicatrizaci\u00f3n.  <\/p>\n\n<h2 class=\"wp-block-heading\">Riesgo de la cirug\u00eda ocular LASIK &#8211; Sobrecorrecci\u00f3n e infracorrecci\u00f3n<\/h2>\n\n<p>Las personas son \u00fanicas. En consecuencia, cada ojo es \u00fanico y puede manejar el proceso de cicatrizaci\u00f3n LASIK de forma ligeramente distinta. El plan de tratamiento de los pacientes de LASIK se basa en las respuestas de cicatrizaci\u00f3n medias de las personas que se han sometido previamente a cirug\u00eda ocular LASIK. Los pacientes de cicatrizaci\u00f3n agresiva pueden sufrir una correcci\u00f3n insuficiente del cristalino, y los de cicatrizaci\u00f3n lenta, una correcci\u00f3n excesiva.   <\/p>\n\n<p>En general, tratar niveles de correcci\u00f3n m\u00e1s altos produce una mayor probabilidad de experimentar sobrecorrecci\u00f3n o hipercorrecci\u00f3n del cristalino. En la mayor\u00eda de los casos, tanto la sobrecorrecci\u00f3n como la hipercorrecci\u00f3n pueden tratarse con un procedimiento de aumento o retratamiento. Sin embargo, los ojos con c\u00f3rneas muy finas o empinadas, o con altos grados de defectos refractivos, pueden no ser aptos para las mejoras. Por tanto, los pacientes deben asegurarse de hablar con sus m\u00e9dicos sobre su posible elegibilidad para una mejora.   <\/p>\n\n<p>En los pocos casos en que el retratamiento no es una opci\u00f3n, pueden utilizarse con \u00e9xito gafas o lentes de contacto para corregir la sobrecorrecci\u00f3n o la hipercorrecci\u00f3n.<\/p>\n\n<h2 class=\"wp-block-heading\">Riesgo de irregularidades del colgajo corneal en la cirug\u00eda LASIK<\/h2>\n\n<p>El primer paso del procedimiento LASIK es crear un colgajo corneal. Suele realizarse con una herramienta quir\u00fargica llamada microqueratomo o con un l\u00e1ser conocido como IntraLase. Se coloca un anillo en la superficie de la c\u00f3rnea y se mantiene en su sitio mediante succi\u00f3n. A continuaci\u00f3n, el microqueratomo o el l\u00e1ser excimer IntraLase crean un colgajo dejando una peque\u00f1a bisagra para mantener el colgajo parcialmente unido al resto de la c\u00f3rnea.   <\/p>\n\n<p>Las investigaciones sugieren que la incidencia de complicaciones del LASIK con colgajos es de aproximadamente el 0,2% (0,002) de todas las cirug\u00edas LASIK (Estudio de las complicaciones del colgajo corneal del Instituto de la Visi\u00f3n Codet Aris). En la mayor\u00eda de los casos, el riesgo de complicaciones del LASIK con colgajos no disminuye permanentemente la agudeza visual. Cuando se produce una complicaci\u00f3n del colgajo, el cirujano suele detener la intervenci\u00f3n LASIK y recolocar el colgajo. La cirug\u00eda LASIK puede volver a programarse unos meses despu\u00e9s, una vez que el colgajo haya cicatrizado, y algunos cirujanos pueden incluso continuar con la cirug\u00eda tras una complicaci\u00f3n LASIK el mismo d\u00eda cuando se utiliza el l\u00e1ser IntraLase. Pueden aparecer peque\u00f1as arrugas llamadas estr\u00edas en el colgajo corneal tras la cirug\u00eda LASIK. Normalmente no interfieren en la visi\u00f3n del paciente LASIK y no es necesario ning\u00fan tratamiento adicional. Sin embargo, a veces las estr\u00edas son lo bastante graves como para disminuir la agudeza visual. En tales casos, el cirujano puede levantar el colgajo, irrigar por debajo y volver a colocarlo en la posici\u00f3n adecuada.       <\/p>\n\n<p>Este r\u00e1pido procedimiento suele bastar para corregir el riesgo de una complicaci\u00f3n del LASIK. Hay varias causas de irregularidades del colgajo y estr\u00edas. Parecen ser m\u00e1s frecuentes cuando el LASIK se realiza en ojos muy miopes. A veces, frotar los p\u00e1rpados antes de que el colgajo haya tenido oportunidad de adherirse puede causar arrugas sutiles. Otro riesgo de la cirug\u00eda ocular con l\u00e1ser puede producirse cuando los pacientes se frotan los ojos despu\u00e9s de la intervenci\u00f3n. Este riesgo puede reducirse evitando frotarse los ojos tratados durante varias semanas despu\u00e9s de la intervenci\u00f3n. Tambi\u00e9n pueden producirse complicaciones del LASIK si se pierde la succi\u00f3n al crear el colgajo.      <\/p>\n\n<h2 class=\"wp-block-heading\">Riesgo de deslumbramiento y halos en la cirug\u00eda ocular LASIK<\/h2>\n\n<p>El deslumbramiento visual y la disminuci\u00f3n de la sensibilidad al contraste son riesgos del LASIK y efectos secundarios frecuentes que se producen en los primeros d\u00edas tras la cirug\u00eda LASIK. Normalmente, estos problemas disminuyen con el tiempo, a lo largo de las semanas y meses siguientes a la intervenci\u00f3n. El deslumbramiento visual es una sensaci\u00f3n de deslumbramiento producida por una luz relativamente brillante, que causa molestias f\u00edsicas y\/o interfiere en la agudeza visual.  <\/p>\n\n<p>Los pacientes que se han sometido a una intervenci\u00f3n LASIK suelen referir deslumbramientos visuales en forma de halos o auras alrededor de las luces (sobre todo los faros de los veh\u00edculos y las luces traseras por la noche) y destellos o rayas alrededor de las farolas. El tama\u00f1o de la pupila afectar\u00e1 a la calidad de tu visi\u00f3n tras la cirug\u00eda LASIK. Los pacientes con pupilas grandes corren mayor riesgo de experimentar m\u00e1s deslumbramientos y halos que los pacientes con pupilas m\u00e1s peque\u00f1as. Dado que las pupilas se dilatan con la luz tenue, los pacientes operados con LASIK pueden notar una menor calidad de visi\u00f3n en un entorno oscuro que en un entorno bien iluminado.   <\/p>\n\n<p>No es infrecuente que los pacientes experimenten sequedad ocular tras la intervenci\u00f3n LASIK durante las primeras semanas, como parte del proceso de cicatrizaci\u00f3n de la c\u00f3rnea. Todo paciente que padezca sequedad ocular preexistente debe someterse a una evaluaci\u00f3n completa antes de la intervenci\u00f3n. En algunos casos, los pacientes con sequedad ocular preexistente pueden experimentar una sequedad ocular peor tras el tratamiento LASIK.  <\/p>\n\n<h2 class=\"wp-block-heading\">Riesgos LASIK de los S\u00edntomas del Ojo Seco: Razones<\/h2>\n\n<p>Se cree que uno de los motivos por los que se producen s\u00edntomas de ojo seco tras el LASIK es que la creaci\u00f3n del colgajo corneal durante el procedimiento altera algunos de los nervios corneales que proporcionan retroalimentaci\u00f3n a las gl\u00e1ndulas lagrimales. Este riesgo del LASIK provoca una disminuci\u00f3n del flujo de l\u00e1grimas a los ojos. A medida que tus ojos se curan tras el LASIK, las terminaciones nerviosas de la c\u00f3rnea se regeneran, y el volumen lagrimal vuelve gradualmente a la normalidad y desaparecen los s\u00edntomas del ojo seco.  <\/p>\n\n<p>Los posibles s\u00edntomas de ojo seco en los pacientes de LASIK pueden ser: sensaci\u00f3n de arena en los ojos, sensaci\u00f3n de quemaz\u00f3n, sensibilidad a la luz y, ocasionalmente, dolor ocular. Los pacientes que padecen sequedad ocular leve o moderada antes de la cirug\u00eda LASIK pueden experimentar un mayor riesgo de s\u00edntomas de sequedad ocular durante varios meses o m\u00e1s. Estos pacientes pueden incluso descubrir que su estado de ojo seco empeora. Por eso, algunas personas con antecedentes de sequedad ocular pueden no ser buenas candidatas para la cirug\u00eda LASIK, debido al mayor riesgo de complicaciones.   <\/p>\n\n<h2 class=\"wp-block-heading\">Queratitis lamelar difusa (DLK)<\/h2>\n\n<p>La DLK es una afecci\u00f3n posprocedimiento de riesgo \u00fanico y relativamente poco frecuente tras la cirug\u00eda LASIK. Se produce cuando se acumulan c\u00e9lulas inflamatorias bajo el colgajo corneal. Esta afecci\u00f3n suele producirse entre uno y tres d\u00edas despu\u00e9s de la cirug\u00eda LASIK y, en la mayor\u00eda de los casos, los pacientes no experimentan ning\u00fan s\u00edntoma perceptible relacionado con la DLK. Por ello, la mayor\u00eda de los casos de DLK s\u00f3lo pueden detectarse con un examen m\u00e9dico y es una afecci\u00f3n f\u00e1cilmente tratable. Este riesgo de la cirug\u00eda ocular LASIK es otra raz\u00f3n muy importante para acudir a todos los ex\u00e1menes postoperatorios y seguir tu plan de tratamiento.    <\/p>\n<section \n    class=\"blocks block-quicklinks align \" \n    id=\"block_meta_6734ceb214149\" \n    style=\" \"\n>\n    <h3>Ver tambi\u00e9n<\/h3>\n    <ul>\n                    <li>\n                <a href=\"https:\/\/www.qualsight.com\/es\/tipos-de-cirugia-laser-ocular\/\" target=\"_self\">\n                    Tipos de cirug\u00eda l\u00e1ser ocular                <\/a>\n            <\/li>\n                    <li>\n                <a href=\"https:\/\/www.qualsight.com\/es\/tiempo-de-recuperacion-del-lasik\/\" target=\"_self\">\n                    Tiempo de recuperaci\u00f3n del LASIK                <\/a>\n            <\/li>\n                    <li>\n                <a href=\"https:\/\/www.qualsight.com\/es\/que-descalifica-a-un-paciente\/\" target=\"_self\">\n                    \u00bfQu\u00e9 descalifica a un paciente?                <\/a>\n            <\/li>\n                    <li>\n                <a href=\"https:\/\/www.qualsight.com\/es\/posibles-efectos-secundarios\/\" target=\"_self\">\n                    Posibles efectos secundarios                <\/a>\n            <\/li>\n                    <li>\n                <a href=\"https:\/\/www.qualsight.com\/es\/es-segura-la-cirugia-lasik\/\" target=\"_self\">\n                    \u00bfEs segura la cirug\u00eda LASIK?                <\/a>\n            <\/li>\n                    <li>\n                <a href=\"https:\/\/www.qualsight.com\/es\/coste-del-lasik\/\" target=\"_self\">\n                    Coste del LASIK                <\/a>\n            <\/li>\n            <\/ul>    \n<\/section>\n","protected":false},"excerpt":{"rendered":"<p>Riesgos de la cirug\u00eda ocular LASIK &#8211; Explicaci\u00f3n de los posibles riesgos, complicaciones y efectos secundarios de la cirug\u00eda ocular con l\u00e1ser Cualquier intervenci\u00f3n quir\u00fargica conlleva riesgos potenciales. En el caso de la cirug\u00eda ocular LASIK, la mayor\u00eda de los riesgos y complicaciones potenciales no suponen una amenaza significativa. Datos recientes han documentado que la [&hellip;]<\/p>\n","protected":false},"author":1,"featured_media":0,"parent":0,"menu_order":0,"comment_status":"closed","ping_status":"closed","template":"","meta":{"_acf_changed":false,"footnotes":""},"class_list":["post-2837","page","type-page","status-publish","hentry"],"acf":[],"_links":{"self":[{"href":"https:\/\/www.qualsight.com\/es\/wp-json\/wp\/v2\/pages\/2837","targetHints":{"allow":["GET"]}}],"collection":[{"href":"https:\/\/www.qualsight.com\/es\/wp-json\/wp\/v2\/pages"}],"about":[{"href":"https:\/\/www.qualsight.com\/es\/wp-json\/wp\/v2\/types\/page"}],"author":[{"embeddable":true,"href":"https:\/\/www.qualsight.com\/es\/wp-json\/wp\/v2\/users\/1"}],"replies":[{"embeddable":true,"href":"https:\/\/www.qualsight.com\/es\/wp-json\/wp\/v2\/comments?post=2837"}],"version-history":[{"count":1,"href":"https:\/\/www.qualsight.com\/es\/wp-json\/wp\/v2\/pages\/2837\/revisions"}],"predecessor-version":[{"id":2838,"href":"https:\/\/www.qualsight.com\/es\/wp-json\/wp\/v2\/pages\/2837\/revisions\/2838"}],"wp:attachment":[{"href":"https:\/\/www.qualsight.com\/es\/wp-json\/wp\/v2\/media?parent=2837"}],"curies":[{"name":"wp","href":"https:\/\/api.w.org\/{rel}","templated":true}]}}