{"id":2839,"date":"2024-11-07T14:13:09","date_gmt":"2024-11-07T22:13:09","guid":{"rendered":"https:\/\/www.qualsight.com\/coste-del-lasik\/cuentas-de-gastos-flexibles\/"},"modified":"2024-12-30T11:33:22","modified_gmt":"2024-12-30T19:33:22","slug":"cuentas-de-gastos-flexibles","status":"publish","type":"page","link":"https:\/\/www.qualsight.com\/es\/coste-del-lasik\/cuentas-de-gastos-flexibles\/","title":{"rendered":"Cuentas de gastos flexibles"},"content":{"rendered":"\n<h2 class=\"wp-block-heading\">FSA y LASIK &#8211; \u00a1Maximiza tus ahorros en LASIK!<\/h2>\n\n<p>Con QualSight, es posible que puedas costearte todo el procedimiento <a href=\"https:\/\/www.qualsight.com\/lasik-eye-surgery\">LASIK<\/a> utilizando s\u00f3lo tu Cuenta de Gastos Flexibles o tu Cuenta de Ahorros Sanitarios. Contratamos con nuestros m\u00e9dicos un ahorro de entre el 20% y el 35% sobre la media nacional para el <a href=\"https:\/\/www.qualsight.com\/traditional-lasik-eye-surgery\">LASIK tradicional<\/a>. A menudo, nuestros precios fijos son lo suficientemente bajos como para que los cubra por completo tu cuenta de gastos antes de impuestos.  <\/p>\n\n<p>Dependiendo de tu tramo impositivo, puedes ahorrarte hasta un 30% o m\u00e1s en impuestos. Debido a la nueva normativa federal sobre asistencia sanitaria, en 2022 el m\u00e1ximo que podr\u00e1s ingresar en tu cuenta de gastos flexibles ser\u00e1 de 2850 $. Nuestros afiliados a menudo pagan menos que eso y les queda dinero para otros servicios y procedimientos elegibles para la cuenta flexible.    <\/p>\n\n<p>Llama a uno de nuestros Gestores Sanitarios para que te informe del coste exacto de tu intervenci\u00f3n antes de acudir a tu examen gratuito y te explique la forma m\u00e1s eficaz de utilizar tu cuenta de gastos flexibles o tu cuenta de ahorros sanitarios para pagar tu intervenci\u00f3n LASIK. Recuerda que el 20-30% de las personas que desean someterse a una intervenci\u00f3n LASIK no pueden hacerlo por motivos m\u00e9dicos. Antes de reservar dinero para el LASIK, debes acudir a nuestro examen gratuito para asegurarte de que eres un candidato adecuado. Si piensas someterte a la intervenci\u00f3n en 2022, \u00bfpor qu\u00e9 no utilizar la menor cantidad posible de d\u00f3lares de la FSA? Al ofrecer precios fijos, podemos asegurarnos de que sepas exactamente cu\u00e1nto <a href=\"https:\/\/www.qualsight.com\/cost-of-lasik-surgery\">te costar\u00e1<\/a> la intervenci\u00f3n, para que sepas qu\u00e9 cantidad de tu dinero flexible debes reservar para la intervenci\u00f3n.      <\/p>\n\n<h2 class=\"wp-block-heading\">\u00bfC\u00f3mo funcionan tu FSA y tu HSA con el LASIK?<\/h2>\n\n<p>Si participas en una HSA o una FSA, puedes utilizar esos d\u00f3lares para pagar tu intervenci\u00f3n de cirug\u00eda ocular LASIK. Puedes ahorrar a\u00fan m\u00e1s utilizando tu dinero antes de impuestos para reembolsarte los gastos de la intervenci\u00f3n LASIK. Tanto el <a href=\"https:\/\/www.qualsight.com\/custom-wavefront-lasik-procedure\">LASIK<\/a> tradicional como el personalizado han sido aprobados por el gobierno federal como gastos m\u00e9dicos subvencionables por las Cuentas de Gastos Flexibles y de Ahorro para la Salud. Pide en la consulta un recibo del gasto de la FSA por el procedimiento LASIK y pres\u00e9ntalo al administrador de tu FSA\/HSA para que te lo reembolse. Si tu empresa te proporciona una tarjeta m\u00e9dica de d\u00e9bito\/cargo vinculada a tu FSA\/HSA, puedes utilizar esta tarjeta para pagar tu cirug\u00eda ocular LASIK aprobada por la FSA.    <\/p>\n\n<p>Seg\u00fan la norma \u00ab\u00fasalo o pi\u00e9rdelo\u00bb de la FSA, puedes utilizar el saldo restante de tu FSA para financiar una parte de tu intervenci\u00f3n de cirug\u00eda ocular LASIK, en lugar de perder ese dinero. Las empresas retienen de la n\u00f3mina del trabajador la cantidad que \u00e9ste determine, antes de que se graven sus ingresos. Las aportaciones se realizan antes de que se calculen los impuestos federales sobre la renta, los impuestos de la Seguridad Social y la mayor\u00eda de los impuestos estatales sobre la renta. Es responsabilidad del trabajador presentar los recibos a lo largo del a\u00f1o para su reembolso.     <\/p>\n\n<p>Los empleados se benefician al no tener que pagar impuestos sobre la renta o la seguridad social por el dinero reservado en su FSA. Algunos empleados pueden ahorrar una media de entre el 10 y el 35%. El dinero que quede en la FSA a final de a\u00f1o se perder\u00e1 para la empresa. El dinero de una cuenta FSA puede utilizarse para gastos elegibles de asistencia sanitaria y atenci\u00f3n a dependientes en los que incurras t\u00fa, tu c\u00f3nyuge y las personas a tu cargo. Las cuentas FSA est\u00e1n exentas de impuestos federales, impuestos de la Seguridad Social (FICA) y, en la mayor\u00eda de los casos, impuestos estatales sobre la renta.      <\/p>\n\n<p>Una Cuenta de Gastos Flexibles (FSA) y una Cuenta de Ahorros Sanitarios (HSA) es un plan patrocinado por la empresa que te permite deducir dinero de tu n\u00f3mina y depositarlo en una cuenta especial protegida de impuestos. Muchas empresas tienen una FSA para ayudar a los empleados a ahorrar en gastos m\u00e9dicos y de otro tipo no cubiertos por el seguro. Una Cuenta de Gastos Flexibles es un tipo de plan de la Secci\u00f3n 125. Un \u00abPlan de Cafeter\u00eda de la Secci\u00f3n 125\u00bb, a menudo denominado \u00abCuenta de Gastos Flexible\u00bb, te ayuda a conservar una mayor parte de tu sueldo reduciendo tus impuestos federales y estatales. Un plan de cafeter\u00eda es un plan escrito independiente que mantiene una empresa para sus empleados y que cumple los requisitos espec\u00edficos y la normativa de la secci\u00f3n 125 del C\u00f3digo de Rentas Internas. Ofrece a los participantes la oportunidad de recibir determinadas prestaciones antes de impuestos, lo que te permite pagar ciertos gastos antes de que se deduzcan los impuestos de tu n\u00f3mina.     <\/p>\n\n<p>Los empleados determinan cu\u00e1nto gastar\u00e1n en gastos m\u00e9dicos no asegurados y en atenci\u00f3n a dependientes. Los participantes en un plan de cafeter\u00eda deben poder elegir entre al menos una prestaci\u00f3n imponible (como dinero en efectivo) y una prestaci\u00f3n cualificada. Una prestaci\u00f3n cualificada es una prestaci\u00f3n que no difiere la retribuci\u00f3n y es excluible de la renta bruta del trabajador en virtud de una disposici\u00f3n espec\u00edfica del C\u00f3digo, sin estar sujeta a los principios de percepci\u00f3n impl\u00edcita.    <\/p>\n\n<h2 class=\"wp-block-heading\">Recursos de la Cuenta de Gastos Flexible (FSA)<\/h2>\n\n<ul class=\"wp-block-list\">\n<li><a href=\"http:\/\/www.fsafeds.com\/\" target=\"_blank\" rel=\"noreferrer noopener\">P\u00e1gina de inicio de la Cuenta Federal de Gastos Flexibles<\/a><\/li>\n\n\n\n<li><a href=\"http:\/\/financialplan.about.com\/cs\/insuranc1\/a\/FlexSpendPlan.htm\" target=\"_blank\" rel=\"noreferrer noopener\">Maximiza tus beneficios laborales con tu FSA<\/a><\/li>\n<\/ul>\n<section \n    class=\"blocks block-quicklinks align \" \n    id=\"block_meta_6730fd9a30e02\" \n    style=\" \"\n>\n    <h3>Ver tambi\u00e9n<\/h3>\n    <ul>\n                    <li>\n                <a href=\"https:\/\/www.qualsight.com\/es\/coste-del-lasik\/\" target=\"_self\">\n                    Coste del LASIK                <\/a>\n            <\/li>\n                    <li>\n                <a href=\"https:\/\/www.qualsight.com\/es\/coste-del-lasik\/cuanto-cuesta-el-lasik\/\" target=\"_self\">\n                    \u00bfCu\u00e1nto cuesta el LASIK?                <\/a>\n            <\/li>\n                    <li>\n                <a href=\"https:\/\/www.qualsight.com\/es\/coste-del-lasik\/cubre-el-seguro-el-lasik\/\" target=\"_self\">\n                    \u00bfCubre el seguro el LASIK?                <\/a>\n            <\/li>\n            <\/ul>    \n<\/section>\n","protected":false},"excerpt":{"rendered":"<p>FSA y LASIK &#8211; \u00a1Maximiza tus ahorros en LASIK! Con QualSight, es posible que puedas costearte todo el procedimiento LASIK utilizando s\u00f3lo tu Cuenta de Gastos Flexibles o tu Cuenta de Ahorros Sanitarios. Contratamos con nuestros m\u00e9dicos un ahorro de entre el 20% y el 35% sobre la media nacional para el LASIK tradicional. A [&hellip;]<\/p>\n","protected":false},"author":1,"featured_media":0,"parent":2810,"menu_order":0,"comment_status":"closed","ping_status":"closed","template":"","meta":{"_acf_changed":false,"footnotes":""},"class_list":["post-2839","page","type-page","status-publish","hentry"],"acf":[],"_links":{"self":[{"href":"https:\/\/www.qualsight.com\/es\/wp-json\/wp\/v2\/pages\/2839","targetHints":{"allow":["GET"]}}],"collection":[{"href":"https:\/\/www.qualsight.com\/es\/wp-json\/wp\/v2\/pages"}],"about":[{"href":"https:\/\/www.qualsight.com\/es\/wp-json\/wp\/v2\/types\/page"}],"author":[{"embeddable":true,"href":"https:\/\/www.qualsight.com\/es\/wp-json\/wp\/v2\/users\/1"}],"replies":[{"embeddable":true,"href":"https:\/\/www.qualsight.com\/es\/wp-json\/wp\/v2\/comments?post=2839"}],"version-history":[{"count":1,"href":"https:\/\/www.qualsight.com\/es\/wp-json\/wp\/v2\/pages\/2839\/revisions"}],"predecessor-version":[{"id":2840,"href":"https:\/\/www.qualsight.com\/es\/wp-json\/wp\/v2\/pages\/2839\/revisions\/2840"}],"up":[{"embeddable":true,"href":"https:\/\/www.qualsight.com\/es\/wp-json\/wp\/v2\/pages\/2810"}],"wp:attachment":[{"href":"https:\/\/www.qualsight.com\/es\/wp-json\/wp\/v2\/media?parent=2839"}],"curies":[{"name":"wp","href":"https:\/\/api.w.org\/{rel}","templated":true}]}}