{"id":2841,"date":"2024-11-07T14:07:31","date_gmt":"2024-11-07T22:07:31","guid":{"rendered":"https:\/\/www.qualsight.com\/preguntas-frecuentes-sobre-lasik\/"},"modified":"2024-12-30T11:27:51","modified_gmt":"2024-12-30T19:27:51","slug":"preguntas-frecuentes-sobre-lasik","status":"publish","type":"page","link":"https:\/\/www.qualsight.com\/es\/preguntas-frecuentes-sobre-lasik\/","title":{"rendered":"PREGUNTAS FRECUENTES SOBRE LASIK"},"content":{"rendered":"\n<section class=\"blocks block-accordion \" id=\"block_meta_6734cc83ac183\">\n    <div class=\"accordion\">\n\n<details class=\"wp-block-details is-layout-flow wp-block-details-is-layout-flow\"><summary>\u00bfQu\u00e9 es el LASIK QualSight?<\/summary>\n<p>QualSight ofrece un programa gestionado de correcci\u00f3n de la visi\u00f3n con l\u00e1ser (es decir, LASIK tradicional y personalizado, PRK y tecnolog\u00edas IntraLase \u00absin bistur\u00ed\u00bb) a trav\u00e9s de una red nacional de cirujanos especialistas en LASIK acreditados y experimentados. En conjunto, estos m\u00e9dicos han realizado m\u00e1s de 6,5 millones de intervenciones. QualSight lleva proporcionando ahorros en LASIK desde 2004 y ahora atiende a m\u00e1s de 75 millones de afiliados a planes de salud en todo el pa\u00eds.  <\/p>\n<\/details>\n\n\n\n<details class=\"wp-block-details is-layout-flow wp-block-details-is-layout-flow\"><summary>\u00bfQu\u00e9 es el LASIK?<\/summary>\n<p>El LASIK (queratomileusis in situ asistida por l\u00e1ser) es un tratamiento ambulatorio que utiliza un l\u00e1ser excimer (un haz de luz fr\u00eda) para remodelar suavemente la superficie frontal del ojo (la c\u00f3rnea). La remodelaci\u00f3n de la c\u00f3rnea redirige el \u00e1ngulo de la luz cuando entra en el ojo para que vuelva a enfocar correctamente en la retina. Esto permite enfocar las im\u00e1genes con mayor nitidez. La recuperaci\u00f3n de la visi\u00f3n es r\u00e1pida, y el dolor postoperatorio es escaso o nulo. Con la cirug\u00eda refractiva, deber\u00eda disminuir tu dependencia de gafas y lentes de contacto.    <\/p>\n<\/details>\n\n\n\n<details class=\"wp-block-details is-layout-flow wp-block-details-is-layout-flow\"><summary>\u00bfCu\u00e1l es la diferencia entre el LASIK tradicional y el personalizado?<\/summary>\n<p>El LASIK tradicional y el personalizado tratan trastornos refractivos de moderados a graves, como la miop\u00eda, la hipermetrop\u00eda y el astigmatismo. Tanto en el LASIK tradicional como en el personalizado, el cirujano utiliza un instrumento quir\u00fargico llamado microqueratomo para crear un delgado colgajo y acceder a la c\u00f3rnea. El LASIK personalizado, tambi\u00e9n conocido como LASIK de frente de onda, utiliza una tecnolog\u00eda avanzada (analizador de frente de onda) para trazar un mapa tridimensional de la superficie corneal, guiando al l\u00e1ser en la remodelaci\u00f3n de la parte frontal del ojo (la c\u00f3rnea). Los datos tridimensionales del Analizador de Frente de Onda se transfieren electr\u00f3nicamente al l\u00e1ser, lo que permite al cirujano adaptar la intervenci\u00f3n LASIK a tus necesidades visuales \u00fanicas. Dependiendo de tu graduaci\u00f3n y de la forma de tu ojo, tu m\u00e9dico podr\u00e1 determinar qu\u00e9 tipo de tratamiento es el mejor para tu condici\u00f3n individual.    <\/p>\n<\/details>\n\n\n\n<details class=\"wp-block-details is-layout-flow wp-block-details-is-layout-flow\"><summary>\u00bfQu\u00e9 es IntraLase (LASIK sin bistur\u00ed)?<\/summary>\n<p>Con el LASIK IntraLase (sin cuchilla), el cirujano utiliza un l\u00e1ser para crear el colgajo corneal en lugar de la tecnolog\u00eda de cuchilla del microqueratomo. Esto permite al cirujano personalizar el colgajo corneal para cada paciente. El resto de la cirug\u00eda es igual que el LASIK tradicional o el LASIK personalizado. Estudios recientes realizados con la tecnolog\u00eda IntraLase sugieren que puede ser posible tratar a quienes antes no pod\u00edan someterse a cirug\u00eda LASIK debido a c\u00f3rneas delgadas.   <\/p>\n<\/details>\n\n\n\n<details class=\"wp-block-details is-layout-flow wp-block-details-is-layout-flow\"><summary>\u00bfSe puede hacer LASIK si tengo astigmatismo?<\/summary>\n<p>S\u00ed, el LASIK ha sido aprobado por la FDA para tratar eficazmente el astigmatismo, as\u00ed como la miop\u00eda y la hipermetrop\u00eda. El LASIK se aprob\u00f3 en 2007 para corregir la presbicia (cuando la letra peque\u00f1a empieza a verse borrosa) con el LASIK de Monovisi\u00f3n; este procedimiento corrige un ojo para ver de lejos y el otro para leer. Los pacientes querr\u00e1n comentar las opciones con su m\u00e9dico para determinar qu\u00e9 procedimiento es el mejor para su necesidad de correcci\u00f3n visual.  <\/p>\n<\/details>\n\n\n\n<details class=\"wp-block-details is-layout-flow wp-block-details-is-layout-flow\"><summary>\u00bfCu\u00e1nto cuesta?<\/summary>\n<p>A trav\u00e9s de la red QualSight, la cirug\u00eda LASIK tradicional cuesta 945 $ por ojo, y la LASIK personalizada 1.395 $ por ojo. El LASIK Intralase (sin bistur\u00ed) est\u00e1 disponible en los proveedores participantes por 1795 $\/ojo. <\/p>\n<\/details>\n\n\n\n<details class=\"wp-block-details is-layout-flow wp-block-details-is-layout-flow\"><summary>\u00bfQu\u00e9 pasa con los anuncios que he estado viendo que dicen cobrar 695 $ por LASIK?<\/summary>\n<p>Este precio bajo suele estar disponible s\u00f3lo para un segmento muy peque\u00f1o de la poblaci\u00f3n (normalmente menos del 5%). Esto se debe a que es un punto de partida y s\u00f3lo est\u00e1 disponible para personas con prescripciones muy leves. Despu\u00e9s, el precio aumenta sustancialmente para las personas con prescripciones m\u00e1s elevadas. Adem\u00e1s, la mayor\u00eda de las consultas cobran aparte la evaluaci\u00f3n preoperatoria y las visitas de seguimiento. El precio medio nacional del LASIK es de m\u00e1s de 2.300 $ por ojo. El programa QualSight LASIK lo incluye todo, sin cargos ocultos, y supone un ahorro del 20% al 35% sobre el precio medio nacional del LASIK tradicional.     <\/p>\n<\/details>\n\n\n\n<details class=\"wp-block-details is-layout-flow wp-block-details-is-layout-flow\"><summary>\u00bfC\u00f3mo empiezo?<\/summary>\n<p>Programa tu cita inicial con QualSight llamando gratuitamente al 855-800-2020. Un gestor de atenci\u00f3n de QualSight te explicar\u00e1 la prestaci\u00f3n LASIK y realizar\u00e1 una b\u00fasqueda por c\u00f3digo postal de proveedores en tu zona, y responder\u00e1 a tus preguntas. Una vez que hayas seleccionado un proveedor de tu zona, el gestor de atenci\u00f3n concertar\u00e1 contigo por tel\u00e9fono la cita en la consulta del m\u00e9dico.  <\/p>\n<\/details>\n\n\n\n<details class=\"wp-block-details is-layout-flow wp-block-details-is-layout-flow\"><summary>\u00bfQu\u00e9 hay que hacer para reservar la cita?<\/summary>\n<p>En el momento de concertar la cita, QualSight cobrar\u00e1 un dep\u00f3sito reembolsable de 50 $ para mantener tu cita, pagadero con tarjeta de cr\u00e9dito, tarjeta de d\u00e9bito o cheque personal. Este dep\u00f3sito se deducir\u00e1 del coste de la intervenci\u00f3n si decides someterte a ella. En caso de que, por cualquier motivo, no te sometas a la intervenci\u00f3n LASIK, se te reembolsar\u00e1n los 50 $ del dep\u00f3sito. El dep\u00f3sito mantiene tu cita y confirma tu elegibilidad para los precios QualSight con la consulta de tu m\u00e9dico. El dep\u00f3sito reembolsable no es un cargo adicional y se deducir\u00e1 del precio total del procedimiento. Si no cumples los requisitos para el LASIK, o decides no operarte por cualquier motivo, el dep\u00f3sito es totalmente reembolsable a trav\u00e9s de QualSight.     <\/p>\n<\/details>\n\n\n\n<details class=\"wp-block-details is-layout-flow wp-block-details-is-layout-flow\"><summary>\u00bfOfrec\u00e9is opciones de financiaci\u00f3n?<\/summary>\n<p>S\u00ed, ofrecemos opciones de financiaci\u00f3n a trav\u00e9s de CareCredit, que te permite financiar tu intervenci\u00f3n al 0% de inter\u00e9s durante un m\u00e1ximo de 12 meses o elegir un plan de pago ampliado.<\/p>\n<\/details>\n\n\n\n<details class=\"wp-block-details is-layout-flow wp-block-details-is-layout-flow\"><summary>\u00bfC\u00f3mo selecciona QualSight a los m\u00e9dicos de la red?<\/summary>\n<p>Todos nuestros m\u00e9dicos son cirujanos refractivos experimentados que utilizan tecnolog\u00eda aprobada por la FDA. Han sido acreditados seg\u00fan las normas nacionales de calidad por un tercero imparcial llamado VerifPoint. QualSight tambi\u00e9n ha recopilado para ti su historial profesional y educativo. Cuando llames a QualSight, te dar\u00e1n a elegir entre los m\u00e9dicos aprobados que participan en tu zona.   <\/p>\n<\/details>\n\n\n\n<details class=\"wp-block-details is-layout-flow wp-block-details-is-layout-flow\"><summary>Llevo lentes de contacto. \u00bfTendr\u00e9 que volver a llevar gafas antes de la operaci\u00f3n? <\/summary>\n<p>S\u00ed. Las lentes de contacto pueden cambiar la forma de tu c\u00f3rnea hasta varias semanas despu\u00e9s de que hayas dejado de usarlas. No dejar las lentes de contacto el tiempo suficiente para que la c\u00f3rnea recupere su forma natural antes de la intervenci\u00f3n puede dar lugar a una correcci\u00f3n inexacta. Cada m\u00e9dico tiene su propio protocolo para la retirada de las lentes de contacto, pero, como m\u00ednimo, te recomendamos que te quites las blandas una semana antes de la cita inicial y las duras durante varias semanas. Tu Encargado de Tratamiento te facilitar\u00e1 el protocolo exigido por el m\u00e9dico que elijas.    <\/p>\n<\/details>\n\n\n\n<details class=\"wp-block-details is-layout-flow wp-block-details-is-layout-flow\"><summary>\u00bfQu\u00e9 puedo esperar en la primera cita preoperatoria?<\/summary>\n<p>Espera estar en la consulta del m\u00e9dico entre una y dos horas. El m\u00e9dico examinar\u00e1 tus ojos para determinar tu graduaci\u00f3n y descubrir cualquier problema m\u00e9dico. Puede que te dilaten los ojos y te explorar\u00e1n para obtener una imagen tridimensional de la forma de tus ojos.  <\/p>\n<\/details>\n\n\n\n<details class=\"wp-block-details is-layout-flow wp-block-details-is-layout-flow\"><summary>\u00bfQu\u00e9 puedo esperar durante la intervenci\u00f3n?<\/summary>\n<p>La intervenci\u00f3n dura s\u00f3lo unos segundos; sin embargo, la visita quir\u00fargica completa puede durar hasta dos horas. Tu cirujano dise\u00f1a espec\u00edficamente tu tratamiento con l\u00e1ser bas\u00e1ndose en las medidas recogidas en el examen preoperatorio. Aseg\u00farate de programar una cita de seguimiento al d\u00eda siguiente. Recuerda preguntar a tu m\u00e9dico o t\u00e9cnico cualquier duda adicional que t\u00fa o tu familia teng\u00e1is. Se te pedir\u00e1 que una persona te lleve a casa despu\u00e9s de la intervenci\u00f3n.    <\/p>\n<\/details>\n\n\n\n<details class=\"wp-block-details is-layout-flow wp-block-details-is-layout-flow\"><summary>\u00bfQu\u00e9 incluye el precio de QualSight?<\/summary>\n<p>Tu coste total incluir\u00e1 el examen preoperatorio, la intervenci\u00f3n, todas las visitas postoperatorias durante un a\u00f1o, as\u00ed como un Plan de garant\u00eda de un a\u00f1o.<\/p>\n<\/details>\n\n\n\n<details class=\"wp-block-details is-layout-flow wp-block-details-is-layout-flow\"><summary>\u00bfQu\u00e9 son los Planes de Retiro Vitalicio?<\/summary>\n<p>Los proveedores participantes pueden ofrecer a los afiliados que cumplan los requisitos la opci\u00f3n de adquirir un Plan de seguro de por vida, en el que los retratamientos se realizan sin coste alguno cuando son m\u00e9dicamente aconsejables. La participaci\u00f3n de los proveedores puede variar. <\/p>\n<\/details>\n\n<\/div>\n    \n    <\/section>\n<section \n    class=\"blocks block-quicklinks align \" \n    id=\"block_meta_6734cc83ac32d\" \n    style=\" \"\n>\n    <h3>Ver tambi\u00e9n<\/h3>\n    <ul>\n                    <li>\n                <a href=\"https:\/\/www.qualsight.com\/es\/tipos-de-cirugia-laser-ocular\/\" target=\"_self\">\n                    Tipos de cirug\u00eda l\u00e1ser ocular                <\/a>\n            <\/li>\n                    <li>\n                <a href=\"https:\/\/www.qualsight.com\/es\/coste-del-lasik\/\" target=\"_self\">\n                    Coste del LASIK                <\/a>\n            <\/li>\n                    <li>\n                <a href=\"https:\/\/www.qualsight.com\/es\/antes-durante-y-despues\/\" target=\"_self\">\n                    Antes, durante y despu\u00e9s                <\/a>\n            <\/li>\n                    <li>\n                <a href=\"https:\/\/www.qualsight.com\/es\/glosario\/\" target=\"_self\">\n                    Glosario                <\/a>\n            <\/li>\n            <\/ul>    \n<\/section>\n","protected":false},"excerpt":{"rendered":"","protected":false},"author":1,"featured_media":0,"parent":0,"menu_order":0,"comment_status":"closed","ping_status":"closed","template":"","meta":{"_acf_changed":false,"footnotes":""},"class_list":["post-2841","page","type-page","status-publish","hentry"],"acf":[],"_links":{"self":[{"href":"https:\/\/www.qualsight.com\/es\/wp-json\/wp\/v2\/pages\/2841","targetHints":{"allow":["GET"]}}],"collection":[{"href":"https:\/\/www.qualsight.com\/es\/wp-json\/wp\/v2\/pages"}],"about":[{"href":"https:\/\/www.qualsight.com\/es\/wp-json\/wp\/v2\/types\/page"}],"author":[{"embeddable":true,"href":"https:\/\/www.qualsight.com\/es\/wp-json\/wp\/v2\/users\/1"}],"replies":[{"embeddable":true,"href":"https:\/\/www.qualsight.com\/es\/wp-json\/wp\/v2\/comments?post=2841"}],"version-history":[{"count":1,"href":"https:\/\/www.qualsight.com\/es\/wp-json\/wp\/v2\/pages\/2841\/revisions"}],"predecessor-version":[{"id":2842,"href":"https:\/\/www.qualsight.com\/es\/wp-json\/wp\/v2\/pages\/2841\/revisions\/2842"}],"wp:attachment":[{"href":"https:\/\/www.qualsight.com\/es\/wp-json\/wp\/v2\/media?parent=2841"}],"curies":[{"name":"wp","href":"https:\/\/api.w.org\/{rel}","templated":true}]}}