{"id":2843,"date":"2024-11-07T14:27:58","date_gmt":"2024-11-07T22:27:58","guid":{"rendered":"https:\/\/www.qualsight.com\/posibles-efectos-secundarios\/riesgos-y-complicaciones-del-lasik\/"},"modified":"2024-12-30T11:32:32","modified_gmt":"2024-12-30T19:32:32","slug":"riesgos-y-complicaciones-del-lasik","status":"publish","type":"page","link":"https:\/\/www.qualsight.com\/es\/posibles-efectos-secundarios\/riesgos-y-complicaciones-del-lasik\/","title":{"rendered":"Riesgos y complicaciones del LASIK"},"content":{"rendered":"\n<h2 class=\"wp-block-heading\">Riesgos del LASIK y complicaciones de la cirug\u00eda LASIK<\/h2>\n\n<p>Como ocurre con cualquier procedimiento quir\u00fargico, existen riesgos asociados al <a href=\"https:\/\/www.qualsight.com\/lasik-eye-surgery\">LASIK<\/a>, aunque la mayor\u00eda de los riesgos y complicaciones potenciales no ponen en peligro la visi\u00f3n de forma significativa. Datos recientes han demostrado que la tasa de complicaciones del LASIK es inferior al 1% y la mayor\u00eda de los pacientes que sufren complicaciones del LASIK pueden recibir correcciones mediante un segundo tratamiento o una mejora. Rara vez las complicaciones del procedimiento causan una p\u00e9rdida de visi\u00f3n significativa o permanente que haga que el paciente acabe con una visi\u00f3n peor que antes de la intervenci\u00f3n LASIK.  <\/p>\n\n<p>El riesgo de infecciones oculares relacionadas con la cirug\u00eda LASIK es m\u00ednimo. Se te recetar\u00e1 un colirio antibi\u00f3tico que deber\u00e1s utilizar durante aproximadamente una semana despu\u00e9s de la intervenci\u00f3n LASIK para prevenir la infecci\u00f3n durante la fase inicial de cicatrizaci\u00f3n. <\/p>\n\n<p><a href=\"http:\/\/www.fda.gov\/MedicalDevices\/ProductsandMedicalProcedures\/SurgeryandLifeSupport\/LASIK\/default.htm\" target=\"_blank\" rel=\"noreferrer noopener\">M\u00e1s informaci\u00f3n de la FDA sobre los riesgos de la cirug\u00eda LASIK.<\/a><\/p>\n<section \n    class=\"blocks block-quicklinks align \" \n    id=\"block_meta_6734f04ae85b0\" \n    style=\" \"\n>\n    <h3>Ver tambi\u00e9n<\/h3>\n    <ul>\n                    <li>\n                <a href=\"https:\/\/www.qualsight.com\/es\/posibles-efectos-secundarios\/\" target=\"_self\">\n                    Posibles efectos secundarios                <\/a>\n            <\/li>\n                    <li>\n                <a href=\"https:\/\/www.qualsight.com\/es\/posibles-efectos-secundarios\/correccion-por-exceso-o-por-defecto\/\" target=\"_self\">\n                    Correcci\u00f3n por exceso o por defecto                <\/a>\n            <\/li>\n                    <li>\n                <a href=\"https:\/\/www.qualsight.com\/es\/posibles-efectos-secundarios\/complicaciones-del-colgajo-de-cornea\/\" target=\"_self\">\n                    Complicaciones del colgajo de c\u00f3rnea                <\/a>\n            <\/li>\n                    <li>\n                <a href=\"https:\/\/www.qualsight.com\/es\/posibles-efectos-secundarios\/deslumbramientos-y-halos-de-vision\/\" target=\"_self\">\n                    Deslumbramientos y halos de visi\u00f3n                <\/a>\n            <\/li>\n                    <li>\n                <a href=\"https:\/\/www.qualsight.com\/es\/posibles-efectos-secundarios\/ojos-secos-despues-del-lasik\/\" target=\"_self\">\n                    Ojos secos despu\u00e9s del LASIK                <\/a>\n            <\/li>\n                    <li>\n                <a href=\"https:\/\/www.qualsight.com\/es\/posibles-efectos-secundarios\/procedimiento-post-lasik-dlk\/\" target=\"_self\">\n                    Procedimiento post-LASIK DLK                <\/a>\n            <\/li>\n            <\/ul>    \n<\/section>\n","protected":false},"excerpt":{"rendered":"<p>Riesgos del LASIK y complicaciones de la cirug\u00eda LASIK Como ocurre con cualquier procedimiento quir\u00fargico, existen riesgos asociados al LASIK, aunque la mayor\u00eda de los riesgos y complicaciones potenciales no ponen en peligro la visi\u00f3n de forma significativa. Datos recientes han demostrado que la tasa de complicaciones del LASIK es inferior al 1% y la [&hellip;]<\/p>\n","protected":false},"author":1,"featured_media":0,"parent":2833,"menu_order":0,"comment_status":"closed","ping_status":"closed","template":"","meta":{"_acf_changed":false,"footnotes":""},"class_list":["post-2843","page","type-page","status-publish","hentry"],"acf":[],"_links":{"self":[{"href":"https:\/\/www.qualsight.com\/es\/wp-json\/wp\/v2\/pages\/2843","targetHints":{"allow":["GET"]}}],"collection":[{"href":"https:\/\/www.qualsight.com\/es\/wp-json\/wp\/v2\/pages"}],"about":[{"href":"https:\/\/www.qualsight.com\/es\/wp-json\/wp\/v2\/types\/page"}],"author":[{"embeddable":true,"href":"https:\/\/www.qualsight.com\/es\/wp-json\/wp\/v2\/users\/1"}],"replies":[{"embeddable":true,"href":"https:\/\/www.qualsight.com\/es\/wp-json\/wp\/v2\/comments?post=2843"}],"version-history":[{"count":1,"href":"https:\/\/www.qualsight.com\/es\/wp-json\/wp\/v2\/pages\/2843\/revisions"}],"predecessor-version":[{"id":2844,"href":"https:\/\/www.qualsight.com\/es\/wp-json\/wp\/v2\/pages\/2843\/revisions\/2844"}],"up":[{"embeddable":true,"href":"https:\/\/www.qualsight.com\/es\/wp-json\/wp\/v2\/pages\/2833"}],"wp:attachment":[{"href":"https:\/\/www.qualsight.com\/es\/wp-json\/wp\/v2\/media?parent=2843"}],"curies":[{"name":"wp","href":"https:\/\/api.w.org\/{rel}","templated":true}]}}