{"id":2845,"date":"2024-11-07T14:27:32","date_gmt":"2024-11-07T22:27:32","guid":{"rendered":"https:\/\/www.qualsight.com\/posibles-efectos-secundarios\/procedimiento-post-lasik-dlk\/"},"modified":"2024-12-30T11:32:32","modified_gmt":"2024-12-30T19:32:32","slug":"procedimiento-post-lasik-dlk","status":"publish","type":"page","link":"https:\/\/www.qualsight.com\/es\/posibles-efectos-secundarios\/procedimiento-post-lasik-dlk\/","title":{"rendered":"Procedimiento post-LASIK DLK"},"content":{"rendered":"\n<p>La queratitis lamelar difusa (DLK) es una afecci\u00f3n posprocedimiento \u00fanica y relativamente rara tras la <a href=\"https:\/\/www.qualsight.com\/lasik-eye-surgery\">cirug\u00eda LASIK<\/a>. La DLK s\u00f3lo se produce en aproximadamente el 1% de los casos de complicaci\u00f3n. Se desconoce la causa de la DLK. Se han utilizado varios nombres, como Arenas del S\u00e1hara, para describir esta afecci\u00f3n. Se produce cuando se acumulan c\u00e9lulas inflamatorias bajo el colgajo corneal. Suele aparecer entre uno y tres d\u00edas despu\u00e9s de la intervenci\u00f3n LASIK. En la mayor\u00eda de los casos, los pacientes no experimentan ning\u00fan s\u00edntoma perceptible relacionado con la DLK. Por eso, la mayor\u00eda de los casos de DLK s\u00f3lo pueden detectarse con un examen m\u00e9dico.       <\/p>\n\n<h2 class=\"wp-block-heading\">Tratamiento precoz de la DLK<\/h2>\n\n<p>Cuando se detecta pronto, la DLK es una enfermedad f\u00e1cilmente tratable. Sin embargo, los pacientes deben saber que, aunque la mayor\u00eda de los casos desaparecen en las primeras 24 a 48 horas, pueden pasar varias semanas hasta que la enfermedad remita por completo. Cuando la DLK se detecta y trata precozmente, lo m\u00e1s frecuente es que la afecci\u00f3n se trate sin p\u00e9rdida visual significativa. \u00c9sta es una raz\u00f3n m\u00e1s por la que es imprescindible que todos los pacientes de LASIK mantengan el programa de ex\u00e1menes de seguimiento tras el procedimiento recomendado por su cirujano y por la que es muy importante acudir a tu cita postoperatoria de un d\u00eda.   <\/p>\n\n<p><a href=\"http:\/\/www.ncbi.nlm.nih.gov\/pmc\/articles\/PMC1501054\/\" target=\"_blank\" rel=\"noreferrer noopener\">Lee un caso pr\u00e1ctico de DLK post-LASIK.<\/a><\/p>\n<section \n    class=\"blocks block-quicklinks align \" \n    id=\"block_meta_6734efcf47303\" \n    style=\" \"\n>\n    <h3>Ver tambi\u00e9n<\/h3>\n    <ul>\n                    <li>\n                <a href=\"https:\/\/www.qualsight.com\/es\/posibles-efectos-secundarios\/\" target=\"_self\">\n                    Posibles efectos secundarios                <\/a>\n            <\/li>\n                    <li>\n                <a href=\"https:\/\/www.qualsight.com\/es\/posibles-efectos-secundarios\/correccion-por-exceso-o-por-defecto\/\" target=\"_self\">\n                    Correcci\u00f3n por exceso o por defecto                <\/a>\n            <\/li>\n                    <li>\n                <a href=\"https:\/\/www.qualsight.com\/es\/posibles-efectos-secundarios\/complicaciones-del-colgajo-de-cornea\/\" target=\"_self\">\n                    Complicaciones del colgajo de c\u00f3rnea                <\/a>\n            <\/li>\n                    <li>\n                <a href=\"https:\/\/www.qualsight.com\/es\/posibles-efectos-secundarios\/deslumbramientos-y-halos-de-vision\/\" target=\"_self\">\n                    Deslumbramientos y halos de visi\u00f3n                <\/a>\n            <\/li>\n                    <li>\n                <a href=\"https:\/\/www.qualsight.com\/es\/posibles-efectos-secundarios\/ojos-secos-despues-del-lasik\/\" target=\"_self\">\n                    Ojos secos despu\u00e9s del LASIK                <\/a>\n            <\/li>\n                    <li>\n                <a href=\"https:\/\/www.qualsight.com\/es\/posibles-efectos-secundarios\/riesgos-y-complicaciones-del-lasik\/\" target=\"_self\">\n                    Riesgos y complicaciones del LASIK                <\/a>\n            <\/li>\n            <\/ul>    \n<\/section>\n","protected":false},"excerpt":{"rendered":"<p>La queratitis lamelar difusa (DLK) es una afecci\u00f3n posprocedimiento \u00fanica y relativamente rara tras la cirug\u00eda LASIK. La DLK s\u00f3lo se produce en aproximadamente el 1% de los casos de complicaci\u00f3n. Se desconoce la causa de la DLK. Se han utilizado varios nombres, como Arenas del S\u00e1hara, para describir esta afecci\u00f3n. Se produce cuando se [&hellip;]<\/p>\n","protected":false},"author":1,"featured_media":0,"parent":2833,"menu_order":0,"comment_status":"closed","ping_status":"closed","template":"","meta":{"_acf_changed":false,"footnotes":""},"class_list":["post-2845","page","type-page","status-publish","hentry"],"acf":[],"_links":{"self":[{"href":"https:\/\/www.qualsight.com\/es\/wp-json\/wp\/v2\/pages\/2845","targetHints":{"allow":["GET"]}}],"collection":[{"href":"https:\/\/www.qualsight.com\/es\/wp-json\/wp\/v2\/pages"}],"about":[{"href":"https:\/\/www.qualsight.com\/es\/wp-json\/wp\/v2\/types\/page"}],"author":[{"embeddable":true,"href":"https:\/\/www.qualsight.com\/es\/wp-json\/wp\/v2\/users\/1"}],"replies":[{"embeddable":true,"href":"https:\/\/www.qualsight.com\/es\/wp-json\/wp\/v2\/comments?post=2845"}],"version-history":[{"count":1,"href":"https:\/\/www.qualsight.com\/es\/wp-json\/wp\/v2\/pages\/2845\/revisions"}],"predecessor-version":[{"id":2846,"href":"https:\/\/www.qualsight.com\/es\/wp-json\/wp\/v2\/pages\/2845\/revisions\/2846"}],"up":[{"embeddable":true,"href":"https:\/\/www.qualsight.com\/es\/wp-json\/wp\/v2\/pages\/2833"}],"wp:attachment":[{"href":"https:\/\/www.qualsight.com\/es\/wp-json\/wp\/v2\/media?parent=2845"}],"curies":[{"name":"wp","href":"https:\/\/api.w.org\/{rel}","templated":true}]}}