{"id":2847,"date":"2024-11-07T14:26:30","date_gmt":"2024-11-07T22:26:30","guid":{"rendered":"https:\/\/www.qualsight.com\/posibles-efectos-secundarios\/deslumbramientos-y-halos-de-vision\/"},"modified":"2024-12-30T11:33:00","modified_gmt":"2024-12-30T19:33:00","slug":"deslumbramientos-y-halos-de-vision","status":"publish","type":"page","link":"https:\/\/www.qualsight.com\/es\/posibles-efectos-secundarios\/deslumbramientos-y-halos-de-vision\/","title":{"rendered":"Deslumbramientos y halos de visi\u00f3n"},"content":{"rendered":"\n<h2 class=\"wp-block-heading\"><strong>Deslumbramiento y halos de visi\u00f3n<\/strong><\/h2>\n\n<p>El deslumbramiento y la disminuci\u00f3n de la sensibilidad al contraste son efectos secundarios frecuentes que se producen en los primeros d\u00edas tras <a href=\"https:\/\/www.qualsight.com\/lasik-eye-surgery\">la intervenci\u00f3n LASIK<\/a>. Normalmente, estos problemas disminuyen con el tiempo, a lo largo de las semanas y meses siguientes a la intervenci\u00f3n. El deslumbramiento visual es una sensaci\u00f3n de deslumbramiento producida por una luz relativamente brillante, que causa molestias f\u00edsicas y\/o interfiere en la agudeza visual. Los pacientes de LASIK suelen referir el deslumbramiento visual como halos o auras alrededor de las luces (sobre todo los faros delanteros y traseros de los veh\u00edculos por la noche) y destellos o rayas alrededor de las farolas.   <\/p>\n\n<h2 class=\"wp-block-heading\"><strong>Las pupilas afectan al deslumbramiento visual<\/strong><\/h2>\n\n<p>El tama\u00f1o de la pupila afectar\u00e1 a la calidad de tu visi\u00f3n despu\u00e9s de la cirug\u00eda LASIK. Los pacientes de cirug\u00eda l\u00e1ser con pupilas grandes pueden experimentar m\u00e1s halos de deslumbramiento que los pacientes con pupilas m\u00e1s peque\u00f1as. Dado que las pupilas se dilatan con la luz tenue, los pacientes de cirug\u00eda LASIK pueden notar una menor calidad de visi\u00f3n en un entorno oscuro en comparaci\u00f3n con un entorno bien iluminado.  <\/p>\n<section \n    class=\"blocks block-quicklinks align \" \n    id=\"block_meta_6734ef2690e23\" \n    style=\" \"\n>\n    <h3>Ver tambi\u00e9n<\/h3>\n    <ul>\n                    <li>\n                <a href=\"https:\/\/www.qualsight.com\/es\/posibles-efectos-secundarios\/\" target=\"_self\">\n                    Posibles efectos secundarios                <\/a>\n            <\/li>\n                    <li>\n                <a href=\"https:\/\/www.qualsight.com\/es\/posibles-efectos-secundarios\/correccion-por-exceso-o-por-defecto\/\" target=\"_self\">\n                    Correcci\u00f3n por exceso o por defecto                <\/a>\n            <\/li>\n                    <li>\n                <a href=\"https:\/\/www.qualsight.com\/es\/posibles-efectos-secundarios\/complicaciones-del-colgajo-de-cornea\/\" target=\"_self\">\n                    Complicaciones del colgajo de c\u00f3rnea                <\/a>\n            <\/li>\n                    <li>\n                <a href=\"https:\/\/www.qualsight.com\/es\/posibles-efectos-secundarios\/ojos-secos-despues-del-lasik\/\" target=\"_self\">\n                    Ojos secos despu\u00e9s del LASIK                <\/a>\n            <\/li>\n                    <li>\n                <a href=\"https:\/\/www.qualsight.com\/es\/posibles-efectos-secundarios\/procedimiento-post-lasik-dlk\/\" target=\"_self\">\n                    Procedimiento post-LASIK DLK                <\/a>\n            <\/li>\n                    <li>\n                <a href=\"https:\/\/www.qualsight.com\/es\/posibles-efectos-secundarios\/riesgos-y-complicaciones-del-lasik\/\" target=\"_self\">\n                    Riesgos y complicaciones del LASIK                <\/a>\n            <\/li>\n            <\/ul>    \n<\/section>\n","protected":false},"excerpt":{"rendered":"<p>Deslumbramiento y halos de visi\u00f3n El deslumbramiento y la disminuci\u00f3n de la sensibilidad al contraste son efectos secundarios frecuentes que se producen en los primeros d\u00edas tras la intervenci\u00f3n LASIK. Normalmente, estos problemas disminuyen con el tiempo, a lo largo de las semanas y meses siguientes a la intervenci\u00f3n. El deslumbramiento visual es una sensaci\u00f3n [&hellip;]<\/p>\n","protected":false},"author":1,"featured_media":0,"parent":2833,"menu_order":0,"comment_status":"closed","ping_status":"closed","template":"","meta":{"_acf_changed":false,"footnotes":""},"class_list":["post-2847","page","type-page","status-publish","hentry"],"acf":[],"_links":{"self":[{"href":"https:\/\/www.qualsight.com\/es\/wp-json\/wp\/v2\/pages\/2847","targetHints":{"allow":["GET"]}}],"collection":[{"href":"https:\/\/www.qualsight.com\/es\/wp-json\/wp\/v2\/pages"}],"about":[{"href":"https:\/\/www.qualsight.com\/es\/wp-json\/wp\/v2\/types\/page"}],"author":[{"embeddable":true,"href":"https:\/\/www.qualsight.com\/es\/wp-json\/wp\/v2\/users\/1"}],"replies":[{"embeddable":true,"href":"https:\/\/www.qualsight.com\/es\/wp-json\/wp\/v2\/comments?post=2847"}],"version-history":[{"count":1,"href":"https:\/\/www.qualsight.com\/es\/wp-json\/wp\/v2\/pages\/2847\/revisions"}],"predecessor-version":[{"id":2848,"href":"https:\/\/www.qualsight.com\/es\/wp-json\/wp\/v2\/pages\/2847\/revisions\/2848"}],"up":[{"embeddable":true,"href":"https:\/\/www.qualsight.com\/es\/wp-json\/wp\/v2\/pages\/2833"}],"wp:attachment":[{"href":"https:\/\/www.qualsight.com\/es\/wp-json\/wp\/v2\/media?parent=2847"}],"curies":[{"name":"wp","href":"https:\/\/api.w.org\/{rel}","templated":true}]}}