{"id":2849,"date":"2024-11-07T14:24:07","date_gmt":"2024-11-07T22:24:07","guid":{"rendered":"https:\/\/www.qualsight.com\/posibles-efectos-secundarios\/complicaciones-del-colgajo-de-cornea\/"},"modified":"2024-12-30T11:33:00","modified_gmt":"2024-12-30T19:33:00","slug":"complicaciones-del-colgajo-de-cornea","status":"publish","type":"page","link":"https:\/\/www.qualsight.com\/es\/posibles-efectos-secundarios\/complicaciones-del-colgajo-de-cornea\/","title":{"rendered":"Complicaciones del colgajo de c\u00f3rnea"},"content":{"rendered":"\n<h2 class=\"wp-block-heading\">Complicaciones y riesgos del LASIK<\/h2>\n\n<p>El primer paso del <a href=\"https:\/\/www.qualsight.com\/lasik-eye-surgery\">procedimiento LASIK<\/a> es crear un colgajo corneal. Suele hacerse con un instrumento quir\u00fargico llamado microqueratomo o con un l\u00e1ser llamado <a href=\"https:\/\/www.qualsight.com\/intralase-lasik\">IntraLase<\/a>. Se coloca un anillo en la superficie de la c\u00f3rnea y se mantiene en su sitio con succi\u00f3n. A continuaci\u00f3n, el microqueratomo o el IntraLase crean un colgajo dejando una peque\u00f1a bisagra para mantener el colgajo parcialmente unido al resto de la c\u00f3rnea.   <\/p>\n\n<p>Las investigaciones sugieren que la incidencia de complicaciones del LASIK con colgajos es de aproximadamente el 0,2% (0,002) de todas las cirug\u00edas LASIK (Estudio de las complicaciones del colgajo corneal del Instituto de la Visi\u00f3n Codet Aris). En la mayor\u00eda de los casos, las complicaciones del LASIK con colgajos no disminuyen permanentemente la agudeza visual. Cuando se produce una complicaci\u00f3n del colgajo, el cirujano suele detener la intervenci\u00f3n LASIK y recolocar el colgajo. La cirug\u00eda LASIK puede volver a programarse unos meses despu\u00e9s, una vez que el colgajo se haya curado, y algunos cirujanos pueden incluso continuar con la cirug\u00eda tras una complicaci\u00f3n LASIK el mismo d\u00eda cuando se utiliza el l\u00e1ser IntraLase.   <\/p>\n\n<h2 class=\"wp-block-heading\">Complicaciones del LASIK y riesgo de irregularidades del colgajo corneal<\/h2>\n\n<p>Pueden aparecer peque\u00f1as arrugas llamadas estr\u00edas en el colgajo corneal tras la cirug\u00eda LASIK. Normalmente no interfieren en la visi\u00f3n del paciente LASIK y no es necesario ning\u00fan tratamiento adicional. Sin embargo, a veces las estr\u00edas son lo bastante graves como para disminuir la agudeza visual. En tales casos, el cirujano puede levantar el colgajo, irrigar por debajo y volver a colocarlo en la posici\u00f3n adecuada. Este r\u00e1pido procedimiento suele bastar para corregir la complicaci\u00f3n del LASIK.    <\/p>\n\n<h2 class=\"wp-block-heading\">\u00bfQu\u00e9 causa las irregularidades del colgajo en las complicaciones del LASIK?<\/h2>\n\n<p>Hay varias causas de las irregularidades y estr\u00edas del colgajo. Parecen ser m\u00e1s frecuentes cuando el LASIK se realiza en ojos muy miopes. A veces, frotarse los p\u00e1rpados antes de que el colgajo haya tenido oportunidad de adherirse puede causar arrugas sutiles. Los pacientes pueden reducir este riesgo evitando frotarse los ojos durante varias semanas despu\u00e9s de la intervenci\u00f3n. Tambi\u00e9n pueden producirse complicaciones del LASIK si se pierde la succi\u00f3n al crear el colgajo.    <\/p>\n\n<h2 class=\"wp-block-heading\">Complicaciones del LASIK con c\u00f3rneas<\/h2>\n\n<ul class=\"wp-block-list\">\n<li>Colgajos corneales incompletos o irregulares<\/li>\n\n\n\n<li>Solapas demasiado peque\u00f1as o demasiado finas<\/li>\n\n\n\n<li>Ojales (peque\u00f1os agujeros o desgarros en el centro de la solapa)<\/li>\n\n\n\n<li>Tapas libres (solapas sin bisagra)<\/li>\n<\/ul>\n<section \n    class=\"blocks block-quicklinks align \" \n    id=\"block_meta_6734eee46889d\" \n    style=\" \"\n>\n    <h3>Ver tambi\u00e9n<\/h3>\n    <ul>\n                    <li>\n                <a href=\"https:\/\/www.qualsight.com\/es\/posibles-efectos-secundarios\/\" target=\"_self\">\n                    Posibles efectos secundarios                <\/a>\n            <\/li>\n                    <li>\n                <a href=\"https:\/\/www.qualsight.com\/es\/posibles-efectos-secundarios\/correccion-por-exceso-o-por-defecto\/\" target=\"_self\">\n                    Correcci\u00f3n por exceso o por defecto                <\/a>\n            <\/li>\n                    <li>\n                <a href=\"https:\/\/www.qualsight.com\/es\/posibles-efectos-secundarios\/deslumbramientos-y-halos-de-vision\/\" target=\"_self\">\n                    Deslumbramientos y halos de visi\u00f3n                <\/a>\n            <\/li>\n                    <li>\n                <a href=\"https:\/\/www.qualsight.com\/es\/posibles-efectos-secundarios\/ojos-secos-despues-del-lasik\/\" target=\"_self\">\n                    Ojos secos despu\u00e9s del LASIK                <\/a>\n            <\/li>\n                    <li>\n                <a href=\"https:\/\/www.qualsight.com\/es\/posibles-efectos-secundarios\/procedimiento-post-lasik-dlk\/\" target=\"_self\">\n                    Procedimiento post-LASIK DLK                <\/a>\n            <\/li>\n                    <li>\n                <a href=\"https:\/\/www.qualsight.com\/es\/posibles-efectos-secundarios\/riesgos-y-complicaciones-del-lasik\/\" target=\"_self\">\n                    Riesgos y complicaciones del LASIK                <\/a>\n            <\/li>\n            <\/ul>    \n<\/section>\n","protected":false},"excerpt":{"rendered":"<p>Complicaciones y riesgos del LASIK El primer paso del procedimiento LASIK es crear un colgajo corneal. Suele hacerse con un instrumento quir\u00fargico llamado microqueratomo o con un l\u00e1ser llamado IntraLase. Se coloca un anillo en la superficie de la c\u00f3rnea y se mantiene en su sitio con succi\u00f3n. A continuaci\u00f3n, el microqueratomo o el IntraLase [&hellip;]<\/p>\n","protected":false},"author":1,"featured_media":0,"parent":2833,"menu_order":0,"comment_status":"closed","ping_status":"closed","template":"","meta":{"_acf_changed":false,"footnotes":""},"class_list":["post-2849","page","type-page","status-publish","hentry"],"acf":[],"_links":{"self":[{"href":"https:\/\/www.qualsight.com\/es\/wp-json\/wp\/v2\/pages\/2849","targetHints":{"allow":["GET"]}}],"collection":[{"href":"https:\/\/www.qualsight.com\/es\/wp-json\/wp\/v2\/pages"}],"about":[{"href":"https:\/\/www.qualsight.com\/es\/wp-json\/wp\/v2\/types\/page"}],"author":[{"embeddable":true,"href":"https:\/\/www.qualsight.com\/es\/wp-json\/wp\/v2\/users\/1"}],"replies":[{"embeddable":true,"href":"https:\/\/www.qualsight.com\/es\/wp-json\/wp\/v2\/comments?post=2849"}],"version-history":[{"count":1,"href":"https:\/\/www.qualsight.com\/es\/wp-json\/wp\/v2\/pages\/2849\/revisions"}],"predecessor-version":[{"id":2850,"href":"https:\/\/www.qualsight.com\/es\/wp-json\/wp\/v2\/pages\/2849\/revisions\/2850"}],"up":[{"embeddable":true,"href":"https:\/\/www.qualsight.com\/es\/wp-json\/wp\/v2\/pages\/2833"}],"wp:attachment":[{"href":"https:\/\/www.qualsight.com\/es\/wp-json\/wp\/v2\/media?parent=2849"}],"curies":[{"name":"wp","href":"https:\/\/api.w.org\/{rel}","templated":true}]}}