{"id":2851,"date":"2024-11-07T14:23:40","date_gmt":"2024-11-07T22:23:40","guid":{"rendered":"https:\/\/www.qualsight.com\/posibles-efectos-secundarios\/correccion-por-exceso-o-por-defecto\/"},"modified":"2024-12-30T11:33:00","modified_gmt":"2024-12-30T19:33:00","slug":"correccion-por-exceso-o-por-defecto","status":"publish","type":"page","link":"https:\/\/www.qualsight.com\/es\/posibles-efectos-secundarios\/correccion-por-exceso-o-por-defecto\/","title":{"rendered":"Correcci\u00f3n por exceso o por defecto"},"content":{"rendered":"\n<h2 class=\"wp-block-heading\">Sobrecorrecci\u00f3n e Infracorrecci\u00f3n de la Visi\u00f3n<\/h2>\n\n<p>Las personas son \u00fanicas. En consecuencia, cada ojo es \u00fanico y puede manejar el proceso de cicatrizaci\u00f3n <a href=\"https:\/\/www.qualsight.com\/lasik-eye-surgery\">LASIK<\/a> de forma ligeramente distinta. El plan de tratamiento de los pacientes de LASIK se basa en las respuestas de cicatrizaci\u00f3n medias de las personas que se han sometido previamente a cirug\u00eda ocular LASIK. Los pacientes de cicatrizaci\u00f3n agresiva pueden sufrir una correcci\u00f3n insuficiente del cristalino, y los de cicatrizaci\u00f3n lenta, una correcci\u00f3n excesiva.   <\/p>\n\n<h2 class=\"wp-block-heading\">Corregir la sobrecorrecci\u00f3n e infracorrecci\u00f3n de la lente<\/h2>\n\n<p>En general, el tratamiento de niveles de correcci\u00f3n m\u00e1s altos produce una mayor probabilidad de experimentar una sobrecorrecci\u00f3n o una hipercorrecci\u00f3n de la lente. En la mayor\u00eda de los casos, tanto la hipercorrecci\u00f3n como la hipercorrecci\u00f3n pueden tratarse con un procedimiento de aumento o retratamiento. Sin embargo, los ojos con c\u00f3rneas muy finas o empinadas, o con un alto grado de defectos refractivos, pueden no ser aptos para una mejora. Por tanto, los pacientes deben asegurarse de hablar con sus m\u00e9dicos sobre su posible elegibilidad para una mejora. En los pocos casos en que un retratamiento no es una opci\u00f3n, pueden utilizarse con \u00e9xito gafas o lentes de contacto para corregir la sobrecorrecci\u00f3n o la hipercorrecci\u00f3n.    <\/p>\n<section \n    class=\"blocks block-quicklinks align \" \n    id=\"block_meta_6734ee9eeb550\" \n    style=\" \"\n>\n    <h3>Ver tambi\u00e9n<\/h3>\n    <ul>\n                    <li>\n                <a href=\"https:\/\/www.qualsight.com\/es\/posibles-efectos-secundarios\/\" target=\"_self\">\n                    Posibles efectos secundarios                <\/a>\n            <\/li>\n                    <li>\n                <a href=\"https:\/\/www.qualsight.com\/es\/posibles-efectos-secundarios\/complicaciones-del-colgajo-de-cornea\/\" target=\"_self\">\n                    Complicaciones del colgajo de c\u00f3rnea                <\/a>\n            <\/li>\n                    <li>\n                <a href=\"https:\/\/www.qualsight.com\/es\/posibles-efectos-secundarios\/deslumbramientos-y-halos-de-vision\/\" target=\"_self\">\n                    Deslumbramientos y halos de visi\u00f3n                <\/a>\n            <\/li>\n                    <li>\n                <a href=\"https:\/\/www.qualsight.com\/es\/posibles-efectos-secundarios\/ojos-secos-despues-del-lasik\/\" target=\"_self\">\n                    Ojos secos despu\u00e9s del LASIK                <\/a>\n            <\/li>\n                    <li>\n                <a href=\"https:\/\/www.qualsight.com\/es\/posibles-efectos-secundarios\/procedimiento-post-lasik-dlk\/\" target=\"_self\">\n                    Procedimiento post-LASIK DLK                <\/a>\n            <\/li>\n                    <li>\n                <a href=\"https:\/\/www.qualsight.com\/es\/posibles-efectos-secundarios\/riesgos-y-complicaciones-del-lasik\/\" target=\"_self\">\n                    Riesgos y complicaciones del LASIK                <\/a>\n            <\/li>\n            <\/ul>    \n<\/section>\n","protected":false},"excerpt":{"rendered":"<p>Sobrecorrecci\u00f3n e Infracorrecci\u00f3n de la Visi\u00f3n Las personas son \u00fanicas. En consecuencia, cada ojo es \u00fanico y puede manejar el proceso de cicatrizaci\u00f3n LASIK de forma ligeramente distinta. El plan de tratamiento de los pacientes de LASIK se basa en las respuestas de cicatrizaci\u00f3n medias de las personas que se han sometido previamente a cirug\u00eda [&hellip;]<\/p>\n","protected":false},"author":1,"featured_media":0,"parent":2833,"menu_order":0,"comment_status":"closed","ping_status":"closed","template":"","meta":{"_acf_changed":false,"footnotes":""},"class_list":["post-2851","page","type-page","status-publish","hentry"],"acf":[],"_links":{"self":[{"href":"https:\/\/www.qualsight.com\/es\/wp-json\/wp\/v2\/pages\/2851","targetHints":{"allow":["GET"]}}],"collection":[{"href":"https:\/\/www.qualsight.com\/es\/wp-json\/wp\/v2\/pages"}],"about":[{"href":"https:\/\/www.qualsight.com\/es\/wp-json\/wp\/v2\/types\/page"}],"author":[{"embeddable":true,"href":"https:\/\/www.qualsight.com\/es\/wp-json\/wp\/v2\/users\/1"}],"replies":[{"embeddable":true,"href":"https:\/\/www.qualsight.com\/es\/wp-json\/wp\/v2\/comments?post=2851"}],"version-history":[{"count":1,"href":"https:\/\/www.qualsight.com\/es\/wp-json\/wp\/v2\/pages\/2851\/revisions"}],"predecessor-version":[{"id":2852,"href":"https:\/\/www.qualsight.com\/es\/wp-json\/wp\/v2\/pages\/2851\/revisions\/2852"}],"up":[{"embeddable":true,"href":"https:\/\/www.qualsight.com\/es\/wp-json\/wp\/v2\/pages\/2833"}],"wp:attachment":[{"href":"https:\/\/www.qualsight.com\/es\/wp-json\/wp\/v2\/media?parent=2851"}],"curies":[{"name":"wp","href":"https:\/\/api.w.org\/{rel}","templated":true}]}}