{"id":2853,"date":"2024-11-07T14:06:55","date_gmt":"2024-11-07T22:06:55","guid":{"rendered":"https:\/\/www.qualsight.com\/despues-de-la-cirugia-lasik\/"},"modified":"2024-12-30T11:27:51","modified_gmt":"2024-12-30T19:27:51","slug":"despues-de-la-cirugia-lasik","status":"publish","type":"page","link":"https:\/\/www.qualsight.com\/es\/antes-durante-y-despues\/despues-de-la-cirugia-lasik\/","title":{"rendered":"Despu\u00e9s de la cirug\u00eda LASIK"},"content":{"rendered":"\n<h2 class=\"wp-block-heading\">Despu\u00e9s de la cirug\u00eda LASIK &#8211; Experiencias comunes<\/h2>\n\n<p>Despu\u00e9s de la cirug\u00eda ocular LASIK, lo m\u00e1s probable es que tu visi\u00f3n mejore considerablemente, aunque puede que no sea n\u00edtida durante las primeras horas. Durante las primeras horas despu\u00e9s de la cirug\u00eda LASIK, es probable que experimentes una ligera sensaci\u00f3n similar a tener una pesta\u00f1a en el ojo. Si experimentas alguna molestia despu\u00e9s de la cirug\u00eda LASIK, puedes tomar Tylenol, Advil, Motrin o analg\u00e9sicos similares. No te alarmes si experimentas sensibilidad a la luz, lagrimeo y\/o sensaci\u00f3n de ojo seco durante las primeras semanas tras la intervenci\u00f3n. Todos ellos son s\u00edntomas habituales y forman parte del proceso de curaci\u00f3n postoperatoria. A la ma\u00f1ana siguiente de la intervenci\u00f3n LASIK, deber\u00edas notar un cambio positivo en tu visi\u00f3n. Adem\u00e1s, acudir\u00e1s a la consulta del cirujano especialista en LASIK para la primera visita postoperatoria, en la que el m\u00e9dico te examinar\u00e1 los ojos y te guiar\u00e1 en el proceso de curaci\u00f3n.        <\/p>\n\n<p>La mayor\u00eda de los pacientes pueden ver 20\/40 o mejor despu\u00e9s de la cirug\u00eda LASIK e incluso pueden sentirse lo bastante c\u00f3modos para conducir al d\u00eda siguiente. Es importante acudir a todas las visitas postoperatorias despu\u00e9s de la cirug\u00eda LASIK, ya que las fluctuaciones de la visi\u00f3n y la sequedad temporal son frecuentes despu\u00e9s de la intervenci\u00f3n. Es posible que te receten gotas oculares despu\u00e9s de la intervenci\u00f3n para aliviar cualquier molestia. Mant\u00e9n los ojos alejados de cualquier irritante durante las primeras semanas posteriores a la cirug\u00eda LASIK. Evita especialmente que te entren objetos o sustancias extra\u00f1as en el ojo durante la primera semana despu\u00e9s de la cirug\u00eda LASIK que no sean gotas oculares. Adem\u00e1s, es importante que no lleves maquillaje en los ojos durante una semana despu\u00e9s de la intervenci\u00f3n. Puedes lavarte la cara con agua y jab\u00f3n, pero evita que te entre agua jabonosa en los ojos.      <\/p>\n\n<h2 class=\"wp-block-heading\">Despu\u00e9s de la cirug\u00eda LASIK &#8211; Actividad f\u00edsica<\/h2>\n\n<p>Ya el primer d\u00eda despu\u00e9s de la intervenci\u00f3n, puedes reanudar el footing, el levantamiento de pesas o los ejercicios aer\u00f3bicos, pero no aumentes el nivel de ejercicio durante dos semanas. Por tu propia protecci\u00f3n, evita las actividades de alto contacto durante el primer mes despu\u00e9s de la intervenci\u00f3n, como el alpinismo, el submarinismo o los deportes de raqueta. Cuando tus ojos se hayan curado, se recomienda que lleves gafas protectoras cuando practiques deportes de contacto o de raqueta para proteger tus nuevos ojos. Evita nadar, los jacuzzis, las saunas o cualquier otro contacto con agua contaminada durante varias semanas despu\u00e9s de la intervenci\u00f3n.   <\/p>\n\n<h2 class=\"wp-block-heading\">Mejoras LASIK &#8211; Necesarias en el 3% al 5% de los pacientes<\/h2>\n\n<p>Por ello, nuestros <a href=\"https:\/\/www.qualsight.com\/lasik-doctors\">Proveedores<\/a> Participantes ofrecen un programa de mejora del LASIK de un a\u00f1o de duraci\u00f3n, el \u00abPlan de Garant\u00eda para Proveedores\u00bb, sin coste adicional. La participaci\u00f3n de los proveedores puede variar y los detalles y requisitos generales de nuestros Planes de Garant\u00eda para Proveedores Participantes est\u00e1n disponibles m\u00e1s abajo. <\/p>\n\n<h2 class=\"wp-block-heading\">Plan de garant\u00eda de un a\u00f1o<\/h2>\n\n<p>Los \u00abPlanes de garant\u00eda\u00bb LASIK proporcionan a nuestros afiliados retratamientos durante el primer a\u00f1o tras la cirug\u00eda inicial sin coste alguno para los servicios m\u00e9dicos; sin embargo, el afiliado debe pagar la cuota de licencia del fabricante de la tarjeta l\u00e1ser (entre 200 y 330 $ por ojo). La participaci\u00f3n de los proveedores puede variar. <\/p>\n\n<h2 class=\"wp-block-heading\">Planes de garant\u00eda de por vida<\/h2>\n\n<p>Cualquier afiliado que adquiera un <a href=\"https:\/\/www.qualsight.com\/lasik-lifetime-assurance-plan\">Plan de Mejoras de por Vida<\/a> de uno de nuestros Proveedores, obtiene retoques LASIK sin coste alguno no s\u00f3lo durante el primer a\u00f1o tras la cirug\u00eda <a href=\"https:\/\/www.qualsight.com\/lasik-eye-surgery\">LASIK <\/a>(incluida la ausencia de cuota de licencia del fabricante), sino tambi\u00e9n en los a\u00f1os siguientes, siempre que sean m\u00e9dicamente aconsejables. La participaci\u00f3n de los proveedores puede variar a la hora de ofrecer retoques LASIK despu\u00e9s de 10 a\u00f1os. Habla del \u00e9xito del retratamiento LASIK y de los riesgos de las mejoras LASIK con el cirujano LASIK tratante.  <\/p>\n<section \n    class=\"blocks block-quicklinks align \" \n    id=\"block_meta_6734cb58e1c16\" \n    style=\" \"\n>\n    <h3>Ver tambi\u00e9n<\/h3>\n    <ul>\n                    <li>\n                <a href=\"https:\/\/www.qualsight.com\/es\/antes-durante-y-despues\/\" target=\"_self\">\n                    Antes, durante y despu\u00e9s                <\/a>\n            <\/li>\n                    <li>\n                <a href=\"https:\/\/www.qualsight.com\/es\/antes-durante-y-despues\/antes-de-la-cirugia-lasik\/\" target=\"_self\">\n                    Antes de la cirug\u00eda LASIK                <\/a>\n            <\/li>\n                    <li>\n                <a href=\"https:\/\/www.qualsight.com\/es\/antes-durante-y-despues\/durante-la-cirugia-lasik\/\" target=\"_self\">\n                    Durante la cirug\u00eda LASIK                <\/a>\n            <\/li>\n            <\/ul>    \n<\/section>\n","protected":false},"excerpt":{"rendered":"<p>Despu\u00e9s de la cirug\u00eda LASIK &#8211; Experiencias comunes Despu\u00e9s de la cirug\u00eda ocular LASIK, lo m\u00e1s probable es que tu visi\u00f3n mejore considerablemente, aunque puede que no sea n\u00edtida durante las primeras horas. Durante las primeras horas despu\u00e9s de la cirug\u00eda LASIK, es probable que experimentes una ligera sensaci\u00f3n similar a tener una pesta\u00f1a en [&hellip;]<\/p>\n","protected":false},"author":1,"featured_media":0,"parent":2859,"menu_order":0,"comment_status":"closed","ping_status":"closed","template":"","meta":{"_acf_changed":false,"footnotes":""},"class_list":["post-2853","page","type-page","status-publish","hentry"],"acf":[],"_links":{"self":[{"href":"https:\/\/www.qualsight.com\/es\/wp-json\/wp\/v2\/pages\/2853","targetHints":{"allow":["GET"]}}],"collection":[{"href":"https:\/\/www.qualsight.com\/es\/wp-json\/wp\/v2\/pages"}],"about":[{"href":"https:\/\/www.qualsight.com\/es\/wp-json\/wp\/v2\/types\/page"}],"author":[{"embeddable":true,"href":"https:\/\/www.qualsight.com\/es\/wp-json\/wp\/v2\/users\/1"}],"replies":[{"embeddable":true,"href":"https:\/\/www.qualsight.com\/es\/wp-json\/wp\/v2\/comments?post=2853"}],"version-history":[{"count":1,"href":"https:\/\/www.qualsight.com\/es\/wp-json\/wp\/v2\/pages\/2853\/revisions"}],"predecessor-version":[{"id":2854,"href":"https:\/\/www.qualsight.com\/es\/wp-json\/wp\/v2\/pages\/2853\/revisions\/2854"}],"up":[{"embeddable":true,"href":"https:\/\/www.qualsight.com\/es\/wp-json\/wp\/v2\/pages\/2859"}],"wp:attachment":[{"href":"https:\/\/www.qualsight.com\/es\/wp-json\/wp\/v2\/media?parent=2853"}],"curies":[{"name":"wp","href":"https:\/\/api.w.org\/{rel}","templated":true}]}}