{"id":2857,"date":"2024-11-07T14:05:44","date_gmt":"2024-11-07T22:05:44","guid":{"rendered":"https:\/\/www.qualsight.com\/antes-de-la-cirugia-lasik\/"},"modified":"2024-12-30T11:27:51","modified_gmt":"2024-12-30T19:27:51","slug":"antes-de-la-cirugia-lasik","status":"publish","type":"page","link":"https:\/\/www.qualsight.com\/es\/antes-durante-y-despues\/antes-de-la-cirugia-lasik\/","title":{"rendered":"Antes de la cirug\u00eda LASIK"},"content":{"rendered":"\n<h2 class=\"wp-block-heading\">Explicaci\u00f3n de la cirug\u00eda LASIK<\/h2>\n\n<p>Tendr\u00e1s que elegir un cirujano especialista en LASIK y someterte a una evaluaci\u00f3n exhaustiva para determinar si eres un buen candidato para la cirug\u00eda LASIK. Como parte del examen de cirug\u00eda LASIK, rellenar\u00e1s formularios y responder\u00e1s a preguntas relacionadas con cualquier problema de salud que puedas tener. Ciertos problemas de salud, como la sequedad ocular cr\u00f3nica, pueden descalificarte como candidato para la cirug\u00eda <a href=\"https:\/\/www.qualsight.com\/lasik-eye-surgery\">LASIK<\/a> y otros procedimientos oculares con l\u00e1ser.<\/p>\n\n<p>La cirug\u00eda LASIK se considera una cirug\u00eda electiva, por lo que la mayor\u00eda de los planes de seguros no cubren el procedimiento. Debes consultar con el administrador de tu plan y considerar c\u00f3mo piensas pagar la cirug\u00eda LASIK por adelantado.<\/p>\n\n<p>Durante la evaluaci\u00f3n, el m\u00e9dico valorar\u00e1 la salud de la superficie externa de tu ojo, donde tendr\u00e1 lugar el tratamiento con l\u00e1ser. Al dilatar la pupila, el m\u00e9dico tambi\u00e9n examinar\u00e1 las regiones internas del ojo, incluida la retina, para detectar posibles problemas. A continuaci\u00f3n, el m\u00e9dico especialista en LASIK evaluar\u00e1 tu graduaci\u00f3n ocular, determinar\u00e1 la cantidad correcta de correcci\u00f3n visual necesaria y hablar\u00e1 de los posibles riesgos de la cirug\u00eda LASIK.  <\/p>\n\n<p>En la mayor\u00eda de los casos, se utilizar\u00e1 un top\u00f3grafo corneal para trazar la forma de la c\u00f3rnea. El top\u00f3grafo mostrar\u00e1 cualquier irregularidad de forma que deba tratarse durante la cirug\u00eda LASIK. Una vez completado esto, el m\u00e9dico suele repasar el formulario de consentimiento informado quir\u00fargico y, a continuaci\u00f3n, programa la intervenci\u00f3n LASIK.  <\/p>\n\n<p>La cirug\u00eda LASIK es indolora y el procedimiento LASIK completo durar\u00e1 unos 15-20 minutos. En realidad, el l\u00e1ser s\u00f3lo se utiliza durante menos de un minuto y, antes de la intervenci\u00f3n, el m\u00e9dico te administrar\u00e1 un colirio anest\u00e9sico para que no sientas la intervenci\u00f3n.<\/p>\n<section \n    class=\"blocks block-quicklinks align \" \n    id=\"block_meta_6734ca7eadccc\" \n    style=\" \"\n>\n    <h3>Ver tambi\u00e9n<\/h3>\n    <ul>\n                    <li>\n                <a href=\"https:\/\/www.qualsight.com\/es\/antes-durante-y-despues\/\" target=\"_self\">\n                    Antes, durante y despu\u00e9s                <\/a>\n            <\/li>\n                    <li>\n                <a href=\"https:\/\/www.qualsight.com\/es\/antes-durante-y-despues\/durante-la-cirugia-lasik\/\" target=\"_self\">\n                    Durante la cirug\u00eda LASIK                <\/a>\n            <\/li>\n                    <li>\n                <a href=\"https:\/\/www.qualsight.com\/es\/antes-durante-y-despues\/despues-de-la-cirugia-lasik\/\" target=\"_self\">\n                    Despu\u00e9s de la cirug\u00eda LASIK                <\/a>\n            <\/li>\n            <\/ul>    \n<\/section>\n","protected":false},"excerpt":{"rendered":"<p>Explicaci\u00f3n de la cirug\u00eda LASIK Tendr\u00e1s que elegir un cirujano especialista en LASIK y someterte a una evaluaci\u00f3n exhaustiva para determinar si eres un buen candidato para la cirug\u00eda LASIK. Como parte del examen de cirug\u00eda LASIK, rellenar\u00e1s formularios y responder\u00e1s a preguntas relacionadas con cualquier problema de salud que puedas tener. Ciertos problemas de [&hellip;]<\/p>\n","protected":false},"author":1,"featured_media":0,"parent":2859,"menu_order":0,"comment_status":"closed","ping_status":"closed","template":"","meta":{"_acf_changed":false,"footnotes":""},"class_list":["post-2857","page","type-page","status-publish","hentry"],"acf":[],"_links":{"self":[{"href":"https:\/\/www.qualsight.com\/es\/wp-json\/wp\/v2\/pages\/2857","targetHints":{"allow":["GET"]}}],"collection":[{"href":"https:\/\/www.qualsight.com\/es\/wp-json\/wp\/v2\/pages"}],"about":[{"href":"https:\/\/www.qualsight.com\/es\/wp-json\/wp\/v2\/types\/page"}],"author":[{"embeddable":true,"href":"https:\/\/www.qualsight.com\/es\/wp-json\/wp\/v2\/users\/1"}],"replies":[{"embeddable":true,"href":"https:\/\/www.qualsight.com\/es\/wp-json\/wp\/v2\/comments?post=2857"}],"version-history":[{"count":1,"href":"https:\/\/www.qualsight.com\/es\/wp-json\/wp\/v2\/pages\/2857\/revisions"}],"predecessor-version":[{"id":2858,"href":"https:\/\/www.qualsight.com\/es\/wp-json\/wp\/v2\/pages\/2857\/revisions\/2858"}],"up":[{"embeddable":true,"href":"https:\/\/www.qualsight.com\/es\/wp-json\/wp\/v2\/pages\/2859"}],"wp:attachment":[{"href":"https:\/\/www.qualsight.com\/es\/wp-json\/wp\/v2\/media?parent=2857"}],"curies":[{"name":"wp","href":"https:\/\/api.w.org\/{rel}","templated":true}]}}