{"id":2859,"date":"2024-11-07T14:05:13","date_gmt":"2024-11-07T22:05:13","guid":{"rendered":"https:\/\/www.qualsight.com\/antes-durante-y-despues\/"},"modified":"2024-12-30T11:26:56","modified_gmt":"2024-12-30T19:26:56","slug":"antes-durante-y-despues","status":"publish","type":"page","link":"https:\/\/www.qualsight.com\/es\/antes-durante-y-despues\/","title":{"rendered":"Antes, durante y despu\u00e9s"},"content":{"rendered":"\n<h2 class=\"wp-block-heading\">El examen ocular LASIK inicial puede incluir las siguientes pruebas<\/h2>\n\n<p>Antes de someterse a la <a href=\"https:\/\/www.qualsight.com\/lasik-eye-surgery\">cirug\u00eda ocular LASIK<\/a>, los posibles pacientes deben someterse a un examen ocular LASIK para determinar si son candidatos potenciales a la cirug\u00eda LASIK. Durante este examen, el m\u00e9dico utilizar\u00e1 gotas para dilatar el ojo del paciente, lo que le permitir\u00e1 examinarlo m\u00e1s a fondo. Las gotas provocar\u00e1n una visi\u00f3n brillante y borrosa durante 4-6 horas, por lo que el paciente deber\u00e1 utilizar gafas de sol o pedir a alguien que le lleve a casa. Adem\u00e1s, el m\u00e9dico especialista en LASIK comprueba el grosor de la c\u00f3rnea, el tama\u00f1o de la pupila, la producci\u00f3n de l\u00e1grimas y la estabilidad del defecto refractivo. Todos estos factores se tienen en cuenta al determinar si un paciente es candidato a la cirug\u00eda ocular LASIK.    <\/p>\n\n<p>Una vez que se determina que un paciente es un buen candidato para el LASIK, se le someter\u00e1 a un examen ocular LASIK preoperatorio para medir su error refractivo y determinar el mejor tratamiento LASIK. Para este examen LASIK es preferible que los pacientes no lleven lentes de contacto en los d\u00edas o semanas previos al examen, para garantizar que el m\u00e9dico obtenga las mediciones m\u00e1s precisas antes de la cirug\u00eda LASIK. <\/p>\n\n<h2 class=\"wp-block-heading\">Medici\u00f3n del Error Refractivo, la Topograf\u00eda Corneal y el Grosor Corneal<\/h2>\n\n<p>Esta parte del examen ocular preoperatorio inicial LASIK medir\u00e1 con precisi\u00f3n la graduaci\u00f3n del paciente. Para que un paciente sea considerado un buen candidato para la cirug\u00eda ocular LASIK, debe tener un error refractivo que se haya mantenido estable durante m\u00e1s de un a\u00f1o. Se utiliza un dispositivo, conocido como top\u00f3grafo corneal, para medir la curvatura del ojo y crear un mapa del mismo antes de la cirug\u00eda LASIK. Esto ayuda al m\u00e9dico a determinar las especificaciones para la cirug\u00eda. Las c\u00f3rneas finas pueden causar complicaciones y eliminar la elegibilidad de un paciente para la cirug\u00eda ocular LASIK, por lo que muchos cirujanos oculares especialistas en LASIK recomendar\u00e1n otros m\u00e9todos de correcci\u00f3n de la visi\u00f3n para estos pacientes.    <\/p>\n\n<h2 class=\"wp-block-heading\">Medici\u00f3n de la Pupila, An\u00e1lisis de la Funci\u00f3n del Conducto Lagrimal y An\u00e1lisis del Frente de Onda<\/h2>\n\n<p>El tama\u00f1o de la pupila se mide y se tiene en cuenta al determinar la idoneidad de un paciente para la cirug\u00eda ocular LASIK. Algunos pacientes con pupilas m\u00e1s grandes pueden correr el riesgo de sufrir posibles efectos secundarios, como deslumbramientos o halos, despu\u00e9s del LASIK. Adem\u00e1s, durante un examen preoperatorio de LASIK, el m\u00e9dico comprueba la producci\u00f3n de l\u00e1grimas. Los pacientes con ojos secos por naturaleza pueden tener riesgo potencial de sufrir complicaciones relacionadas con la sequedad ocular tras la cirug\u00eda. Tambi\u00e9n es posible que el m\u00e9dico realice un An\u00e1lisis de Frente de Onda <a href=\"https:\/\/www.qualsight.com\/custom-wavefront-lasik-procedure\">Personalizado<\/a> durante una visita pre-LASIK.    <\/p>\n\n<p>Este an\u00e1lisis crea un \u00abplano\u00bb que puede utilizarse para dise\u00f1ar a medida la correcci\u00f3n visual. Un examen ocular convencional es subjetivo porque se basa en las respuestas del paciente y en c\u00f3mo cree que ve. La tecnolog\u00eda de frente de onda se utiliza como un examen ocular m\u00e1s objetivo porque, en lugar de basarse en la discreci\u00f3n del paciente, identifica los errores de visi\u00f3n bas\u00e1ndose en la forma en que la luz viaja a trav\u00e9s del ojo.  <\/p>\n\n<h2 class=\"wp-block-heading\">Debate sobre el historial m\u00e9dico y el estilo de vida<\/h2>\n\n<p>Esta es la oportunidad que tiene el paciente de informar al m\u00e9dico de cualquier enfermedad preexistente y de hacerle preguntas. Durante esta parte del examen preoperatorio LASIK, el m\u00e9dico tambi\u00e9n debe comentar cualquier cambio en el estilo de vida que deba hacerse durante el periodo de recuperaci\u00f3n tras la cirug\u00eda ocular LASIK. <\/p>\n<section \n    class=\"blocks block-quicklinks align \" \n    id=\"block_meta_6734ca3c29de0\" \n    style=\" \"\n>\n    <h3>Ver tambi\u00e9n<\/h3>\n    <ul>\n                    <li>\n                <a href=\"https:\/\/www.qualsight.com\/es\/antes-durante-y-despues\/antes-de-la-cirugia-lasik\/\" target=\"_self\">\n                    Antes de la cirug\u00eda LASIK                <\/a>\n            <\/li>\n                    <li>\n                <a href=\"https:\/\/www.qualsight.com\/es\/antes-durante-y-despues\/durante-la-cirugia-lasik\/\" target=\"_self\">\n                    Durante la cirug\u00eda LASIK                <\/a>\n            <\/li>\n                    <li>\n                <a href=\"https:\/\/www.qualsight.com\/es\/antes-durante-y-despues\/despues-de-la-cirugia-lasik\/\" target=\"_self\">\n                    Despu\u00e9s de la cirug\u00eda LASIK                <\/a>\n            <\/li>\n            <\/ul>    \n<\/section>\n","protected":false},"excerpt":{"rendered":"<p>El examen ocular LASIK inicial puede incluir las siguientes pruebas Antes de someterse a la cirug\u00eda ocular LASIK, los posibles pacientes deben someterse a un examen ocular LASIK para determinar si son candidatos potenciales a la cirug\u00eda LASIK. Durante este examen, el m\u00e9dico utilizar\u00e1 gotas para dilatar el ojo del paciente, lo que le permitir\u00e1 [&hellip;]<\/p>\n","protected":false},"author":1,"featured_media":0,"parent":0,"menu_order":0,"comment_status":"closed","ping_status":"closed","template":"","meta":{"_acf_changed":false,"footnotes":""},"class_list":["post-2859","page","type-page","status-publish","hentry"],"acf":[],"_links":{"self":[{"href":"https:\/\/www.qualsight.com\/es\/wp-json\/wp\/v2\/pages\/2859","targetHints":{"allow":["GET"]}}],"collection":[{"href":"https:\/\/www.qualsight.com\/es\/wp-json\/wp\/v2\/pages"}],"about":[{"href":"https:\/\/www.qualsight.com\/es\/wp-json\/wp\/v2\/types\/page"}],"author":[{"embeddable":true,"href":"https:\/\/www.qualsight.com\/es\/wp-json\/wp\/v2\/users\/1"}],"replies":[{"embeddable":true,"href":"https:\/\/www.qualsight.com\/es\/wp-json\/wp\/v2\/comments?post=2859"}],"version-history":[{"count":1,"href":"https:\/\/www.qualsight.com\/es\/wp-json\/wp\/v2\/pages\/2859\/revisions"}],"predecessor-version":[{"id":2860,"href":"https:\/\/www.qualsight.com\/es\/wp-json\/wp\/v2\/pages\/2859\/revisions\/2860"}],"wp:attachment":[{"href":"https:\/\/www.qualsight.com\/es\/wp-json\/wp\/v2\/media?parent=2859"}],"curies":[{"name":"wp","href":"https:\/\/api.w.org\/{rel}","templated":true}]}}