{"id":2865,"date":"2024-11-07T14:02:17","date_gmt":"2024-11-07T22:02:17","guid":{"rendered":"https:\/\/www.qualsight.com\/lasik-para-el-astigmatismo\/"},"modified":"2024-12-30T11:26:56","modified_gmt":"2024-12-30T19:26:56","slug":"lasik-para-el-astigmatismo","status":"publish","type":"page","link":"https:\/\/www.qualsight.com\/es\/tipos-de-defectos-de-refraccion\/lasik-para-el-astigmatismo\/","title":{"rendered":"LASIK para el astigmatismo"},"content":{"rendered":"\n<h2 class=\"wp-block-heading\"><strong>\u00bfQu\u00e9 es el astigmatismo?  <\/strong><\/h2>\n\n<p><a href=\"https:\/\/en.wikipedia.org\/wiki\/Astigmatism\">El astigmatismo<\/a> no es un problema de visi\u00f3n infrecuente, y tambi\u00e9n puede acompa\u00f1ar a la hipermetrop\u00eda o a la miop\u00eda. Est\u00e1 causado por una forma irregular de la c\u00f3rnea que impide que las im\u00e1genes se enfoquen claramente en la retina. <\/p>\n\n<p>En las prescripciones de astigmatismo m\u00e1s altas, los pacientes suelen quejarse de visi\u00f3n borrosa, destellos de estrellas por la noche y, a veces, se quejan de molestias si sus lentes de contacto ponderan la visi\u00f3n que requiere correcci\u00f3n.  <\/p>\n\n<div class=\"wp-block-buttons is-layout-flex wp-block-buttons-is-layout-flex\"><div class=\"wp-block-button\"><a class=\"wp-block-button__link wp-element-button\" href=\"\/es\/localizaciones\/\" target=\"_self\">Consulta Gratis<\/a><\/div><\/div>\n\n<p>El astigmatismo puede darse en uno o ambos ojos y puede ir acompa\u00f1ado de <a href=\"https:\/\/www.qualsight.com\/hyperopia-lasik-farsightedness\">hipermetrop\u00eda<\/a> o <a href=\"https:\/\/www.qualsight.com\/myopia-lasik\">miop\u00eda<\/a>. Los pacientes con astigmatismo pueden sufrir fatiga visual y dolores de cabeza sin la ayuda de gafas o lentes de contacto. <\/p>\n\n<p>En lugar de que la c\u00f3rnea imite la forma curva de una pelota de b\u00e9isbol, imita la de un bal\u00f3n de f\u00fatbol. Este tipo de curvatura hace que la luz incida en el ojo en m\u00faltiples puntos, en lugar de en un \u00fanico punto, enviando se\u00f1ales mezcladas al cerebro que hacen que las im\u00e1genes se vean distorsionadas. Los individuos pueden heredar el astigmatismo de sus padres. Tambi\u00e9n puede estar causado por una lesi\u00f3n o una enfermedad ocular. La mayor\u00eda de los pacientes con astigmatismo deben llevar gafas o lentes de contacto para corregir el problema.    <\/p>\n\n<p>A menudo nos dicen que no cre\u00edan que el astigmatismo pudiera tratarse con LASIK. Muchos pacientes se han tratado el astigmatismo y han obtenido resultados positivos con la cirug\u00eda ocular LASIK. <\/p>\n\n<figure class=\"wp-block-image aligncenter size-full\"><img decoding=\"async\" width=\"468\" height=\"202\" src=\"https:\/\/www.qualsight.com\/wp-content\/uploads\/2024\/11\/LASIK-Astigmatism_1.jpg\" alt=\"\" class=\"wp-image-1235\"\/><\/figure>\n<section \n    class=\"blocks block-quicklinks align \" \n    id=\"block_meta_673113901cc10\" \n    style=\" \"\n>\n    <h3>Ver tambi\u00e9n<\/h3>\n    <ul>\n                    <li>\n                <a href=\"https:\/\/www.qualsight.com\/es\/tipos-de-cirugia-laser-ocular\/\" target=\"_self\">\n                    Tipos de cirug\u00eda l\u00e1ser ocular                <\/a>\n            <\/li>\n                    <li>\n                <a href=\"https:\/\/www.qualsight.com\/es\/tipos-de-defectos-de-refraccion\/miopia-vision-corta\/\" target=\"_self\">\n                    Miop\u00eda (visi\u00f3n corta)                <\/a>\n            <\/li>\n                    <li>\n                <a href=\"https:\/\/www.qualsight.com\/es\/tipos-de-defectos-de-refraccion\/hipermetropia-hipermetropia\/\" target=\"_self\">\n                    Hipermetrop\u00eda (hipermetrop\u00eda)                <\/a>\n            <\/li>\n                    <li>\n                <a href=\"https:\/\/www.qualsight.com\/es\/tipos-de-defectos-de-refraccion\/lasik-para-el-astigmatismo\/\" target=\"_self\">\n                    LASIK para el astigmatismo                <\/a>\n            <\/li>\n                    <li>\n                <a href=\"https:\/\/www.qualsight.com\/es\/tipos-de-cirugia-laser-ocular\/lasik-monovision\/\" target=\"_self\">\n                    LASIK Monovisi\u00f3n                <\/a>\n            <\/li>\n                    <li>\n                <a href=\"https:\/\/www.qualsight.com\/es\/tipos-de-defectos-de-refraccion\/presbicia\/\" target=\"_self\">\n                    Presbicia                <\/a>\n            <\/li>\n                    <li>\n                <a href=\"https:\/\/www.qualsight.com\/es\/coste-del-lasik\/\" target=\"_self\">\n                    Coste del LASIK                <\/a>\n            <\/li>\n            <\/ul>    \n<\/section>\n","protected":false},"excerpt":{"rendered":"<p>\u00bfQu\u00e9 es el astigmatismo? El astigmatismo no es un problema de visi\u00f3n infrecuente, y tambi\u00e9n puede acompa\u00f1ar a la hipermetrop\u00eda o a la miop\u00eda. Est\u00e1 causado por una forma irregular de la c\u00f3rnea que impide que las im\u00e1genes se enfoquen claramente en la retina. En las prescripciones de astigmatismo m\u00e1s altas, los pacientes suelen quejarse [&hellip;]<\/p>\n","protected":false},"author":1,"featured_media":0,"parent":2871,"menu_order":0,"comment_status":"closed","ping_status":"closed","template":"","meta":{"_acf_changed":false,"footnotes":""},"class_list":["post-2865","page","type-page","status-publish","hentry"],"acf":[],"_links":{"self":[{"href":"https:\/\/www.qualsight.com\/es\/wp-json\/wp\/v2\/pages\/2865","targetHints":{"allow":["GET"]}}],"collection":[{"href":"https:\/\/www.qualsight.com\/es\/wp-json\/wp\/v2\/pages"}],"about":[{"href":"https:\/\/www.qualsight.com\/es\/wp-json\/wp\/v2\/types\/page"}],"author":[{"embeddable":true,"href":"https:\/\/www.qualsight.com\/es\/wp-json\/wp\/v2\/users\/1"}],"replies":[{"embeddable":true,"href":"https:\/\/www.qualsight.com\/es\/wp-json\/wp\/v2\/comments?post=2865"}],"version-history":[{"count":1,"href":"https:\/\/www.qualsight.com\/es\/wp-json\/wp\/v2\/pages\/2865\/revisions"}],"predecessor-version":[{"id":2866,"href":"https:\/\/www.qualsight.com\/es\/wp-json\/wp\/v2\/pages\/2865\/revisions\/2866"}],"up":[{"embeddable":true,"href":"https:\/\/www.qualsight.com\/es\/wp-json\/wp\/v2\/pages\/2871"}],"wp:attachment":[{"href":"https:\/\/www.qualsight.com\/es\/wp-json\/wp\/v2\/media?parent=2865"}],"curies":[{"name":"wp","href":"https:\/\/api.w.org\/{rel}","templated":true}]}}