{"id":2867,"date":"2024-11-07T12:10:04","date_gmt":"2024-11-07T20:10:04","guid":{"rendered":"https:\/\/www.qualsight.com\/hipermetropia-hipermetropia\/"},"modified":"2024-12-30T11:26:56","modified_gmt":"2024-12-30T19:26:56","slug":"hipermetropia-hipermetropia","status":"publish","type":"page","link":"https:\/\/www.qualsight.com\/es\/tipos-de-defectos-de-refraccion\/hipermetropia-hipermetropia\/","title":{"rendered":"Hipermetrop\u00eda (hipermetrop\u00eda)"},"content":{"rendered":"\n<h2 class=\"wp-block-heading\"><strong>La hipermetrop\u00eda tambi\u00e9n se conoce como hipermetrop\u00eda<\/strong><\/h2>\n\n<p>Se trata de un trastorno de la visi\u00f3n en el que los objetos lejanos parecen m\u00e1s claros que los cercanos debido a que el ojo es demasiado plano o corto, por lo que la imagen que entra en el ojo no se enfoca claramente en la retina. Algunas quejas frecuentes de las personas que tienen hipermetrop\u00eda son, por ejemplo, tener dificultades para concentrarse y mantener una visi\u00f3n clara de los objetos cercanos, tensi\u00f3n ocular, fatiga y dolores de cabeza despu\u00e9s de trabajar de cerca. <\/p>\n\n<p>En casos delicados de hipermetrop\u00eda, los ojos pueden compensarla sin gafas ni lentes de contacto; sin embargo, en graduaciones m\u00e1s altas, un oftalm\u00f3logo podr\u00e1 identificar la hipermetrop\u00eda y las recomendaciones de tratamiento durante tu examen LASIK gratuito.  <\/p>\n\n<h2 class=\"wp-block-heading\">\u00bfC\u00f3mo se puede tratar la hipermetrop\u00eda?<\/h2>\n\n<p>La <a href=\"https:\/\/www.qualsight.com\/lasik-eye-surgery\">cirug\u00eda ocular LASIK<\/a> pretende aumentar la curvatura del ojo, para garantizar que las im\u00e1genes se enfoquen correctamente en la retina. La cirug\u00eda LASIK podr\u00eda eliminar o disminuir la dependencia del uso de lentes de contacto o gafas. <\/p>\n\n<div class=\"wp-block-buttons is-layout-flex wp-block-buttons-is-layout-flex\"><div class=\"wp-block-button\"><a class=\"wp-block-button__link wp-element-button\" href=\"\/es\/localizaciones\/\" target=\"_self\">Consulta Gratis<\/a><\/div><\/div>\n<section \n    class=\"blocks block-quicklinks align \" \n    id=\"block_meta_67311330bc7ec\" \n    style=\" \"\n>\n    <h3>Ver tambi\u00e9n<\/h3>\n    <ul>\n                    <li>\n                <a href=\"https:\/\/www.qualsight.com\/es\/tipos-de-cirugia-laser-ocular\/\" target=\"_self\">\n                    Tipos de cirug\u00eda l\u00e1ser ocular                <\/a>\n            <\/li>\n                    <li>\n                <a href=\"https:\/\/www.qualsight.com\/es\/tipos-de-defectos-de-refraccion\/miopia-vision-corta\/\" target=\"_self\">\n                    Miop\u00eda (visi\u00f3n corta)                <\/a>\n            <\/li>\n                    <li>\n                <a href=\"https:\/\/www.qualsight.com\/es\/tipos-de-defectos-de-refraccion\/hipermetropia-hipermetropia\/\" target=\"_self\">\n                    Hipermetrop\u00eda (hipermetrop\u00eda)                <\/a>\n            <\/li>\n                    <li>\n                <a href=\"https:\/\/www.qualsight.com\/es\/tipos-de-defectos-de-refraccion\/lasik-para-el-astigmatismo\/\" target=\"_self\">\n                    LASIK para el astigmatismo                <\/a>\n            <\/li>\n                    <li>\n                <a href=\"https:\/\/www.qualsight.com\/es\/tipos-de-cirugia-laser-ocular\/lasik-monovision\/\" target=\"_self\">\n                    LASIK Monovisi\u00f3n                <\/a>\n            <\/li>\n                    <li>\n                <a href=\"https:\/\/www.qualsight.com\/es\/tipos-de-defectos-de-refraccion\/presbicia\/\" target=\"_self\">\n                    Presbicia                <\/a>\n            <\/li>\n                    <li>\n                <a href=\"https:\/\/www.qualsight.com\/es\/coste-del-lasik\/\" target=\"_self\">\n                    Coste del LASIK                <\/a>\n            <\/li>\n            <\/ul>    \n<\/section>\n","protected":false},"excerpt":{"rendered":"<p>La hipermetrop\u00eda tambi\u00e9n se conoce como hipermetrop\u00eda Se trata de un trastorno de la visi\u00f3n en el que los objetos lejanos parecen m\u00e1s claros que los cercanos debido a que el ojo es demasiado plano o corto, por lo que la imagen que entra en el ojo no se enfoca claramente en la retina. Algunas [&hellip;]<\/p>\n","protected":false},"author":1,"featured_media":0,"parent":2871,"menu_order":0,"comment_status":"closed","ping_status":"closed","template":"","meta":{"_acf_changed":false,"footnotes":""},"class_list":["post-2867","page","type-page","status-publish","hentry"],"acf":[],"_links":{"self":[{"href":"https:\/\/www.qualsight.com\/es\/wp-json\/wp\/v2\/pages\/2867","targetHints":{"allow":["GET"]}}],"collection":[{"href":"https:\/\/www.qualsight.com\/es\/wp-json\/wp\/v2\/pages"}],"about":[{"href":"https:\/\/www.qualsight.com\/es\/wp-json\/wp\/v2\/types\/page"}],"author":[{"embeddable":true,"href":"https:\/\/www.qualsight.com\/es\/wp-json\/wp\/v2\/users\/1"}],"replies":[{"embeddable":true,"href":"https:\/\/www.qualsight.com\/es\/wp-json\/wp\/v2\/comments?post=2867"}],"version-history":[{"count":1,"href":"https:\/\/www.qualsight.com\/es\/wp-json\/wp\/v2\/pages\/2867\/revisions"}],"predecessor-version":[{"id":2868,"href":"https:\/\/www.qualsight.com\/es\/wp-json\/wp\/v2\/pages\/2867\/revisions\/2868"}],"up":[{"embeddable":true,"href":"https:\/\/www.qualsight.com\/es\/wp-json\/wp\/v2\/pages\/2871"}],"wp:attachment":[{"href":"https:\/\/www.qualsight.com\/es\/wp-json\/wp\/v2\/media?parent=2867"}],"curies":[{"name":"wp","href":"https:\/\/api.w.org\/{rel}","templated":true}]}}