{"id":2869,"date":"2024-11-07T12:09:26","date_gmt":"2024-11-07T20:09:26","guid":{"rendered":"https:\/\/www.qualsight.com\/miopia-vision-corta\/"},"modified":"2024-12-30T11:26:56","modified_gmt":"2024-12-30T19:26:56","slug":"miopia-vision-corta","status":"publish","type":"page","link":"https:\/\/www.qualsight.com\/es\/tipos-de-defectos-de-refraccion\/miopia-vision-corta\/","title":{"rendered":"Miop\u00eda (visi\u00f3n corta)"},"content":{"rendered":"\n<h2 class=\"wp-block-heading\">El LASIK de miop\u00eda es para pacientes miopes<\/h2>\n\n<p>La miop\u00eda, a menudo denominada visi\u00f3n corta, es una afecci\u00f3n ocular frecuente en la que la luz que entra no enfoca directamente la retina, sino delante de ella. Esto hace que la imagen que se ve al mirar un objeto lejano est\u00e9 desenfocada, pero enfocada al mirar un objeto cercano. Las personas miopes suelen describir una visi\u00f3n borrosa de lejos, pero una buena visi\u00f3n de cerca. Sin embargo, cuando los pacientes tienen una graduaci\u00f3n alta de miop\u00eda, incluso la visi\u00f3n de cerca puede verse afectada.   <\/p>\n\n<p>Los profesionales de la visi\u00f3n suelen corregir la miop\u00eda con la prescripci\u00f3n de lentes correctoras, como gafas o lentes de contacto. Tambi\u00e9n puede corregirse mediante correcci\u00f3n visual con l\u00e1ser. Tanto si tienes una graduaci\u00f3n de miop\u00eda baja, media o alta, hay un procedimiento de correcci\u00f3n visual con l\u00e1ser para ti.  <\/p>\n\n<div class=\"wp-block-buttons is-layout-flex wp-block-buttons-is-layout-flex\"><div class=\"wp-block-button\"><a class=\"wp-block-button__link wp-element-button\" href=\"\/es\/localizaciones\/\" target=\"_self\">Consulta Gratis<\/a><\/div><\/div>\n<section \n    class=\"blocks block-quicklinks align \" \n    id=\"block_meta_673112e679425\" \n    style=\" \"\n>\n    <h3>Ver tambi\u00e9n<\/h3>\n    <ul>\n                    <li>\n                <a href=\"https:\/\/www.qualsight.com\/es\/tipos-de-cirugia-laser-ocular\/\" target=\"_self\">\n                    Tipos de cirug\u00eda l\u00e1ser ocular                <\/a>\n            <\/li>\n                    <li>\n                <a href=\"https:\/\/www.qualsight.com\/es\/tipos-de-defectos-de-refraccion\/miopia-vision-corta\/\" target=\"_self\">\n                    Miop\u00eda (visi\u00f3n corta)                <\/a>\n            <\/li>\n                    <li>\n                <a href=\"https:\/\/www.qualsight.com\/es\/tipos-de-defectos-de-refraccion\/hipermetropia-hipermetropia\/\" target=\"_self\">\n                    Hipermetrop\u00eda (hipermetrop\u00eda)                <\/a>\n            <\/li>\n                    <li>\n                <a href=\"https:\/\/www.qualsight.com\/es\/tipos-de-defectos-de-refraccion\/lasik-para-el-astigmatismo\/\" target=\"_self\">\n                    LASIK para el astigmatismo                <\/a>\n            <\/li>\n                    <li>\n                <a href=\"https:\/\/www.qualsight.com\/es\/tipos-de-cirugia-laser-ocular\/lasik-monovision\/\" target=\"_self\">\n                    LASIK Monovisi\u00f3n                <\/a>\n            <\/li>\n                    <li>\n                <a href=\"https:\/\/www.qualsight.com\/es\/tipos-de-defectos-de-refraccion\/presbicia\/\" target=\"_self\">\n                    Presbicia                <\/a>\n            <\/li>\n                    <li>\n                <a href=\"https:\/\/www.qualsight.com\/es\/coste-del-lasik\/\" target=\"_self\">\n                    Coste del LASIK                <\/a>\n            <\/li>\n            <\/ul>    \n<\/section>\n","protected":false},"excerpt":{"rendered":"<p>El LASIK de miop\u00eda es para pacientes miopes La miop\u00eda, a menudo denominada visi\u00f3n corta, es una afecci\u00f3n ocular frecuente en la que la luz que entra no enfoca directamente la retina, sino delante de ella. Esto hace que la imagen que se ve al mirar un objeto lejano est\u00e9 desenfocada, pero enfocada al mirar [&hellip;]<\/p>\n","protected":false},"author":1,"featured_media":0,"parent":2871,"menu_order":0,"comment_status":"closed","ping_status":"closed","template":"","meta":{"_acf_changed":false,"footnotes":""},"class_list":["post-2869","page","type-page","status-publish","hentry"],"acf":[],"_links":{"self":[{"href":"https:\/\/www.qualsight.com\/es\/wp-json\/wp\/v2\/pages\/2869","targetHints":{"allow":["GET"]}}],"collection":[{"href":"https:\/\/www.qualsight.com\/es\/wp-json\/wp\/v2\/pages"}],"about":[{"href":"https:\/\/www.qualsight.com\/es\/wp-json\/wp\/v2\/types\/page"}],"author":[{"embeddable":true,"href":"https:\/\/www.qualsight.com\/es\/wp-json\/wp\/v2\/users\/1"}],"replies":[{"embeddable":true,"href":"https:\/\/www.qualsight.com\/es\/wp-json\/wp\/v2\/comments?post=2869"}],"version-history":[{"count":1,"href":"https:\/\/www.qualsight.com\/es\/wp-json\/wp\/v2\/pages\/2869\/revisions"}],"predecessor-version":[{"id":2870,"href":"https:\/\/www.qualsight.com\/es\/wp-json\/wp\/v2\/pages\/2869\/revisions\/2870"}],"up":[{"embeddable":true,"href":"https:\/\/www.qualsight.com\/es\/wp-json\/wp\/v2\/pages\/2871"}],"wp:attachment":[{"href":"https:\/\/www.qualsight.com\/es\/wp-json\/wp\/v2\/media?parent=2869"}],"curies":[{"name":"wp","href":"https:\/\/api.w.org\/{rel}","templated":true}]}}