{"id":2871,"date":"2024-11-07T12:08:54","date_gmt":"2024-11-07T20:08:54","guid":{"rendered":"https:\/\/www.qualsight.com\/tipos-de-defectos-de-refraccion\/"},"modified":"2024-12-30T11:28:58","modified_gmt":"2024-12-30T19:28:58","slug":"tipos-de-defectos-de-refraccion","status":"publish","type":"page","link":"https:\/\/www.qualsight.com\/es\/tipos-de-defectos-de-refraccion\/","title":{"rendered":"Tipos de defectos de refracci\u00f3n"},"content":{"rendered":"\n<h2 class=\"wp-block-heading\">Miop\u00eda refractiva<\/h2>\n\n<p>Se calcula que entre 1.800 y 2.300 millones de personas en todo el mundo padecen defectos de refracci\u00f3n. La<a href=\"https:\/\/www.qualsight.com\/myopia-lasik\">miop\u00eda<\/a>, el error m\u00e1s frecuente, es un defecto de la visi\u00f3n en el que los objetos lejanos aparecen borrosos porque la imagen que entra en el ojo se enfoca delante de la retina y no sobre ella.<\/p>\n\n<h2 class=\"wp-block-heading\">Errores de refracci\u00f3n por hipermetrop\u00eda<\/h2>\n\n<p>La<a href=\"https:\/\/www.qualsight.com\/hyperopia-lasik-farsightedness\">hipermetrop\u00eda<\/a> es un trastorno de la visi\u00f3n en el que los objetos lejanos aparecen m\u00e1s n\u00edtidos que los cercanos debido a que el ojo es demasiado corto, lo que hace que la imagen que entra en el ojo no se enfoque claramente en la retina.<\/p>\n\n<h2 class=\"wp-block-heading\">Astigmatismo Errores refractivos<\/h2>\n\n<p><a href=\"https:\/\/www.qualsight.com\/lasik-astigmatism\">El astigmatismo<\/a> es un trastorno de la visi\u00f3n provocado porque la c\u00f3rnea de la superficie frontal del ojo tiene una forma m\u00e1s ovalada (u oblonga), como un huevo o un bal\u00f3n de f\u00fatbol, que esf\u00e9rica (o redonda). Esto hace que los rayos de luz se enfoquen en dos puntos distintos de la retina, en lugar de en uno solo, lo que provoca una imagen distorsionada y borrosa tanto de lejos como de cerca.<\/p>\n\n<h2 class=\"wp-block-heading\">Correcci\u00f3n de la presbicia mediante cirug\u00eda refractiva<\/h2>\n\n<p><a href=\"https:\/\/www.qualsight.com\/lasik-presbyopia\">La presbicia<\/a> refractiva es un trastorno de la visi\u00f3n causado por el proceso de envejecimiento, en el que el cristalino natural del ojo pierde gradualmente su flexibilidad y provoca visi\u00f3n borrosa para leer y trabajar de cerca.<\/p>\n<section \n    class=\"blocks block-quicklinks align \" \n    id=\"block_meta_6731128eb16c3\" \n    style=\" \"\n>\n    <h3>Ver tambi\u00e9n<\/h3>\n    <ul>\n                    <li>\n                <a href=\"https:\/\/www.qualsight.com\/es\/tipos-de-cirugia-laser-ocular\/\" target=\"_self\">\n                    Tipos de cirug\u00eda l\u00e1ser ocular                <\/a>\n            <\/li>\n                    <li>\n                <a href=\"https:\/\/www.qualsight.com\/es\/tipos-de-defectos-de-refraccion\/miopia-vision-corta\/\" target=\"_self\">\n                    Miop\u00eda (visi\u00f3n corta)                <\/a>\n            <\/li>\n                    <li>\n                <a href=\"https:\/\/www.qualsight.com\/es\/tipos-de-defectos-de-refraccion\/hipermetropia-hipermetropia\/\" target=\"_self\">\n                    Hipermetrop\u00eda (hipermetrop\u00eda)                <\/a>\n            <\/li>\n                    <li>\n                <a href=\"https:\/\/www.qualsight.com\/es\/tipos-de-defectos-de-refraccion\/lasik-para-el-astigmatismo\/\" target=\"_self\">\n                    LASIK para el astigmatismo                <\/a>\n            <\/li>\n                    <li>\n                <a href=\"https:\/\/www.qualsight.com\/es\/tipos-de-cirugia-laser-ocular\/lasik-monovision\/\" target=\"_self\">\n                    LASIK Monovisi\u00f3n                <\/a>\n            <\/li>\n                    <li>\n                <a href=\"https:\/\/www.qualsight.com\/es\/tipos-de-defectos-de-refraccion\/presbicia\/\" target=\"_self\">\n                    Presbicia                <\/a>\n            <\/li>\n                    <li>\n                <a href=\"https:\/\/www.qualsight.com\/es\/coste-del-lasik\/\" target=\"_self\">\n                    Coste del LASIK                <\/a>\n            <\/li>\n            <\/ul>    \n<\/section>\n","protected":false},"excerpt":{"rendered":"<p>Miop\u00eda refractiva Se calcula que entre 1.800 y 2.300 millones de personas en todo el mundo padecen defectos de refracci\u00f3n. Lamiop\u00eda, el error m\u00e1s frecuente, es un defecto de la visi\u00f3n en el que los objetos lejanos aparecen borrosos porque la imagen que entra en el ojo se enfoca delante de la retina y no [&hellip;]<\/p>\n","protected":false},"author":1,"featured_media":0,"parent":0,"menu_order":0,"comment_status":"closed","ping_status":"closed","template":"","meta":{"_acf_changed":false,"footnotes":""},"class_list":["post-2871","page","type-page","status-publish","hentry"],"acf":[],"_links":{"self":[{"href":"https:\/\/www.qualsight.com\/es\/wp-json\/wp\/v2\/pages\/2871","targetHints":{"allow":["GET"]}}],"collection":[{"href":"https:\/\/www.qualsight.com\/es\/wp-json\/wp\/v2\/pages"}],"about":[{"href":"https:\/\/www.qualsight.com\/es\/wp-json\/wp\/v2\/types\/page"}],"author":[{"embeddable":true,"href":"https:\/\/www.qualsight.com\/es\/wp-json\/wp\/v2\/users\/1"}],"replies":[{"embeddable":true,"href":"https:\/\/www.qualsight.com\/es\/wp-json\/wp\/v2\/comments?post=2871"}],"version-history":[{"count":1,"href":"https:\/\/www.qualsight.com\/es\/wp-json\/wp\/v2\/pages\/2871\/revisions"}],"predecessor-version":[{"id":2872,"href":"https:\/\/www.qualsight.com\/es\/wp-json\/wp\/v2\/pages\/2871\/revisions\/2872"}],"wp:attachment":[{"href":"https:\/\/www.qualsight.com\/es\/wp-json\/wp\/v2\/media?parent=2871"}],"curies":[{"name":"wp","href":"https:\/\/api.w.org\/{rel}","templated":true}]}}