{"id":2873,"date":"2024-11-07T09:12:38","date_gmt":"2024-11-07T17:12:38","guid":{"rendered":"https:\/\/www.qualsight.com\/como-funciona-el-lasik\/"},"modified":"2024-12-30T11:28:42","modified_gmt":"2024-12-30T19:28:42","slug":"como-funciona-el-lasik","status":"publish","type":"page","link":"https:\/\/www.qualsight.com\/es\/como-funciona-el-lasik\/","title":{"rendered":"\u00bfC\u00f3mo funciona el LASIK?"},"content":{"rendered":"\n<p>La cirug\u00eda ocular LASIK es el procedimiento electivo m\u00e1s frecuente y se realiza para corregir la miop\u00eda, la hipermetrop\u00eda y <a href=\"https:\/\/www.qualsight.com\/lasik-astigmatism\">el astigmatismo<\/a>. En la mayor\u00eda de los casos, <a href=\"https:\/\/www.qualsight.com\/es\/duele-el-lasik\/\">el LASIK es indoloro<\/a> y se completa en varios minutos por ojo. Los resultados mejoran tu visi\u00f3n para reducir y, en la mayor\u00eda de los casos, eliminar la necesidad de gafas o lentes de contacto, y los resultados de la intervenci\u00f3n suelen notarse en 24 horas. Como la mayor\u00eda de los tipos de cirug\u00eda ocular refractiva, el LASIK remodela la c\u00f3rnea para permitir que la luz que entra en el ojo se enfoque espec\u00edficamente en la parte adecuada de la retina para obtener una visi\u00f3n m\u00e1s clara. Existen m\u00faltiples cirug\u00edas de correcci\u00f3n de la visi\u00f3n con l\u00e1ser, como <a href=\"https:\/\/www.qualsight.com\/prk-corrective-procedure\">la PRK<\/a>, la LASEK, <a href=\"https:\/\/www.qualsight.com\/bladeless-lasik\">la LASIK<\/a> <a href=\"https:\/\/www.qualsight.com\/custom-wavefront-lasik-procedure\">personalizada<\/a> y la <a href=\"https:\/\/www.qualsight.com\/bladeless-lasik\">LASIK sin bistur\u00ed<\/a>. Un examen con un cirujano LASIK determinar\u00e1 si la cirug\u00eda LASIK es adecuada para ti.     <\/p>\n\n<h2 class=\"wp-block-heading\">C\u00f3mo funciona el LASIK<\/h2>\n\n<ol class=\"wp-block-list\">\n<li>El m\u00e9dico especialista en LASIK te har\u00e1 un examen ocular con dilataci\u00f3n de las pupilas para asegurarse de que tus ojos est\u00e1n sanos para la cirug\u00eda ocular LASIK. El cirujano evaluar\u00e1 la forma y el grosor de tu c\u00f3rnea, los errores refractivos, el tama\u00f1o de la pupila y tu salud general para determinar si eres candidato al LASIK. Si te sometes a un LASIK personalizado, es probable que te hagan una imagen tridimensional del ojo, denominada an\u00e1lisis de frente de onda, que crea un mapa m\u00e1s preciso de las aberraciones generales que afectan a tu visi\u00f3n.    <\/li>\n\n\n\n<li>Dado que las lentes de contacto alteran la forma natural del ojo, se te pedir\u00e1 que dejes de llevarlas durante un periodo de tiempo determinado antes de la fecha de la intervenci\u00f3n. Normalmente, el tiempo para quitarse las lentes de contacto blandas es de 1 a 2 semanas, y las duras pueden ser de hasta 4 semanas; tu cirujano especialista en LASIK te indicar\u00e1 cu\u00e1nto tiempo debes dejar de llevarlas durante la consulta. <\/li>\n\n\n\n<li>Antes de la cirug\u00eda ocular LASIK, se utilizan gotas anest\u00e9sicas para aliviar las molestias oculares. Algunos cirujanos tambi\u00e9n pueden recetarte medicaci\u00f3n para ayudarte a relajarte.   <\/li>\n\n\n\n<li>El LASIK s\u00f3lo requiere gotas anest\u00e9sicas t\u00f3picas, y no se necesitan puntos para curar. Tu ojo se colocar\u00e1 bajo el l\u00e1ser. El cirujano utilizar\u00e1 un instrumento llamado microqueratomo o un l\u00e1ser para crear un fino colgajo semicircular en la c\u00f3rnea, en la superficie del ojo.    <\/li>\n\n\n\n<li>A continuaci\u00f3n, el cirujano utilizar\u00e1 el l\u00e1ser excimer para tratar tu graduaci\u00f3n espec\u00edfica utilizando un haz de luz ultravioleta fr\u00eda para remodelar la c\u00f3rnea. Esto permite reenfocar la luz que entra en el ojo para obtener una visi\u00f3n m\u00e1s precisa. La intervenci\u00f3n es indolora; sin embargo, puedes sentir cierta presi\u00f3n en los ojos. La cirug\u00eda LASIK se realiza en cada ojo de forma independiente y dura s\u00f3lo unos minutos.     <\/li>\n\n\n\n<li>Despu\u00e9s de que el l\u00e1ser remodele la c\u00f3rnea, el colgajo se recoloca y sirve de vendaje natural para el proceso de cicatrizaci\u00f3n.<\/li>\n<\/ol>\n\n<h2 class=\"wp-block-heading\">\u00bfC\u00f3mo funciona el LASIK despu\u00e9s de la intervenci\u00f3n?<\/h2>\n\n<ol class=\"wp-block-list\">\n<li>Tras la cirug\u00eda ocular LASIK, necesitar\u00e1s que alguien te lleve a casa. Puedes experimentar una sensaci\u00f3n temporal de picor en los ojos y debes esperar cierta visi\u00f3n borrosa o nebulosa inmediatamente despu\u00e9s de la intervenci\u00f3n, que suele durar entre 8 y 12 horas.   <\/li>\n\n\n\n<li>Al d\u00eda siguiente, tu visi\u00f3n y claridad deben seguir mejorando. La mayor\u00eda de las personas vuelven al trabajo y conducen ellas mismas a su cita de seguimiento al d\u00eda siguiente. Adem\u00e1s, la mayor\u00eda de los m\u00e9dicos solicitan un examen de seguimiento adicional entre 2 y 4 semanas despu\u00e9s de la intervenci\u00f3n LASIK y entre 1 y 3 meses despu\u00e9s de la cirug\u00eda.    <\/li>\n\n\n\n<li>Es normal que en las primeras semanas despu\u00e9s de la cirug\u00eda ocular con l\u00e1ser sientas una ligera molestia descrita como \u00abpesta\u00f1eo\u00bb en el ojo, que tambi\u00e9n es una sensaci\u00f3n normal durante el tiempo de recuperaci\u00f3n. Es importante que mantengas los ojos lubricados durante las primeras semanas a tres meses despu\u00e9s de la intervenci\u00f3n con L\u00e1ser. Aunque no sientas los ojos secos, debes intentar utilizar gotas lubricantes 3-4 veces al d\u00eda para evitar que se te sequen los ojos.    <\/li>\n\n\n\n<li>  Los pacientes tambi\u00e9n pueden experimentar una mayor sensibilidad a la luz y es otra raz\u00f3n por la que se recomienda a los pacientes que lleven gafas de sol siempre que est\u00e9n al aire libre, incluso cuando est\u00e9 nublado.<\/li>\n\n\n\n<li>Cada cirujano tiene una lista y un calendario de restricciones para sus pacientes. Tu m\u00e9dico podr\u00eda limitar el ejercicio, la nataci\u00f3n, el uso de maquillaje en los ojos o cualquier maquillaje durante unas semanas. Los deportes de contacto, los jacuzzis y las ba\u00f1eras de hidromasaje pueden limitarse durante unos meses. Debes seguir las instrucciones postoperatorias de tu m\u00e9dico durante la recuperaci\u00f3n del LASIK para ayudar a la cicatrizaci\u00f3n en la medida de lo posible.<\/li>\n\n\n\n<li>Si crees que est\u00e1s teniendo alg\u00fan problema durante la recuperaci\u00f3n del LASIK, debes llamar a tu m\u00e9dico, que tiene acceso a tu historial m\u00e9dico completo, para que confirme si tu situaci\u00f3n concreta est\u00e1 dentro de los l\u00edmites normales o si ser\u00e1n necesarios m\u00e1s cuidados postoperatorios.<\/li>\n<\/ol>\n\n<h2 class=\"wp-block-heading\">\u00bfCu\u00e1les son los resultados del LASIK hoy en d\u00eda?<\/h2>\n\n<p>Los resultados de la cirug\u00eda ocular LASIK han seguido mejorando desde que fue aprobada por la FDA en 1996. <strong>La cirug\u00eda ocular LASIK<\/strong> ofrece muchas ventajas y deber\u00eda mejorar significativamente tu calidad de vida en general. Gracias a la tecnolog\u00eda m\u00e1s avanzada y a la habilidad y experiencia del cirujano, casi diez millones de estadounidenses dependen menos de sus lentes de contacto y gafas. Hoy en d\u00eda, la mayor\u00eda de los pacientes alcanzan una visi\u00f3n 20\/20 tras la cirug\u00eda ocular LASIK, pero los resultados no son iguales para todos. Algunos pacientes pueden conseguir s\u00f3lo resultados de visi\u00f3n 20\/40 o menos. En algunos casos, los pacientes pueden seguir necesitando gafas o lentes de contacto tras la cirug\u00eda ocular LASIK, pero la graduaci\u00f3n postoperatoria y el nivel de agudeza visual ser\u00e1n normalmente mucho menores que antes de la cirug\u00eda LASIK.      <\/p>\n\n<p>La cirug\u00eda tiene un excelente historial de seguridad, pero, como cualquier cirug\u00eda, pueden producirse <a href=\"https:\/\/www.qualsight.com\/lasik-possible-side-effects\">complicaciones<\/a> postoperatorias. Un porcentaje muy peque\u00f1o de pacientes puede necesitar un procedimiento de mejora o retoque para mejorar la visi\u00f3n hasta el nivel deseado. Debido a <a href=\"https:\/\/www.qualsight.com\/lasik-presbyopia\">la presbicia<\/a>, algunos pacientes de cirug\u00eda ocular LASIK pueden seguir necesitando gafas de lectura al llegar a la mediana edad (entre 40 y 50 a\u00f1os), debido a una p\u00e9rdida normal de la visi\u00f3n de cerca relacionada con la edad. En general, la cirug\u00eda ocular LASIK tiene una tasa de \u00e9xito muy alta, pero es importante que hables y consideres todos los riesgos con tu cirujano antes de someterte a la cirug\u00eda ocular LASIK.   <\/p>\n\n<h2 class=\"wp-block-heading\">\u00bfC\u00f3mo remodela la c\u00f3rnea el LASIK?<\/h2>\n\n<p>\u00bfQu\u00e9 es <a href=\"https:\/\/www.qualsight.com\/lasik-eye-surgery\">el LASIK<\/a> y <a href=\"https:\/\/www.qualsight.com\/es\/cuanto-dura-el-lasik\/\">cu\u00e1nto dura<\/a>? La cirug\u00eda ocular LASIK es un procedimiento permanente que corrige problemas de visi\u00f3n como la miop\u00eda, la hipermetrop\u00eda y <a href=\"https:\/\/www.qualsight.com\/lasik-astigmatism\">el astigmatismo<\/a>. El procedimiento LASIK consiste en utilizar un l\u00e1ser excimer (un haz de luz fr\u00eda) para remodelar la c\u00f3rnea con el fin de disminuir o eliminar la necesidad de gafas o lentes de contacto. Normalmente, la c\u00f3rnea (parte anterior del ojo) enfoca la luz sobre la retina (parte posterior del ojo) para crear una imagen. Si la c\u00f3rnea tiene una forma imperfecta o si el globo ocular es m\u00e1s largo o m\u00e1s corto de lo normal, se proyecta una imagen distorsionada sobre la retina, lo que provoca una visi\u00f3n borrosa. Durante muchos a\u00f1os, la \u00fanica soluci\u00f3n a este problema eran las gafas correctoras.   Normalmente, tu c\u00f3rnea (parte anterior del ojo) enfoca la luz sobre la retina (parte posterior del ojo) para crear una imagen. Si la c\u00f3rnea tiene una forma imperfecta o si el globo ocular es m\u00e1s largo o m\u00e1s corto de lo normal, se proyecta una imagen distorsionada sobre la retina, lo que provoca una visi\u00f3n borrosa. Durante muchos a\u00f1os, la \u00fanica soluci\u00f3n a este problema eran las gafas correctoras.  <\/p>\n\n<p>El cirujano especialista en LASIK crea un peque\u00f1o colgajo en la superficie de la c\u00f3rnea y, a continuaci\u00f3n, el l\u00e1ser excimer (haz de luz fr\u00eda) remodela suavemente la c\u00f3rnea expuesta. Cada pulso del l\u00e1ser elimina 39 millon\u00e9simas de pulgada de tejido, lo que permite a los cirujanos lograr una precisi\u00f3n notable manteniendo un control excelente durante todo el procedimiento LASIK. El colgajo se vuelve a colocar de forma natural y segura en el ojo, y ya puedes disfrutar de una visi\u00f3n mejor.  <\/p>\n<section \n    class=\"blocks block-quicklinks align \" \n    id=\"block_meta_6734c92bd2631\" \n    style=\" \"\n>\n    <h3>Ver tambi\u00e9n<\/h3>\n    <ul>\n                    <li>\n                <a href=\"https:\/\/www.qualsight.com\/es\/tipos-de-cirugia-laser-ocular\/\" target=\"_self\">\n                    Tipos de cirug\u00eda l\u00e1ser ocular                <\/a>\n            <\/li>\n                    <li>\n                <a href=\"https:\/\/www.qualsight.com\/es\/tipos-de-defectos-de-refraccion\/\" target=\"_self\">\n                    Tipos de defectos de refracci\u00f3n                <\/a>\n            <\/li>\n                    <li>\n                <a href=\"https:\/\/www.qualsight.com\/es\/antes-durante-y-despues\/\" target=\"_self\">\n                    Antes, durante y despu\u00e9s                <\/a>\n            <\/li>\n                    <li>\n                <a href=\"https:\/\/www.qualsight.com\/es\/posibles-efectos-secundarios\/\" target=\"_self\">\n                    Posibles efectos secundarios                <\/a>\n            <\/li>\n                    <li>\n                <a href=\"https:\/\/www.qualsight.com\/es\/coste-del-lasik\/\" target=\"_self\">\n                    Coste del LASIK                <\/a>\n            <\/li>\n                    <li>\n                <a href=\"https:\/\/www.qualsight.com\/es\/riesgos-y-recuperacion-del-lasik\/\" target=\"_self\">\n                    Riesgos y recuperaci\u00f3n del LASIK                <\/a>\n            <\/li>\n            <\/ul>    \n<\/section>\n","protected":false},"excerpt":{"rendered":"<p>La cirug\u00eda ocular LASIK es el procedimiento electivo m\u00e1s frecuente y se realiza para corregir la miop\u00eda, la hipermetrop\u00eda y el astigmatismo. En la mayor\u00eda de los casos, el LASIK es indoloro y se completa en varios minutos por ojo. Los resultados mejoran tu visi\u00f3n para reducir y, en la mayor\u00eda de los casos, eliminar [&hellip;]<\/p>\n","protected":false},"author":1,"featured_media":0,"parent":0,"menu_order":0,"comment_status":"closed","ping_status":"closed","template":"","meta":{"_acf_changed":false,"footnotes":""},"class_list":["post-2873","page","type-page","status-publish","hentry"],"acf":[],"_links":{"self":[{"href":"https:\/\/www.qualsight.com\/es\/wp-json\/wp\/v2\/pages\/2873","targetHints":{"allow":["GET"]}}],"collection":[{"href":"https:\/\/www.qualsight.com\/es\/wp-json\/wp\/v2\/pages"}],"about":[{"href":"https:\/\/www.qualsight.com\/es\/wp-json\/wp\/v2\/types\/page"}],"author":[{"embeddable":true,"href":"https:\/\/www.qualsight.com\/es\/wp-json\/wp\/v2\/users\/1"}],"replies":[{"embeddable":true,"href":"https:\/\/www.qualsight.com\/es\/wp-json\/wp\/v2\/comments?post=2873"}],"version-history":[{"count":2,"href":"https:\/\/www.qualsight.com\/es\/wp-json\/wp\/v2\/pages\/2873\/revisions"}],"predecessor-version":[{"id":4852,"href":"https:\/\/www.qualsight.com\/es\/wp-json\/wp\/v2\/pages\/2873\/revisions\/4852"}],"wp:attachment":[{"href":"https:\/\/www.qualsight.com\/es\/wp-json\/wp\/v2\/media?parent=2873"}],"curies":[{"name":"wp","href":"https:\/\/api.w.org\/{rel}","templated":true}]}}