{"id":2875,"date":"2024-11-07T09:03:13","date_gmt":"2024-11-07T17:03:13","guid":{"rendered":"https:\/\/www.qualsight.com\/lasik-sin-bisturi\/"},"modified":"2024-12-30T11:28:42","modified_gmt":"2024-12-30T19:28:42","slug":"lasik-sin-bisturi","status":"publish","type":"page","link":"https:\/\/www.qualsight.com\/es\/tipos-de-cirugia-laser-ocular\/lasik-sin-bisturi\/","title":{"rendered":"LASIK sin bistur\u00ed"},"content":{"rendered":"\n<h2 class=\"wp-block-heading\">Cirug\u00eda ocular LASIK sin bistur\u00ed<\/h2>\n\n<p>Tras acudir a la consulta y averiguar que <a href=\"https:\/\/www.qualsight.com\/lasik-eye-surgery\" target=\"_blank\" rel=\"noreferrer noopener\">el LASIK<\/a> es adecuado para ti, tu m\u00e9dico tambi\u00e9n te recomendar\u00e1 qu\u00e9 tipo de LASIK corregir\u00eda mejor tu visi\u00f3n. El LASIK sin bistur\u00ed es una opci\u00f3n y se considera el mejor tipo porque suele tener menos riesgos y <a href=\"https:\/\/www.qualsight.com\/lasik-possible-side-effects\">complicaciones<\/a> que otros tipos de LASIK.<\/p>\n\n<p>El LASIK sin bistur\u00ed, tambi\u00e9n conocido como <a href=\"https:\/\/www.qualsight.com\/intralase-lasik\">IntraLase<\/a> o LASIK totalmente con l\u00e1ser, se diferencia de otras cirug\u00edas LASIK en que el colgajo se crea con un l\u00e1ser y no con un bistur\u00ed manual. Con la t\u00e9cnica sin bistur\u00ed, las personas con c\u00f3rneas finas que antes no eran aptas para el LASIK pueden ser ahora candidatas debido a su precisi\u00f3n y a su capacidad para producir de forma constante colgajos corneales lo suficientemente finos como para tratar a los pacientes que antes no eran candidatos.<\/p>\n\n<p>Con ayuda de la tecnolog\u00eda inform\u00e1tica del Femtosegundo, el cirujano puede crear un diminuto colgajo en la c\u00f3rnea del paciente. Con el control del ordenador, el l\u00e1ser funciona a velocidades extremadamente altas, lo que permite dirigir y dividir el tejido a nivel molecular sin calor ni impacto en el tejido circundante. El l\u00e1ser sin cuchilla produce un colgajo corneal mucho m\u00e1s preciso que la cuchilla del microqueratomo tradicional. A continuaci\u00f3n, se introduce el l\u00e1ser est\u00e1ndar, utilizado en la mayor\u00eda de las cirug\u00edas LASIK, para realizar los ajustes adecuados.<\/p>\n\n<p>El LASIK sin bistur\u00ed suele permitir que el paciente se cure antes, ya que el cirujano puede realizar un colgajo m\u00e1s preciso y uniforme en el ojo, que volver\u00e1 a su sitio de forma natural. Aunque tanto la <a href=\"https:\/\/www.qualsight.com\/traditional-lasik-eye-surgery\">cirug\u00eda ocular<\/a> LASIK sin bistur\u00ed como la <a href=\"https:\/\/www.qualsight.com\/traditional-lasik-eye-surgery\">cirug\u00eda ocular LASIK tradicional<\/a> tienen posibilidad de complicaciones, los estudios han demostrado que la cirug\u00eda LASIK sin bistur\u00ed presenta menos tasas generales de complicaciones.<\/p>\n\n<p>La diferencia en la estructura del colgajo creada por el l\u00e1ser, frente a la cuchilla del microqueratomo utilizada en el LASIK tradicional, puede reducir la posibilidad de que crezcan c\u00e9lulas por debajo y empujen hacia arriba el colgajo (crecimiento epitelial interno) para crear una superficie corneal irregular con los consiguientes defectos de visi\u00f3n. No obstante, los cirujanos oculares han informado recientemente de una complicaci\u00f3n postoperatoria con el Bladeless de sensibilidad lum\u00ednica inusual, como fotofobia, que parece exclusiva de este tipo espec\u00edfico de LASIK.<\/p>\n\n<p>Los cirujanos partidarios del LASIK sin bistur\u00ed insisten en que la sensibilidad a la luz es un efecto secundario temporal que desaparece pronto. Los estudios tambi\u00e9n han demostrado que el LASIK sin bistur\u00ed tambi\u00e9n puede producir una menor incidencia de ojo seco postoperatorio y que se necesitan menos mejoras con el LASIK sin bistur\u00ed. Otra ventaja de la cirug\u00eda sin bistur\u00ed es que permite que una mayor variedad de personas se sometan al LASIK. Por ejemplo, las personas con c\u00f3rneas finas que antes no eran aptas para el LASIK con cuchilla ahora pueden ser candidatas debido a su precisi\u00f3n y a su capacidad de producir de forma constante colgajos corneales finos.<\/p>\n\n<div class=\"wp-block-buttons is-layout-flex wp-block-buttons-is-layout-flex\"><div class=\"wp-block-button\"><a class=\"wp-block-button__link wp-element-button\" href=\"\/es\/localizaciones\/\" target=\"_self\">Consulta Gratis<\/a><\/div><\/div>\n\n<h2 class=\"wp-block-heading\">LASIK sin bistur\u00ed frente al LASIK tradicional<\/h2>\n\n<p>Se afirma que el m\u00e9todo utilizado por los l\u00e1seres sin bistur\u00ed para crear colgajos de c\u00f3rnea mejora la seguridad de la correcci\u00f3n visual LASIK. Bladeless utiliza energ\u00eda l\u00e1ser para sustituir a la cuchilla del microqueratomo utilizada tradicionalmente para crear un fino colgajo en la cubierta transparente frontal del ojo (c\u00f3rnea). Durante la cirug\u00eda LASIK, se levanta el colgajo corneal y se remodela la c\u00f3rnea para conseguir un enfoque m\u00e1s n\u00edtido. A continuaci\u00f3n, se vuelve a colocar el colgajo para que sirva como una especie de \u00abvendaje\u00bb protector natural para la cicatrizaci\u00f3n. El LASIK tradicional utiliza una cuchilla de microqueratomo para crear el colgajo corneal.<\/p>\n\n<p>Aunque las complicaciones del LASIK son relativamente raras, a veces se asocian a la cuchilla utilizada con un microqueratomo tradicional. Estas l\u00e1minas met\u00e1licas pueden crear bordes de colgajo desiguales, lo que da lugar a superficies corneales anormales y defectos de visi\u00f3n como el <a href=\"https:\/\/www.qualsight.com\/lasik-astigmatism\">astigmatismo<\/a> irregular. El LASIK sin bistur\u00ed crea colgajos mediante energ\u00eda l\u00e1ser infrarroja que inserta un patr\u00f3n preciso de burbujas diminutas y superpuestas justo debajo de la superficie corneal.<\/p>\n\n<p>El l\u00e1ser sin bistur\u00ed funciona a velocidades extremadamente altas (pulsos de una cuatrillon\u00e9sima de segundo), lo que permite dirigir y dividir el tejido a nivel molecular sin calor ni impacto en el tejido circundante. El l\u00e1ser sin bistur\u00ed produce un colgajo corneal creado a una profundidad y di\u00e1metro precisos predeterminados por el cirujano especialista en LASIK.<\/p>\n\n<h2 class=\"wp-block-heading\">Complicaciones del LASIK sin bistur\u00ed<\/h2>\n\n<p>Los estudios han demostrado que el LASIK sin bistur\u00ed produce menos complicaciones en general. Esta diferencia en la estructura del colgajo puede reducir la posibilidad de que crezcan c\u00e9lulas por debajo y empujen el colgajo hacia arriba (crecimiento epitelial interno) para crear una superficie corneal irregular con los defectos de visi\u00f3n que la acompa\u00f1an. No obstante, los cirujanos oculares han informado recientemente de una complicaci\u00f3n postoperatoria con el bladeless de sensibilidad lum\u00ednica inusual, como fotofobia, que parece exclusiva del uso del bladeless en LASIK. Sin embargo, los cirujanos informan de que la complicaci\u00f3n de la fotofobia es temporal y puede resolverse con un tratamiento de esteroides (colirios) que dura s\u00f3lo unas semanas.<\/p>\n\n<p>Los cirujanos LASIK partidarios de la t\u00e9cnica sin bistur\u00ed insisten en que la sensibilidad a la luz es un efecto secundario temporal que desaparece pronto. Los resultados de los estudios han demostrado que el LASIK sin bistur\u00ed puede producir una menor incidencia de ojo seco postoperatorio. Adem\u00e1s, parece que se necesitan menos procedimientos de mejora (\u00abretoque\u00bb) cuando el LASIK se realiza con tecnolog\u00eda sin bistur\u00ed. Sin embargo, la contrapartida del aumento potencial de la seguridad con el uso de la t\u00e9cnica sin bistur\u00ed es un coste adicional del procedimiento LASIK de unos 400 $ por ojo, seg\u00fan Review of Ophthalmology.<\/p>\n<section \n    class=\"blocks block-quicklinks align \" \n    id=\"block_meta_673111f6c59e7\" \n    style=\" \"\n>\n    <h3>Ver tambi\u00e9n<\/h3>\n    <ul>\n                    <li>\n                <a href=\"https:\/\/www.qualsight.com\/es\/tipos-de-cirugia-laser-ocular\/\" target=\"_self\">\n                    Tipos de cirug\u00eda l\u00e1ser ocular                <\/a>\n            <\/li>\n                    <li>\n                <a href=\"https:\/\/www.qualsight.com\/es\/tipos-de-defectos-de-refraccion\/\" target=\"_self\">\n                    Tipos de defectos de refracci\u00f3n                <\/a>\n            <\/li>\n                    <li>\n                <a href=\"https:\/\/www.qualsight.com\/es\/antes-durante-y-despues\/\" target=\"_self\">\n                    Antes, durante y despu\u00e9s                <\/a>\n            <\/li>\n                    <li>\n                <a href=\"https:\/\/www.qualsight.com\/es\/posibles-efectos-secundarios\/\" target=\"_self\">\n                    Posibles efectos secundarios                <\/a>\n            <\/li>\n                    <li>\n                <a href=\"https:\/\/www.qualsight.com\/es\/coste-del-lasik\/\" target=\"_self\">\n                    Coste del LASIK                <\/a>\n            <\/li>\n                    <li>\n                <a href=\"https:\/\/www.qualsight.com\/es\/riesgos-y-recuperacion-del-lasik\/\" target=\"_self\">\n                    Riesgos y recuperaci\u00f3n del LASIK                <\/a>\n            <\/li>\n                    <li>\n                <a href=\"https:\/\/www.qualsight.com\/es\/tipos-de-cirugia-laser-ocular\/cirugia-prk\/\" target=\"_self\">\n                    Cirug\u00eda PRK                <\/a>\n            <\/li>\n            <\/ul>    \n<\/section>\n","protected":false},"excerpt":{"rendered":"<p>Cirug\u00eda ocular LASIK sin bistur\u00ed Tras acudir a la consulta y averiguar que el LASIK es adecuado para ti, tu m\u00e9dico tambi\u00e9n te recomendar\u00e1 qu\u00e9 tipo de LASIK corregir\u00eda mejor tu visi\u00f3n. El LASIK sin bistur\u00ed es una opci\u00f3n y se considera el mejor tipo porque suele tener menos riesgos y complicaciones que otros tipos [&hellip;]<\/p>\n","protected":false},"author":1,"featured_media":0,"parent":2877,"menu_order":0,"comment_status":"closed","ping_status":"closed","template":"","meta":{"_acf_changed":false,"footnotes":""},"class_list":["post-2875","page","type-page","status-publish","hentry"],"acf":[],"_links":{"self":[{"href":"https:\/\/www.qualsight.com\/es\/wp-json\/wp\/v2\/pages\/2875","targetHints":{"allow":["GET"]}}],"collection":[{"href":"https:\/\/www.qualsight.com\/es\/wp-json\/wp\/v2\/pages"}],"about":[{"href":"https:\/\/www.qualsight.com\/es\/wp-json\/wp\/v2\/types\/page"}],"author":[{"embeddable":true,"href":"https:\/\/www.qualsight.com\/es\/wp-json\/wp\/v2\/users\/1"}],"replies":[{"embeddable":true,"href":"https:\/\/www.qualsight.com\/es\/wp-json\/wp\/v2\/comments?post=2875"}],"version-history":[{"count":1,"href":"https:\/\/www.qualsight.com\/es\/wp-json\/wp\/v2\/pages\/2875\/revisions"}],"predecessor-version":[{"id":2876,"href":"https:\/\/www.qualsight.com\/es\/wp-json\/wp\/v2\/pages\/2875\/revisions\/2876"}],"up":[{"embeddable":true,"href":"https:\/\/www.qualsight.com\/es\/wp-json\/wp\/v2\/pages\/2877"}],"wp:attachment":[{"href":"https:\/\/www.qualsight.com\/es\/wp-json\/wp\/v2\/media?parent=2875"}],"curies":[{"name":"wp","href":"https:\/\/api.w.org\/{rel}","templated":true}]}}