{"id":2877,"date":"2024-11-07T09:02:24","date_gmt":"2024-11-07T17:02:24","guid":{"rendered":"https:\/\/www.qualsight.com\/tipos-de-cirugia-laser-ocular\/"},"modified":"2024-12-30T11:29:33","modified_gmt":"2024-12-30T19:29:33","slug":"tipos-de-cirugia-laser-ocular","status":"publish","type":"page","link":"https:\/\/www.qualsight.com\/es\/tipos-de-cirugia-laser-ocular\/","title":{"rendered":"Tipos de cirug\u00eda l\u00e1ser ocular"},"content":{"rendered":"\n<h2 class=\"wp-block-heading\">LASIK tradicional frente a LASIK personalizado<\/h2>\n\n<p>A medida que investigues sobre <a href=\"https:\/\/www.qualsight.com\/lasik-eye-surgery\">los procedimientos LASIK<\/a>, lo m\u00e1s probable es que descubras que existen muchas variaciones del procedimiento LASIK y muchos tipos diferentes de tecnolog\u00eda utilizada para la cirug\u00eda ocular LASIK. Comprender varios t\u00e9rminos y los distintos tipos de procedimientos LASIK es esencial para ayudar a determinar qu\u00e9 versi\u00f3n de LASIK es la mejor para ti. Muchas personas se preguntan cu\u00e1les son las diferencias entre <a href=\"https:\/\/www.qualsight.com\/traditional-lasik-eye-surgery\">el LASIK tradicional<\/a> y <a href=\"https:\/\/www.qualsight.com\/custom-wavefront-lasik-procedure\">el LASIK personalizado<\/a>. La mayor diferencia entre el LASIK tradicional y el LASIK personalizado es la tecnolog\u00eda utilizada para evaluar el error refractivo del paciente.<\/p>\n\n<h2 class=\"wp-block-heading\">LASIK tradicional<\/h2>\n\n<p>Para el procedimiento LASIK Tradicional, la graduaci\u00f3n del paciente se mide utilizando las mismas t\u00e1cticas tradicionales que determinar\u00edan su graduaci\u00f3n para gafas y lentes de contacto. La informaci\u00f3n proporcionada por estas mediciones gu\u00eda al m\u00e9dico en la remodelaci\u00f3n de la c\u00f3rnea del paciente. El procedimiento en s\u00ed es el mismo tanto para el LASIK tradicional como para el personalizado. Durante el procedimiento LASIK personalizado, se crea un mapa exhaustivo del ojo del paciente que gu\u00eda el procedimiento, mientras que el LASIK tradicional se basa en la informaci\u00f3n de mediciones menos detalladas. El procedimiento LASIK tradicional es eficaz para tratar las aberraciones de bajo orden, como la <a href=\"https:\/\/www.qualsight.com\/myopia-lasik\">miop\u00eda<\/a>, <a href=\"https:\/\/www.qualsight.com\/lasik-astigmatism\">el astigmatismo<\/a> y <a href=\"https:\/\/www.qualsight.com\/hyperopia-lasik-farsightedness\">la hipermetrop\u00eda<\/a>. El LASIK personalizado trata las aberraciones de bajo orden, as\u00ed como las de alto orden, como los halos, los reflejos y los destellos.<\/p>\n\n<h2 class=\"wp-block-heading\">LASIK personalizado<\/h2>\n\n<p>El procedimiento LASIK personalizado utiliza <a href=\"https:\/\/www.qualsight.com\/custom-wavefront-lasik-procedure\">la tecnolog\u00eda Wavefront<\/a>, que crea una impresi\u00f3n o \u00abmapa\u00bb de tu ojo para ayudar al m\u00e9dico a determinar la graduaci\u00f3n m\u00e1s precisa. La tecnolog\u00eda Wavefront es nueva en el LASIK. La tecnolog\u00eda en s\u00ed ha sido utilizada por los astr\u00f3nomos para ajustar la \u00f3ptica de sus telescopios y s\u00f3lo recientemente se ha aplicado a la medici\u00f3n de la visi\u00f3n humana. La informaci\u00f3n que proporciona la tecnolog\u00eda Wavefront ayudar\u00e1 al m\u00e9dico a remodelar la c\u00f3rnea del paciente durante la intervenci\u00f3n LASIK. Utilizar la tecnolog\u00eda Wavefront para personalizar el LASIK es sencillo. Cuando un sistema Wavefront proyecta luz en tu ojo, la luz se refleja en el sistema, que proporciona al m\u00e9dico informaci\u00f3n detallada sobre tu ojo. A menudo se recomienda que los pacientes con astigmatismo grave se sometan a un LASIK personalizado para medir con precisi\u00f3n su graduaci\u00f3n. El LASIK personalizado es una mejora de la cirug\u00eda ocular LASIK, aunque muchas personas siguen considerando que el LASIK tradicional puede satisfacer sus necesidades. El LASIK personalizado tiene el potencial de ofrecerte una visi\u00f3n mejor que el LASIK tradicional, ya que proporciona informaci\u00f3n m\u00e1s espec\u00edfica sobre tu graduaci\u00f3n visual. El procedimiento LASIK personalizado tambi\u00e9n puede ayudar a mejorar la visi\u00f3n nocturna y a reducir el riesgo de complicaciones. Para algunas personas, como las que tienen un astigmatismo grave, el LASIK personalizado es muy recomendable. Sin embargo, ten en cuenta que no todo el mundo necesita la tecnolog\u00eda avanzada que utiliza el LASIK personalizado para conseguir los resultados deseados en la correcci\u00f3n de la visi\u00f3n.<\/p>\n<section \n    class=\"blocks block-quicklinks align \" \n    id=\"block_meta_673104d9db2fd\" \n    style=\" \"\n>\n    <h3>Ver tambi\u00e9n<\/h3>\n    <ul>\n                    <li>\n                <a href=\"https:\/\/www.qualsight.com\/es\/tipos-de-cirugia-laser-ocular\/lasik-tradicional\/\" target=\"_self\">\n                    LASIK tradicional                <\/a>\n            <\/li>\n                    <li>\n                <a href=\"https:\/\/www.qualsight.com\/es\/tipos-de-cirugia-laser-ocular\/lasik-personalizado-de-frente-de-onda\/\" target=\"_self\">\n                    LASIK personalizado de frente de onda                <\/a>\n            <\/li>\n                    <li>\n                <a href=\"https:\/\/www.qualsight.com\/es\/tipos-de-cirugia-laser-ocular\/cirugia-prk\/\" target=\"_self\">\n                    Cirug\u00eda PRK                <\/a>\n            <\/li>\n                    <li>\n                <a href=\"https:\/\/www.qualsight.com\/es\/tipos-de-cirugia-laser-ocular\/cirugia-lasek\/\" target=\"_self\">\n                    Cirug\u00eda LASEK                <\/a>\n            <\/li>\n                    <li>\n                <a href=\"https:\/\/www.qualsight.com\/es\/tipos-de-cirugia-laser-ocular\/lasik-intralase\/\" target=\"_self\">\n                    LASIK IntraLase                <\/a>\n            <\/li>\n                    <li>\n                <a href=\"https:\/\/www.qualsight.com\/es\/tipos-de-cirugia-laser-ocular\/lasik-sin-bisturi\/\" target=\"_self\">\n                    LASIK sin bistur\u00ed                <\/a>\n            <\/li>\n                    <li>\n                <a href=\"https:\/\/www.qualsight.com\/es\/tipos-de-cirugia-laser-ocular\/lasik-monovision\/\" target=\"_self\">\n                    LASIK Monovisi\u00f3n                <\/a>\n            <\/li>\n            <\/ul>    \n<\/section>\n","protected":false},"excerpt":{"rendered":"<p>LASIK tradicional frente a LASIK personalizado A medida que investigues sobre los procedimientos LASIK, lo m\u00e1s probable es que descubras que existen muchas variaciones del procedimiento LASIK y muchos tipos diferentes de tecnolog\u00eda utilizada para la cirug\u00eda ocular LASIK. Comprender varios t\u00e9rminos y los distintos tipos de procedimientos LASIK es esencial para ayudar a determinar [&hellip;]<\/p>\n","protected":false},"author":1,"featured_media":0,"parent":0,"menu_order":0,"comment_status":"closed","ping_status":"closed","template":"","meta":{"_acf_changed":false,"footnotes":""},"class_list":["post-2877","page","type-page","status-publish","hentry"],"acf":[],"_links":{"self":[{"href":"https:\/\/www.qualsight.com\/es\/wp-json\/wp\/v2\/pages\/2877","targetHints":{"allow":["GET"]}}],"collection":[{"href":"https:\/\/www.qualsight.com\/es\/wp-json\/wp\/v2\/pages"}],"about":[{"href":"https:\/\/www.qualsight.com\/es\/wp-json\/wp\/v2\/types\/page"}],"author":[{"embeddable":true,"href":"https:\/\/www.qualsight.com\/es\/wp-json\/wp\/v2\/users\/1"}],"replies":[{"embeddable":true,"href":"https:\/\/www.qualsight.com\/es\/wp-json\/wp\/v2\/comments?post=2877"}],"version-history":[{"count":1,"href":"https:\/\/www.qualsight.com\/es\/wp-json\/wp\/v2\/pages\/2877\/revisions"}],"predecessor-version":[{"id":2878,"href":"https:\/\/www.qualsight.com\/es\/wp-json\/wp\/v2\/pages\/2877\/revisions\/2878"}],"wp:attachment":[{"href":"https:\/\/www.qualsight.com\/es\/wp-json\/wp\/v2\/media?parent=2877"}],"curies":[{"name":"wp","href":"https:\/\/api.w.org\/{rel}","templated":true}]}}