{"id":2879,"date":"2024-10-31T10:28:06","date_gmt":"2024-10-31T17:28:06","guid":{"rendered":"https:\/\/www.qualsight.com\/que-es-el-lasik\/"},"modified":"2024-12-30T11:29:33","modified_gmt":"2024-12-30T19:29:33","slug":"que-es-el-lasik","status":"publish","type":"page","link":"https:\/\/www.qualsight.com\/es\/que-es-el-lasik\/","title":{"rendered":"\u00bfQu\u00e9 es el LASIK?"},"content":{"rendered":"\n<h2 class=\"wp-block-heading\">Explicaci\u00f3n de la cirug\u00eda ocular LASIK  <\/h2>\n\n<p><strong><a href=\"https:\/\/en.wikipedia.org\/wiki\/LASIK\">La cirug\u00eda ocular LASIK<\/a><\/strong> es el procedimiento electivo m\u00e1s frecuente y se realiza para corregir <a href=\"https:\/\/en.wikipedia.org\/w\/index.php?title=Myopia&amp;redirect=no\">la miop\u00eda<\/a>, la <a href=\"https:\/\/en.wikipedia.org\/wiki\/Hyperopia\">hipermetrop\u00eda<\/a> y <a href=\"https:\/\/www.qualsight.com\/lasik-astigmatism\">el astigmatismo<\/a>. En la mayor\u00eda de los casos, <a href=\"https:\/\/www.qualsight.com\/es\/duele-el-lasik\/\">el LASIK es indoloro<\/a> y se completa en varios minutos por ojo. Los resultados mejoran tu visi\u00f3n para reducir y, en la mayor\u00eda de los casos, eliminar la necesidad de gafas o <a href=\"https:\/\/www.qualsight.com\/contact-lenses-questions-and-lasik\">lentes de contacto<\/a>, y los resultados de la intervenci\u00f3n suelen notarse en 24 horas. Como la mayor\u00eda de los tipos de <a href=\"https:\/\/www.qualsight.com\/es\/tipos-de-defectos-de-refraccion\/\">cirug\u00eda ocular<\/a> con l\u00e1ser, el LASIK remodela la <a href=\"https:\/\/en.wikipedia.org\/wiki\/Cornea\">c\u00f3rnea<\/a> para permitir que la luz que entra en el ojo se enfoque en la parte adecuada de la retina y obtener as\u00ed una visi\u00f3n m\u00e1s clara. Existen <a href=\"https:\/\/www.qualsight.com\/laser-eye-surgery\">m\u00faltiples cirug\u00edas de correcci\u00f3n de la visi\u00f3n con l\u00e1ser<\/a>, como Park, LASEK, <a href=\"https:\/\/www.qualsight.com\/bladeless-lasik\">LASIK<\/a> <a href=\"https:\/\/www.qualsight.com\/custom-wavefront-lasik-procedure\">personalizado<\/a> y <a href=\"https:\/\/www.qualsight.com\/bladeless-lasik\">LASIK sin bistur\u00ed<\/a>. Un examen con un cirujano LASIK determinar\u00e1 si la cirug\u00eda LASIK es adecuada para ti y normalmente s\u00f3lo te llevar\u00e1 entre 60 y 90 minutos de tu tiempo. Tras el examen, sabr\u00e1s si eres un candidato potencial al LASIK y el procedimiento recomendado para ti.      <\/p>\n\n<figure class=\"wp-block-image size-full\"><img decoding=\"async\" width=\"810\" height=\"603\" src=\"https:\/\/www.qualsight.com\/wp-content\/uploads\/2024\/11\/LASIK-Eye-Surgery-Laser.jpg\" alt=\"\" class=\"wp-image-1207\" srcset=\"https:\/\/www.qualsight.com\/wp-content\/uploads\/2024\/11\/LASIK-Eye-Surgery-Laser.jpg 810w, https:\/\/www.qualsight.com\/wp-content\/uploads\/2024\/11\/LASIK-Eye-Surgery-Laser-800x596.jpg 800w, https:\/\/www.qualsight.com\/wp-content\/uploads\/2024\/11\/LASIK-Eye-Surgery-Laser-600x447.jpg 600w\" sizes=\"(max-width: 810px) 100vw, 810px\" \/><\/figure>\n\n<h2 class=\"wp-block-heading\">Examen preoperatorio de la cirug\u00eda LASIK  <\/h2>\n\n<p>Tu m\u00e9dico especialista en LASIK te har\u00e1 <a href=\"https:\/\/www.qualsight.com\/during-lasik-pre-op-exam\">un examen ocular con dilataci\u00f3n de las pupilas<\/a> para asegurarse de que tus ojos est\u00e1n sanos para la cirug\u00eda ocular LASIK. El cirujano evaluar\u00e1 la forma y el grosor de tu c\u00f3rnea, los errores de refracci\u00f3n, el <a href=\"https:\/\/www.qualsight.com\/pupil-size-for-lasik\">tama\u00f1o de la pupila<\/a> y tu salud general para determinar si eres <a href=\"https:\/\/www.qualsight.com\/what-will-disqualify-patients-being-candidates-lasik-surgery\">candidato al LASIK<\/a>. Tambi\u00e9n se evaluar\u00e1 la posibilidad de desarrollar <a href=\"https:\/\/www.qualsight.com\/dry-eyes-after-lasik\">sequedad ocular<\/a>, y puede recomendarse un plan de tratamiento para reducir el riesgo de desarrollar sequedad ocular tras la cirug\u00eda LASIK.  <\/p>\n\n<p>Si te sometes a <a href=\"https:\/\/www.qualsight.com\/custom-wavefront-lasik-procedure\">un LASIK personalizado,<\/a> te har\u00e1n una imagen tridimensional del ojo, denominada an\u00e1lisis de frente de onda, que crea un mapa m\u00e1s preciso de las aberraciones generales que afectan a tu visi\u00f3n. Dado que las lentes de contacto alteran la forma natural del ojo, se te pedir\u00e1 que dejes de llevarlas durante un periodo determinado antes de la fecha de la intervenci\u00f3n. <\/p>\n\n<p>Normalmente, el tiempo para quitarse las lentes de contacto blandas es de 1-2 semanas y las duras pueden ser de hasta 4 semanas; tu cirujano especialista en LASIK te aconsejar\u00e1 durante la consulta cu\u00e1nto tiempo debes dejar de usar las lentes de contacto. Una vez que te hayan declarado candidato al LASIK, tendr\u00e1s que calcular <a href=\"https:\/\/www.qualsight.com\/cost-of-lasik-surgery\">cu\u00e1nto dinero debes destinar a la intervenci\u00f3n<\/a>. La tabla siguiente muestra el ahorro medio nacional que supone utilizar el programa QualSight LASIK para tu intervenci\u00f3n.  <\/p>\n\n<div class=\"wp-block-buttons is-layout-flex wp-block-buttons-is-layout-flex\"><div class=\"wp-block-button\"><a class=\"wp-block-button__link wp-element-button\" href=\"\/es\/localizaciones\/\" target=\"_self\">Consulta Gratis<\/a><\/div><\/div>\n\n<h2 class=\"wp-block-heading\">Explicaci\u00f3n de la cirug\u00eda ocular LASIK &#8211; C\u00f3mo funciona<\/h2>\n\n<p><a href=\"https:\/\/www.qualsight.com\/during-your-lasik-procedure\">Antes de la cirug\u00eda ocular LASIK<\/a>, se utilizan gotas anest\u00e9sicas para aliviar las molestias oculares. Algunos cirujanos tambi\u00e9n pueden recetar medicaci\u00f3n para ayudarte a relajarte. La cirug\u00eda LASIK s\u00f3lo requiere <a href=\"http:\/\/medical-dictionary.thefreedictionary.com\/topical+anesthesia\">gotas anest\u00e9sicas t\u00f3picas<\/a>, y no se necesitan puntos de sutura para la cicatrizaci\u00f3n. Te colocar\u00e1n el ojo bajo el l\u00e1ser y se utilizar\u00e1 un instrumento llamado esp\u00e9culo del p\u00e1rpado para mantener los p\u00e1rpados abiertos.   <\/p>\n\n<p>Tu cirujano utilizar\u00e1 un instrumento llamado <a href=\"https:\/\/en.wikipedia.org\/wiki\/Microkeratome\">microqueratomo<\/a> o un <a href=\"https:\/\/www.qualsight.com\/intralase-lasik\">l\u00e1ser de femtosegundo<\/a> para crear un fino colgajo semicircular en la c\u00f3rnea, en la superficie del ojo. A continuaci\u00f3n, el cirujano utilizar\u00e1 el l\u00e1ser excimer para tratar tu graduaci\u00f3n espec\u00edfica, utilizando un haz de luz ultravioleta fr\u00eda para remodelar la c\u00f3rnea.   <\/p>\n\n<p>Esto permite reenfocar la luz que entra en el ojo para obtener una visi\u00f3n m\u00e1s precisa. La intervenci\u00f3n es indolora; sin embargo, puedes sentir cierta presi\u00f3n en los ojos. La cirug\u00eda LASIK se realiza en cada ojo de forma independiente, y s\u00f3lo dura unos minutos. Despu\u00e9s de que el l\u00e1ser remodele la c\u00f3rnea, el colgajo se recoloca y sirve de vendaje natural para el proceso de cicatrizaci\u00f3n.   <\/p>\n\n<div class=\"wp-block-buttons is-layout-flex wp-block-buttons-is-layout-flex\"><div class=\"wp-block-button\"><a class=\"wp-block-button__link wp-element-button\" href=\"\/es\/localizaciones\/\" target=\"_self\">Consulta Gratis<\/a><\/div><\/div>\n\n<h2 class=\"wp-block-heading\">Riesgos y complicaciones del LASIK<\/h2>\n\n<p>Cualquier intervenci\u00f3n quir\u00fargica conlleva riesgos potenciales. En el caso de la cirug\u00eda ocular <a href=\"https:\/\/www.qualsight.com\/lasik-eye-surgery\">LASIK<\/a>, la mayor\u00eda de los riesgos y complicaciones potenciales no suponen una amenaza significativa para la visi\u00f3n. Adem\u00e1s, la mayor\u00eda de los pacientes que sufren complicaciones del LASIK pueden recibir un retratamiento o mejora mediante un segundo tratamiento. En raras ocasiones, las complicaciones del LASIK provocan una p\u00e9rdida de visi\u00f3n significativa o permanente que hace que el paciente acabe con una visi\u00f3n peor que antes de la intervenci\u00f3n de cirug\u00eda ocular LASIK.    <\/p>\n\n<ul class=\"wp-block-list\">\n<li><a href=\"https:\/\/www.qualsight.com\/post-lasik-procedure-dlk\">DLK post-LASIK<\/a><a href=\"https:\/\/www.qualsight.com\/request-lasik-information\"><\/a><\/li>\n\n\n\n<li><a href=\"https:\/\/www.qualsight.com\/lasik-overcorrection-lasik-undercorrection\">Sobrecorrecci\u00f3n e Infracorrecci\u00f3n<\/a><\/li>\n\n\n\n<li><a href=\"https:\/\/www.qualsight.com\/cornea-flap-lasik-complications\">Complicaciones del LASIK con colgajo y c\u00f3rnea  <\/a><\/li>\n\n\n\n<li><a href=\"https:\/\/www.qualsight.com\/vision-glares-halos\">Deslumbramientos y halos de visi\u00f3n<\/a><\/li>\n\n\n\n<li><a href=\"https:\/\/www.qualsight.com\/dry-eyes-after-lasik\">Ojos secos despu\u00e9s del LASIK<\/a><\/li>\n<\/ul>\n\n<h2 class=\"wp-block-heading\">Informaci\u00f3n postoperatoria de la cirug\u00eda LASIK<\/h2>\n\n<p><a href=\"https:\/\/www.qualsight.com\/after-lasik-surgery\">Despu\u00e9s de la cirug\u00eda ocular LASIK<\/a>, necesitar\u00e1s que alguien te lleve a casa. Puedes experimentar una sensaci\u00f3n temporal de picor en los ojos y debes esperar cierta visi\u00f3n borrosa o nebulosa inmediatamente despu\u00e9s de la intervenci\u00f3n, que puede durar entre 8 y 12 horas. Al d\u00eda siguiente, tu visi\u00f3n y claridad deber\u00edan seguir mejorando. La mayor\u00eda de las personas vuelven al trabajo y conducen ellas mismas a su cita de seguimiento al d\u00eda siguiente.   <\/p>\n\n<p>Adem\u00e1s, la mayor\u00eda de los m\u00e9dicos solicitan un examen de seguimiento adicional entre 2 y 4 semanas despu\u00e9s de la intervenci\u00f3n LASIK y entre 1 y 3 meses despu\u00e9s de la intervenci\u00f3n. Durante la recuperaci\u00f3n del LASIK, el m\u00e9dico querr\u00e1 verte entre 24 y 48 horas despu\u00e9s de la intervenci\u00f3n para asegurarse de que tus ojos se est\u00e1n curando correctamente. La mayor\u00eda de las personas pueden volver al trabajo al d\u00eda siguiente o a los pocos d\u00edas de la cirug\u00eda ocular LASIK.  <\/p>\n\n<p>Es normal que en las primeras semanas tras la cirug\u00eda ocular con l\u00e1ser sientas una ligera molestia descrita como \u00abpesta\u00f1eo\u00bb en el ojo, que tambi\u00e9n es una sensaci\u00f3n normal durante el tiempo de recuperaci\u00f3n. Es importante que mantengas los ojos lubricados con gotas oft\u00e1lmicas durante las primeras semanas a tres meses despu\u00e9s de la intervenci\u00f3n con L\u00e1ser. Aunque no sientas los ojos secos, debes procurar utilizar colirios lubricantes 3-4 veces al d\u00eda para evitar que se te sequen los ojos. Los pacientes tambi\u00e9n pueden experimentar una mayor sensibilidad a la luz, y \u00e9sta es otra raz\u00f3n por la que se les recomienda llevar gafas de sol siempre que est\u00e9n al aire libre, incluso cuando est\u00e9 nublado.   <\/p>\n\n<div class=\"wp-block-buttons is-layout-flex wp-block-buttons-is-layout-flex\"><div class=\"wp-block-button\"><a class=\"wp-block-button__link wp-element-button\" href=\"\/es\/localizaciones\/\" target=\"_self\">Consulta Gratis<\/a><\/div><\/div>\n\n<p>Cada cirujano tiene una lista y un calendario de restricciones para sus pacientes. Tu m\u00e9dico puede limitar el ejercicio, la nataci\u00f3n, el uso de maquillaje en los ojos o cualquier maquillaje durante unas semanas. Los deportes de contacto, los jacuzzis y las ba\u00f1eras de hidromasaje pueden limitarse a unos meses. Debes seguir las instrucciones postoperatorias de tu m\u00e9dico durante la recuperaci\u00f3n del LASIK para ayudar a la cicatrizaci\u00f3n en la medida de lo posible.   <\/p>\n\n<p>Si crees que est\u00e1s teniendo alg\u00fan problema durante la recuperaci\u00f3n del LASIK, debes llamar a tu m\u00e9dico, que tiene acceso a tu historial m\u00e9dico completo, para que confirme si tu situaci\u00f3n concreta est\u00e1 dentro de los l\u00edmites normales o si ser\u00e1n necesarios m\u00e1s cuidados postoperatorios.<\/p>\n\n<h2 class=\"wp-block-heading\">2-3 meses despu\u00e9s de la cirug\u00eda l\u00e1ser ocular<\/h2>\n\n<p>Es habitual que los ojos sigan cur\u00e1ndose durante al menos 3 meses despu\u00e9s de la cirug\u00eda LASIK. Los pacientes con graduaciones m\u00e1s severas pueden seguir cur\u00e1ndose hasta 6 meses. Como cada persona cicatriza de forma diferente, no es posible saber exactamente c\u00f3mo cicatrizar\u00e1n tus ojos y, en unos pocos casos (3-5%), los pacientes necesitar\u00e1n una <a href=\"https:\/\/www.qualsight.com\/lasik-enhancements\">mejora o \u00abretoque\u00bb<\/a> despu\u00e9s de que haya pasado la recuperaci\u00f3n del LASIK y sus ojos est\u00e9n estables.  <\/p>\n<section \n    class=\"blocks block-quicklinks align \" \n    id=\"block_meta_67310414d32a4\" \n    style=\" \"\n>\n    <h3>Ver tambi\u00e9n<\/h3>\n    <ul>\n                    <li>\n                <a href=\"https:\/\/www.qualsight.com\/es\/coste-del-lasik\/\" target=\"_self\">\n                    Coste del LASIK                <\/a>\n            <\/li>\n                    <li>\n                <a href=\"https:\/\/www.qualsight.com\/es\/tipos-de-cirugia-laser-ocular\/\" target=\"_self\">\n                    Tipos de cirug\u00eda l\u00e1ser ocular                <\/a>\n            <\/li>\n                    <li>\n                <a href=\"https:\/\/www.qualsight.com\/es\/riesgos-y-recuperacion-del-lasik\/\" target=\"_self\">\n                    Riesgos y recuperaci\u00f3n del LASIK                <\/a>\n            <\/li>\n            <\/ul>    \n<\/section>\n","protected":false},"excerpt":{"rendered":"<p>Explicaci\u00f3n de la cirug\u00eda ocular LASIK La cirug\u00eda ocular LASIK es el procedimiento electivo m\u00e1s frecuente y se realiza para corregir la miop\u00eda, la hipermetrop\u00eda y el astigmatismo. En la mayor\u00eda de los casos, el LASIK es indoloro y se completa en varios minutos por ojo. Los resultados mejoran tu visi\u00f3n para reducir y, en [&hellip;]<\/p>\n","protected":false},"author":1,"featured_media":0,"parent":0,"menu_order":0,"comment_status":"closed","ping_status":"closed","template":"","meta":{"_acf_changed":false,"footnotes":""},"class_list":["post-2879","page","type-page","status-publish","hentry"],"acf":[],"_links":{"self":[{"href":"https:\/\/www.qualsight.com\/es\/wp-json\/wp\/v2\/pages\/2879","targetHints":{"allow":["GET"]}}],"collection":[{"href":"https:\/\/www.qualsight.com\/es\/wp-json\/wp\/v2\/pages"}],"about":[{"href":"https:\/\/www.qualsight.com\/es\/wp-json\/wp\/v2\/types\/page"}],"author":[{"embeddable":true,"href":"https:\/\/www.qualsight.com\/es\/wp-json\/wp\/v2\/users\/1"}],"replies":[{"embeddable":true,"href":"https:\/\/www.qualsight.com\/es\/wp-json\/wp\/v2\/comments?post=2879"}],"version-history":[{"count":2,"href":"https:\/\/www.qualsight.com\/es\/wp-json\/wp\/v2\/pages\/2879\/revisions"}],"predecessor-version":[{"id":4854,"href":"https:\/\/www.qualsight.com\/es\/wp-json\/wp\/v2\/pages\/2879\/revisions\/4854"}],"wp:attachment":[{"href":"https:\/\/www.qualsight.com\/es\/wp-json\/wp\/v2\/media?parent=2879"}],"curies":[{"name":"wp","href":"https:\/\/api.w.org\/{rel}","templated":true}]}}