{"id":2881,"date":"2024-11-07T12:08:31","date_gmt":"2024-11-07T20:08:31","guid":{"rendered":"https:\/\/www.qualsight.com\/tipos-de-cirugia-laser-ocular\/cirugia-lasek\/"},"modified":"2024-12-30T11:28:58","modified_gmt":"2024-12-30T19:28:58","slug":"cirugia-lasek","status":"publish","type":"page","link":"https:\/\/www.qualsight.com\/es\/tipos-de-cirugia-laser-ocular\/cirugia-lasek\/","title":{"rendered":"Cirug\u00eda LASEK"},"content":{"rendered":"\n<h2 class=\"wp-block-heading\">LASEK frente a LASIK<\/h2>\n\n<p><strong>La cirug\u00eda ocular LASEK<\/strong> (queratomileusis epitelial con l\u00e1ser) es una variaci\u00f3n de las t\u00e9cnicas de <a href=\"https:\/\/www.qualsight.com\/prk-corrective-procedure\">PRK<\/a> y <a href=\"https:\/\/www.qualsight.com\/lasik-eye-surgery\" target=\"_blank\" rel=\"noreferrer noopener\">LASIK<\/a>. Tambi\u00e9n E-LASIK o simplemente LASEK se utiliza idealmente para personas con c\u00f3rneas demasiado finas o planas para <a href=\"https:\/\/www.qualsight.com\/traditional-lasik-eye-surgery\">el LASIK tradicional<\/a>. El LASEK disminuye la posibilidad de <a href=\"https:\/\/www.qualsight.com\/lasik-possible-side-effects\">complicaciones<\/a> que pueden producirse al crear el colgajo corneal durante el LASIK tradicional con microqueratomo cuando la c\u00f3rnea no tiene el grosor ideal.  <\/p>\n\n<h2 class=\"wp-block-heading\">Explicaci\u00f3n de la cirug\u00eda ocular LASEK<\/h2>\n\n<p>En la LASEK, el epitelio, o capa externa de la c\u00f3rnea, se extirpa con una cuchilla m\u00e1s fina llamada tr\u00e9pano, en lugar del microqueratomo utilizado en la LASIK. A continuaci\u00f3n, el cirujano cubre el ojo con una soluci\u00f3n alcoh\u00f3lica (quiz\u00e1 una parte de alcohol y cuatro de agua est\u00e9ril) durante unos 30 segundos. La soluci\u00f3n afloja los bordes del epitelio. Tras retirar la soluci\u00f3n alcoh\u00f3lica del ojo, el cirujano levanta el borde del colgajo epitelial y lo pliega hacia atr\u00e1s, de forma similar al LASIK. A continuaci\u00f3n, el cirujano utiliza un l\u00e1ser excimer para remodelar el tejido corneal subyacente y luego se vuelve a colocar el colgajo epitelial en el ojo.    <\/p>\n\n<p>A continuaci\u00f3n, se coloca una lente de contacto vendada en el ojo para que cicatricen los bordes del colgajo. Como en la PRK, la lente de contacto vendada se lleva durante unos tres d\u00edas. Puedes sentir irritaci\u00f3n ocular durante el primer o segundo d\u00eda despu\u00e9s. El paciente tendr\u00e1 que usar gotas oculares (gotas t\u00f3picas de esteroides) durante unas semanas despu\u00e9s del tratamiento LASEK para controlar el ritmo de cicatrizaci\u00f3n. La recuperaci\u00f3n t\u00edpica requiere m\u00e1s tiempo para recuperar totalmente la visi\u00f3n, en comparaci\u00f3n con el LASIK. El periodo de recuperaci\u00f3n de la LASEK suele ser de unos cuatro a siete d\u00edas, que es m\u00e1s corto que la recuperaci\u00f3n t\u00edpica de la PRK. Los resultados visuales de LASEK frente a LASIK son muy similares, aunque LASEK tarda m\u00e1s tiempo que LASIK tradicional en conseguir una claridad visual plena.      <\/p>\n\n<h2 class=\"wp-block-heading\">Complicaciones de la LASEK<\/h2>\n\n<p>La cirug\u00eda ocular LASEK tiene algunas ventajas e inconvenientes. Normalmente se evitan las complicaciones del colgajo corneal asociadas al LASIK y hay menos frecuencia de ojo seco. Adem\u00e1s, el cirujano tiene la posibilidad de tratar c\u00f3rneas que no son aptas para el LASIK tradicional por ser demasiado finas o planas. Sin embargo, el tiempo de recuperaci\u00f3n de la LASEK suele ser m\u00e1s largo que el de la LASIK y causa algo m\u00e1s de molestias.   <\/p>\n<section \n    class=\"blocks block-quicklinks align \" \n    id=\"block_meta_673110c2f01f5\" \n    style=\" \"\n>\n    <h3>Ver tambi\u00e9n<\/h3>\n    <ul>\n                    <li>\n                <a href=\"https:\/\/www.qualsight.com\/es\/tipos-de-cirugia-laser-ocular\/\" target=\"_self\">\n                    Tipos de cirug\u00eda l\u00e1ser ocular                <\/a>\n            <\/li>\n                    <li>\n                <a href=\"https:\/\/www.qualsight.com\/es\/tipos-de-defectos-de-refraccion\/\" target=\"_self\">\n                    Tipos de defectos de refracci\u00f3n                <\/a>\n            <\/li>\n                    <li>\n                <a href=\"https:\/\/www.qualsight.com\/es\/antes-durante-y-despues\/\" target=\"_self\">\n                    Antes, durante y despu\u00e9s                <\/a>\n            <\/li>\n                    <li>\n                <a href=\"https:\/\/www.qualsight.com\/es\/posibles-efectos-secundarios\/\" target=\"_self\">\n                    Posibles efectos secundarios                <\/a>\n            <\/li>\n                    <li>\n                <a href=\"https:\/\/www.qualsight.com\/es\/coste-del-lasik\/\" target=\"_self\">\n                    Coste del LASIK                <\/a>\n            <\/li>\n                    <li>\n                <a href=\"https:\/\/www.qualsight.com\/es\/riesgos-y-recuperacion-del-lasik\/\" target=\"_self\">\n                    Riesgos y recuperaci\u00f3n del LASIK                <\/a>\n            <\/li>\n                    <li>\n                <a href=\"https:\/\/www.qualsight.com\/es\/tipos-de-cirugia-laser-ocular\/cirugia-prk\/\" target=\"_self\">\n                    Cirug\u00eda PRK                <\/a>\n            <\/li>\n            <\/ul>    \n<\/section>\n","protected":false},"excerpt":{"rendered":"<p>LASEK frente a LASIK La cirug\u00eda ocular LASEK (queratomileusis epitelial con l\u00e1ser) es una variaci\u00f3n de las t\u00e9cnicas de PRK y LASIK. Tambi\u00e9n E-LASIK o simplemente LASEK se utiliza idealmente para personas con c\u00f3rneas demasiado finas o planas para el LASIK tradicional. El LASEK disminuye la posibilidad de complicaciones que pueden producirse al crear el [&hellip;]<\/p>\n","protected":false},"author":1,"featured_media":0,"parent":2877,"menu_order":0,"comment_status":"closed","ping_status":"closed","template":"","meta":{"_acf_changed":false,"footnotes":""},"class_list":["post-2881","page","type-page","status-publish","hentry"],"acf":[],"_links":{"self":[{"href":"https:\/\/www.qualsight.com\/es\/wp-json\/wp\/v2\/pages\/2881","targetHints":{"allow":["GET"]}}],"collection":[{"href":"https:\/\/www.qualsight.com\/es\/wp-json\/wp\/v2\/pages"}],"about":[{"href":"https:\/\/www.qualsight.com\/es\/wp-json\/wp\/v2\/types\/page"}],"author":[{"embeddable":true,"href":"https:\/\/www.qualsight.com\/es\/wp-json\/wp\/v2\/users\/1"}],"replies":[{"embeddable":true,"href":"https:\/\/www.qualsight.com\/es\/wp-json\/wp\/v2\/comments?post=2881"}],"version-history":[{"count":1,"href":"https:\/\/www.qualsight.com\/es\/wp-json\/wp\/v2\/pages\/2881\/revisions"}],"predecessor-version":[{"id":2882,"href":"https:\/\/www.qualsight.com\/es\/wp-json\/wp\/v2\/pages\/2881\/revisions\/2882"}],"up":[{"embeddable":true,"href":"https:\/\/www.qualsight.com\/es\/wp-json\/wp\/v2\/pages\/2877"}],"wp:attachment":[{"href":"https:\/\/www.qualsight.com\/es\/wp-json\/wp\/v2\/media?parent=2881"}],"curies":[{"name":"wp","href":"https:\/\/api.w.org\/{rel}","templated":true}]}}