{"id":2885,"date":"2024-11-07T12:07:22","date_gmt":"2024-11-07T20:07:22","guid":{"rendered":"https:\/\/www.qualsight.com\/tipos-de-cirugia-laser-ocular\/cirugia-prk\/"},"modified":"2024-12-30T11:31:17","modified_gmt":"2024-12-30T19:31:17","slug":"cirugia-prk","status":"publish","type":"page","link":"https:\/\/www.qualsight.com\/es\/tipos-de-cirugia-laser-ocular\/cirugia-prk\/","title":{"rendered":"Cirug\u00eda PRK"},"content":{"rendered":"\n<h2 class=\"wp-block-heading\">La cirug\u00eda PRK es un tipo de correcci\u00f3n de la visi\u00f3n con l\u00e1ser<\/h2>\n\n<p>  La queratectom\u00eda fotorrefractiva<a href=\"https:\/\/en.wikipedia.org\/wiki\/Photorefractive_keratectomy\">(PRK<\/a>) es un procedimiento en el que se remodela la superficie de la <a href=\"https:\/\/en.wikipedia.org\/wiki\/Cornea\">c\u00f3rnea<\/a> mediante un l\u00e1ser excimer. Este proceso s\u00f3lo elimina entre el 5 y el 10% del grosor de la c\u00f3rnea para la <a href=\"https:\/\/www.qualsight.com\/myopia-lasik\">miop\u00eda<\/a> leve a moderada, aproximadamente el grosor de 1 a 3 cabellos humanos. <\/p>\n\n<p>Se aplican gotas anest\u00e9sicas en el ojo del paciente para adormecerlo y evitar molestias durante la intervenci\u00f3n de PRK y se coloca un dispositivo para mantener los p\u00e1rpados separados, eliminando cualquier preocupaci\u00f3n por el parpadeo. A continuaci\u00f3n, el cirujano ocular retira suavemente las c\u00e9lulas superficiales de la c\u00f3rnea (epitelio) y procede con el aspecto l\u00e1ser de la intervenci\u00f3n. <\/p>\n\n<p>El l\u00e1ser, que funciona por ordenador para mayor exactitud y precisi\u00f3n, se programa en funci\u00f3n del error refractivo del paciente<a href=\"https:\/\/www.qualsight.com\/myopia-lasik\">(miop\u00eda<\/a>, <a href=\"https:\/\/www.qualsight.com\/hyperopia-lasik-farsightedness\">hipermetrop\u00eda<\/a> y <a href=\"https:\/\/www.qualsight.com\/lasik-astigmatism\">astigmatismo<\/a>). El l\u00e1ser se utiliza durante menos de un minuto en la mayor\u00eda de los pacientes. Una vez finalizada la cirug\u00eda PRK, el m\u00e9dico coloca una lente de contacto temporal que se utiliza un vendaje en el ojo para mejorar la comodidad.    <\/p>\n\n<div class=\"wp-block-buttons is-layout-flex wp-block-buttons-is-layout-flex\"><div class=\"wp-block-button\"><a class=\"wp-block-button__link wp-element-button\" href=\"\/es\/localizaciones\/\" target=\"_self\">Consulta Gratis<\/a><\/div><\/div>\n\n<h2 class=\"wp-block-heading\">Recuperaci\u00f3n PRK vs Recuperaci\u00f3n LASIK<\/h2>\n\n<p>La recuperaci\u00f3n de la PRK comienza cuando se coloca una lente de contacto en el ojo tratado y se lleva durante los 3 \u00f3 5 primeros d\u00edas, hasta que se cura el epitelio superficial. Espera acudir a varias citas con tu cirujano durante el primer mes tras la cirug\u00eda PRK, siendo la primera visita al d\u00eda siguiente de la cirug\u00eda. Cuando el epitelio superficial est\u00e9 curado, el ojo estar\u00e1 c\u00f3modo y se retirar\u00e1 la lente de contacto vendada. La visi\u00f3n puede seguir siendo borrosa en este momento, mientras tu visi\u00f3n mejora gradualmente.   <\/p>\n\n<p>Normalmente, tu recuperaci\u00f3n te permitir\u00e1 conducir un coche en una o dos semanas, pero es posible que no obtengas tu mejor visi\u00f3n corregida hasta pasados 3 meses de la intervenci\u00f3n. Los resultados de la cirug\u00eda PRK son muy similares a los <a href=\"https:\/\/www.qualsight.com\/lasik-eye-surgery\" target=\"_blank\" rel=\"noreferrer noopener\">del LASIK<\/a> en pacientes con hasta aproximadamente 6,0 <a href=\"https:\/\/en.wikipedia.org\/wiki\/Diopter_(disambiguation)\">dioptr\u00edas<\/a> de miop\u00eda (visi\u00f3n corta). La recuperaci\u00f3n de la PRK ser\u00e1 m\u00e1s lenta que la de la LASIK; sin embargo, los estudios realizados en la visita postoperatoria de 6 meses en ambos pacientes muestran resultados esencialmente equivalentes.  <\/p>\n\n<div class=\"wp-block-buttons is-layout-flex wp-block-buttons-is-layout-flex\"><div class=\"wp-block-button\"><a class=\"wp-block-button__link wp-element-button\" href=\"\/es\/localizaciones\/\" target=\"_self\">Consulta Gratis<\/a><\/div><\/div>\n\n<h2 class=\"wp-block-heading\"><strong>Efectos secundarios y complicaciones <\/strong> de la cirug\u00eda PRK frente a la LASIK  <\/h2>\n\n<p>La cirug\u00eda PRK no crea un colgajo corneal utilizando el microqueratomo, por lo que las capas superficiales protectoras de la c\u00f3rnea deben cicatrizar tras la cirug\u00eda PRK. Los efectos secundarios m\u00e1s frecuentes de la PRK son complicaciones de cicatrizaci\u00f3n (opacidad) y cicatrizaci\u00f3n impredecible de la c\u00f3rnea. <\/p>\n\n<p>Adem\u00e1s, los efectos secundarios de la PRK tambi\u00e9n incluyen el riesgo de infecci\u00f3n, aunque las infecciones tras la PRK o el LASIK son poco frecuentes. Muchos cirujanos oculares prefieren la PRK a los pacientes con <a href=\"https:\/\/en.wikipedia.org\/wiki\/Pupil\">pupilas<\/a> grandes o c\u00f3rneas finas, debido a las complicaciones con la creaci\u00f3n del colgajo, los posibles halos y los destellos de estrellas.   <\/p>\n<section \n    class=\"blocks block-quicklinks align \" \n    id=\"block_meta_6731104ebb91c\" \n    style=\" \"\n>\n    <h3>Ver tambi\u00e9n<\/h3>\n    <ul>\n                    <li>\n                <a href=\"https:\/\/www.qualsight.com\/es\/tipos-de-cirugia-laser-ocular\/\" target=\"_self\">\n                    Tipos de cirug\u00eda l\u00e1ser ocular                <\/a>\n            <\/li>\n                    <li>\n                <a href=\"https:\/\/www.qualsight.com\/es\/tipos-de-defectos-de-refraccion\/\" target=\"_self\">\n                    Tipos de defectos de refracci\u00f3n                <\/a>\n            <\/li>\n                    <li>\n                <a href=\"https:\/\/www.qualsight.com\/es\/antes-durante-y-despues\/\" target=\"_self\">\n                    Antes, durante y despu\u00e9s                <\/a>\n            <\/li>\n                    <li>\n                <a href=\"https:\/\/www.qualsight.com\/es\/posibles-efectos-secundarios\/\" target=\"_self\">\n                    Posibles efectos secundarios                <\/a>\n            <\/li>\n                    <li>\n                <a href=\"https:\/\/www.qualsight.com\/es\/coste-del-lasik\/\" target=\"_self\">\n                    Coste del LASIK                <\/a>\n            <\/li>\n                    <li>\n                <a href=\"https:\/\/www.qualsight.com\/es\/riesgos-y-recuperacion-del-lasik\/\" target=\"_self\">\n                    Riesgos y recuperaci\u00f3n del LASIK                <\/a>\n            <\/li>\n            <\/ul>    \n<\/section>\n","protected":false},"excerpt":{"rendered":"<p>La cirug\u00eda PRK es un tipo de correcci\u00f3n de la visi\u00f3n con l\u00e1ser La queratectom\u00eda fotorrefractiva(PRK) es un procedimiento en el que se remodela la superficie de la c\u00f3rnea mediante un l\u00e1ser excimer. Este proceso s\u00f3lo elimina entre el 5 y el 10% del grosor de la c\u00f3rnea para la miop\u00eda leve a moderada, aproximadamente [&hellip;]<\/p>\n","protected":false},"author":1,"featured_media":0,"parent":2877,"menu_order":0,"comment_status":"closed","ping_status":"closed","template":"","meta":{"_acf_changed":false,"footnotes":""},"class_list":["post-2885","page","type-page","status-publish","hentry"],"acf":[],"_links":{"self":[{"href":"https:\/\/www.qualsight.com\/es\/wp-json\/wp\/v2\/pages\/2885","targetHints":{"allow":["GET"]}}],"collection":[{"href":"https:\/\/www.qualsight.com\/es\/wp-json\/wp\/v2\/pages"}],"about":[{"href":"https:\/\/www.qualsight.com\/es\/wp-json\/wp\/v2\/types\/page"}],"author":[{"embeddable":true,"href":"https:\/\/www.qualsight.com\/es\/wp-json\/wp\/v2\/users\/1"}],"replies":[{"embeddable":true,"href":"https:\/\/www.qualsight.com\/es\/wp-json\/wp\/v2\/comments?post=2885"}],"version-history":[{"count":1,"href":"https:\/\/www.qualsight.com\/es\/wp-json\/wp\/v2\/pages\/2885\/revisions"}],"predecessor-version":[{"id":2886,"href":"https:\/\/www.qualsight.com\/es\/wp-json\/wp\/v2\/pages\/2885\/revisions\/2886"}],"up":[{"embeddable":true,"href":"https:\/\/www.qualsight.com\/es\/wp-json\/wp\/v2\/pages\/2877"}],"wp:attachment":[{"href":"https:\/\/www.qualsight.com\/es\/wp-json\/wp\/v2\/media?parent=2885"}],"curies":[{"name":"wp","href":"https:\/\/api.w.org\/{rel}","templated":true}]}}