{"id":3053,"date":"2024-11-07T14:32:21","date_gmt":"2024-11-07T22:32:21","guid":{"rendered":"https:\/\/www.qualsight.com\/es-segura-la-cirugia-lasik\/"},"modified":"2024-12-30T11:31:52","modified_gmt":"2024-12-30T19:31:52","slug":"es-segura-la-cirugia-lasik","status":"publish","type":"page","link":"https:\/\/www.qualsight.com\/es\/es-segura-la-cirugia-lasik\/","title":{"rendered":"\u00bfEs segura la cirug\u00eda LASIK?"},"content":{"rendered":"\n<h2 class=\"wp-block-heading\">Examen de los resultados de la cirug\u00eda ocular con l\u00e1ser  <\/h2>\n\n<p>Los resultados de la cirug\u00eda ocular LASIK han seguido mejorando desde que el procedimiento fue aprobado por la FDA en 1996. Incluso en 2020, algunos posibles candidatos a la cirug\u00eda LASIK siguen preguntando <strong>\u00bfEs segura la cirug\u00eda LASIK?<\/strong> La cirug\u00eda ocular LASIK es uno de los procedimientos electivos m\u00e1s populares que se realizan hoy en d\u00eda, y ofrece muchas ventajas que deber\u00edan mejorar tu calidad de vida en general. Gracias a la tecnolog\u00eda m\u00e1s avanzada y a las habilidades de los cirujanos expertos en LASIK, millones de estadounidenses dependen menos de sus lentes de contacto y gafas.  <\/p>\n\n<p>Hoy en d\u00eda, la mayor\u00eda de los pacientes alcanzan una visi\u00f3n 20\/20 tras la cirug\u00eda ocular LASIK, pero los resultados no son iguales para todos. En algunos casos, los pacientes pueden seguir necesitando gafas o lentes de contacto tras la cirug\u00eda ocular LASIK, pero la graduaci\u00f3n postoperatoria y el nivel de agudeza visual ser\u00e1n normalmente mucho menores que antes de someterse a la cirug\u00eda LASIK. La cirug\u00eda tiene un excelente historial de seguridad, pero como con cualquier cirug\u00eda, pueden producirse <a href=\"https:\/\/www.qualsight.com\/lasik-possible-side-effects\">complicaciones<\/a> postoperatorias.  <\/p>\n\n<div class=\"wp-block-buttons is-layout-flex wp-block-buttons-is-layout-flex\"><div class=\"wp-block-button\"><a class=\"wp-block-button__link wp-element-button\" href=\"\/es\/localizaciones\/\" target=\"_self\">Consulta Gratis<\/a><\/div><\/div>\n\n<p>Un porcentaje muy peque\u00f1o de pacientes puede necesitar un procedimiento de mejora o retoque para mejorar su visi\u00f3n hasta el nivel deseado. Adem\u00e1s, debido a <a href=\"https:\/\/www.qualsight.com\/lasik-presbyopia\">la presbicia<\/a>, algunos pacientes de cirug\u00eda ocular LASIK pueden seguir necesitando gafas de lectura al llegar a la mediana edad (entre 40 y 50 a\u00f1os), debido a una p\u00e9rdida normal de la visi\u00f3n de cerca relacionada con la edad. En general, la cirug\u00eda ocular LASIK es segura y tiene una tasa de \u00e9xito significativamente alta, pero es importante que hables y tengas en cuenta todos los riesgos con tu cirujano antes de someterte a la intervenci\u00f3n LASIK.  <\/p>\n\n<h2 class=\"wp-block-heading\"><strong>\u00bfLa FDA considera segura la cirug\u00eda LASIK?  <\/strong><\/h2>\n\n<p>Desde 1996, la cirug\u00eda ocular LASIK ha sido aprobada y considerada segura por la FDA.. El LASIK tiene un \u00edndice de \u00e9xito notable, con un 96% de pacientes que consiguen una visi\u00f3n 20\/20 o mejor, seg\u00fan la Sociedad Americana de <a href=\"https:\/\/www.qualsight.com\/cataracts\/cost-of-cataract-surgery\">Cataratas<\/a> y Cirug\u00eda Refractiva. La cirug\u00eda ocular LASIK es un procedimiento permanente que corrige problemas de visi\u00f3n como la miop\u00eda, la hipermetrop\u00eda y <a href=\"https:\/\/www.qualsight.com\/lasik-astigmatism\">el astigmatismo<\/a>.   <\/p>\n\n<p>El LASIK consiste en utilizar un l\u00e1ser excimer (un rayo de luz fr\u00eda) para remodelar la c\u00f3rnea con el fin de reducir o eliminar la necesidad de gafas o lentes de contacto. Normalmente, la c\u00f3rnea (parte anterior del ojo) enfoca la luz sobre la retina (parte posterior del ojo) para crear una imagen. Si la c\u00f3rnea tiene una forma imperfecta o si el globo ocular es m\u00e1s largo o m\u00e1s corto de lo normal, se proyecta una imagen distorsionada sobre la retina, lo que provoca una visi\u00f3n borrosa.  <\/p>\n\n<div class=\"wp-block-buttons is-layout-flex wp-block-buttons-is-layout-flex\"><div class=\"wp-block-button\"><a class=\"wp-block-button__link wp-element-button\" href=\"\/es\/localizaciones\/\" target=\"_self\">Consulta Gratis<\/a><\/div><\/div>\n\n<p>Durante la cirug\u00eda LASIK, el cirujano crea un peque\u00f1o colgajo en la superficie del ojo y, a continuaci\u00f3n, el l\u00e1ser excimer (haz de luz fr\u00eda) remodela suavemente la c\u00f3rnea expuesta. Cada pulso del l\u00e1ser elimina 39 millon\u00e9simas de pulgada de tejido, lo que permite a los cirujanos lograr una precisi\u00f3n notable manteniendo un control excelente durante todo el procedimiento LASIK. A continuaci\u00f3n, se vuelve a colocar el colgajo, que se adhiere de forma natural y segura al ojo, y ya est\u00e1s en camino hacia una visi\u00f3n mejor.  <\/p>\n\n<p>Durante d\u00e9cadas, la \u00fanica soluci\u00f3n para la miop\u00eda, la hipermetrop\u00eda y el astigmatismo eran las gafas correctoras; sin embargo, ahora la cirug\u00eda ocular LASIK ofrece una opci\u00f3n alternativa para quienes desean reducir o eliminar su dependencia de las gafas o las lentillas.<\/p>\n<section \n    class=\"blocks block-quicklinks align \" \n    id=\"block_meta_67351ee54633d\" \n    style=\" \"\n>\n    <h3>Ver tambi\u00e9n<\/h3>\n    <ul>\n                    <li>\n                <a href=\"https:\/\/www.qualsight.com\/es\/tipos-de-cirugia-laser-ocular\/\" target=\"_self\">\n                    Tipos de cirug\u00eda l\u00e1ser ocular                <\/a>\n            <\/li>\n                    <li>\n                <a href=\"https:\/\/www.qualsight.com\/es\/tiempo-de-recuperacion-del-lasik\/\" target=\"_self\">\n                    Tiempo de recuperaci\u00f3n del LASIK                <\/a>\n            <\/li>\n                    <li>\n                <a href=\"https:\/\/www.qualsight.com\/es\/que-descalifica-a-un-paciente\/\" target=\"_self\">\n                    \u00bfQu\u00e9 descalifica a un paciente?                <\/a>\n            <\/li>\n                    <li>\n                <a href=\"https:\/\/www.qualsight.com\/es\/posibles-efectos-secundarios\/\" target=\"_self\">\n                    Posibles efectos secundarios                <\/a>\n            <\/li>\n                    <li>\n                <a href=\"https:\/\/www.qualsight.com\/es\/coste-del-lasik\/\" target=\"_self\">\n                    Coste del LASIK                <\/a>\n            <\/li>\n            <\/ul>    \n<\/section>\n","protected":false},"excerpt":{"rendered":"<p>Examen de los resultados de la cirug\u00eda ocular con l\u00e1ser Los resultados de la cirug\u00eda ocular LASIK han seguido mejorando desde que el procedimiento fue aprobado por la FDA en 1996. Incluso en 2020, algunos posibles candidatos a la cirug\u00eda LASIK siguen preguntando \u00bfEs segura la cirug\u00eda LASIK? La cirug\u00eda ocular LASIK es uno de [&hellip;]<\/p>\n","protected":false},"author":1,"featured_media":0,"parent":0,"menu_order":0,"comment_status":"closed","ping_status":"closed","template":"","meta":{"_acf_changed":false,"footnotes":""},"class_list":["post-3053","page","type-page","status-publish","hentry"],"acf":[],"_links":{"self":[{"href":"https:\/\/www.qualsight.com\/es\/wp-json\/wp\/v2\/pages\/3053","targetHints":{"allow":["GET"]}}],"collection":[{"href":"https:\/\/www.qualsight.com\/es\/wp-json\/wp\/v2\/pages"}],"about":[{"href":"https:\/\/www.qualsight.com\/es\/wp-json\/wp\/v2\/types\/page"}],"author":[{"embeddable":true,"href":"https:\/\/www.qualsight.com\/es\/wp-json\/wp\/v2\/users\/1"}],"replies":[{"embeddable":true,"href":"https:\/\/www.qualsight.com\/es\/wp-json\/wp\/v2\/comments?post=3053"}],"version-history":[{"count":1,"href":"https:\/\/www.qualsight.com\/es\/wp-json\/wp\/v2\/pages\/3053\/revisions"}],"predecessor-version":[{"id":3054,"href":"https:\/\/www.qualsight.com\/es\/wp-json\/wp\/v2\/pages\/3053\/revisions\/3054"}],"wp:attachment":[{"href":"https:\/\/www.qualsight.com\/es\/wp-json\/wp\/v2\/media?parent=3053"}],"curies":[{"name":"wp","href":"https:\/\/api.w.org\/{rel}","templated":true}]}}