{"id":3055,"date":"2024-11-07T14:27:01","date_gmt":"2024-11-07T22:27:01","guid":{"rendered":"https:\/\/www.qualsight.com\/posibles-efectos-secundarios\/ojos-secos-despues-del-lasik\/"},"modified":"2024-12-30T11:32:32","modified_gmt":"2024-12-30T19:32:32","slug":"ojos-secos-despues-del-lasik","status":"publish","type":"page","link":"https:\/\/www.qualsight.com\/es\/posibles-efectos-secundarios\/ojos-secos-despues-del-lasik\/","title":{"rendered":"Ojos secos despu\u00e9s del LASIK"},"content":{"rendered":"\n<p>No es infrecuente que los pacientes experimenten sequedad ocular tras la <a href=\"https:\/\/www.qualsight.com\/lasik-eye-surgery\">intervenci\u00f3n LASIK<\/a> durante las primeras semanas, como parte del proceso de cicatrizaci\u00f3n de la c\u00f3rnea. Todo paciente que padezca sequedad ocular preexistente debe someterse a una evaluaci\u00f3n completa antes de la intervenci\u00f3n. En algunos casos, los pacientes con sequedad ocular preexistente pueden experimentar una sequedad ocular peor tras el tratamiento LASIK.  <\/p>\n\n<h2 class=\"wp-block-heading\">Los posibles s\u00edntomas del ojo seco en los pacientes de LASIK incluyen:<\/h2>\n\n<ul class=\"wp-block-list\">\n<li>Una sensaci\u00f3n arenosa y arenosa en los ojos<\/li>\n\n\n\n<li>Sensaci\u00f3n de cuerpo extra\u00f1o &#8211; la sensaci\u00f3n de que tienes algo en el ojo<\/li>\n\n\n\n<li>Sensaci\u00f3n de quemaz\u00f3n<\/li>\n\n\n\n<li>Sensaci\u00f3n de \u00abpesadez\u00bb en los ojos<\/li>\n\n\n\n<li>Sensibilidad a la luz<\/li>\n\n\n\n<li>Ocasionalmente, dolor en los ojos<\/li>\n<\/ul>\n\n<h2 class=\"wp-block-heading\">S\u00edntomas del ojo seco del LASIK: Razones<\/h2>\n\n<p>Se cree que uno de los motivos por los que se producen s\u00edntomas de ojo seco tras el LASIK es que la creaci\u00f3n del colgajo corneal durante el procedimiento altera algunos de los nervios corneales que proporcionan retroalimentaci\u00f3n a las gl\u00e1ndulas lagrimales. Esto provoca una disminuci\u00f3n del flujo de l\u00e1grimas a los ojos. A medida que tus ojos se curan tras el LASIK, las terminaciones nerviosas de la c\u00f3rnea se regeneran, y el volumen lagrimal vuelve gradualmente a la normalidad y desaparecen los s\u00edntomas del ojo seco.  <\/p>\n\n<h2 class=\"wp-block-heading\">Empeoramiento de los s\u00edntomas del ojo seco<\/h2>\n\n<p>Los pacientes que tienen sequedad ocular leve o moderada antes de la cirug\u00eda LASIK pueden experimentar s\u00edntomas de sequedad ocular durante varios meses o m\u00e1s. Estos pacientes pueden incluso descubrir que su estado de ojo seco empeora. Por eso, algunas personas con antecedentes de sequedad ocular pueden no ser buenas candidatas para la cirug\u00eda LASIK.  <\/p>\n<section \n    class=\"blocks block-quicklinks align \" \n    id=\"block_meta_6734ef625b668\" \n    style=\" \"\n>\n    <h3>Ver tambi\u00e9n<\/h3>\n    <ul>\n                    <li>\n                <a href=\"https:\/\/www.qualsight.com\/es\/posibles-efectos-secundarios\/\" target=\"_self\">\n                    Posibles efectos secundarios                <\/a>\n            <\/li>\n                    <li>\n                <a href=\"https:\/\/www.qualsight.com\/es\/posibles-efectos-secundarios\/correccion-por-exceso-o-por-defecto\/\" target=\"_self\">\n                    Correcci\u00f3n por exceso o por defecto                <\/a>\n            <\/li>\n                    <li>\n                <a href=\"https:\/\/www.qualsight.com\/es\/posibles-efectos-secundarios\/complicaciones-del-colgajo-de-cornea\/\" target=\"_self\">\n                    Complicaciones del colgajo de c\u00f3rnea                <\/a>\n            <\/li>\n                    <li>\n                <a href=\"https:\/\/www.qualsight.com\/es\/posibles-efectos-secundarios\/deslumbramientos-y-halos-de-vision\/\" target=\"_self\">\n                    Deslumbramientos y halos de visi\u00f3n                <\/a>\n            <\/li>\n                    <li>\n                <a href=\"https:\/\/www.qualsight.com\/es\/posibles-efectos-secundarios\/procedimiento-post-lasik-dlk\/\" target=\"_self\">\n                    Procedimiento post-LASIK DLK                <\/a>\n            <\/li>\n                    <li>\n                <a href=\"https:\/\/www.qualsight.com\/es\/posibles-efectos-secundarios\/riesgos-y-complicaciones-del-lasik\/\" target=\"_self\">\n                    Riesgos y complicaciones del LASIK                <\/a>\n            <\/li>\n            <\/ul>    \n<\/section>\n","protected":false},"excerpt":{"rendered":"<p>No es infrecuente que los pacientes experimenten sequedad ocular tras la intervenci\u00f3n LASIK durante las primeras semanas, como parte del proceso de cicatrizaci\u00f3n de la c\u00f3rnea. Todo paciente que padezca sequedad ocular preexistente debe someterse a una evaluaci\u00f3n completa antes de la intervenci\u00f3n. En algunos casos, los pacientes con sequedad ocular preexistente pueden experimentar una [&hellip;]<\/p>\n","protected":false},"author":1,"featured_media":0,"parent":2833,"menu_order":0,"comment_status":"closed","ping_status":"closed","template":"","meta":{"_acf_changed":false,"footnotes":""},"class_list":["post-3055","page","type-page","status-publish","hentry"],"acf":[],"_links":{"self":[{"href":"https:\/\/www.qualsight.com\/es\/wp-json\/wp\/v2\/pages\/3055","targetHints":{"allow":["GET"]}}],"collection":[{"href":"https:\/\/www.qualsight.com\/es\/wp-json\/wp\/v2\/pages"}],"about":[{"href":"https:\/\/www.qualsight.com\/es\/wp-json\/wp\/v2\/types\/page"}],"author":[{"embeddable":true,"href":"https:\/\/www.qualsight.com\/es\/wp-json\/wp\/v2\/users\/1"}],"replies":[{"embeddable":true,"href":"https:\/\/www.qualsight.com\/es\/wp-json\/wp\/v2\/comments?post=3055"}],"version-history":[{"count":1,"href":"https:\/\/www.qualsight.com\/es\/wp-json\/wp\/v2\/pages\/3055\/revisions"}],"predecessor-version":[{"id":3056,"href":"https:\/\/www.qualsight.com\/es\/wp-json\/wp\/v2\/pages\/3055\/revisions\/3056"}],"up":[{"embeddable":true,"href":"https:\/\/www.qualsight.com\/es\/wp-json\/wp\/v2\/pages\/2833"}],"wp:attachment":[{"href":"https:\/\/www.qualsight.com\/es\/wp-json\/wp\/v2\/media?parent=3055"}],"curies":[{"name":"wp","href":"https:\/\/api.w.org\/{rel}","templated":true}]}}