{"id":3058,"date":"2024-11-07T14:35:50","date_gmt":"2024-11-07T22:35:50","guid":{"rendered":"https:\/\/www.qualsight.com\/red-nacional-lasik\/"},"modified":"2024-12-30T11:30:54","modified_gmt":"2024-12-30T19:30:54","slug":"red-nacional-lasik","status":"publish","type":"page","link":"https:\/\/www.qualsight.com\/es\/red-nacional-lasik\/","title":{"rendered":"Red Nacional LASIK"},"content":{"rendered":"\n<h2 class=\"wp-block-heading\">Clientes de QualSight LASIK<\/h2>\n\n<p><a href=\"https:\/\/www.qualsight.com\/es\/\">QualSight, LLC.<\/a> administra prestaciones de <a href=\"https:\/\/www.qualsight.com\/lasik-eye-surgery\">cirug\u00eda ocular LASIK<\/a> para patrocinadores de planes. Entre nuestros clientes figuran 3 de cada 4 planes de salud, planes de seguro de visi\u00f3n, grandes empresas como Barclays Capital, United Airlines y Lowes, decenas de sindicatos, HMO y planes de afinidad utilizan nuestra red nacional LASIK. <\/p>\n\n<h2 class=\"wp-block-heading\">Enfoque de los proveedores de la Red Nacional LASIK QualSight<\/h2>\n\n<p>Nuestro departamento de Relaciones con Proveedores se dedica a contratar a oftalm\u00f3logos de calidad que est\u00e9n bien establecidos y sean los principales proveedores de LASIK en sus comunidades. QualSight ha establecido una red LASIK de proveedores acreditados que est\u00e1n comprometidos con sus pacientes y proporcionan un m\u00e9todo para competir con las cadenas de cirug\u00eda LASIK. La mayor\u00eda de las grandes cadenas de cirug\u00eda LASIK han realizado importantes negociaciones con los fabricantes de equipos LASIK y las instituciones de financiaci\u00f3n. Pueden asegurarse tarifas m\u00e1s bajas que los oftalm\u00f3logos independientes, porque las grandes cadenas de cirug\u00eda LASIK tienen la capacidad de dirigir m\u00e1s tr\u00e1fico a trav\u00e9s de una sola entidad empresarial. QualSight ha creado la mayor red de proveedores LASIK de Am\u00e9rica para ayudar a los oftalm\u00f3logos independientes en su intento de competir con las grandes cadenas LASIK.    <\/p>\n\n<h2 class=\"wp-block-heading\">La Red Nacional LASIK QualSight acredita a todos nuestros proveedores de cirug\u00eda ocular LASIK<\/h2>\n\n<p>En consonancia con unos s\u00f3lidos principios de asistencia gestionada y para satisfacer las expectativas de nuestros clientes, la red QualSight LASIK sigue un proceso de acreditaci\u00f3n altamente profesional para nuestros proveedores de cirug\u00eda ocular LASIK. QualSight ha contratado a Gemini, un tercero independiente, para que acredite a todos los proveedores de la red de cirug\u00eda ocular LASIK de QualSight. Como proveedor de credenciales para las principales organizaciones de atenci\u00f3n sanitaria gestionada, Gemini cuenta con la certificaci\u00f3n NCQA para todos los elementos de verificaci\u00f3n (verificaci\u00f3n de licencias, estado de los privilegios cl\u00ednicos, educaci\u00f3n y formaci\u00f3n, verificaci\u00f3n del seguro de mala praxis, entre otros).<\/p>\n\n<h2 class=\"wp-block-heading\">Apoyo al proveedor de cirug\u00eda ocular LASIK<\/h2>\n\n<p>Nos dedicamos a ofrecer a los oftalm\u00f3logos independientes nuevas fuentes de pacientes y una mayor exposici\u00f3n a grandes empresas, sindicatos y otras organizaciones de asistencia sanitaria gestionada a las que no tendr\u00edan acceso por ser demasiado peque\u00f1os de forma independiente. QualSight tambi\u00e9n proporciona a nuestros proveedores de la red LASIK una ventaja competitiva de marketing frente a las cadenas corporativas de LASIK. Por \u00faltimo, apoyamos a nuestra red de cirujanos mediante la educaci\u00f3n del paciente y un excelente personal de servicio. Si quieres saber c\u00f3mo conectamos a nuestros miembros contigo, lee c\u00f3mo utilizan los miembros QualSight LASIK como fuente de confianza.   <\/p>\n\n<p>Para participar en la red LASIK de QualSight, ponte en contacto con Chris Thompson en <a href=\"https:\/\/mail.google.com\/mail\/?view=cm&amp;fs=1&amp;tf=1&amp;to=lbascomb@qualsight.com\" target=\"_blank\" rel=\"noreferrer noopener\">cthompson@qualsight.com<\/a>.<\/p>\n<section \n    class=\"blocks block-quicklinks align \" \n    id=\"block_meta_675c93b7c7f6a\" \n    style=\" \"\n>\n    <h3>Ver tambi\u00e9n<\/h3>\n    <ul>\n                    <li>\n                <a href=\"https:\/\/www.qualsight.com\/es\/acerca-de-qualsight\/\" target=\"_self\">\n                    Acerca de QualSight                <\/a>\n            <\/li>\n                    <li>\n                <a href=\"https:\/\/www.qualsight.com\/es\/opiniones-sobre-qualsight\/\" target=\"_self\">\n                    Opiniones sobre QualSight                <\/a>\n            <\/li>\n                    <li>\n                <a href=\"https:\/\/www.qualsight.com\/es\/acreditacion-ncqa\/\" target=\"_self\">\n                    Acreditaci\u00f3n NCQA                <\/a>\n            <\/li>\n                    <li>\n                <a href=\"https:\/\/www.qualsight.com\/es\/contacta-con-nosotros\/\" target=\"_self\">\n                    Contacta con nosotros                <\/a>\n            <\/li>\n            <\/ul>    \n<\/section>\n","protected":false},"excerpt":{"rendered":"<p>Clientes de QualSight LASIK QualSight, LLC. administra prestaciones de cirug\u00eda ocular LASIK para patrocinadores de planes. Entre nuestros clientes figuran 3 de cada 4 planes de salud, planes de seguro de visi\u00f3n, grandes empresas como Barclays Capital, United Airlines y Lowes, decenas de sindicatos, HMO y planes de afinidad utilizan nuestra red nacional LASIK. Enfoque [&hellip;]<\/p>\n","protected":false},"author":1,"featured_media":0,"parent":0,"menu_order":0,"comment_status":"closed","ping_status":"closed","template":"","meta":{"_acf_changed":false,"footnotes":""},"class_list":["post-3058","page","type-page","status-publish","hentry"],"acf":[],"_links":{"self":[{"href":"https:\/\/www.qualsight.com\/es\/wp-json\/wp\/v2\/pages\/3058","targetHints":{"allow":["GET"]}}],"collection":[{"href":"https:\/\/www.qualsight.com\/es\/wp-json\/wp\/v2\/pages"}],"about":[{"href":"https:\/\/www.qualsight.com\/es\/wp-json\/wp\/v2\/types\/page"}],"author":[{"embeddable":true,"href":"https:\/\/www.qualsight.com\/es\/wp-json\/wp\/v2\/users\/1"}],"replies":[{"embeddable":true,"href":"https:\/\/www.qualsight.com\/es\/wp-json\/wp\/v2\/comments?post=3058"}],"version-history":[{"count":3,"href":"https:\/\/www.qualsight.com\/es\/wp-json\/wp\/v2\/pages\/3058\/revisions"}],"predecessor-version":[{"id":4858,"href":"https:\/\/www.qualsight.com\/es\/wp-json\/wp\/v2\/pages\/3058\/revisions\/4858"}],"wp:attachment":[{"href":"https:\/\/www.qualsight.com\/es\/wp-json\/wp\/v2\/media?parent=3058"}],"curies":[{"name":"wp","href":"https:\/\/api.w.org\/{rel}","templated":true}]}}