{"id":3060,"date":"2024-11-07T14:35:27","date_gmt":"2024-11-07T22:35:27","guid":{"rendered":"https:\/\/www.qualsight.com\/acreditacion-ncqa\/"},"modified":"2024-12-30T11:30:54","modified_gmt":"2024-12-30T19:30:54","slug":"acreditacion-ncqa","status":"publish","type":"page","link":"https:\/\/www.qualsight.com\/es\/acreditacion-ncqa\/","title":{"rendered":"Acreditaci\u00f3n NCQA"},"content":{"rendered":"\n<h2 class=\"wp-block-heading\">Gemini &#8211; Una Organizaci\u00f3n Independiente de Verificaci\u00f3n de Credenciales<\/h2>\n\n<p>Gemini es una Organizaci\u00f3n de Verificaci\u00f3n de Credenciales (CVO) l\u00edder con sede en Lake Forest, en el sur de California, cuya misi\u00f3n es liderar sistem\u00e1ticamente el sector como el proveedor de menor coste y mayor tecnolog\u00eda de informaci\u00f3n puntual y precisa sobre profesionales sanitarios para el Programa de Servicios Correctivos de la Visi\u00f3n de QualSight.  <\/p>\n\n<p>Gemini ofrece servicios de verificaci\u00f3n de credenciales para mejorar y agilizar el proceso de acreditaci\u00f3n de los profesionales sanitarios. Totalmente certificada por el NCQA (Comit\u00e9 Nacional de Garant\u00eda de Calidad) y acreditada por la URAC, Gemini proporciona una verificaci\u00f3n de fuentes primarias que cumple las normas del sector y las reguladoras, como NCQA, TJC, URAC, CMS y AAAHC. M\u00e1s all\u00e1 de estas normas, Gemini ofrece servicios personalizados de acreditaci\u00f3n, como la acreditaci\u00f3n abreviada, que consiste en cualquier n\u00famero de elementos, como la verificaci\u00f3n de licencia \u00fanicamente.<\/p>\n\n<p>La competencia principal de Gemini consiste en recopilar, verificar y organizar datos e im\u00e1genes de documentos para generar informes de acreditaci\u00f3n de profesionales en l\u00ednea. Adem\u00e1s, se incluyen muchos informes de gesti\u00f3n con los informes de credenciales para mantener a los clientes constantemente informados del estado de los profesionales sanitarios de su red. Ya se trate de una compa\u00f1\u00eda de seguros, una organizaci\u00f3n para el mantenimiento de la salud (HMO), un hospital, una organizaci\u00f3n de proveedores preferentes (PPO), una asociaci\u00f3n de proveedores independientes (IPA) o una organizaci\u00f3n de atenci\u00f3n gestionada, Gemini ofrece servicios de procesamiento de solicitudes de acreditaci\u00f3n, verificaci\u00f3n de credenciales y tratamiento de im\u00e1genes de documentos para TODOS los tipos de profesionales sanitarios.  <\/p>\n\n<p>Gemini ha acumulado minuciosamente una base de datos de credenciales de m\u00e1s de 6,3 millones de licencias de profesionales sanitarios en Estados Unidos (incluidos Puerto Rico, Guam, las Islas V\u00edrgenes y M\u00e9xico). Las soluciones del sistema Gemini se desarrollan internamente y son totalmente personalizables para satisfacer las necesidades especiales de cualquier cliente, as\u00ed como las necesidades siempre cambiantes de la tecnolog\u00eda y el sector sanitario. Gemini utiliza herramientas de plataforma de desarrollo abiertas que pueden personalizarse para adaptarse a cualquier plataforma y utilidad. La tecnolog\u00eda punta y la plataforma altamente escalable de Gemini pueden gestionar la incorporaci\u00f3n de redes de cualquier tama\u00f1o sin que se ralentice la productividad de la acreditaci\u00f3n.<\/p>\n<section \n    class=\"blocks block-quicklinks align \" \n    id=\"block_meta_675c93d1a7bf3\" \n    style=\" \"\n>\n    <h3>Ver tambi\u00e9n<\/h3>\n    <ul>\n                    <li>\n                <a href=\"https:\/\/www.qualsight.com\/es\/acerca-de-qualsight\/\" target=\"_self\">\n                    Acerca de QualSight                <\/a>\n            <\/li>\n                    <li>\n                <a href=\"https:\/\/www.qualsight.com\/es\/opiniones-sobre-qualsight\/\" target=\"_self\">\n                    Opiniones sobre QualSight                <\/a>\n            <\/li>\n                    <li>\n                <a href=\"https:\/\/www.qualsight.com\/es\/red-nacional-lasik\/\" target=\"_self\">\n                    Red Nacional LASIK                <\/a>\n            <\/li>\n                    <li>\n                <a href=\"https:\/\/www.qualsight.com\/es\/contacta-con-nosotros\/\" target=\"_self\">\n                    Contacta con nosotros                <\/a>\n            <\/li>\n            <\/ul>    \n<\/section>\n","protected":false},"excerpt":{"rendered":"<p>Gemini &#8211; Una Organizaci\u00f3n Independiente de Verificaci\u00f3n de Credenciales Gemini es una Organizaci\u00f3n de Verificaci\u00f3n de Credenciales (CVO) l\u00edder con sede en Lake Forest, en el sur de California, cuya misi\u00f3n es liderar sistem\u00e1ticamente el sector como el proveedor de menor coste y mayor tecnolog\u00eda de informaci\u00f3n puntual y precisa sobre profesionales sanitarios para el [&hellip;]<\/p>\n","protected":false},"author":1,"featured_media":0,"parent":0,"menu_order":0,"comment_status":"closed","ping_status":"closed","template":"","meta":{"_acf_changed":false,"footnotes":""},"class_list":["post-3060","page","type-page","status-publish","hentry"],"acf":[],"_links":{"self":[{"href":"https:\/\/www.qualsight.com\/es\/wp-json\/wp\/v2\/pages\/3060","targetHints":{"allow":["GET"]}}],"collection":[{"href":"https:\/\/www.qualsight.com\/es\/wp-json\/wp\/v2\/pages"}],"about":[{"href":"https:\/\/www.qualsight.com\/es\/wp-json\/wp\/v2\/types\/page"}],"author":[{"embeddable":true,"href":"https:\/\/www.qualsight.com\/es\/wp-json\/wp\/v2\/users\/1"}],"replies":[{"embeddable":true,"href":"https:\/\/www.qualsight.com\/es\/wp-json\/wp\/v2\/comments?post=3060"}],"version-history":[{"count":2,"href":"https:\/\/www.qualsight.com\/es\/wp-json\/wp\/v2\/pages\/3060\/revisions"}],"predecessor-version":[{"id":4637,"href":"https:\/\/www.qualsight.com\/es\/wp-json\/wp\/v2\/pages\/3060\/revisions\/4637"}],"wp:attachment":[{"href":"https:\/\/www.qualsight.com\/es\/wp-json\/wp\/v2\/media?parent=3060"}],"curies":[{"name":"wp","href":"https:\/\/api.w.org\/{rel}","templated":true}]}}