{"id":3062,"date":"2024-11-07T14:34:37","date_gmt":"2024-11-07T22:34:37","guid":{"rendered":"https:\/\/www.qualsight.com\/opiniones-sobre-qualsight\/"},"modified":"2024-12-30T11:31:51","modified_gmt":"2024-12-30T19:31:51","slug":"opiniones-sobre-qualsight","status":"publish","type":"page","link":"https:\/\/www.qualsight.com\/es\/opiniones-sobre-qualsight\/","title":{"rendered":"Opiniones sobre QualSight"},"content":{"rendered":"\n<h2 class=\"wp-block-heading\">Opiniones sobre LASIK &#8211; Encuestas de satisfacci\u00f3n del cliente<\/h2>\n\n<p>Los pacientes conf\u00edan en las opiniones sobre la cirug\u00eda ocular LASIK de sus compa\u00f1eros de trabajo, amigos y familiares. Cuando investigas sobre la cirug\u00eda ocular LASIK, lo m\u00e1s probable es que tengas en cuenta el coste, la experiencia del m\u00e9dico, la afiliaci\u00f3n al BBB y las reclamaciones, as\u00ed como otras opiniones sobre LASIK publicadas. QualSight env\u00eda a cada paciente una encuesta de satisfacci\u00f3n y supervisa la calidad de la experiencia del paciente. Estamos orgullosos de que el 97% de nuestros pacientes recomendar\u00edan QualSight a un amigo o compa\u00f1ero de trabajo.   <\/p>\n\n<p><div class=\"wp-block-buttons is-layout-flex wp-block-buttons-is-layout-flex\"><div class=\"wp-block-button\"><a class=\"wp-block-button__link wp-element-button\" href=\"\/es\/localizaciones\/\" target=\"_self\">Consulta Gratis<\/a><\/div><\/div><a href=\"https:\/\/www.qualsight.com\/request-lasik-information\"><\/a><\/p>\n\n<div style=\"height:60px\" aria-hidden=\"true\" class=\"wp-block-spacer\"><\/div>\n<section class=\"blocks block-quote-slider align \" id=\"block_meta_6735242a16db9\" style=\" \">\n        \n        <div class=\"quote-wrapper\">\n            <div class=\"quote-slider\">\n                    \n                        <blockquote class=\"slide-quote\">\n                            <p>Toda la experiencia fue muy agradable. Estoy muy satisfecha con el procedimiento, los m\u00e9dicos y el personal de QualSight. Gracias por hacer posible esta operaci\u00f3n. Sin vuestra ayuda, habr\u00eda seguido viendo el mundo con una visi\u00f3n borrosa, pero ahora tengo una visi\u00f3n clara y agradable.     <\/p>\n                            <cite>\n                                <span class=\"initials\">JC<\/span>                                    <span class=\"names\">\n                                        <strong>JoAnn C.<\/strong>\n                                                                            <\/span>\n                                                            <\/cite>\n                        <\/blockquote>\n                        <\/div>\n    <\/div>\n\n\n    <script>\n    jQuery(function($) {\n        $('#block_meta_6735242a16db9 .quote-slider').slick({\n            arrows: true,\n            dots: false,\n            infinite: true,\n            slidesToShow: 1,\n            slidesToScroll: 1,\n            adaptiveHeight: false,\n            speed: 500,\n            autoplaySpeed: 10000,\n            fade: true,\n            cssEase: 'linear',\n            autoplay: true,\n            prevArrow: '<span class=\"slick-prev\"><i><\/i><\/span>',\n            nextArrow: '<span class=\"slick-next\"><i><\/i><\/span>',\n        });\n    });\n    <\/script>\n\n<\/section>\n\n<div style=\"height:60px\" aria-hidden=\"true\" class=\"wp-block-spacer\"><\/div>\n<section class=\"blocks block-quote-slider align \" id=\"block_meta_6735242a16e48\" style=\" \">\n        \n        <div class=\"quote-wrapper\">\n            <div class=\"quote-slider\">\n                    \n                        <blockquote class=\"slide-quote\">\n                            <p>Llevo gafas o lentillas desde tercero de primaria y, por primera vez en mi vida, ahora veo 20\/20 en ambos ojos. \u00a1Ahora desear\u00eda haberlo hecho antes! <\/p>\n                            <cite>\n                                <span class=\"initials\">MA<\/span>                                    <span class=\"names\">\n                                        <strong>Mandy A.<\/strong>\n                                                                            <\/span>\n                                                            <\/cite>\n                        <\/blockquote>\n                        <\/div>\n    <\/div>\n\n\n    <script>\n    jQuery(function($) {\n        $('#block_meta_6735242a16e48 .quote-slider').slick({\n            arrows: true,\n            dots: false,\n            infinite: true,\n            slidesToShow: 1,\n            slidesToScroll: 1,\n            adaptiveHeight: false,\n            speed: 500,\n            autoplaySpeed: 10000,\n            fade: true,\n            cssEase: 'linear',\n            autoplay: true,\n            prevArrow: '<span class=\"slick-prev\"><i><\/i><\/span>',\n            nextArrow: '<span class=\"slick-next\"><i><\/i><\/span>',\n        });\n    });\n    <\/script>\n\n<\/section>\n\n<div style=\"height:60px\" aria-hidden=\"true\" class=\"wp-block-spacer\"><\/div>\n<section class=\"blocks block-quote-slider align \" id=\"block_meta_6735242a16ec4\" style=\" \">\n        \n        <div class=\"quote-wrapper\">\n            <div class=\"quote-slider\">\n                    \n                        <blockquote class=\"slide-quote\">\n                            <p>Ha sido una experiencia fant\u00e1stica y no pod\u00eda esperar a dar a QualSight una opini\u00f3n positiva sobre el LASIK. Ahora puedo ver 20\/20 sin gafas ni lentes de contacto. Si tuviera que volver a hacerlo, \u00a1lo har\u00eda en un minuto!  <\/p>\n                            <cite>\n                                <span class=\"initials\">AW<\/span>                                    <span class=\"names\">\n                                        <strong>Angela W.<\/strong>\n                                                                            <\/span>\n                                                            <\/cite>\n                        <\/blockquote>\n                        <\/div>\n    <\/div>\n\n\n    <script>\n    jQuery(function($) {\n        $('#block_meta_6735242a16ec4 .quote-slider').slick({\n            arrows: true,\n            dots: false,\n            infinite: true,\n            slidesToShow: 1,\n            slidesToScroll: 1,\n            adaptiveHeight: false,\n            speed: 500,\n            autoplaySpeed: 10000,\n            fade: true,\n            cssEase: 'linear',\n            autoplay: true,\n            prevArrow: '<span class=\"slick-prev\"><i><\/i><\/span>',\n            nextArrow: '<span class=\"slick-next\"><i><\/i><\/span>',\n        });\n    });\n    <\/script>\n\n<\/section>\n\n<h2 class=\"wp-block-heading\">Trabajar con QualSight es f\u00e1cil, s\u00f3lo tienes que seguir estos pasos:<\/h2>\n\n<ol class=\"wp-block-list\">\n<li>Llama a nuestra oficina o env\u00edanos una solicitud para que nos pongamos en contacto contigo.<\/li>\n\n\n\n<li>Un Gestor Asistencial te explicar\u00e1 nuestro proceso y responder\u00e1 a tus preguntas.<\/li>\n\n\n\n<li>Te cotizaremos el coste exacto de los procedimientos <a href=\"https:\/\/www.qualsight.com\/lasik-eye-surgery\">LASIK<\/a> ofrecidos por cada m\u00e9dico.<\/li>\n\n\n\n<li>Selecciona el m\u00e9dico que prefieras cerca de ti y concierta una cita a trav\u00e9s de nosotros.<\/li>\n\n\n\n<li>Cobramos un pago parcial reembolsable de 50 $. Este pago se reembolsa \u00edntegramente si al final no te operas de LASIK.   <\/li>\n\n\n\n<li>Te enviaremos por correo electr\u00f3nico y\/o postal la confirmaci\u00f3n del precio y los detalles de la cita, incluida la informaci\u00f3n sobre el m\u00e9dico, para que no haya sorpresas.<\/li>\n<\/ol>\n\n<div class=\"wp-block-buttons is-layout-flex wp-block-buttons-is-layout-flex\"><div class=\"wp-block-button\"><a class=\"wp-block-button__link wp-element-button\" href=\"\/es\/localizaciones\/\" target=\"_self\">Consulta Gratis<\/a><\/div><\/div>\n\n<h2 class=\"wp-block-heading\">Las opiniones sobre la cirug\u00eda LASIK proceden de pacientes satisfechos<\/h2>\n\n<p><a href=\"https:\/\/www.qualsight.com\/es\/\">QualSight<\/a> se compromete a ofrecer a nuestros pacientes un servicio superior y, al mismo tiempo, ahorrarles dinero. Ayudamos a reducir el coste de la cirug\u00eda LASIK para nuestros pacientes contratando directamente a cirujanos LASIK cualificados de todo el pa\u00eds. Por eso recibimos excelentes cr\u00edticas sobre la cirug\u00eda LASIK. En la actualidad, 3 de cada 4 planes de salud utilizan QualSight como gestor de su plan LASIK. Ponte en contacto con nosotros para obtener m\u00e1s informaci\u00f3n o lee algunas de las <a href=\"https:\/\/www.qualsight.com\/lasik-eye-surgery-reviews\">cr\u00edticas adicionales<\/a> sobre la <a href=\"https:\/\/www.qualsight.com\/lasik-eye-surgery-reviews\">cirug\u00eda ocular LASIK<\/a>.    <\/p>\n\n<h2 class=\"wp-block-heading\">M\u00e1s opiniones sobre LASIK de pacientes de QualSight  <\/h2>\n\n<div style=\"height:60px\" aria-hidden=\"true\" class=\"wp-block-spacer\"><\/div>\n<section class=\"blocks block-quote-slider align \" id=\"block_meta_6735242a16f48\" style=\" \">\n        \n        <div class=\"quote-wrapper\">\n            <div class=\"quote-slider\">\n                    \n                        <blockquote class=\"slide-quote\">\n                            <p>Qued\u00e9 completamente satisfecha con mi experiencia y todo el mundo fue muy cort\u00e9s y profesional. Se tomaron su tiempo para responder a todas mis preguntas y explicarme cada procedimiento. \u00a1Recomiendo encarecidamente QualSight y su proceso de programaci\u00f3n!  <\/p>\n                            <cite>\n                                <span class=\"initials\">CK<\/span>                                    <span class=\"names\">\n                                        <strong>Carol K.<\/strong>\n                                                                            <\/span>\n                                                            <\/cite>\n                        <\/blockquote>\n                        <\/div>\n    <\/div>\n\n\n    <script>\n    jQuery(function($) {\n        $('#block_meta_6735242a16f48 .quote-slider').slick({\n            arrows: true,\n            dots: false,\n            infinite: true,\n            slidesToShow: 1,\n            slidesToScroll: 1,\n            adaptiveHeight: false,\n            speed: 500,\n            autoplaySpeed: 10000,\n            fade: true,\n            cssEase: 'linear',\n            autoplay: true,\n            prevArrow: '<span class=\"slick-prev\"><i><\/i><\/span>',\n            nextArrow: '<span class=\"slick-next\"><i><\/i><\/span>',\n        });\n    });\n    <\/script>\n\n<\/section>\n\n<div style=\"height:60px\" aria-hidden=\"true\" class=\"wp-block-spacer\"><\/div>\n<section class=\"blocks block-quote-slider align \" id=\"block_meta_6735242a16fc1\" style=\" \">\n        \n        <div class=\"quote-wrapper\">\n            <div class=\"quote-slider\">\n                    \n                        <blockquote class=\"slide-quote\">\n                            <p>Mientras buscaba los mejores m\u00e9dicos para mi cirug\u00eda LASIK, encontr\u00e9 a QualSight en mi programa de beneficios del trabajo y lo confirm\u00e9 con los comentarios online sobre Lasik. Les llam\u00e9 y estoy encantada con los resultados. Recomend\u00e9 QualSight a todos mis amigos. Varios han llamado y otro amigo se someter\u00e1 a la intervenci\u00f3n la semana que viene. El m\u00e9dico y su personal fueron incre\u00edbles y estoy muy agradecida por esta bendici\u00f3n.    <\/p>\n                            <cite>\n                                <span class=\"initials\">LD<\/span>                                    <span class=\"names\">\n                                        <strong>Lena D.<\/strong>\n                                                                            <\/span>\n                                                            <\/cite>\n                        <\/blockquote>\n                        <\/div>\n    <\/div>\n\n\n    <script>\n    jQuery(function($) {\n        $('#block_meta_6735242a16fc1 .quote-slider').slick({\n            arrows: true,\n            dots: false,\n            infinite: true,\n            slidesToShow: 1,\n            slidesToScroll: 1,\n            adaptiveHeight: false,\n            speed: 500,\n            autoplaySpeed: 10000,\n            fade: true,\n            cssEase: 'linear',\n            autoplay: true,\n            prevArrow: '<span class=\"slick-prev\"><i><\/i><\/span>',\n            nextArrow: '<span class=\"slick-next\"><i><\/i><\/span>',\n        });\n    });\n    <\/script>\n\n<\/section>\n\n<div style=\"height:60px\" aria-hidden=\"true\" class=\"wp-block-spacer\"><\/div>\n<section class=\"blocks block-quote-slider align \" id=\"block_meta_6735242a17039\" style=\" \">\n        \n        <div class=\"quote-wrapper\">\n            <div class=\"quote-slider\">\n                    \n                        <blockquote class=\"slide-quote\">\n                            <p>Ya he remitido a dos personas a vuestro sitio web QualSight y ahora tambi\u00e9n tienen 20\/20 despu\u00e9s del procedimiento con exactamente el mismo m\u00e9dico. \u00a1Asombroso! <\/p>\n                            <cite>\n                                <span class=\"initials\">JT<\/span>                                    <span class=\"names\">\n                                        <strong>Justin T.<\/strong>\n                                                                            <\/span>\n                                                            <\/cite>\n                        <\/blockquote>\n                        <\/div>\n    <\/div>\n\n\n    <script>\n    jQuery(function($) {\n        $('#block_meta_6735242a17039 .quote-slider').slick({\n            arrows: true,\n            dots: false,\n            infinite: true,\n            slidesToShow: 1,\n            slidesToScroll: 1,\n            adaptiveHeight: false,\n            speed: 500,\n            autoplaySpeed: 10000,\n            fade: true,\n            cssEase: 'linear',\n            autoplay: true,\n            prevArrow: '<span class=\"slick-prev\"><i><\/i><\/span>',\n            nextArrow: '<span class=\"slick-next\"><i><\/i><\/span>',\n        });\n    });\n    <\/script>\n\n<\/section>\n\n<div style=\"height:60px\" aria-hidden=\"true\" class=\"wp-block-spacer\"><\/div>\n<section class=\"blocks block-quote-slider align \" id=\"block_meta_6735242a170ae\" style=\" \">\n        \n        <div class=\"quote-wrapper\">\n            <div class=\"quote-slider\">\n                    \n                        <blockquote class=\"slide-quote\">\n                            <p>Despu\u00e9s de leer varias cr\u00edticas positivas sobre QualSight, llam\u00e9 y program\u00e9 mi examen LASIK gratuito. Ahora veo con claridad y me encanta. \u00a1Qu\u00e9 gran decisi\u00f3n tom\u00e9 al utilizar QualSight!  <\/p>\n                            <cite>\n                                <span class=\"initials\">ER<\/span>                                    <span class=\"names\">\n                                        <strong>Eileen R.<\/strong>\n                                                                            <\/span>\n                                                            <\/cite>\n                        <\/blockquote>\n                        <\/div>\n    <\/div>\n\n\n    <script>\n    jQuery(function($) {\n        $('#block_meta_6735242a170ae .quote-slider').slick({\n            arrows: true,\n            dots: false,\n            infinite: true,\n            slidesToShow: 1,\n            slidesToScroll: 1,\n            adaptiveHeight: false,\n            speed: 500,\n            autoplaySpeed: 10000,\n            fade: true,\n            cssEase: 'linear',\n            autoplay: true,\n            prevArrow: '<span class=\"slick-prev\"><i><\/i><\/span>',\n            nextArrow: '<span class=\"slick-next\"><i><\/i><\/span>',\n        });\n    });\n    <\/script>\n\n<\/section>\n\n<div style=\"height:60px\" aria-hidden=\"true\" class=\"wp-block-spacer\"><\/div>\n<section class=\"blocks block-quote-slider align \" id=\"block_meta_6735242a17124\" style=\" \">\n        \n        <div class=\"quote-wrapper\">\n            <div class=\"quote-slider\">\n                    \n                        <blockquote class=\"slide-quote\">\n                            <p>\u00a1Ahora veo 20\/20 sin gafas y nunca lo he hecho en toda mi vida! \u00a1Estoy muy, muy contenta y he recomendado QualSight a 3 buenos amigos! <\/p>\n                            <cite>\n                                <span class=\"initials\">SA<\/span>                                    <span class=\"names\">\n                                        <strong>Silvia A.<\/strong>\n                                                                            <\/span>\n                                                            <\/cite>\n                        <\/blockquote>\n                        <\/div>\n    <\/div>\n\n\n    <script>\n    jQuery(function($) {\n        $('#block_meta_6735242a17124 .quote-slider').slick({\n            arrows: true,\n            dots: false,\n            infinite: true,\n            slidesToShow: 1,\n            slidesToScroll: 1,\n            adaptiveHeight: false,\n            speed: 500,\n            autoplaySpeed: 10000,\n            fade: true,\n            cssEase: 'linear',\n            autoplay: true,\n            prevArrow: '<span class=\"slick-prev\"><i><\/i><\/span>',\n            nextArrow: '<span class=\"slick-next\"><i><\/i><\/span>',\n        });\n    });\n    <\/script>\n\n<\/section>\n\n<div style=\"height:60px\" aria-hidden=\"true\" class=\"wp-block-spacer\"><\/div>\n<section class=\"blocks block-quote-slider align \" id=\"block_meta_6735242a1719f\" style=\" \">\n        \n        <div class=\"quote-wrapper\">\n            <div class=\"quote-slider\">\n                    \n                        <blockquote class=\"slide-quote\">\n                            <p>Al principio ten\u00eda miedo de someterme al LASIK, pero QualSight hizo que todo el proceso fuera f\u00e1cil. Solicit\u00e9 al m\u00e9dico que quer\u00eda que realizara la cirug\u00eda, y me dieron respuesta a todas mis preguntas. Mi m\u00e9dico era muy competente y qued\u00e9 impresionada con \u00e9l y con el personal. Ahora me levanto cada ma\u00f1ana asombrada porque puedo ver.   <\/p>\n                            <cite>\n                                <span class=\"initials\">RV<\/span>                                    <span class=\"names\">\n                                        <strong>Rachael V.<\/strong>\n                                                                            <\/span>\n                                                            <\/cite>\n                        <\/blockquote>\n                        <\/div>\n    <\/div>\n\n\n    <script>\n    jQuery(function($) {\n        $('#block_meta_6735242a1719f .quote-slider').slick({\n            arrows: true,\n            dots: false,\n            infinite: true,\n            slidesToShow: 1,\n            slidesToScroll: 1,\n            adaptiveHeight: false,\n            speed: 500,\n            autoplaySpeed: 10000,\n            fade: true,\n            cssEase: 'linear',\n            autoplay: true,\n            prevArrow: '<span class=\"slick-prev\"><i><\/i><\/span>',\n            nextArrow: '<span class=\"slick-next\"><i><\/i><\/span>',\n        });\n    });\n    <\/script>\n\n<\/section>\n\n<div style=\"height:60px\" aria-hidden=\"true\" class=\"wp-block-spacer\"><\/div>\n<section class=\"blocks block-quote-slider align \" id=\"block_meta_6735242a17217\" style=\" \">\n        \n        <div class=\"quote-wrapper\">\n            <div class=\"quote-slider\">\n                    \n                        <blockquote class=\"slide-quote\">\n                            <p>No es ninguna sorpresa que QualSight tenga una calificaci\u00f3n A+ en la BBB. Tienen un gran servicio de atenci\u00f3n al cliente y todo fue extremadamente bien. La visi\u00f3n de mi mujer es ahora de 20\/15 y ha donado sus gafas a una organizaci\u00f3n ben\u00e9fica. Gracias QualSight, todos fuisteis incre\u00edblemente corteses y muy informativos.   <\/p>\n                            <cite>\n                                <span class=\"initials\">PD<\/span>                                    <span class=\"names\">\n                                        <strong>Patrick D.  <\/strong>\n                                                                            <\/span>\n                                                            <\/cite>\n                        <\/blockquote>\n                        <\/div>\n    <\/div>\n\n\n    <script>\n    jQuery(function($) {\n        $('#block_meta_6735242a17217 .quote-slider').slick({\n            arrows: true,\n            dots: false,\n            infinite: true,\n            slidesToShow: 1,\n            slidesToScroll: 1,\n            adaptiveHeight: false,\n            speed: 500,\n            autoplaySpeed: 10000,\n            fade: true,\n            cssEase: 'linear',\n            autoplay: true,\n            prevArrow: '<span class=\"slick-prev\"><i><\/i><\/span>',\n            nextArrow: '<span class=\"slick-next\"><i><\/i><\/span>',\n        });\n    });\n    <\/script>\n\n<\/section>\n\n<div style=\"height:60px\" aria-hidden=\"true\" class=\"wp-block-spacer\"><\/div>\n<section class=\"blocks block-quote-slider align \" id=\"block_meta_6735242a1728a\" style=\" \">\n        \n        <div class=\"quote-wrapper\">\n            <div class=\"quote-slider\">\n                    \n                        <blockquote class=\"slide-quote\">\n                            <p>Todo el proceso fue estupendo. Felicito a QualSight y son merecedores de una cr\u00edtica positiva de LASIK. En cuanto a mi Doctor, fue fant\u00e1stico, profesional y un cirujano experto. Muchas gracias. Definitivamente recomendar\u00e9 Qualsight y a mi Doctor.    <\/p>\n                            <cite>\n                                <span class=\"initials\">BA<\/span>                                    <span class=\"names\">\n                                        <strong>Brian A.<\/strong>\n                                                                            <\/span>\n                                                            <\/cite>\n                        <\/blockquote>\n                        <\/div>\n    <\/div>\n\n\n    <script>\n    jQuery(function($) {\n        $('#block_meta_6735242a1728a .quote-slider').slick({\n            arrows: true,\n            dots: false,\n            infinite: true,\n            slidesToShow: 1,\n            slidesToScroll: 1,\n            adaptiveHeight: false,\n            speed: 500,\n            autoplaySpeed: 10000,\n            fade: true,\n            cssEase: 'linear',\n            autoplay: true,\n            prevArrow: '<span class=\"slick-prev\"><i><\/i><\/span>',\n            nextArrow: '<span class=\"slick-next\"><i><\/i><\/span>',\n        });\n    });\n    <\/script>\n\n<\/section>\n\n<div style=\"height:60px\" aria-hidden=\"true\" class=\"wp-block-spacer\"><\/div>\n<section class=\"blocks block-quote-slider align \" id=\"block_meta_6735242a172ff\" style=\" \">\n        \n        <div class=\"quote-wrapper\">\n            <div class=\"quote-slider\">\n                    \n                        <blockquote class=\"slide-quote\">\n                            <p>\u00a1Sois incre\u00edbles! Muy serviciales, muy profesionales y muy amables. Mi m\u00e9dico habitual en Tigard me hizo sentir como si le estuviera haciendo un favor al permitirle que me ayudara a ver, \u00a1lo cual era bastante molesto! Estoy muy contenta de haber llamado a QualSight y de que me ayudaran a encontrar un nuevo m\u00e9dico para el procedimiento.   <\/p>\n                            <cite>\n                                <span class=\"initials\">AA<\/span>                                    <span class=\"names\">\n                                        <strong>Andrea A.<\/strong>\n                                                                            <\/span>\n                                                            <\/cite>\n                        <\/blockquote>\n                        <\/div>\n    <\/div>\n\n\n    <script>\n    jQuery(function($) {\n        $('#block_meta_6735242a172ff .quote-slider').slick({\n            arrows: true,\n            dots: false,\n            infinite: true,\n            slidesToShow: 1,\n            slidesToScroll: 1,\n            adaptiveHeight: false,\n            speed: 500,\n            autoplaySpeed: 10000,\n            fade: true,\n            cssEase: 'linear',\n            autoplay: true,\n            prevArrow: '<span class=\"slick-prev\"><i><\/i><\/span>',\n            nextArrow: '<span class=\"slick-next\"><i><\/i><\/span>',\n        });\n    });\n    <\/script>\n\n<\/section>\n<section \n    class=\"blocks block-quicklinks align \" \n    id=\"block_meta_6735242a17443\" \n    style=\" \"\n>\n    <h3>Ver tambi\u00e9n<\/h3>\n    <ul>\n                    <li>\n                <a href=\"https:\/\/www.qualsight.com\/es\/acerca-de-qualsight\/\" target=\"_self\">\n                    Acerca de QualSight                <\/a>\n            <\/li>\n                    <li>\n                <a href=\"https:\/\/www.qualsight.com\/es\/acreditacion-ncqa\/\" target=\"_self\">\n                    Acreditaci\u00f3n NCQA                <\/a>\n            <\/li>\n                    <li>\n                <a href=\"https:\/\/www.qualsight.com\/es\/red-nacional-lasik\/\" target=\"_self\">\n                    Red Nacional LASIK                <\/a>\n            <\/li>\n                    <li>\n                <a href=\"https:\/\/www.qualsight.com\/es\/contacta-con-nosotros\/\" target=\"_self\">\n                    Contacta con nosotros                <\/a>\n            <\/li>\n            <\/ul>    \n<\/section>\n","protected":false},"excerpt":{"rendered":"<p>Opiniones sobre LASIK &#8211; Encuestas de satisfacci\u00f3n del cliente Los pacientes conf\u00edan en las opiniones sobre la cirug\u00eda ocular LASIK de sus compa\u00f1eros de trabajo, amigos y familiares. Cuando investigas sobre la cirug\u00eda ocular LASIK, lo m\u00e1s probable es que tengas en cuenta el coste, la experiencia del m\u00e9dico, la afiliaci\u00f3n al BBB y las [&hellip;]<\/p>\n","protected":false},"author":1,"featured_media":0,"parent":0,"menu_order":0,"comment_status":"closed","ping_status":"closed","template":"","meta":{"_acf_changed":false,"footnotes":""},"class_list":["post-3062","page","type-page","status-publish","hentry"],"acf":[],"_links":{"self":[{"href":"https:\/\/www.qualsight.com\/es\/wp-json\/wp\/v2\/pages\/3062","targetHints":{"allow":["GET"]}}],"collection":[{"href":"https:\/\/www.qualsight.com\/es\/wp-json\/wp\/v2\/pages"}],"about":[{"href":"https:\/\/www.qualsight.com\/es\/wp-json\/wp\/v2\/types\/page"}],"author":[{"embeddable":true,"href":"https:\/\/www.qualsight.com\/es\/wp-json\/wp\/v2\/users\/1"}],"replies":[{"embeddable":true,"href":"https:\/\/www.qualsight.com\/es\/wp-json\/wp\/v2\/comments?post=3062"}],"version-history":[{"count":2,"href":"https:\/\/www.qualsight.com\/es\/wp-json\/wp\/v2\/pages\/3062\/revisions"}],"predecessor-version":[{"id":4861,"href":"https:\/\/www.qualsight.com\/es\/wp-json\/wp\/v2\/pages\/3062\/revisions\/4861"}],"wp:attachment":[{"href":"https:\/\/www.qualsight.com\/es\/wp-json\/wp\/v2\/media?parent=3062"}],"curies":[{"name":"wp","href":"https:\/\/api.w.org\/{rel}","templated":true}]}}