{"id":3064,"date":"2024-11-07T14:33:49","date_gmt":"2024-11-07T22:33:49","guid":{"rendered":"https:\/\/www.qualsight.com\/planes-de-retirada\/plan-de-garantia-de-por-vida\/"},"modified":"2024-12-30T11:31:51","modified_gmt":"2024-12-30T19:31:51","slug":"plan-de-garantia-de-por-vida","status":"publish","type":"page","link":"https:\/\/www.qualsight.com\/es\/planes-de-retirada\/plan-de-garantia-de-por-vida\/","title":{"rendered":"Plan de garant\u00eda de por vida"},"content":{"rendered":"\n<h2 class=\"wp-block-heading\">El oftalm\u00f3logo participante ofrece planes de retratamiento con garant\u00eda de por vida<\/h2>\n\n<p>Los cirujanos LASIK no pueden garantizar que sus pacientes tengan una visi\u00f3n perfecta para siempre. Sin embargo, el Plan Lifetime Assurance de un proveedor participante ayudar\u00e1 a los pacientes a mantener su mejor visi\u00f3n posible con retratamientos gratuitos cuando sean m\u00e9dicamente aconsejables. Si un Afiliado Elegible cualificado (v\u00e9anse las directrices m\u00e1s abajo) opta por adquirir el Plan Lifetime Assurance de un Proveedor <a href=\"https:\/\/www.qualsight.com\/lasik-doctors\" target=\"_blank\" rel=\"noreferrer noopener\">Participante<\/a> y ese Afiliado Elegible necesita un retratamiento de <a href=\"https:\/\/www.qualsight.com\/lasik-eye-surgery\" target=\"_blank\" rel=\"noreferrer noopener\">cirug\u00eda LASIK<\/a>, dicho Proveedor se lo proporcionar\u00e1 sin coste adicional. El Plan Lifetime Assurance del Proveedor es una obligaci\u00f3n directa del Proveedor para con el Socio Elegible que adquiere el Plan y no una obligaci\u00f3n de QualSight. En el raro caso de que el Proveedor rescinda su acuerdo con QualSight, el Proveedor deber\u00e1 seguir cumpliendo sus obligaciones en virtud del Plan Lifetime Assurance tras la rescisi\u00f3n de su Acuerdo de Proveedor con el socio.    <\/p>\n\n<h2 class=\"wp-block-heading\">\u00bfQui\u00e9n puede acogerse al Plan de seguro de vida?<\/h2>\n\n<p>Los Planes Lifetime Assurance est\u00e1n disponibles para todos los Afiliados Admisibles que est\u00e9n cualificados por un oftalm\u00f3logo (ver directrices m\u00e1s abajo) para someterse a un procedimiento de correcci\u00f3n de la visi\u00f3n con l\u00e1ser. Para mantener la elegibilidad en el Plan Lifetime Assurance, el Afiliado Elegible debe someterse a ex\u00e1menes oftalmol\u00f3gicos anuales por parte del Proveedor u otro proveedor oftalmol\u00f3gico cualificado. <\/p>\n\n<h2 class=\"wp-block-heading\">\u00bfC\u00f3mo te inscribes en un Plan de Seguro de por Vida?<\/h2>\n\n<p>Los Miembros Elegibles pueden inscribirse en un Plan de Garant\u00eda de por Vida adquiri\u00e9ndolo de un Proveedor participante antes de recibir su procedimiento de correcci\u00f3n de la visi\u00f3n con l\u00e1ser. QualSight informar\u00e1 al Socio Elegible sobre el programa al concertar la cita preoperatoria y lo incluir\u00e1 tanto en la confirmaci\u00f3n de la cita como en la Encuesta de seguimiento del Socio tras la intervenci\u00f3n. Adem\u00e1s, si el Socio Elegible ha concertado <a href=\"https:\/\/www.qualsight.com\/lasik-financing\">la financiaci\u00f3n<\/a> a trav\u00e9s de QualSight, el Plan Lifetime Assurance se incluir\u00e1 en el cargo total de la financiaci\u00f3n. Los Miembros Admisibles deben firmar la confirmaci\u00f3n del Plan Lifetime Assurance del Proveedor declarando que comprenden las condiciones del Plan Lifetime Assurance.   <\/p>\n\n<h2 class=\"wp-block-heading\">Directrices<\/h2>\n\n<p>Estas directrices se refieren \u00fanicamente a la cobertura del Plan de Seguros de por Vida y no son directrices sobre si debe realizarse un retratamiento, lo cual queda a juicio exclusivo del Afiliado Elegible y del oftalm\u00f3logo tratante.<\/p>\n\n<ol class=\"wp-block-list\">\n<li>El oftalm\u00f3logo de un Proveedor puede tratar al Afiliado Elegible para corregir la miop\u00eda, o la miop\u00eda y <a href=\"https:\/\/www.qualsight.com\/lasik-astigmatism\">el astigmatismo<\/a> (pero no la hipermetrop\u00eda ni el astigmatismo irregular).<\/li>\n\n\n\n<li>Despu\u00e9s de la cirug\u00eda inicial de correcci\u00f3n de la visi\u00f3n del Socio Elegible (incluyendo cualquier mejora del primer a\u00f1o en el curso normal y habitual del tratamiento), el Socio Elegible debe haber sido corregido a 20\/40 y tener menos de 1,00 dioptr\u00eda de astigmatismo.<\/li>\n\n\n\n<li>Los Miembros Elegibles tratados por el oftalm\u00f3logo del Proveedor tienen la opci\u00f3n de tratamiento de sus errores de refracci\u00f3n residuales de 1.00 D o mayores siempre que el oftalm\u00f3logo est\u00e9 de acuerdo en que es m\u00e9dicamente aconsejable. La decisi\u00f3n final sobre si debe o no someterse a tratamiento un Afiliado Elegible la toma el Afiliado Elegible con la conformidad del oftalm\u00f3logo tratante. <\/li>\n\n\n\n<li>Los Afiliados elegibles a los que se les hayan diagnosticado determinadas enfermedades o afecciones oculares pueden no ser elegibles para el Plan Lifetime Assurance. Esto incluye enfermedades como la diabetes, trastornos autoinmunes activos y vasculares del col\u00e1geno y afecciones oculares como cataratas, glaucoma, retinopat\u00eda diab\u00e9tica, desgarro, desprendimiento de retina o degeneraci\u00f3n macular. Adem\u00e1s, los Afiliados Elegibles cuyas c\u00f3rneas sean demasiado finas, se hayan sometido a cirug\u00eda ocular antes del tratamiento por el oftalm\u00f3logo del Proveedor, los que hayan experimentado p\u00e9rdida de visi\u00f3n como consecuencia de un accidente con traumatismo ocular y los Afiliados Elegibles que busquen tratamiento para la <a href=\"https:\/\/www.qualsight.com\/lasik-presbyopia\">presbicia<\/a> pueden no ser elegibles.  <\/li>\n\n\n\n<li>El Afiliado Elegible debe seguir el curso completo de tratamiento postoperatorio requerido por el oftalm\u00f3logo del Proveedor durante los 12 primeros meses tras una cirug\u00eda de correcci\u00f3n de la visi\u00f3n inicial o de retratamiento, incluidas las visitas de seguimiento postoperatorias.<\/li>\n\n\n\n<li>Una vez finalizado el periodo de tratamiento postoperatorio de 12 meses, el Socio Optativo debe someterse a ex\u00e1menes oculares anuales con el oftalm\u00f3logo u optometrista del Proveedor u otro proveedor de la visi\u00f3n cualificado. Si se utiliza otro proveedor oftalmol\u00f3gico, el Socio Optativo deber\u00e1 presentar pruebas de los ex\u00e1menes anuales al Proveedor. Los ex\u00e1menes anuales no est\u00e1n incluidos en esta asistencia posquir\u00fargica y, en casos excepcionales, puede ser necesario un tratamiento no l\u00e1ser durante el primer a\u00f1o, por el que el Proveedor puede cobrar una cuota.  <\/li>\n\n\n\n<li>Despu\u00e9s de la cirug\u00eda inicial de correcci\u00f3n de la visi\u00f3n del Socio Elegible, si surge o est\u00e1 disponible una tecnolog\u00eda nueva y\/o diferente que el Socio Elegible elija utilizar con la conformidad del oftalm\u00f3logo del Proveedor, se puede aplicar un cargo a\u00f1adido por cualquier procedimiento o retratamiento futuro que utilice la tecnolog\u00eda nueva o diferente.<\/li>\n\n\n\n<li>Aparte de los honorarios del oftalm\u00f3logo y de los honorarios por procedimiento de los fabricantes de l\u00e1ser, este Plan de Seguro de por Vida no cubre ning\u00fan gasto m\u00e9dico adicional, incluidos los medicamentos con receta y los dispositivos m\u00e9dicos, como consecuencia de cualquier procedimiento realizado conforme al Plan de Seguro de por Vida, y todos los gastos de desplazamiento corren a cargo del Socio Admisible.<\/li>\n\n\n\n<li>Para que el Afiliado pueda recibir las prestaciones de este Plan de Seguro de por Vida, debe estar al corriente de todos los pagos debidos al Proveedor Participante por los servicios de correcci\u00f3n de la visi\u00f3n con l\u00e1ser.<\/li>\n<\/ol>\n\n<p>Conserva para tus archivos la copia original firmada del Plan de garant\u00eda de por vida del proveedor. La participaci\u00f3n del proveedor puede variar. <\/p>\n<section \n    class=\"blocks block-quicklinks align \" \n    id=\"block_meta_67351fe43c341\" \n    style=\" \"\n>\n    <h3>Ver tambi\u00e9n<\/h3>\n    <ul>\n                    <li>\n                <a href=\"https:\/\/www.qualsight.com\/es\/planes-de-retirada\/\" target=\"_self\">\n                    Planes de Retirada                <\/a>\n            <\/li>\n                    <li>\n                <a href=\"https:\/\/www.qualsight.com\/es\/planes-de-retirada\/plan-de-garantia-a-un-ano\/\" target=\"_self\">\n                    Plan de garant\u00eda a un a\u00f1o                <\/a>\n            <\/li>\n            <\/ul>    \n<\/section>\n","protected":false},"excerpt":{"rendered":"<p>El oftalm\u00f3logo participante ofrece planes de retratamiento con garant\u00eda de por vida Los cirujanos LASIK no pueden garantizar que sus pacientes tengan una visi\u00f3n perfecta para siempre. Sin embargo, el Plan Lifetime Assurance de un proveedor participante ayudar\u00e1 a los pacientes a mantener su mejor visi\u00f3n posible con retratamientos gratuitos cuando sean m\u00e9dicamente aconsejables. Si [&hellip;]<\/p>\n","protected":false},"author":1,"featured_media":0,"parent":2817,"menu_order":0,"comment_status":"closed","ping_status":"closed","template":"","meta":{"_acf_changed":false,"footnotes":""},"class_list":["post-3064","page","type-page","status-publish","hentry"],"acf":[],"_links":{"self":[{"href":"https:\/\/www.qualsight.com\/es\/wp-json\/wp\/v2\/pages\/3064","targetHints":{"allow":["GET"]}}],"collection":[{"href":"https:\/\/www.qualsight.com\/es\/wp-json\/wp\/v2\/pages"}],"about":[{"href":"https:\/\/www.qualsight.com\/es\/wp-json\/wp\/v2\/types\/page"}],"author":[{"embeddable":true,"href":"https:\/\/www.qualsight.com\/es\/wp-json\/wp\/v2\/users\/1"}],"replies":[{"embeddable":true,"href":"https:\/\/www.qualsight.com\/es\/wp-json\/wp\/v2\/comments?post=3064"}],"version-history":[{"count":1,"href":"https:\/\/www.qualsight.com\/es\/wp-json\/wp\/v2\/pages\/3064\/revisions"}],"predecessor-version":[{"id":3065,"href":"https:\/\/www.qualsight.com\/es\/wp-json\/wp\/v2\/pages\/3064\/revisions\/3065"}],"up":[{"embeddable":true,"href":"https:\/\/www.qualsight.com\/es\/wp-json\/wp\/v2\/pages\/2817"}],"wp:attachment":[{"href":"https:\/\/www.qualsight.com\/es\/wp-json\/wp\/v2\/media?parent=3064"}],"curies":[{"name":"wp","href":"https:\/\/api.w.org\/{rel}","templated":true}]}}