{"id":3691,"date":"2024-11-07T14:12:17","date_gmt":"2024-11-07T22:12:17","guid":{"rendered":"https:\/\/www.qualsight.com\/coste-del-lasik\/precios-enganosos-del-lasik\/"},"modified":"2024-12-30T11:33:22","modified_gmt":"2024-12-30T19:33:22","slug":"precios-enganosos-del-lasik","status":"publish","type":"page","link":"https:\/\/www.qualsight.com\/es\/coste-del-lasik\/precios-enganosos-del-lasik\/","title":{"rendered":"Precios enga\u00f1osos del LASIK"},"content":{"rendered":"\n<h2 class=\"wp-block-heading\">\u00bfCu\u00e1nto cuesta el LASIK si mi plan de visi\u00f3n ofrece un 15% de descuento en la cirug\u00eda ocular LASIK?<\/h2>\n\n<p>Muchos planes oftalmol\u00f3gicos ofrecen un porcentaje de descuento espec\u00edfico sobre las tarifas habituales del LASIK. Adem\u00e1s, la mayor\u00eda de los planes no controlan los costes del LASIK que cobran a sus afiliados. <\/p>\n\n<p>Inmediatamente, la primera pregunta del paciente pasa a ser: \u00ab\u00bfQuince por ciento de descuento sobre qu\u00e9?\u00bb. Algunos m\u00e9dicos inflan el precio del LASIK para compensar el descuento concedido, dej\u00e1ndote con la duda de si has recibido una rebaja. Muchos proveedores realizan promociones con frecuencia, y durante estas promociones tu descuento del 15% puede reducirse a tan s\u00f3lo un 5%.  <\/p>\n\n<p>Una caracter\u00edstica especialmente importante del plan QualSight es nuestro precio fijo contratado. Controlamos y gestionamos los costes de LASIK de nuestros Miembros, sin dejar margen para que un m\u00e9dico infle la tarifa normal. Con QualSight, la pregunta \u00ab\u00bfCu\u00e1nto cuesta el LASIK?\u00bb se discute y gestiona antes del examen preoperatorio. Nuestro ahorro es muy real, y nunca te quedar\u00e1s con dudas sobre el precio del LASIK.   <\/p>\n\n<p><strong>Art\u00edculo relacionado<\/strong> &#8211; <strong><a href=\"https:\/\/www.qualsight.com\/does-insurance-cover-lasik\">\u00bfCubre el seguro la cirug\u00eda LASIK?<\/a><\/strong><\/p>\n\n<h2 class=\"wp-block-heading\">\u00bfCu\u00e1nto cuesta el LASIK con los modelos de \u00abprecio \u00fanico\u00bb?<\/h2>\n\n<p>El coste medio nacional de la cirug\u00eda ocular LASIK para los m\u00e9dicos que s\u00f3lo ofrecen un precio en 2021 fue de 2.436 $ por ojo. Hay distintos procedimientos LASIK aprobados por la FDA y es necesario investigar para saber qu\u00e9 tipo te ofrecen. <\/p>\n\n<figure class=\"wp-block-image aligncenter size-full\"><img decoding=\"async\" width=\"647\" height=\"573\" src=\"https:\/\/www.qualsight.com\/wp-content\/uploads\/2024\/11\/LASIK-Avereage-Cost-2021_0.png\" alt=\"\" class=\"wp-image-1163\" srcset=\"https:\/\/www.qualsight.com\/wp-content\/uploads\/2024\/11\/LASIK-Avereage-Cost-2021_0.png 647w, https:\/\/www.qualsight.com\/wp-content\/uploads\/2024\/11\/LASIK-Avereage-Cost-2021_0-600x531.png 600w\" sizes=\"(max-width: 647px) 100vw, 647px\" \/><\/figure>\n\n<h2 class=\"wp-block-heading\">\u00bfCu\u00e1nto cuesta la cirug\u00eda LASIK con Groupon o un cup\u00f3n?<\/h2>\n\n<p>Al comparar precios, es importante que sepas qu\u00e9 incluye el precio del LASIK. Por ejemplo, los anuncios de LASIK Groupon suelen ofrecer LASIK a precios muy bajos por ojo, y a menudo s\u00f3lo tratan graduaciones extremadamente bajas, con poco o ning\u00fan <a href=\"https:\/\/www.qualsight.com\/lasik-astigmatism\">astigmatismo<\/a>. A medida que aumenta la graduaci\u00f3n del paciente, tambi\u00e9n aumentan los precios. Adem\u00e1s, puede que los pacientes s\u00f3lo tengan acceso a l\u00e1seres espec\u00edficos y cada l\u00e1ser est\u00e1 fabricado para tratar rangos de graduaci\u00f3n y tama\u00f1os de pupila concretos.   <\/p>\n\n<p>No te dejes enga\u00f1ar por <a href=\"https:\/\/www.qualsight.com\/lasik-deals-misleading-advertising\"> anuncios y cupones de 699 $ que son demasiado buenos para ser verdad<\/a>. 699 $ por ojo parece una oferta bastante buena para la <a href=\"https:\/\/www.qualsight.com\/lasik-eye-surgery\">cirug\u00eda ocular LASIK<\/a> y es posible que hayas visto este precio anunciado antes, pero los compradores deben tener cuidado porque las gangas como \u00e9sta, por desgracia, siempre son demasiado buenas para ser verdad.   <\/p>\n\n<p>Los pacientes rara vez, o nunca, pagan la cantidad real anunciada y es poco probable que s\u00f3lo pagues 699 $ por ojo en LASIK. Si tu graduaci\u00f3n o el <a href=\"https:\/\/www.qualsight.com\/pupil-size-for-lasik\">tama\u00f1o de tu pupila<\/a> est\u00e1n fuera de ese rango, quedas autom\u00e1ticamente descalificado para el LASIK al precio que anuncian. A menudo, menos del 2% de todos los candidatos elegibles para LASIK pueden optar al precio \u00abinicial\u00bb de 699 $.  <\/p>\n\n<figure class=\"wp-block-image aligncenter size-full\"><a href=\"https:\/\/www.carecredit.com\/apply\/confirm.html?encm=https:\/\/www.carecredit.com\/go\/425GWR\/\" target=\"_blank\" rel=\"noreferrer noopener\"><img decoding=\"async\" width=\"361\" height=\"139\" src=\"https:\/\/www.qualsight.com\/wp-content\/uploads\/2024\/11\/CareCredit.jpg\" alt=\"\" class=\"wp-image-1198\"\/><\/a><\/figure>\n<section \n    class=\"blocks block-quicklinks align \" \n    id=\"block_meta_6730fd1787901\" \n    style=\" \"\n>\n    <h3>Ver tambi\u00e9n<\/h3>\n    <ul>\n                    <li>\n                <a href=\"https:\/\/www.qualsight.com\/es\/coste-del-lasik\/cuanto-cuesta-el-lasik\/\" target=\"_self\">\n                    \u00bfCu\u00e1nto cuesta el LASIK?                <\/a>\n            <\/li>\n                    <li>\n                <a href=\"https:\/\/www.qualsight.com\/es\/coste-del-lasik\/\" target=\"_self\">\n                    Coste del LASIK                <\/a>\n            <\/li>\n                    <li>\n                <a href=\"https:\/\/www.qualsight.com\/es\/coste-del-lasik\/financiacion-sin-intereses\/\" target=\"_self\">\n                    Financiaci\u00f3n sin intereses                <\/a>\n            <\/li>\n            <\/ul>    \n<\/section>\n","protected":false},"excerpt":{"rendered":"<p>\u00bfCu\u00e1nto cuesta el LASIK si mi plan de visi\u00f3n ofrece un 15% de descuento en la cirug\u00eda ocular LASIK? Muchos planes oftalmol\u00f3gicos ofrecen un porcentaje de descuento espec\u00edfico sobre las tarifas habituales del LASIK. Adem\u00e1s, la mayor\u00eda de los planes no controlan los costes del LASIK que cobran a sus afiliados. Inmediatamente, la primera pregunta [&hellip;]<\/p>\n","protected":false},"author":1,"featured_media":0,"parent":2810,"menu_order":0,"comment_status":"closed","ping_status":"closed","template":"","meta":{"_acf_changed":false,"footnotes":""},"class_list":["post-3691","page","type-page","status-publish","hentry"],"acf":[],"_links":{"self":[{"href":"https:\/\/www.qualsight.com\/es\/wp-json\/wp\/v2\/pages\/3691","targetHints":{"allow":["GET"]}}],"collection":[{"href":"https:\/\/www.qualsight.com\/es\/wp-json\/wp\/v2\/pages"}],"about":[{"href":"https:\/\/www.qualsight.com\/es\/wp-json\/wp\/v2\/types\/page"}],"author":[{"embeddable":true,"href":"https:\/\/www.qualsight.com\/es\/wp-json\/wp\/v2\/users\/1"}],"replies":[{"embeddable":true,"href":"https:\/\/www.qualsight.com\/es\/wp-json\/wp\/v2\/comments?post=3691"}],"version-history":[{"count":1,"href":"https:\/\/www.qualsight.com\/es\/wp-json\/wp\/v2\/pages\/3691\/revisions"}],"predecessor-version":[{"id":3692,"href":"https:\/\/www.qualsight.com\/es\/wp-json\/wp\/v2\/pages\/3691\/revisions\/3692"}],"up":[{"embeddable":true,"href":"https:\/\/www.qualsight.com\/es\/wp-json\/wp\/v2\/pages\/2810"}],"wp:attachment":[{"href":"https:\/\/www.qualsight.com\/es\/wp-json\/wp\/v2\/media?parent=3691"}],"curies":[{"name":"wp","href":"https:\/\/api.w.org\/{rel}","templated":true}]}}