{"id":3693,"date":"2024-11-07T14:11:53","date_gmt":"2024-11-07T22:11:53","guid":{"rendered":"https:\/\/www.qualsight.com\/coste-del-lasik\/financiacion-sin-intereses\/"},"modified":"2024-12-30T11:27:57","modified_gmt":"2024-12-30T19:27:57","slug":"financiacion-sin-intereses","status":"publish","type":"page","link":"https:\/\/www.qualsight.com\/es\/coste-del-lasik\/financiacion-sin-intereses\/","title":{"rendered":"Financiaci\u00f3n sin intereses"},"content":{"rendered":"\n<figure class=\"wp-block-image aligncenter size-full\"><a href=\"https:\/\/www.carecredit.com\/go\/425GWR\/\" target=\"_blank\" rel=\"noreferrer noopener\"><img decoding=\"async\" width=\"361\" height=\"139\" src=\"https:\/\/www.qualsight.com\/wp-content\/uploads\/2024\/11\/CareCredit.jpg\" alt=\"\" class=\"wp-image-1198\"\/><\/a><\/figure>\n\n<h2 class=\"wp-block-heading\">Financiaci\u00f3n LASIK<\/h2>\n\n<p>Incluso con los excelentes precios de QualSight, entendemos que la cirug\u00eda LASIK es un compromiso financiero, y ofrecemos varias opciones de pago para que el coste de la cirug\u00eda LASIK sea a\u00fan m\u00e1s f\u00e1cil. Aceptamos las principales tarjetas de cr\u00e9dito, tarjetas de d\u00e9bito y cheques personales como m\u00e9todos de pago para tu cirug\u00eda y ofrecemos sencillas opciones de financiaci\u00f3n LASIK a trav\u00e9s de CareCredit. Con varias opciones disponibles en funci\u00f3n de tu situaci\u00f3n econ\u00f3mica personal, la financiaci\u00f3n de la cirug\u00eda LASIK te ayuda a distribuir el coste de la intervenci\u00f3n.  <\/p>\n\n<h2 class=\"wp-block-heading\">Opciones flexibles de financiaci\u00f3n del LASIK<\/h2>\n\n<p>Nuestra misi\u00f3n en QualSight LASIK es proporcionarte la informaci\u00f3n que necesitas para tomar una decisi\u00f3n informada sobre la cirug\u00eda ocular LASIK y simplificar tu proceso de pago. Ofrecemos varias opciones de financiaci\u00f3n del LASIK que te facilitar\u00e1n disfrutar de este procedimiento que te cambiar\u00e1 la vida. <\/p>\n\n<p>QualSight ha establecido precios contratados con los mejores m\u00e9dicos especialistas en LASIK de todo Estados Unidos, y ayuda a nuestros afiliados a ahorrar una media de 1.500 $ del coste medio de LASIK. Nuestros gestores sanitarios son expertos en el proceso LASIK y te explicar\u00e1n las diferencias entre los distintos procedimientos LASIK. <\/p>\n\n<p>Con m\u00e1s de 900 centros en todo el pa\u00eds, QualSight LASIK puede recomendarte un cirujano especialista en LASIK altamente acreditado cerca de ti. Nuestros m\u00e9dicos han realizado colectivamente m\u00e1s de 7,5 millones de intervenciones, llevando el don de la vista a quienes han dependido de gafas correctoras. <\/p>\n\n<div class=\"wp-block-buttons is-layout-flex wp-block-buttons-is-layout-flex\"><div class=\"wp-block-button\"><a class=\"wp-block-button__link wp-element-button\" href=\"\/es\/localizaciones\/\" target=\"_self\">Consulta Gratis<\/a><\/div><\/div>\n\n<h2 class=\"wp-block-heading\">Financiaci\u00f3n del LASIK: Primeros pasos<\/h2>\n\n<p>El primer paso hacia la cirug\u00eda LASIK es asistir a un examen gratuito para determinar si eres candidato a la cirug\u00eda ocular LASIK. Alrededor del 30% de las personas no son candidatas, por lo que es importante saber si eres un candidato potencial al LASIK. <\/p>\n\n<p>Una vez que se te haya considerado a, tu Gestor Asistencial te ayudar\u00e1 a conseguir la aprobaci\u00f3n para la financiaci\u00f3n de LASIK a trav\u00e9s de CareCredit. S\u00f3lo tienes que hacer clic en el logotipo de CareCredit que aparece arriba y acceder\u00e1s a la solicitud de financiaci\u00f3n LASIK. En cuesti\u00f3n de minutos, sabr\u00e1s si te han aprobado y QualSight preparar\u00e1 tu documentaci\u00f3n para la financiaci\u00f3n del LASIK.  <\/p>\n\n<p>Ponte en contacto con nosotros hoy mismo para programar tu examen LASIK gratuito y dar el primer paso hacia una visi\u00f3n perfecta.<\/p>\n\n<figure class=\"wp-block-image aligncenter size-full\"><img decoding=\"async\" width=\"647\" height=\"573\" src=\"https:\/\/www.qualsight.com\/wp-content\/uploads\/2024\/11\/LASIK-Avereage-Cost-2021_0.png\" alt=\"\" class=\"wp-image-1163\" srcset=\"https:\/\/www.qualsight.com\/wp-content\/uploads\/2024\/11\/LASIK-Avereage-Cost-2021_0.png 647w, https:\/\/www.qualsight.com\/wp-content\/uploads\/2024\/11\/LASIK-Avereage-Cost-2021_0-600x531.png 600w\" sizes=\"(max-width: 647px) 100vw, 647px\" \/><\/figure>\n<section \n    class=\"blocks block-quicklinks align \" \n    id=\"block_meta_6730fc2e14ed9\" \n    style=\" \"\n>\n    <h3>Ver tambi\u00e9n<\/h3>\n    <ul>\n                    <li>\n                <a href=\"https:\/\/www.qualsight.com\/es\/coste-del-lasik\/\" target=\"_self\">\n                    Coste del LASIK                <\/a>\n            <\/li>\n                    <li>\n                <a href=\"https:\/\/www.qualsight.com\/es\/tipos-de-cirugia-laser-ocular\/\" target=\"_self\">\n                    Tipos de cirug\u00eda l\u00e1ser ocular                <\/a>\n            <\/li>\n                    <li>\n                <a href=\"https:\/\/www.qualsight.com\/es\/riesgos-y-recuperacion-del-lasik\/\" target=\"_self\">\n                    Riesgos y recuperaci\u00f3n del LASIK                <\/a>\n            <\/li>\n            <\/ul>    \n<\/section>\n","protected":false},"excerpt":{"rendered":"<p>Financiaci\u00f3n LASIK Incluso con los excelentes precios de QualSight, entendemos que la cirug\u00eda LASIK es un compromiso financiero, y ofrecemos varias opciones de pago para que el coste de la cirug\u00eda LASIK sea a\u00fan m\u00e1s f\u00e1cil. Aceptamos las principales tarjetas de cr\u00e9dito, tarjetas de d\u00e9bito y cheques personales como m\u00e9todos de pago para tu cirug\u00eda [&hellip;]<\/p>\n","protected":false},"author":1,"featured_media":0,"parent":2810,"menu_order":0,"comment_status":"closed","ping_status":"closed","template":"","meta":{"_acf_changed":false,"footnotes":""},"class_list":["post-3693","page","type-page","status-publish","hentry"],"acf":[],"_links":{"self":[{"href":"https:\/\/www.qualsight.com\/es\/wp-json\/wp\/v2\/pages\/3693","targetHints":{"allow":["GET"]}}],"collection":[{"href":"https:\/\/www.qualsight.com\/es\/wp-json\/wp\/v2\/pages"}],"about":[{"href":"https:\/\/www.qualsight.com\/es\/wp-json\/wp\/v2\/types\/page"}],"author":[{"embeddable":true,"href":"https:\/\/www.qualsight.com\/es\/wp-json\/wp\/v2\/users\/1"}],"replies":[{"embeddable":true,"href":"https:\/\/www.qualsight.com\/es\/wp-json\/wp\/v2\/comments?post=3693"}],"version-history":[{"count":1,"href":"https:\/\/www.qualsight.com\/es\/wp-json\/wp\/v2\/pages\/3693\/revisions"}],"predecessor-version":[{"id":3694,"href":"https:\/\/www.qualsight.com\/es\/wp-json\/wp\/v2\/pages\/3693\/revisions\/3694"}],"up":[{"embeddable":true,"href":"https:\/\/www.qualsight.com\/es\/wp-json\/wp\/v2\/pages\/2810"}],"wp:attachment":[{"href":"https:\/\/www.qualsight.com\/es\/wp-json\/wp\/v2\/media?parent=3693"}],"curies":[{"name":"wp","href":"https:\/\/api.w.org\/{rel}","templated":true}]}}