{"id":3695,"date":"2024-11-07T14:11:27","date_gmt":"2024-11-07T22:11:27","guid":{"rendered":"https:\/\/www.qualsight.com\/coste-del-lasik\/cuanto-cuesta-el-lasik\/"},"modified":"2024-12-30T11:31:17","modified_gmt":"2024-12-30T19:31:17","slug":"cuanto-cuesta-el-lasik","status":"publish","type":"page","link":"https:\/\/www.qualsight.com\/es\/coste-del-lasik\/cuanto-cuesta-el-lasik\/","title":{"rendered":"\u00bfCu\u00e1nto cuesta el LASIK?"},"content":{"rendered":"\n<h2 class=\"wp-block-heading\">\u00bfCu\u00e1nto cuesta el LASIK?  <strong>La pregunta m\u00e1s popular  <\/strong><\/h2>\n\n<p>Aunque los precios de los procedimientos LASIK var\u00edan mucho seg\u00fan el consultorio y la regi\u00f3n, el coste medio de LASIK oscila entre 1.500 y 3.500 $ por ojo, seg\u00fan el tipo de procedimiento, el cirujano y la regi\u00f3n del pa\u00eds. A menudo, los precios extremadamente bajos de 699 $ son muy poco realistas y se consideran precios de cebo. <\/p>\n\n<p>Estos modelos de precios enga\u00f1osos aumentan significativamente el coste en funci\u00f3n de tu graduaci\u00f3n o astigmatismo. Adem\u00e1s, los precios extremadamente bajos pueden no tener en cuenta las mejoras ni las visitas postoperatorias, que suelen ser al d\u00eda siguiente de la operaci\u00f3n, 1 semana, 1 mes y 3 meses de cuidados postoperatorios. Adem\u00e1s, tienes que conocer los detalles del plan de retratamiento y mejora que te ofrecen y sus limitaciones.  <\/p>\n\n<p>El precio medio nacional general del LASIK ha aumentado ligeramente en la \u00faltima d\u00e9cada. La adopci\u00f3n de nuevas tecnolog\u00edas de vanguardia, como el \u00abLASIK todo l\u00e1ser\u00bb, tambi\u00e9n denominado IntraLase, a\u00f1ade un coste de varios cientos de d\u00f3lares por ojo. Adem\u00e1s, el 50% de los cirujanos que realizan LASIK s\u00f3lo ofrecen un \u00abmodelo de precio \u00fanico\u00bb.    <\/p>\n\n<p>\u00bfCu\u00e1nto cuesta el LASIK para los cirujanos que ofrecen un precio \u00fanico? La media nacional de precios del LASIK en 2021 fue de 2.436 $ por ojo. Este modelo de precio \u00fanico se considera un m\u00e9todo sin regateos para fijar el precio de los servicios de correcci\u00f3n visual con l\u00e1ser.  <\/p>\n\n<figure class=\"wp-block-image aligncenter size-full\"><img decoding=\"async\" width=\"647\" height=\"573\" src=\"https:\/\/www.qualsight.com\/wp-content\/uploads\/2024\/11\/LASIK-Avereage-Cost-2021_0.png\" alt=\"\" class=\"wp-image-1163\" srcset=\"https:\/\/www.qualsight.com\/wp-content\/uploads\/2024\/11\/LASIK-Avereage-Cost-2021_0.png 647w, https:\/\/www.qualsight.com\/wp-content\/uploads\/2024\/11\/LASIK-Avereage-Cost-2021_0-600x531.png 600w\" sizes=\"(max-width: 647px) 100vw, 647px\" \/><\/figure>\n\n<div class=\"wp-block-buttons is-layout-flex wp-block-buttons-is-layout-flex\"><div class=\"wp-block-button\"><a class=\"wp-block-button__link wp-element-button\" href=\"\/es\/localizaciones\/\" target=\"_self\">Consulta Gratis<\/a><\/div><\/div>\n\n<h2 class=\"wp-block-heading\">El lugar donde vives puede determinar el coste del LASIK<\/h2>\n\n<p>El lugar de Estados Unidos donde vives determina el coste de muchos productos que utilizamos a diario. Dependiendo de la parte del pa\u00eds en que vivas, el alquiler, la gasolina y los servicios b\u00e1sicos var\u00edan significativamente, y tambi\u00e9n influye en cu\u00e1nto cuesta el LASIK. Los cirujanos oculares especialistas en l\u00e1ser de las grandes ciudades metropolitanas (por ejemplo, Nueva York, Boston, Los \u00c1ngeles y Chicago) suelen cobrar m\u00e1s por los precios de la cirug\u00eda ocular con l\u00e1ser.    <\/p>\n\n<p>Estos cirujanos suelen tener costes m\u00e1s elevados debido al aumento del alquiler y de los gastos de funcionamiento de las instalaciones. Los procedimientos LASIK enumerados a continuaci\u00f3n por regi\u00f3n ilustran estas diferencias en lo que podr\u00edas esperar pagar por una intervenci\u00f3n LASIK fuera del Programa QualSight LASIK: <\/p>\n\n<h2 class=\"wp-block-heading\">La experiencia y la calidad de los cirujanos influyen en el coste<\/h2>\n\n<p>La tecnolog\u00eda utilizada para realizar la cirug\u00eda y la experiencia del cirujano tambi\u00e9n influir\u00e1n en lo que pagues por el LASIK. Los cirujanos oculares expertos en LASIK cuestan m\u00e1s que los m\u00e9dicos con s\u00f3lo varios cientos de intervenciones realizadas. Sin embargo, un cirujano con m\u00e1s experiencia no garantiza resultados m\u00e1s seguros y precisos.  <\/p>\n\n<p>Para participar como cirujano LASIK en la red de oftalm\u00f3logos de QualSight, un m\u00e9dico debe estar <a href=\"https:\/\/www.ncqa.org\/\" target=\"_blank\" rel=\"noreferrer noopener\">acreditado por el NCQA<\/a> y se revisa todo su historial laboral, incluido el seguro de mala praxis, la licencia estatal y las certificaciones. Los cirujanos LASIK de QualSight est\u00e1n especializados en LASIK y han realizado colectivamente m\u00e1s de 7 millones de intervenciones. <\/p>\n\n<h2 class=\"wp-block-heading\">\u00bfCu\u00e1nto cuesta el LASIK personalizado de frente de onda y por qu\u00e9 es m\u00e1s caro?<\/h2>\n\n<p>La nueva tecnolog\u00eda LASIK <a href=\"https:\/\/www.qualsight.com\/custom-wavefront-lasik-procedure\">de frente de onda personalizado<\/a> es innovadora porque puede mejorar no s\u00f3lo la visi\u00f3n (agudeza visual medida con la tabla optom\u00e9trica est\u00e1ndar 20\/20), sino tambi\u00e9n la sensibilidad al contraste y los detalles finos. Esto se traduce en un menor riesgo de <a href=\"https:\/\/www.qualsight.com\/lasik-possible-side-effects\">complicaciones post-LASIK<\/a>, como deslumbramientos, halos y dificultades con la visi\u00f3n nocturna. Lo que ves depende de los defectos de visi\u00f3n conocidos como aberraciones de bajo orden, asociados a los errores refractivos comunes.<\/p>\n\n<p>Adaptado de la tecnolog\u00eda que permite a los telescopios terrestres producir im\u00e1genes comparables a las generadas por el telescopio espacial Hubble, el LASIK de frente de onda consta de un sensor y un l\u00e1ser. Todas estas irregularidades visuales se muestran en un mapa tridimensional, denominado mapa de frente de onda. A continuaci\u00f3n, esta informaci\u00f3n se transfiere electr\u00f3nicamente al l\u00e1ser, y un ordenador la ajusta a la posici\u00f3n del ojo, lo que permite al cirujano personalizar el procedimiento a tus necesidades visuales \u00fanicas.  <\/p>\n\n<div class=\"wp-block-buttons is-layout-flex wp-block-buttons-is-layout-flex\"><div class=\"wp-block-button\"><a class=\"wp-block-button__link wp-element-button\" href=\"\/es\/localizaciones\/\" target=\"_self\">Consulta Gratis<\/a><\/div><\/div>\n\n<h2 class=\"wp-block-heading\">\u00bfCu\u00e1nto cuesta el LASIK sin bistur\u00ed? \u00bfPor qu\u00e9 cuesta m\u00e1s?<\/h2>\n\n<p>El LASIK <a href=\"https:\/\/www.qualsight.com\/intralase-lasik\">sin bistur\u00ed<\/a> se considera el mejor tipo de LASIK porque utiliza el \u00faltimo avance tecnol\u00f3gico en l\u00e1ser, conocido como l\u00e1ser de femtosegundo. El LASIK sin bistur\u00ed, tambi\u00e9n conocido como I-LASIK o LASIK totalmente con l\u00e1ser, se diferencia de otras cirug\u00edas LASIK en que el colgajo se crea con un l\u00e1ser y no con una cuchilla manual. <\/p>\n\n<p>Suele tener menos riesgos y complicaciones que otros tipos de LASIK. Con Bladeless, las personas con c\u00f3rneas finas que antes no eran aptas para el LASIK pueden ser ahora candidatas debido a su precisi\u00f3n y a su capacidad para producir de forma constante colgajos corneales lo bastante finos como para tratar a pacientes que antes no eran candidatos. <\/p>\n\n<p>Con ayuda de la tecnolog\u00eda inform\u00e1tica, el cirujano puede crear un diminuto colgajo en la c\u00f3rnea del paciente. Con el control del ordenador, el l\u00e1ser de femtosegundo funciona a velocidades extremadamente altas, lo que permite dirigir y dividir el tejido a nivel molecular sin calor ni impacto en el tejido circundante. El l\u00e1ser sin cuchilla produce un colgajo corneal mucho m\u00e1s preciso que la cuchilla del microqueratomo tradicional. Por eso cuesta m\u00e1s.   <\/p>\n\n<h2 class=\"wp-block-heading\">Consigue el mejor precio LASIK &#8211; Preguntas que debes hacer<\/h2>\n\n<ul class=\"wp-block-list\">\n<li>\u00bfParticipas en la red QualSight LASIK?<\/li>\n\n\n\n<li>\u00bfQu\u00e9 est\u00e1 incluido en el coste de mi intervenci\u00f3n LASIK?<\/li>\n\n\n\n<li>\u00bfProporcion\u00e1is un presupuesto, y caduca?<\/li>\n\n\n\n<li>\u00bfCambia el <a href=\"https:\/\/www.qualsight.com\/cost-of-lasik-surgery\">precio del LASIK<\/a> con la tecnolog\u00eda reciente?<\/li>\n\n\n\n<li>\u00bfEst\u00e1 incluido en el precio el coste de los medicamentos?<\/li>\n\n\n\n<li>\u00bfLos <a href=\"https:\/\/www.qualsight.com\/after-lasik-surgery\">ex\u00e1menes postoperatorios<\/a> est\u00e1n incluidos en el precio total?<\/li>\n\n\n\n<li>\u00bfRecibe mi optometrista una comisi\u00f3n por derivaci\u00f3n?<\/li>\n<\/ul>\n\n<div class=\"wp-block-buttons is-layout-flex wp-block-buttons-is-layout-flex\"><div class=\"wp-block-button\"><a class=\"wp-block-button__link wp-element-button\" href=\"\/es\/localizaciones\/\" target=\"_self\">Consulta Gratis<\/a><\/div><\/div>\n\n<h2 class=\"wp-block-heading\">Coste de LASIK &#8211; \u00bfCu\u00e1nto cuesta LASIK con QualSight?<\/h2>\n\n<p>En QualSight, puedes esperar pagar menos. Nuestros precios empiezan en menos de 995 $ por ojo para el LASIK Tradicional y lo tienen todo incluido. El precio total cubre lo siguiente: tu examen preoperatorio inicial, el LASIK con un plan de retratamiento de un a\u00f1o, as\u00ed como todas las visitas postoperatorias.  <\/p>\n\n<p>Al utilizar QualSight, no hay costes LASIK ocultos ni tarifas no reveladas. Adem\u00e1s, nuestro bajo coste de LASIK nunca aumenta en funci\u00f3n de tu graduaci\u00f3n o astigmatismo. QualSight ha establecido precios contractuales con m\u00e9dicos experimentados y de calidad de todo EE.UU., por lo que ahorramos mucho dinero a nuestros afiliados en comparaci\u00f3n con los costes medios nacionales de la cirug\u00eda ocular LASIK.  <\/p>\n<section \n    class=\"blocks block-quicklinks align \" \n    id=\"block_meta_6730f57bd7b04\" \n    style=\" \"\n>\n    <h3>Ver tambi\u00e9n<\/h3>\n    <ul>\n                    <li>\n                <a href=\"https:\/\/www.qualsight.com\/es\/que-es-el-lasik\/\" target=\"_self\">\n                    \u00bfQu\u00e9 es el LASIK?                <\/a>\n            <\/li>\n                    <li>\n                <a href=\"https:\/\/www.qualsight.com\/es\/tipos-de-cirugia-laser-ocular\/\" target=\"_self\">\n                    Tipos de cirug\u00eda l\u00e1ser ocular                <\/a>\n            <\/li>\n            <\/ul>    \n<\/section>\n","protected":false},"excerpt":{"rendered":"<p>\u00bfCu\u00e1nto cuesta el LASIK? La pregunta m\u00e1s popular Aunque los precios de los procedimientos LASIK var\u00edan mucho seg\u00fan el consultorio y la regi\u00f3n, el coste medio de LASIK oscila entre 1.500 y 3.500 $ por ojo, seg\u00fan el tipo de procedimiento, el cirujano y la regi\u00f3n del pa\u00eds. A menudo, los precios extremadamente bajos de [&hellip;]<\/p>\n","protected":false},"author":1,"featured_media":0,"parent":2810,"menu_order":0,"comment_status":"closed","ping_status":"closed","template":"","meta":{"_acf_changed":false,"footnotes":""},"class_list":["post-3695","page","type-page","status-publish","hentry"],"acf":[],"_links":{"self":[{"href":"https:\/\/www.qualsight.com\/es\/wp-json\/wp\/v2\/pages\/3695","targetHints":{"allow":["GET"]}}],"collection":[{"href":"https:\/\/www.qualsight.com\/es\/wp-json\/wp\/v2\/pages"}],"about":[{"href":"https:\/\/www.qualsight.com\/es\/wp-json\/wp\/v2\/types\/page"}],"author":[{"embeddable":true,"href":"https:\/\/www.qualsight.com\/es\/wp-json\/wp\/v2\/users\/1"}],"replies":[{"embeddable":true,"href":"https:\/\/www.qualsight.com\/es\/wp-json\/wp\/v2\/comments?post=3695"}],"version-history":[{"count":2,"href":"https:\/\/www.qualsight.com\/es\/wp-json\/wp\/v2\/pages\/3695\/revisions"}],"predecessor-version":[{"id":4859,"href":"https:\/\/www.qualsight.com\/es\/wp-json\/wp\/v2\/pages\/3695\/revisions\/4859"}],"up":[{"embeddable":true,"href":"https:\/\/www.qualsight.com\/es\/wp-json\/wp\/v2\/pages\/2810"}],"wp:attachment":[{"href":"https:\/\/www.qualsight.com\/es\/wp-json\/wp\/v2\/media?parent=3695"}],"curies":[{"name":"wp","href":"https:\/\/api.w.org\/{rel}","templated":true}]}}