{"id":3697,"date":"2024-11-07T14:10:57","date_gmt":"2024-11-07T22:10:57","guid":{"rendered":"https:\/\/www.qualsight.com\/coste-del-lasik\/cubre-el-seguro-el-lasik\/"},"modified":"2024-12-30T11:31:17","modified_gmt":"2024-12-30T19:31:17","slug":"cubre-el-seguro-el-lasik","status":"publish","type":"page","link":"https:\/\/www.qualsight.com\/es\/coste-del-lasik\/cubre-el-seguro-el-lasik\/","title":{"rendered":"\u00bfCubre el seguro el LASIK?"},"content":{"rendered":"\n<p class=\"is-style-intro-text\">La mayor\u00eda de los grandes seguros m\u00e9dicos y planes de visi\u00f3n no suelen cubrir la cirug\u00eda ocular LASIK. El LASIK se considera un procedimiento cosm\u00e9tico y la cobertura del seguro variar\u00e1 en funci\u00f3n de si se reservan primas mensuales para cubrir el procedimiento. <\/p>\n\n<p>Hoy en d\u00eda, normalmente los \u00fanicos planes de seguro que cubren la cirug\u00eda ocular LASIK son los grandes sindicatos especializados que dedican mensualmente el dinero de la prima al fondo del seguro. Sin embargo, debido a que el LASIK es la cirug\u00eda electiva m\u00e1s popular, la mayor\u00eda de los planes ofrecen un <a href=\"https:\/\/www.qualsight.com\/press\">programa LASIK de valor a\u00f1adido<\/a> o un programa de descuento.   <\/p>\n\n<p>Muchos de nuestros afiliados preguntan <strong>: \u00ab\u00bfCubre el seguro el LASIK?\u00bb.<\/strong> En QualSight comprobaremos lo que ofrece tu <a href=\"https:\/\/www.qualsight.com\/does-united-healthcare-cover-lasik\">seguro<\/a> y te ofreceremos los mejores precios de cirug\u00eda LASIK sin cobertura de seguro con nuestros m\u00e9dicos. Nuestros afiliados ahorran mucho dinero en comparaci\u00f3n con el <a href=\"https:\/\/www.qualsight.com\/cost-of-lasik-surgery\">coste medio nacional de la cirug\u00eda ocular LASIK<\/a>. Nuestros gestores de atenci\u00f3n especializada te explicar\u00e1n los tipos de procedimientos y los costes para que puedas comprender las diferencias entre los procedimientos de cirug\u00eda ocular LASIK.  <\/p>\n\n<figure class=\"wp-block-image aligncenter size-full\"><img decoding=\"async\" width=\"647\" height=\"573\" src=\"https:\/\/www.qualsight.com\/wp-content\/uploads\/2024\/11\/LASIK-Avereage-Cost-2021_0.png\" alt=\"\" class=\"wp-image-1163\" srcset=\"https:\/\/www.qualsight.com\/wp-content\/uploads\/2024\/11\/LASIK-Avereage-Cost-2021_0.png 647w, https:\/\/www.qualsight.com\/wp-content\/uploads\/2024\/11\/LASIK-Avereage-Cost-2021_0-600x531.png 600w\" sizes=\"(max-width: 647px) 100vw, 647px\" \/><\/figure>\n\n<h2 class=\"wp-block-heading\">Cobertura del seguro LASIK y cuentas de gastos flexibles<\/h2>\n\n<p>Con <a href=\"https:\/\/www.qualsight.com\/lasik-flexible-spending-accounts\">los programas LASIK FSA<\/a> respaldados por el seguro, es posible que puedas costearte toda la intervenci\u00f3n LASIK utilizando \u00fanicamente la cobertura de tu seguro Flex Spending Account. Como contratamos con nuestros m\u00e9dicos un ahorro de entre el 40% y el 50% sobre la media nacional del LASIK Tradicional, a menudo nuestros precios fijos son lo suficientemente bajos como para que los cubra por completo tu cuenta de gastos antes de impuestos elegible para el seguro. Dependiendo de tu nivel impositivo, puedes ahorrarte hasta un 30% o m\u00e1s en impuestos. Debido a la nueva normativa federal sobre asistencia sanitaria, en 2015 el m\u00e1ximo que podr\u00e1s ingresar en tu cuenta de gastos flexible ser\u00e1 de 2.550 $.   <\/p>\n\n<p>A menudo, nuestros afiliados pagan menos y les queda dinero para otros servicios y procedimientos cubiertos por la cuenta de gastos flexibles. Llama a uno de nuestros Gestores Sanitarios para que pueda informarte del coste exacto de tu intervenci\u00f3n antes de acudir a tu examen gratuito y discutir la forma m\u00e1s eficaz de utilizar tu cuenta de gastos flexibles o tu cuenta de ahorros sanitarios para pagar el LASIK cubierto por el seguro. Recuerda que el 20-30% de las personas que desean someterse a una intervenci\u00f3n LASIK no pueden hacerlo. Antes de reservar el dinero del seguro de la FSA para LASIK, debes someterte a un <a href=\"https:\/\/www.qualsight.com\/request-appointment\">examen LASIK<\/a> gratuito para asegurarte de que eres un <a href=\"https:\/\/www.qualsight.com\/best-lasik-eye-surgery-candidates\">candidato potencial para LASIK<\/a>.     <\/p>\n\n<div class=\"wp-block-buttons is-layout-flex wp-block-buttons-is-layout-flex\"><div class=\"wp-block-button\"><a class=\"wp-block-button__link wp-element-button\" href=\"\/es\/localizaciones\/\" target=\"_self\">Consulta Gratis<\/a><\/div><\/div>\n\n<h2 class=\"wp-block-heading\"><strong>Datos importantes sobre los precios del LASIK<\/strong><\/h2>\n\n<p class=\"is-style-intro-text\">Aunque la mayor\u00eda de los seguros no cubren el coste de la cirug\u00eda LASIK, \u00a1cuidado con los precios enga\u00f1osos! A menudo, un coste de LASIK extremadamente bajo, de 399 o 695 d\u00f3lares por ojo, aumenta significativamente en funci\u00f3n de tu graduaci\u00f3n o astigmatismo. El bajo coste del LASIK de QualSight nunca aumenta en funci\u00f3n de tu graduaci\u00f3n o astigmatismo.  <\/p>\n\n<p>Muchos m\u00e9dicos especialistas en LASIK s\u00f3lo realizan un tipo de cirug\u00eda ocular LASIK a la tarifa m\u00e1s cara. Nuestra red de m\u00e1s de 800 centros cuenta con m\u00e9dicos de calidad que ofrecen colectivamente todas las tecnolog\u00edas aprobadas por la FDA, lo que permite una gama de precios m\u00e1s amplia para ajustarse a tu presupuesto. Adem\u00e1s, tu optometrista local puede recibir parte de tus honorarios de cirug\u00eda ocular LASIK por remitirte a un cirujano LASIK local. Esta tarifa cogestionada (a\u00f1adida) suele repercutirse en ti en forma de precios m\u00e1s elevados. Nuestro precio es fijo, independientemente de que intervenga un optometrista en tu tratamiento LASIK.    <\/p>\n\n<h2 class=\"wp-block-heading\"><strong>QualSight ofrece los mejores precios LASIK<\/strong><\/h2>\n\n<p>QualSight se compromete a ofrecer a nuestros clientes de seguros y grandes empresas (UnitedHealthcare, BlueCross BlueShield, Humana, Davis Vision, Superior Vision, Aetna, Avesis, Advantica y Harvard Pilgrim) un servicio de atenci\u00f3n al cliente superior. Aunque el desembolso inicial del LASIK es caro, suele ser una tarifa \u00fanica y <a href=\"https:\/\/www.qualsight.com\/lasik-savings\">, con el tiempo, el LASIK ahorrar\u00e1 dinero a los pacientes<\/a>. Nuestros mejores precios LASIK no aumentan en funci\u00f3n de tu graduaci\u00f3n o astigmatismo.    <\/p>\n<section \n    class=\"blocks block-quicklinks align \" \n    id=\"block_meta_6730fb6f71e60\" \n    style=\" \"\n>\n    <h3>Ver tambi\u00e9n<\/h3>\n    <ul>\n                    <li>\n                <a href=\"https:\/\/www.qualsight.com\/es\/tipos-de-cirugia-laser-ocular\/\" target=\"_self\">\n                    Tipos de cirug\u00eda l\u00e1ser ocular                <\/a>\n            <\/li>\n                    <li>\n                <a href=\"https:\/\/www.qualsight.com\/es\/coste-del-lasik\/\" target=\"_self\">\n                    Coste del LASIK                <\/a>\n            <\/li>\n                    <li>\n                <a href=\"https:\/\/www.qualsight.com\/es\/coste-del-lasik\/cuanto-cuesta-el-lasik\/\" target=\"_self\">\n                    \u00bfCu\u00e1nto cuesta el LASIK?                <\/a>\n            <\/li>\n                    <li>\n                <a href=\"https:\/\/www.qualsight.com\/es\/cuentas-de-gastos-flexibles\/\" target=\"_self\">\n                    Cuentas de gastos flexibles                <\/a>\n            <\/li>\n                    <li>\n                <a href=\"https:\/\/www.qualsight.com\/es\/riesgos-y-recuperacion-del-lasik\/\" target=\"_self\">\n                    Riesgos y recuperaci\u00f3n del LASIK                <\/a>\n            <\/li>\n                    <li>\n                <a href=\"https:\/\/www.qualsight.com\/es\/tiempo-de-recuperacion-del-lasik\/\" target=\"_self\">\n                    Tiempo de recuperaci\u00f3n del LASIK                <\/a>\n            <\/li>\n            <\/ul>    \n<\/section>\n","protected":false},"excerpt":{"rendered":"<p>La mayor\u00eda de los grandes seguros m\u00e9dicos y planes de visi\u00f3n no suelen cubrir la cirug\u00eda ocular LASIK. El LASIK se considera un procedimiento cosm\u00e9tico y la cobertura del seguro variar\u00e1 en funci\u00f3n de si se reservan primas mensuales para cubrir el procedimiento. Hoy en d\u00eda, normalmente los \u00fanicos planes de seguro que cubren la [&hellip;]<\/p>\n","protected":false},"author":1,"featured_media":0,"parent":2810,"menu_order":0,"comment_status":"closed","ping_status":"closed","template":"","meta":{"_acf_changed":false,"footnotes":""},"class_list":["post-3697","page","type-page","status-publish","hentry"],"acf":[],"_links":{"self":[{"href":"https:\/\/www.qualsight.com\/es\/wp-json\/wp\/v2\/pages\/3697","targetHints":{"allow":["GET"]}}],"collection":[{"href":"https:\/\/www.qualsight.com\/es\/wp-json\/wp\/v2\/pages"}],"about":[{"href":"https:\/\/www.qualsight.com\/es\/wp-json\/wp\/v2\/types\/page"}],"author":[{"embeddable":true,"href":"https:\/\/www.qualsight.com\/es\/wp-json\/wp\/v2\/users\/1"}],"replies":[{"embeddable":true,"href":"https:\/\/www.qualsight.com\/es\/wp-json\/wp\/v2\/comments?post=3697"}],"version-history":[{"count":1,"href":"https:\/\/www.qualsight.com\/es\/wp-json\/wp\/v2\/pages\/3697\/revisions"}],"predecessor-version":[{"id":3698,"href":"https:\/\/www.qualsight.com\/es\/wp-json\/wp\/v2\/pages\/3697\/revisions\/3698"}],"up":[{"embeddable":true,"href":"https:\/\/www.qualsight.com\/es\/wp-json\/wp\/v2\/pages\/2810"}],"wp:attachment":[{"href":"https:\/\/www.qualsight.com\/es\/wp-json\/wp\/v2\/media?parent=3697"}],"curies":[{"name":"wp","href":"https:\/\/api.w.org\/{rel}","templated":true}]}}