{"id":3699,"date":"2024-11-07T14:10:10","date_gmt":"2024-11-07T22:10:10","guid":{"rendered":"https:\/\/www.qualsight.com\/coste-del-lasik\/precio-medio-de-lasik\/"},"modified":"2024-12-30T11:31:17","modified_gmt":"2024-12-30T19:31:17","slug":"precio-medio-de-lasik","status":"publish","type":"page","link":"https:\/\/www.qualsight.com\/es\/coste-del-lasik\/precio-medio-de-lasik\/","title":{"rendered":"Precio medio de LASIK"},"content":{"rendered":"\n<h2 class=\"wp-block-heading\"><strong>La cirug\u00eda LASIK tiene un precio diferente para cada ojo<\/strong><\/h2>\n\n<p>El precio de la cirug\u00eda ocular LASIK es uno de los muchos factores que tendr\u00e1s en cuenta antes de someterte a una correcci\u00f3n visual con l\u00e1ser. Ten en cuenta algunos hechos a la hora de determinar si los precios de la cirug\u00eda ocular LASIK son asequibles para ti y ten en cuenta que el coste de la cirug\u00eda LASIK var\u00eda seg\u00fan el tipo de procedimiento. <\/p>\n\n<p>El coste de la cirug\u00eda ocular LASIK var\u00eda significativamente seg\u00fan el tipo de procedimiento LASIK y la regi\u00f3n del pa\u00eds. Los precios medios nacionales de la cirug\u00eda LASIK oscilan entre algo menos de 1.000 $ por ojo hasta 3.300 $ por ojo, en funci\u00f3n de la tecnolog\u00eda utilizada, la experiencia del cirujano y las promociones. Cada ojo cuenta como un procedimiento LASIK individual y es importante recordar que cada procedimiento tiene su propio precio. Si te sometes a cirug\u00eda ocular LASIK en ambos ojos, pagar\u00e1s por dos intervenciones distintas.   <\/p>\n\n<p>  El factor que m\u00e1s influir\u00e1 en el precio del LASIK ser\u00e1 el tipo de tecnolog\u00eda utilizada durante la intervenci\u00f3n. Utilizar las tecnolog\u00edas m\u00e1s recientes y avanzadas aprobadas por la FDA tendr\u00e1 probablemente un coste m\u00e1s elevado. Los procedimientos IntraLase y Wavefront son avances recientes en la correcci\u00f3n de la visi\u00f3n con l\u00e1ser, por lo que personalizar tu procedimiento LASIK con cualquiera de estas tecnolog\u00edas tendr\u00e1 un precio LASIK m\u00e1s elevado.  <\/p>\n\n<div class=\"wp-block-buttons is-layout-flex wp-block-buttons-is-layout-flex\"><div class=\"wp-block-button\"><a class=\"wp-block-button__link wp-element-button\" href=\"\/es\/localizaciones\/\" target=\"_self\">Consulta Gratis<\/a><\/div><\/div>\n\n<h2 class=\"wp-block-heading\"><strong>Precios del LASIK definidos por procedimiento<\/strong><\/h2>\n\n<p>Hay distintos procedimientos LASIK aprobados por la FDA y es necesario investigar para saber qu\u00e9 tipo te ofrecen.<\/p>\n\n<ul class=\"wp-block-list\">\n<li>El LASIK <a href=\"https:\/\/www.qualsight.com\/lasik\">tradicional<\/a>, tambi\u00e9n conocido como convencional o est\u00e1ndar, es el procedimiento m\u00e1s barato. El coste medio nacional es de 1.649 $ por ojo*, sin embargo el precio de QualSight es inferior a 1.000 $.<\/li>\n\n\n\n<li><a href=\"https:\/\/www.qualsight.com\/custom-wavefront-lasik-procedure\">Wavefront personalizado <\/a>: suele a\u00f1adir varios cientos de d\u00f3lares al precio. El coste medio nacional general es de 2.436 $ por ojo*, pero el precio de QualSight es inferior a 1.795 $. <\/li>\n\n\n\n<li><a href=\"https:\/\/www.qualsight.com\/intralase-lasik\">El LASIK sin bistur\u00ed \u00abtodo l\u00e1ser\u00bb<\/a>, tambi\u00e9n conocido como IntraLase, Ziemer o I-LASIK, utiliza un l\u00e1ser de femtosegundo adicional que suele a\u00f1adir varios cientos de d\u00f3lares de coste, por lo que suele ser el procedimiento m\u00e1s caro. Bladeless est\u00e1 disponible en tecnolog\u00eda de frente de onda tradicional o personalizada<\/li>\n\n\n\n<li><a href=\"https:\/\/www.qualsight.com\/prk-corrective-procedure\">PRK<\/a>: tambi\u00e9n es un procedimiento sin bistur\u00ed y est\u00e1 disponible en tecnolog\u00eda tradicional o personalizada. El precio de la PRK var\u00eda seg\u00fan el proveedor<\/li>\n\n\n\n<li><a href=\"https:\/\/www.qualsight.com\/lasik\">Con cuchilla<\/a>: utiliza un instrumento microqueratomo y est\u00e1 disponible en tecnolog\u00eda personalizada o tradicional. Suele costar varios cientos de d\u00f3lares menos que el Bladeless<\/li>\n\n\n\n<li><a href=\"https:\/\/www.qualsight.com\/lasik-retreatment-plans\">Planes de garant\u00eda, retratamiento o aseguramiento<\/a>: los m\u00e9dicos suelen ofrecer un plan de un a\u00f1o o un plan condicional de por vida. 3%-5% de los pacientes necesitar\u00e1n un retratamiento   <\/li>\n<\/ul>\n\n<div class=\"wp-block-buttons is-layout-flex wp-block-buttons-is-layout-flex\"><div class=\"wp-block-button\"><a class=\"wp-block-button__link wp-element-button\" href=\"\/es\/localizaciones\/\" target=\"_self\">Consulta Gratis<\/a><\/div><\/div>\n\n<h2 class=\"wp-block-heading\"><strong>Los precios de la cirug\u00eda LASIK var\u00edan considerablemente seg\u00fan el proveedor y la publicidad enga\u00f1osa<\/strong><\/h2>\n\n<p>Los precios del LASIK pueden parecer caros, por lo que resulta tentador buscar en Internet precios m\u00e1s bajos. Sin embargo, ten cuidado con los costes extremadamente bajos o los precios de \u00abganga\u00bb de los anuncios. En casi todos los casos, el seguro no cubrir\u00e1 el coste de una intervenci\u00f3n LASIK, por lo que puede ser tentador responder a anuncios de precios bajos e irreales. Muchos centros y consultas de LASIK atraen a los pacientes con la promesa de una intervenci\u00f3n LASIK barata y luego a\u00f1aden importantes tasas y cargos adicionales al precio final de la intervenci\u00f3n de cirug\u00eda ocular con l\u00e1ser. Cuando hables del precio del LASIK con tu cirujano, aseg\u00farate de que el precio anunciado incluye todos los aspectos de la intervenci\u00f3n, incluidas todas las citas postoperatorias de seguimiento.    <\/p>\n<section \n    class=\"blocks block-quicklinks align \" \n    id=\"block_meta_6730f4673e9fb\" \n    style=\" \"\n>\n    <h3>Ver tambi\u00e9n<\/h3>\n    <ul>\n                    <li>\n                <a href=\"https:\/\/www.qualsight.com\/es\/que-es-el-lasik\/\" target=\"_self\">\n                    \u00bfQu\u00e9 es el LASIK?                <\/a>\n            <\/li>\n                    <li>\n                <a href=\"https:\/\/www.qualsight.com\/es\/tipos-de-cirugia-laser-ocular\/\" target=\"_self\">\n                    Tipos de cirug\u00eda l\u00e1ser ocular                <\/a>\n            <\/li>\n                    <li>\n                <a href=\"https:\/\/www.qualsight.com\/es\/coste-del-lasik\/cubre-el-seguro-el-lasik\/\" target=\"_self\">\n                    \u00bfCubre el seguro el LASIK?                <\/a>\n            <\/li>\n                    <li>\n                <a href=\"https:\/\/www.qualsight.com\/es\/coste-del-lasik\/cuanto-cuesta-el-lasik\/\" target=\"_self\">\n                    \u00bfCu\u00e1nto cuesta el LASIK?                <\/a>\n            <\/li>\n                    <li>\n                <a href=\"https:\/\/www.qualsight.com\/es\/cuentas-de-gastos-flexibles\/\" target=\"_self\">\n                    Cuentas de gastos flexibles                <\/a>\n            <\/li>\n            <\/ul>    \n<\/section>\n","protected":false},"excerpt":{"rendered":"<p>La cirug\u00eda LASIK tiene un precio diferente para cada ojo El precio de la cirug\u00eda ocular LASIK es uno de los muchos factores que tendr\u00e1s en cuenta antes de someterte a una correcci\u00f3n visual con l\u00e1ser. Ten en cuenta algunos hechos a la hora de determinar si los precios de la cirug\u00eda ocular LASIK son [&hellip;]<\/p>\n","protected":false},"author":1,"featured_media":0,"parent":2810,"menu_order":0,"comment_status":"closed","ping_status":"closed","template":"","meta":{"_acf_changed":false,"footnotes":""},"class_list":["post-3699","page","type-page","status-publish","hentry"],"acf":[],"_links":{"self":[{"href":"https:\/\/www.qualsight.com\/es\/wp-json\/wp\/v2\/pages\/3699","targetHints":{"allow":["GET"]}}],"collection":[{"href":"https:\/\/www.qualsight.com\/es\/wp-json\/wp\/v2\/pages"}],"about":[{"href":"https:\/\/www.qualsight.com\/es\/wp-json\/wp\/v2\/types\/page"}],"author":[{"embeddable":true,"href":"https:\/\/www.qualsight.com\/es\/wp-json\/wp\/v2\/users\/1"}],"replies":[{"embeddable":true,"href":"https:\/\/www.qualsight.com\/es\/wp-json\/wp\/v2\/comments?post=3699"}],"version-history":[{"count":2,"href":"https:\/\/www.qualsight.com\/es\/wp-json\/wp\/v2\/pages\/3699\/revisions"}],"predecessor-version":[{"id":4860,"href":"https:\/\/www.qualsight.com\/es\/wp-json\/wp\/v2\/pages\/3699\/revisions\/4860"}],"up":[{"embeddable":true,"href":"https:\/\/www.qualsight.com\/es\/wp-json\/wp\/v2\/pages\/2810"}],"wp:attachment":[{"href":"https:\/\/www.qualsight.com\/es\/wp-json\/wp\/v2\/media?parent=3699"}],"curies":[{"name":"wp","href":"https:\/\/api.w.org\/{rel}","templated":true}]}}