{"id":3701,"date":"2024-11-07T14:08:41","date_gmt":"2024-11-07T22:08:41","guid":{"rendered":"https:\/\/www.qualsight.com\/glosario\/"},"modified":"2024-12-30T11:31:17","modified_gmt":"2024-12-30T19:31:17","slug":"glosario","status":"publish","type":"page","link":"https:\/\/www.qualsight.com\/es\/glosario\/","title":{"rendered":"Glosario"},"content":{"rendered":"\n<h3 class=\"wp-block-heading has-shade-background-color has-background\" style=\"padding-top:5px;padding-right:10px;padding-bottom:5px;padding-left:10px\">A<\/h3>\n\n<h5 class=\"wp-block-heading\">Ablata<\/h5>\n\n<p>en cirug\u00eda, es extirpar.<\/p>\n\n<h5 class=\"wp-block-heading\">Zona de ablaci\u00f3n<\/h5>\n\n<p>la zona de tejido que se extirpa durante la cirug\u00eda l\u00e1ser.<\/p>\n\n<h5 class=\"wp-block-heading\">Alojamiento<\/h5>\n\n<p>la capacidad del ojo para cambiar su enfoque de objetos lejanos a objetos cercanos.<\/p>\n\n<h5 class=\"wp-block-heading\">Agudeza<\/h5>\n\n<p>claridad o agudeza de visi\u00f3n.<\/p>\n\n<h5 class=\"wp-block-heading\">Astigmatismo<\/h5>\n\n<p>Una distorsi\u00f3n de la imagen en la retina causada por irregularidades en la c\u00f3rnea o el cristalino.<\/p>\n\n<h3 class=\"wp-block-heading has-shade-background-color has-background\" style=\"padding-top:5px;padding-right:10px;padding-bottom:5px;padding-left:10px\">C<\/h3>\n\n<h5 class=\"wp-block-heading\">LASIK convencional<\/h5>\n\n<p>otro t\u00e9rmino para LASIK que se refiere a crear un colgajo en la c\u00f3rnea con un microqueratomo y utilizar un l\u00e1ser para remodelar la c\u00f3rnea subyacente.<\/p>\n\n<h5 class=\"wp-block-heading\">C\u00f3rnea<\/h5>\n\n<p>la parte anterior y transparente del ojo. La c\u00f3rnea es la primera parte del ojo que curva (o refracta) la luz y proporciona la mayor parte del poder de enfoque. <\/p>\n\n<h5 class=\"wp-block-heading\">Personalizado<\/h5>\n\n<p>El LASIK personalizado, tambi\u00e9n conocido como LASIK WaveFront o LASIK guiado por WaveFront, utiliza mediciones tridimensionales del modo en que tu ojo procesa las im\u00e1genes para guiar al l\u00e1ser en la remodelaci\u00f3n de la parte frontal del ojo (c\u00f3rnea).<\/p>\n\n<h3 class=\"wp-block-heading has-shade-background-color has-background\" style=\"padding-top:5px;padding-right:10px;padding-bottom:5px;padding-left:10px\">D<\/h3>\n\n<h5 class=\"wp-block-heading\">Dioptr\u00edas<\/h5>\n\n<p>la medida del error refractivo. Un valor negativo de dioptr\u00edas significa un ojo con miop\u00eda y un valor positivo de dioptr\u00edas significa un ojo con hipermetrop\u00eda. <\/p>\n\n<h5 class=\"wp-block-heading\">S\u00edndrome del ojo seco<\/h5>\n\n<p>afecci\u00f3n frecuente que se produce cuando los ojos no producen suficientes l\u00e1grimas para mantener el ojo h\u00famedo y confortable. Los s\u00edntomas habituales del ojo seco son dolor, escozor, ardor, picaz\u00f3n y visi\u00f3n borrosa intermitente. <\/p>\n\n<h3 class=\"wp-block-heading has-shade-background-color has-background\" style=\"padding-top:5px;padding-right:10px;padding-bottom:5px;padding-left:10px\">E<\/h3>\n\n<h5 class=\"wp-block-heading\">Epitelio<\/h5>\n\n<p>la capa m\u00e1s externa de c\u00e9lulas de la c\u00f3rnea y la primera defensa del ojo contra las infecciones.<\/p>\n\n<h5 class=\"wp-block-heading\">L\u00e1ser de exc\u00edmero<\/h5>\n\n<p>l\u00e1ser ultravioleta utilizado en cirug\u00eda refractiva para eliminar tejido corneal.<\/p>\n\n<h3 class=\"wp-block-heading has-shade-background-color has-background\" style=\"padding-top:5px;padding-right:10px;padding-bottom:5px;padding-left:10px\">F<\/h3>\n\n<h5 class=\"wp-block-heading\">Hipermetrop\u00eda<\/h5>\n\n<p>t\u00e9rmino com\u00fan para la hipermetrop\u00eda.<\/p>\n\n<h5 class=\"wp-block-heading\">FDA<\/h5>\n\n<p>abreviatura de la Administraci\u00f3n de Alimentos y Medicamentos. Es la agencia gubernamental estadounidense responsable de la evaluaci\u00f3n y aprobaci\u00f3n de los productos sanitarios. <\/p>\n\n<h3 class=\"wp-block-heading has-shade-background-color has-background\" style=\"padding-top:5px;padding-right:10px;padding-bottom:5px;padding-left:10px\">G<\/h3>\n\n<h5 class=\"wp-block-heading\">Imagen fantasma<\/h5>\n\n<p>una segunda imagen m\u00e1s tenue del objeto que est\u00e1s viendo.<\/p>\n\n<h5 class=\"wp-block-heading\">Resplandor<\/h5>\n\n<p>dispersi\u00f3n de la luz brillante que disminuye la visi\u00f3n.<\/p>\n\n<h3 class=\"wp-block-heading has-shade-background-color has-background\" style=\"padding-top:5px;padding-right:10px;padding-bottom:5px;padding-left:10px\">H<\/h3>\n\n<h5 class=\"wp-block-heading\">Halos<\/h5>\n\n<p>son anillos alrededor de las luces debidos a imperfecciones \u00f3pticas dentro o delante del ojo.<\/p>\n\n<h5 class=\"wp-block-heading\">Haze<\/h5>\n\n<p>Opacidad corneal que provoca la sensaci\u00f3n de mirar a trav\u00e9s de humo o niebla.<\/p>\n\n<h5 class=\"wp-block-heading\">Aberraciones de alto orden<\/h5>\n\n<p>Vicios de refracci\u00f3n, distintos de la miop\u00eda, la hipermetrop\u00eda y el astigmatismo, que no pueden corregirse con gafas o lentes de contacto.<\/p>\n\n<h5 class=\"wp-block-heading\">Hipermetrop\u00eda<\/h5>\n\n<p>la incapacidad de ver los objetos cercanos con la misma claridad que los lejanos, y la necesidad de acomodaci\u00f3n para ver con claridad los objetos lejanos<\/p>\n\n<h3 class=\"wp-block-heading has-shade-background-color has-background\" style=\"padding-top:5px;padding-right:10px;padding-bottom:5px;padding-left:10px\">I<\/h3>\n\n<h5 class=\"wp-block-heading\">Inflamaci\u00f3n<\/h5>\n\n<p>reacci\u00f3n del organismo ante un traumatismo, una infecci\u00f3n o una sustancia extra\u00f1a, a menudo asociada a dolor, calor, enrojecimiento, hinchaz\u00f3n y\/o p\u00e9rdida de funci\u00f3n.<\/p>\n\n<h5 class=\"wp-block-heading\">Formulario de consentimiento informado<\/h5>\n\n<p>un documento en el que se dan a conocer los riesgos, beneficios y alternativas de un procedimiento.<\/p>\n\n<h5 class=\"wp-block-heading\">IntraLase<\/h5>\n\n<p>IntraLase es el fabricante de un l\u00e1ser de femtosegundo que se utiliza para crear un colgajo LASIK y otras incisiones precisas en la c\u00f3rnea.<\/p>\n\n<h5 class=\"wp-block-heading\">IntraLASIK<\/h5>\n\n<p>LASIK en el que el colgajo corneal se crea con un l\u00e1ser de femtosegundo en lugar de con un microqueratomo mec\u00e1nico.<\/p>\n\n<h5 class=\"wp-block-heading\">In situ<\/h5>\n\n<p>t\u00e9rmino latino que significa \u00aben su sitio\u00bb o no retirado.<\/p>\n\n<h5 class=\"wp-block-heading\">LIO<\/h5>\n\n<p>acr\u00f3nimo de Lente Intraocular, una LIO es una lente artificial de silicona o pl\u00e1stico que se utiliza para sustituir al cristalino natural del ojo. Las LIO se utilizan en la cirug\u00eda de cataratas, la implantaci\u00f3n de lentes intraoculares f\u00e1quicas (LIO-P) o el intercambio de lentes transparentes. <\/p>\n\n<h5 class=\"wp-block-heading\">Iris<\/h5>\n\n<p>anillo coloreado de tejido suspendido detr\u00e1s de la c\u00f3rnea e inmediatamente delante del cristalino.<\/p>\n\n<h3 class=\"wp-block-heading has-shade-background-color has-background\" style=\"padding-top:5px;padding-right:10px;padding-bottom:5px;padding-left:10px\">K<\/h3>\n\n<h5 class=\"wp-block-heading\">Queratectom\u00eda<\/h5>\n\n<p>la extirpaci\u00f3n quir\u00fargica del tejido corneal.<\/p>\n\n<h5 class=\"wp-block-heading\">Queratotom\u00eda<\/h5>\n\n<p>una incisi\u00f3n quir\u00fargica (corte) de la c\u00f3rnea.<\/p>\n\n<h5 class=\"wp-block-heading\">Queratitis<\/h5>\n\n<p>inflamaci\u00f3n de la c\u00f3rnea.<\/p>\n\n<h5 class=\"wp-block-heading\">Kerato<\/h5>\n\n<p>prefijo que indica la relaci\u00f3n con la c\u00f3rnea.<\/p>\n\n<h5 class=\"wp-block-heading\">Queratocono<\/h5>\n\n<p>trastorno caracterizado por una superficie corneal irregular (en forma de cono) que provoca im\u00e1genes borrosas y distorsionadas.<\/p>\n\n<h5 class=\"wp-block-heading\">Queratomileusis<\/h5>\n\n<p>tallado de la c\u00f3rnea para remodelarla.<\/p>\n\n<h3 class=\"wp-block-heading has-shade-background-color has-background\" style=\"padding-top:5px;padding-right:10px;padding-bottom:5px;padding-left:10px\">L<\/h3>\n\n<h5 class=\"wp-block-heading\">LASEK<\/h5>\n\n<p>La LASEK es similar a la PRK en que se elimina la capa superior de la c\u00f3rnea y no se corta ning\u00fan colgajo. La diferencia entre la LASEK y la PRK es que la capa superior de la c\u00f3rnea se elimina con l\u00e1ser, en lugar de rasparla, como en la PRK. <\/p>\n\n<h5 class=\"wp-block-heading\">L\u00e1ser<\/h5>\n\n<p>acr\u00f3nimo de amplificaci\u00f3n de la luz por emisi\u00f3n estimulada de radiaci\u00f3n. Un l\u00e1ser es un instrumento que produce un potente haz de luz que puede vaporizar tejidos. <\/p>\n\n<h5 class=\"wp-block-heading\">Correcci\u00f3n de la Visi\u00f3n con L\u00e1ser<\/h5>\n\n<p>un t\u00e9rmino gen\u00e9rico para cualquiera de las variaciones del procedimiento <a href=\"https:\/\/www.qualsight.com\/lasik-eye-surgery\">LASIK<\/a>.<\/p>\n\n<h5 class=\"wp-block-heading\">Cirug\u00eda ocular LASIC<\/h5>\n\n<p>LASIC es un error ortogr\u00e1fico com\u00fan de LASIK, y no es un procedimiento distinto. No existe la \u00abCirug\u00eda Ocular LASIC\u00bb. <\/p>\n\n<h5 class=\"wp-block-heading\">LASIK<\/h5>\n\n<p>acr\u00f3nimo de queratomileusis in situ asistida por l\u00e1ser, que consiste en crear un colgajo en la c\u00f3rnea con un microqueratomo y utilizar un l\u00e1ser para remodelar la c\u00f3rnea subyacente.<\/p>\n\n<h5 class=\"wp-block-heading\">Lente<\/h5>\n\n<p>una parte del ojo que proporciona cierto poder de enfoque. El cristalino puede cambiar de forma, lo que permite al ojo enfocar a distintas distancias. <\/p>\n\n<h3 class=\"wp-block-heading has-shade-background-color has-background\" style=\"padding-top:5px;padding-right:10px;padding-bottom:5px;padding-left:10px\">M<\/h3>\n\n<h5 class=\"wp-block-heading\">Microqueratomo<\/h5>\n\n<p>Dispositivo quir\u00fargico que se fija al ojo mediante un anillo de vac\u00edo. Una vez fijado, una cuchilla muy afilada corta una capa de la c\u00f3rnea a una profundidad predeterminada. <\/p>\n\n<h5 class=\"wp-block-heading\">Monovisi\u00f3n<\/h5>\n\n<p>el ajuste intencionado de un ojo para la visi\u00f3n de cerca y el otro ojo para la visi\u00f3n de lejos.<\/p>\n\n<h5 class=\"wp-block-heading\">Miop\u00eda<\/h5>\n\n<p>Incapacidad de ver los objetos lejanos con la misma claridad que los cercanos.<\/p>\n\n<h3 class=\"wp-block-heading has-shade-background-color has-background\" style=\"padding-top:5px;padding-right:10px;padding-bottom:5px;padding-left:10px\">N<\/h3>\n\n<h5 class=\"wp-block-heading\">Miop\u00eda<\/h5>\n\n<p>t\u00e9rmino com\u00fan para la miop\u00eda.<\/p>\n\n<h3 class=\"wp-block-heading has-shade-background-color has-background\" style=\"padding-top:5px;padding-right:10px;padding-bottom:5px;padding-left:10px\">O<\/h3>\n\n<h5 class=\"wp-block-heading\">Oftalm\u00f3logo<\/h5>\n\n<p>m\u00e9dico especializado en el diagn\u00f3stico y tratamiento m\u00e9dico o quir\u00fargico de los trastornos visuales y las enfermedades oculares.<\/p>\n\n<h5 class=\"wp-block-heading\">\u00d3ptico<\/h5>\n\n<p>experto en el arte y la ciencia de fabricar y adaptar gafas y tambi\u00e9n puede dispensar lentes de contacto.<\/p>\n\n<h5 class=\"wp-block-heading\">Optometrista<\/h5>\n\n<p>m\u00e9dico de atenci\u00f3n primaria que diagnostica, controla y trata los trastornos del sistema visual y las enfermedades oculares.<\/p>\n\n<h5 class=\"wp-block-heading\">Sobrecorrecci\u00f3n<\/h5>\n\n<p>una complicaci\u00f3n de la cirug\u00eda refractiva en la que la cantidad de correcci\u00f3n conseguida es superior a la deseada.<\/p>\n\n<h3 class=\"wp-block-heading has-shade-background-color has-background\" style=\"padding-top:5px;padding-right:10px;padding-bottom:5px;padding-left:10px\">P<\/h3>\n\n<h5 class=\"wp-block-heading\">Paquimetr\u00eda<\/h5>\n\n<p>Medici\u00f3n del grosor de la c\u00f3rnea con ec\u00f3grafo. El objetivo de la medici\u00f3n es determinar el grosor de la c\u00f3rnea antes del tratamiento PRK o <a href=\"https:\/\/www.qualsight.com\/lasik-eye-surgery\">LASIK<\/a>, para no sobrepasar la profundidad m\u00e1xima de tratamiento. <\/p>\n\n<h5 class=\"wp-block-heading\">Cuidados postoperatorios<\/h5>\n\n<p>Los Cuidados Postoperatorios incluyen visitas de revisi\u00f3n al M\u00e9dico hasta un a\u00f1o despu\u00e9s de la fecha de la intervenci\u00f3n, seg\u00fan recomiende el m\u00e9dico que la practique. Los Cuidados Postoperatorios suelen incluir lo siguiente: un examen 1 d\u00eda despu\u00e9s de la operaci\u00f3n, 1 semana, 1 mes y 3 meses (seg\u00fan recomiende el m\u00e9dico). <\/p>\n\n<h5 class=\"wp-block-heading\">PRK<\/h5>\n\n<p>acr\u00f3nimo de queratectom\u00eda fotorrefractiva, que es un procedimiento que consiste en eliminar la capa superficial de la c\u00f3rnea (epitelio) mediante un raspado suave y utilizar un l\u00e1ser excimer controlado por ordenador para remodelar el estroma.<\/p>\n\n<h5 class=\"wp-block-heading\">Cuidados preoperatorios<\/h5>\n\n<p>Los cuidados preoperatorios son la preparaci\u00f3n del paciente antes de la intervenci\u00f3n quir\u00fargica. Incluye la consulta y evaluaci\u00f3n de la c\u00f3rnea del paciente por el m\u00e9dico antes de la intervenci\u00f3n. <\/p>\n\n<h5 class=\"wp-block-heading\">Presbicia<\/h5>\n\n<p>la incapacidad de mantener una imagen n\u00edtida (enfoque) a medida que se acercan los objetos.<\/p>\n\n<h5 class=\"wp-block-heading\">Presbicia<\/h5>\n\n<p>se debe a la menor elasticidad del cristalino con la edad.<\/p>\n\n<h5 class=\"wp-block-heading\">Alumno<\/h5>\n\n<p>un orificio en el centro del iris que cambia de tama\u00f1o en respuesta a los cambios de iluminaci\u00f3n. Aumenta de tama\u00f1o en condiciones de poca luz y disminuye en condiciones de mucha luz. <\/p>\n\n<h3 class=\"wp-block-heading has-shade-background-color has-background\" style=\"padding-top:5px;padding-right:10px;padding-bottom:5px;padding-left:10px\">R<\/h3>\n\n<h5 class=\"wp-block-heading\">Queratotom\u00eda radial<\/h5>\n\n<p>com\u00fanmente denominada RK; procedimiento quir\u00fargico destinado a corregir la miop\u00eda (visi\u00f3n corta) aplanando la c\u00f3rnea mediante cortes radiales.<\/p>\n\n<h5 class=\"wp-block-heading\">Refracci\u00f3n<\/h5>\n\n<p>prueba para determinar el poder de refracci\u00f3n del ojo; tambi\u00e9n, la curvatura de la luz al pasar de un medio a otro.<\/p>\n\n<h5 class=\"wp-block-heading\">Errores refractivos<\/h5>\n\n<p>imperfecciones en el poder de enfoque del ojo, por ejemplo, hipermetrop\u00eda, miop\u00eda y astigmatismo.<\/p>\n\n<h5 class=\"wp-block-heading\">Poder refractivo<\/h5>\n\n<p>la capacidad de un objeto, como el ojo, de curvar la luz cuando \u00e9sta lo atraviesa.<\/p>\n\n<h5 class=\"wp-block-heading\">Retina<\/h5>\n\n<p>una capa de fino tejido sensorial que recubre la pared interior del ojo. La retina act\u00faa como la pel\u00edcula de una c\u00e1mara para captar im\u00e1genes, transforma las im\u00e1genes en se\u00f1ales el\u00e9ctricas y env\u00eda las se\u00f1ales al cerebro. <\/p>\n\n<h3 class=\"wp-block-heading has-shade-background-color has-background\" style=\"padding-top:5px;padding-right:10px;padding-bottom:5px;padding-left:10px\">S<\/h3>\n\n<h5 class=\"wp-block-heading\">Escler\u00f3tica<\/h5>\n\n<p>la capa exterior dura y blanca (capa) del globo ocular que, junto con la c\u00f3rnea, protege el globo ocular.<\/p>\n\n<h5 class=\"wp-block-heading\">Tabla de agudeza visual de Snellen<\/h5>\n\n<p>una de las muchas tablas utilizadas para medir la visi\u00f3n.<\/p>\n\n<h5 class=\"wp-block-heading\">LASIK est\u00e1ndar<\/h5>\n\n<p>otro t\u00e9rmino para LASIK que se refiere a crear un colgajo en la c\u00f3rnea con un microqueratomo y utilizar un l\u00e1ser para remodelar la c\u00f3rnea subyacente.<\/p>\n\n<h5 class=\"wp-block-heading\">Estroma<\/h5>\n\n<p>la capa media y m\u00e1s gruesa de tejido de la c\u00f3rnea.<\/p>\n\n<h3 class=\"wp-block-heading has-shade-background-color has-background\" style=\"padding-top:5px;padding-right:10px;padding-bottom:5px;padding-left:10px\">T<\/h3>\n\n<h5 class=\"wp-block-heading\">LASIK tradicional<\/h5>\n\n<p>otro t\u00e9rmino para <a href=\"https:\/\/www.qualsight.com\/lasik-eye-surgery\">LASIK<\/a> que se refiere a crear un colgajo en la c\u00f3rnea con un microqueratomo y utilizar un l\u00e1ser para remodelar la c\u00f3rnea subyacente.<\/p>\n\n<h3 class=\"wp-block-heading has-shade-background-color has-background\" style=\"padding-top:5px;padding-right:10px;padding-bottom:5px;padding-left:10px\">U<\/h3>\n\n<h5 class=\"wp-block-heading\">Subcorrecci\u00f3n<\/h5>\n\n<p>una complicaci\u00f3n de la cirug\u00eda refractiva en la que la cantidad de correcci\u00f3n conseguida es inferior a la deseada.<\/p>\n\n<h3 class=\"wp-block-heading has-shade-background-color has-background\" style=\"padding-top:5px;padding-right:10px;padding-bottom:5px;padding-left:10px\">V<\/h3>\n\n<h5 class=\"wp-block-heading\">Agudeza visual<\/h5>\n\n<p>la claridad de visi\u00f3n; la capacidad de distinguir detalles y formas.<\/p>\n\n<h5 class=\"wp-block-heading\">Humor v\u00edtreo<\/h5>\n\n<p>la masa de gel transparente e incolora que se encuentra detr\u00e1s del cristalino y delante de la retina y que llena el centro del globo ocular.<\/p>\n\n<h3 class=\"wp-block-heading has-shade-background-color has-background\" style=\"padding-top:5px;padding-right:10px;padding-bottom:5px;padding-left:10px\">W<\/h3>\n\n<h5 class=\"wp-block-heading\">Frente de onda<\/h5>\n\n<p>una medida de los errores de refracci\u00f3n totales del ojo, incluidos la miop\u00eda, la hipermetrop\u00eda, el astigmatismo y otros errores de refracci\u00f3n que no pueden corregirse con gafas o lentes de contacto.<\/p>\n\n<p class=\"has-small-font-size\"><em>* La mayor\u00eda de estas definiciones se han tomado directamente del sitio web de la FDA en <a href=\"http:\/\/www.fda.gov\/cdrh\/LASIK\/glossary.htm\">http:\/\/www.fda.gov\/cdrh\/LASIK\/glossary.htm<\/a>.<\/em><\/p>\n<section \n    class=\"blocks block-quicklinks align \" \n    id=\"block_meta_6734cdd9c0188\" \n    style=\" \"\n>\n    <h3>Ver tambi\u00e9n<\/h3>\n    <ul>\n                    <li>\n                <a href=\"https:\/\/www.qualsight.com\/es\/preguntas-frecuentes-sobre-lasik\/\" target=\"_self\">\n                    PREGUNTAS FRECUENTES SOBRE LASIK                <\/a>\n            <\/li>\n                    <li>\n                <a href=\"https:\/\/www.qualsight.com\/es\/tipos-de-cirugia-laser-ocular\/\" target=\"_self\">\n                    Tipos de cirug\u00eda l\u00e1ser ocular                <\/a>\n            <\/li>\n                    <li>\n                <a href=\"https:\/\/www.qualsight.com\/es\/antes-durante-y-despues\/\" target=\"_self\">\n                    Antes, durante y despu\u00e9s                <\/a>\n            <\/li>\n            <\/ul>    \n<\/section>\n","protected":false},"excerpt":{"rendered":"<p>A Ablata en cirug\u00eda, es extirpar. Zona de ablaci\u00f3n la zona de tejido que se extirpa durante la cirug\u00eda l\u00e1ser. Alojamiento la capacidad del ojo para cambiar su enfoque de objetos lejanos a objetos cercanos. Agudeza claridad o agudeza de visi\u00f3n. Astigmatismo Una distorsi\u00f3n de la imagen en la retina causada por irregularidades en la [&hellip;]<\/p>\n","protected":false},"author":1,"featured_media":0,"parent":0,"menu_order":0,"comment_status":"closed","ping_status":"closed","template":"","meta":{"_acf_changed":false,"footnotes":""},"class_list":["post-3701","page","type-page","status-publish","hentry"],"acf":[],"_links":{"self":[{"href":"https:\/\/www.qualsight.com\/es\/wp-json\/wp\/v2\/pages\/3701","targetHints":{"allow":["GET"]}}],"collection":[{"href":"https:\/\/www.qualsight.com\/es\/wp-json\/wp\/v2\/pages"}],"about":[{"href":"https:\/\/www.qualsight.com\/es\/wp-json\/wp\/v2\/types\/page"}],"author":[{"embeddable":true,"href":"https:\/\/www.qualsight.com\/es\/wp-json\/wp\/v2\/users\/1"}],"replies":[{"embeddable":true,"href":"https:\/\/www.qualsight.com\/es\/wp-json\/wp\/v2\/comments?post=3701"}],"version-history":[{"count":1,"href":"https:\/\/www.qualsight.com\/es\/wp-json\/wp\/v2\/pages\/3701\/revisions"}],"predecessor-version":[{"id":3702,"href":"https:\/\/www.qualsight.com\/es\/wp-json\/wp\/v2\/pages\/3701\/revisions\/3702"}],"wp:attachment":[{"href":"https:\/\/www.qualsight.com\/es\/wp-json\/wp\/v2\/media?parent=3701"}],"curies":[{"name":"wp","href":"https:\/\/api.w.org\/{rel}","templated":true}]}}